{"id":413,"date":"2025-07-31T16:41:11","date_gmt":"2025-07-31T19:41:11","guid":{"rendered":"https:\/\/www2.unifap.br\/cepp\/services\/"},"modified":"2025-07-31T18:18:12","modified_gmt":"2025-07-31T21:18:12","slug":"services","status":"publish","type":"page","link":"https:\/\/www2.unifap.br\/cepp\/services\/","title":{"rendered":"Cursos"},"content":{"rendered":"\r\n<div class=\"wp-block-uagb-container uagb-layout-grid uagb-block-dcd54d79 alignfull uagb-is-root-container\">\r\n<div class=\"wp-block-uagb-advanced-heading uagb-block-14e416f9\">\r\n<h1 class=\"uagb-heading-text\">Forma\u00e7\u00e3o Continuada para Educadores<\/h1>\r\n<\/div>\r\n\r\n\r\n\r\n<div class=\"wp-block-uagb-container uagb-block-dc2ca107\">\r\n<div class=\"wp-block-uagb-image uagb-block-047863f2 wp-block-uagb-image--layout-default wp-block-uagb-image--effect-static wp-block-uagb-image--align-none\">\r\n<figure class=\"wp-block-uagb-image__figure\"><img fetchpriority=\"high\" decoding=\"async\" class=\"uag-image-398\" title=\"hero-services\" role=\"img\" src=\"https:\/\/www2.unifap.br\/cepp\/files\/2025\/07\/IMG-INSTA-01.png\" sizes=\"(max-width: 480px) 150px\" srcset=\"https:\/\/www2.unifap.br\/cepp\/files\/2025\/07\/IMG-INSTA-01.png ,https:\/\/www2.unifap.br\/cepp\/files\/2025\/07\/IMG-INSTA-01.png 780w, https:\/\/www2.unifap.br\/cepp\/files\/2025\/07\/IMG-INSTA-01.png 360w\" alt=\"Close-up of vibrant yellow and blue colored pencils on contrasting paper backgrounds.\" width=\"1220\" height=\"380\" \/><\/figure><\/div>\r\n<\/div>\r\n<\/div>\r\n\r\n\r\n\r\n<div class=\"wp-block-uagb-container uagb-layout-grid uagb-block-d37c614e alignfull uagb-is-root-container\">\r\n<div class=\"uagb-container-inner-blocks-wrap\">\r\n<div class=\"wp-block-uagb-advanced-heading uagb-block-49ee3c1d\">\r\n<p class=\"uagb-desc-text\">01<\/p>\r\n<h2 class=\"uagb-heading-text\">Cursos de Capacita\u00e7\u00e3o<\/h2>\r\n<\/div>\r\n\r\n\r\n\r\n<div class=\"wp-block-uagb-container uagb-block-436f4f7c\">\r\n<div class=\"wp-block-uagb-image uagb-block-3c696dd2 wp-block-uagb-image--layout-default wp-block-uagb-image--effect-static wp-block-uagb-image--align-none\">\r\n<figure class=\"wp-block-uagb-image__figure\"><img decoding=\"async\" class=\"uag-image-399\" title=\"services-01\" role=\"img\" src=\"https:\/\/www2.unifap.br\/cepp\/files\/2025\/07\/pexels-photo-5088017.jpeg\" sizes=\"(max-width: 480px) 150px\" srcset=\"https:\/\/www2.unifap.br\/cepp\/files\/2025\/07\/pexels-photo-5088017.jpeg ,https:\/\/www2.unifap.br\/cepp\/files\/2025\/07\/pexels-photo-5088017.jpeg 780w, https:\/\/www2.unifap.br\/cepp\/files\/2025\/07\/pexels-photo-5088017.jpeg 360w\" alt=\"Top view of school supplies with ample copy space, perfect for educational themes.\" width=\"600\" height=\"300\" \/><\/figure>\r\n<\/div>\r\n\r\n\r\n\r\n<div class=\"wp-block-uagb-advanced-heading uagb-block-d45806f3\">\r\n<h3 class=\"uagb-heading-text\">Capacita\u00e7\u00e3o profissional para educadores da Educa\u00e7\u00e3o B\u00e1sica.<\/h3>\r\n<p class=\"uagb-desc-text\">Oferecemos cursos de capacita\u00e7\u00e3o voltados para professores da Educa\u00e7\u00e3o B\u00e1sica, focando em pr\u00e1ticas pedag\u00f3gicas inclusivas que visam atender a diversidade escolar, especialmente para alunos com defici\u00eancia e Transtorno do Espectro Autista (TEA).<\/p>\r\n<\/div>\r\n<\/div>\r\n<\/div>\r\n<\/div>\r\n\r\n\r\n\r\n<div class=\"wp-block-uagb-container uagb-layout-grid uagb-block-2fa9860a alignfull uagb-is-root-container\">\r\n<div class=\"uagb-container-inner-blocks-wrap\">\r\n<div class=\"wp-block-uagb-advanced-heading uagb-block-0c6eabf0\">\r\n<p class=\"uagb-desc-text\">02<\/p>\r\n<h2 class=\"uagb-heading-text\">Atendimento Educacional Especializado<\/h2>\r\n<\/div>\r\n\r\n\r\n\r\n<div class=\"wp-block-uagb-container uagb-block-7e6887fd\">\r\n<div class=\"wp-block-uagb-image uagb-block-a305bc18 wp-block-uagb-image--layout-default wp-block-uagb-image--effect-static wp-block-uagb-image--align-none\">\r\n<figure class=\"wp-block-uagb-image__figure\"><img decoding=\"async\" class=\"uag-image-400\" title=\"services-02\" role=\"img\" src=\"https:\/\/www2.unifap.br\/cepp\/files\/2025\/07\/pexels-photo-3184644.jpeg\" sizes=\"(max-width: 480px) 150px\" srcset=\"https:\/\/www2.unifap.br\/cepp\/files\/2025\/07\/pexels-photo-3184644.jpeg ,https:\/\/www2.unifap.br\/cepp\/files\/2025\/07\/pexels-photo-3184644.jpeg 780w, https:\/\/www2.unifap.br\/cepp\/files\/2025\/07\/pexels-photo-3184644.jpeg 360w\" alt=\"A group of young people discussing ideas at a blackboard in a modern office setting.\" width=\"600\" height=\"300\" \/><\/figure>\r\n<\/div>\r\n\r\n\r\n\r\n<div class=\"wp-block-uagb-advanced-heading uagb-block-0a3b674d\">\r\n<h3 class=\"uagb-heading-text\">Apoio especializado para alunos com necessidades educacionais.<\/h3>\r\n<p class=\"uagb-desc-text\">Disponibilizamos atendimento educacional especializado, promovendo estrat\u00e9gias inclusivas que garantam o direito \u00e0 educa\u00e7\u00e3o para todos, com \u00eanfase nos alunos que necessitam de suporte adicional, garantindo um ambiente de aprendizado acess\u00edvel e inclusivo.<\/p>\r\n<\/div>\r\n<\/div>\r\n<\/div>\r\n<\/div>\r\n\r\n\r\n\r\n<div class=\"wp-block-uagb-container uagb-layout-grid uagb-block-e18e15ab alignfull uagb-is-root-container\">\r\n<div class=\"uagb-container-inner-blocks-wrap\">\r\n<div class=\"wp-block-uagb-advanced-heading uagb-block-f63a5cfe\">\r\n<p class=\"uagb-desc-text\">03<\/p>\r\n<h2 class=\"uagb-heading-text\">Ambiente Virtual de Aprendizagem<\/h2>\r\n<\/div>\r\n\r\n\r\n\r\n<div class=\"wp-block-uagb-container uagb-block-f84c6db6\">\r\n<div class=\"wp-block-uagb-image uagb-block-69035d36 wp-block-uagb-image--layout-default wp-block-uagb-image--effect-static wp-block-uagb-image--align-none\">\r\n<figure class=\"wp-block-uagb-image__figure\"><img loading=\"lazy\" decoding=\"async\" class=\"uag-image-401\" title=\"services-03\" role=\"img\" src=\"https:\/\/www2.unifap.br\/cepp\/files\/2025\/07\/books-book-pages-read-literature-159866.jpeg\" sizes=\"(max-width: 480px) 150px\" srcset=\"https:\/\/www2.unifap.br\/cepp\/files\/2025\/07\/books-book-pages-read-literature-159866.jpeg ,https:\/\/www2.unifap.br\/cepp\/files\/2025\/07\/books-book-pages-read-literature-159866.jpeg 780w, https:\/\/www2.unifap.br\/cepp\/files\/2025\/07\/books-book-pages-read-literature-159866.jpeg 360w\" alt=\"A close-up of a stack of open books with pages fanned out, capturing a study atmosphere.\" width=\"600\" height=\"300\" \/><\/figure>\r\n<\/div>\r\n\r\n\r\n\r\n<div class=\"wp-block-uagb-advanced-heading uagb-block-82e465ce\">\r\n<h3 class=\"uagb-heading-text\">Plataforma online para cursos e intera\u00e7\u00f5es educacionais.<\/h3>\r\n<p class=\"uagb-desc-text\">Utilizamos o Ambiente Virtual de Aprendizagem (AVA\/Moodle) para enriquecer o processo formativo, permitindo que os educadores acessem materiais, participem de discuss\u00f5es e realizem atividades de forma flex\u00edvel e interativa, facilitando a continuidade do aprendizado.<\/p>\r\n<\/div>\r\n<\/div>\r\n<\/div>\r\n<\/div>\r\n\r\n\r\n\r\n<div class=\"wp-block-uagb-container uagb-layout-grid uagb-block-1bf3ce71 alignfull uagb-is-root-container\">\r\n<div class=\"uagb-container-inner-blocks-wrap\">\r\n<div class=\"wp-block-uagb-advanced-heading uagb-block-86c07be4\">\r\n<p class=\"uagb-desc-text\">04<\/p>\r\n<h2 class=\"uagb-heading-text\">Eventos e Semin\u00e1rios<\/h2>\r\n<\/div>\r\n\r\n\r\n\r\n<div class=\"wp-block-uagb-container uagb-block-9ff0543c\">\r\n<div class=\"wp-block-uagb-image uagb-block-c5340e23 wp-block-uagb-image--layout-default wp-block-uagb-image--effect-static wp-block-uagb-image--align-none\">\r\n<figure class=\"wp-block-uagb-image__figure\"><img loading=\"lazy\" decoding=\"async\" class=\"uag-image-393\" title=\"services-04\" role=\"img\" src=\"https:\/\/www2.unifap.br\/cepp\/files\/2025\/07\/cellular-education-classroom-159844.jpeg\" sizes=\"(max-width: 480px) 150px\" srcset=\"https:\/\/www2.unifap.br\/cepp\/files\/2025\/07\/cellular-education-classroom-159844.jpeg ,https:\/\/www2.unifap.br\/cepp\/files\/2025\/07\/cellular-education-classroom-159844.jpeg 780w, https:\/\/www2.unifap.br\/cepp\/files\/2025\/07\/cellular-education-classroom-159844.jpeg 360w\" alt=\"Student texting in a classroom while teacher is writing on the blackboard.\" width=\"600\" height=\"300\" \/><\/figure>\r\n<\/div>\r\n\r\n\r\n\r\n<div class=\"wp-block-uagb-advanced-heading uagb-block-5b341ecb\">\r\n<h3 class=\"uagb-heading-text\">Oportunidades de networking e atualiza\u00e7\u00e3o profissional.<\/h3>\r\n<p class=\"uagb-desc-text\">Promovemos eventos e semin\u00e1rios que proporcionam aos educadores a oportunidade de se atualizarem sobre temas relevantes da Educa\u00e7\u00e3o Inclusiva, al\u00e9m de possibilitar o networking entre profissionais da educa\u00e7\u00e3o, fortalecendo a troca de experi\u00eancias e pr\u00e1ticas eficazes.<\/p>\r\n<\/div>\r\n<\/div>\r\n<\/div>\r\n<\/div>\r\n\r\n\r\n\n<div class=\"wp-block-uagb-container uagb-block-2e194ea8 alignfull uagb-is-root-container\"><div class=\"uagb-container-inner-blocks-wrap\">\n<div class=\"wp-block-uagb-info-box uagb-block-314e8806 uagb-infobox__content-wrap  uagb-infobox-icon-above-title uagb-infobox-image-valign-top\"><div class=\"uagb-ifb-content\"><div class=\"uagb-ifb-title-wrap\"><div class=\"uagb-ifb-separator\"><\/div><h2 class=\"uagb-ifb-title\">Junte-se a n\u00f3s na forma\u00e7\u00e3o cont\u00ednua!<\/h2><\/div><p class=\"uagb-ifb-desc\">Acesse nossos cursos e aprimore sua carreira hoje.<\/p><div class=\"uagb-ifb-button-wrapper wp-block-button\"><a href=\"\/cepp\/contact-2\/\" class=\"uagb-infobox-cta-link wp-block-button__link\" target=\"_self\" rel=\"noopener noreferrer\" onclick=\"return true;\"><span class=\"uagb-inline-editing\">Saiba Mais<\/span><\/a><\/div><\/div><\/div>\n<\/div><\/div>\n","protected":false},"excerpt":{"rendered":"<p>Forma\u00e7\u00e3o Continuada para Educadores 01 Cursos de Capacita\u00e7\u00e3o Capacita\u00e7\u00e3o profissional para educadores da Educa\u00e7\u00e3o B\u00e1sica. Oferecemos cursos de capacita\u00e7\u00e3o voltados&#8230;<\/p>\n","protected":false},"author":1,"featured_media":0,"parent":0,"menu_order":0,"comment_status":"closed","ping_status":"closed","template":"","meta":{"inline_featured_image":false,"_uag_custom_page_level_css":"","site-sidebar-layout":"default","site-content-layout":"","ast-site-content-layout":"default","site-content-style":"default","site-sidebar-style":"default","ast-global-header-display":"","ast-banner-title-visibility":"","ast-main-header-display":"","ast-hfb-above-header-display":"","ast-hfb-below-header-display":"","ast-hfb-mobile-header-display":"","site-post-title":"disabled","ast-breadcrumbs-content":"","ast-featured-img":"","footer-sml-layout":"","theme-transparent-header-meta":"enabled","adv-header-id-meta":"","stick-header-meta":"","header-above-stick-meta":"","header-main-stick-meta":"","header-below-stick-meta":"","astra-migrate-meta-layouts":"set","ast-page-background-enabled":"default","ast-page-background-meta":{"desktop":{"background-color":"var(--ast-global-color-4)","background-image":"","background-repeat":"repeat","background-position":"center center","background-size":"auto","background-attachment":"scroll","background-type":"","background-media":"","overlay-type":"","overlay-color":"","overlay-opacity":"","overlay-gradient":""},"tablet":{"background-color":"","background-image":"","background-repeat":"repeat","background-position":"center center","background-size":"auto","background-attachment":"scroll","background-type":"","background-media":"","overlay-type":"","overlay-color":"","overlay-opacity":"","overlay-gradient":""},"mobile":{"background-color":"","background-image":"","background-repeat":"repeat","background-position":"center center","background-size":"auto","background-attachment":"scroll","background-type":"","background-media":"","overlay-type":"","overlay-color":"","overlay-opacity":"","overlay-gradient":""}},"ast-content-background-meta":{"desktop":{"background-color":"var(--ast-global-color-5)","background-image":"","background-repeat":"repeat","background-position":"center center","background-size":"auto","background-attachment":"scroll","background-type":"","background-media":"","overlay-type":"","overlay-color":"","overlay-opacity":"","overlay-gradient":""},"tablet":{"background-color":"var(--ast-global-color-5)","background-image":"","background-repeat":"repeat","background-position":"center center","background-size":"auto","background-attachment":"scroll","background-type":"","background-media":"","overlay-type":"","overlay-color":"","overlay-opacity":"","overlay-gradient":""},"mobile":{"background-color":"var(--ast-global-color-5)","background-image":"","background-repeat":"repeat","background-position":"center center","background-size":"auto","background-attachment":"scroll","background-type":"","background-media":"","overlay-type":"","overlay-color":"","overlay-opacity":"","overlay-gradient":""}},"ngg_post_thumbnail":0,"footnotes":""},"class_list":["post-413","page","type-page","status-publish","hentry"],"uagb_featured_image_src":{"full":false,"thumbnail":false,"medium":false,"medium_large":false,"large":false,"1536x1536":false,"2048x2048":false},"uagb_author_info":{"display_name":"Rhyan Wad Carvalho","author_link":"https:\/\/www2.unifap.br\/cepp\/author\/rhyan\/"},"uagb_comment_info":0,"uagb_excerpt":"Forma\u00e7\u00e3o Continuada para Educadores 01 Cursos de Capacita\u00e7\u00e3o Capacita\u00e7\u00e3o profissional para educadores da Educa\u00e7\u00e3o B\u00e1sica. Oferecemos cursos de capacita\u00e7\u00e3o voltados...","_links":{"self":[{"href":"https:\/\/www2.unifap.br\/cepp\/wp-json\/wp\/v2\/pages\/413","targetHints":{"allow":["GET"]}}],"collection":[{"href":"https:\/\/www2.unifap.br\/cepp\/wp-json\/wp\/v2\/pages"}],"about":[{"href":"https:\/\/www2.unifap.br\/cepp\/wp-json\/wp\/v2\/types\/page"}],"author":[{"embeddable":true,"href":"https:\/\/www2.unifap.br\/cepp\/wp-json\/wp\/v2\/users\/1"}],"replies":[{"embeddable":true,"href":"https:\/\/www2.unifap.br\/cepp\/wp-json\/wp\/v2\/comments?post=413"}],"version-history":[{"count":10,"href":"https:\/\/www2.unifap.br\/cepp\/wp-json\/wp\/v2\/pages\/413\/revisions"}],"predecessor-version":[{"id":884,"href":"https:\/\/www2.unifap.br\/cepp\/wp-json\/wp\/v2\/pages\/413\/revisions\/884"}],"wp:attachment":[{"href":"https:\/\/www2.unifap.br\/cepp\/wp-json\/wp\/v2\/media?parent=413"}],"curies":[{"name":"wp","href":"https:\/\/api.w.org\/{rel}","templated":true}]}}