{"id":1187,"date":"2020-04-27T16:32:59","date_gmt":"2020-04-27T16:32:59","guid":{"rendered":"http:\/\/www2.unifap.br\/cepres\/?page_id=1187"},"modified":"2020-06-02T21:13:07","modified_gmt":"2020-06-02T21:13:07","slug":"artigos-sobre-religiao-e-politica","status":"publish","type":"page","link":"https:\/\/www2.unifap.br\/cepres\/artigos-sobre-religiao-e-politica\/","title":{"rendered":"Artigos sobre Religi\u00e3o e Pol\u00edtica"},"content":{"rendered":"<p>&nbsp;<\/p>\n<p><strong>Religi\u00e3o e Pol\u00edtica em Debate<\/strong><\/p>\n<p><strong>Religi\u00e3o, Bolsonarismo, Direitos Humanos e Reuni\u00e3o Ministerial do dia 22 de Abril de 2020<\/strong><\/p>\n<p><strong>por&nbsp;Marcos Vinicius de Freitas Reis<\/strong><\/p>\n<p>&#8220;No \u00faltimo final de semana a principal not\u00edcia dos notici\u00e1rios dos variados meios de comunica\u00e7\u00e3o do Brasil e certamente do mundo foi a respeito da pol\u00eamica e ex\u00f3tica reuni\u00e3o ministerial ocorrida no dia 22 de abril de 2020. A grava\u00e7\u00e3o da reuni\u00e3o foi autorizada a divulga\u00e7\u00e3o pelo decano do Supremo Tribunal Federal (STF) Celso de Melo, em fun\u00e7\u00e3o do inqu\u00e9rito aberto para investiga\u00e7\u00e3o da poss\u00edvel interfer\u00eancia na gest\u00e3o da pol\u00edcia federal do Rio de Janeiro para poss\u00edveis benef\u00edcios particulares que teoricamente pudesse beneficiar a fam\u00edlia do nosso atual presidente Jair Bolsonaro&#8221;<\/p>\n<hr>\n<p><a href=\"http:\/\/www2.unifap.br\/cepres\/files\/2020\/06\/Screenshot_20200602-18031921.jpg\"><img fetchpriority=\"high\" decoding=\"async\" class=\"size-medium wp-image-1234 alignleft\" src=\"http:\/\/www2.unifap.br\/cepres\/files\/2020\/06\/Screenshot_20200602-18031921-300x244.jpg\" alt=\"\" width=\"300\" height=\"244\" srcset=\"https:\/\/www2.unifap.br\/cepres\/files\/2020\/06\/Screenshot_20200602-18031921-300x244.jpg 300w, https:\/\/www2.unifap.br\/cepres\/files\/2020\/06\/Screenshot_20200602-18031921-768x624.jpg 768w, https:\/\/www2.unifap.br\/cepres\/files\/2020\/06\/Screenshot_20200602-18031921.jpg 861w\" sizes=\"(max-width: 300px) 100vw, 300px\" \/><\/a><\/p>\n<p style=\"text-align: left\">&#8220;Quem n\u00e3o se lembra das aulas de ensino religioso no ensino fundamental? Acredito que a maioria dos brasileiros tiveram aulas com padres, freires, pastores ou pessoas muito engajada em suas atividades religiosas. Os conte\u00fados ensinados provavelmente eram ensinamentos sobre a b\u00edblia, Deus, Maria, Santos, Ora\u00e7\u00f5es, Campanha da<br \/>\nFraternidade, C\u00edrio de Nazar\u00e9, Natal, e outros feriados religiosos. O intuito do ensino religioso \u00e9 a catequiza\u00e7\u00e3o, proselitismo religioso e as igrejas terem espa\u00e7os nas escolas p\u00fablicas e privadas para ministrarem temas ligados a suas confessionalidades&#8221;&nbsp;<a href=\"http:\/\/www2.unifap.br\/cepres\/files\/2020\/06\/Jornal-A-Gazeta.pdf\">Jornal A Gazeta<\/a><\/p>\n<p>&nbsp;<\/p>\n<hr>\n<p><strong>Cole\u00e7\u00e3o Estudos da Religi\u00e3o<\/strong><\/p>\n<p>&#8220;Venho por meio deste apresentar a Cole\u00e7\u00e3o Estudos da Religi\u00e3o. Este projeto por iniciativa do F\u00f3rum de Pesquisadores de Ensino Religioso da Regi\u00e3o Norte em parceria com Institui\u00e7\u00f5es de Ensino e Pesquisa que est\u00e3o na Regi\u00e3o Norte e em outras regi\u00f5es do pa\u00eds visando inicialmente a discuss\u00e3o sobre o Ensino religioso e a Ci\u00eancia da Religi\u00e3o. A intencionalidade deste projeto \u00e9 o di\u00e1logo entre os pesquisadores da regi\u00e3o com de outros contexto. Os primeiros quatro volumes s\u00e3o: 01. Ensino Religioso na regi\u00e3o norte\/ 02 . Ensino Religioso: um espa\u00e7o para o laico\/ 3. Diversidade e Cultura: novos tempos de intoler\u00e2ncia ?\/ 04. Ensino religioso x Ci\u00eancia da religi\u00e3o: pr\u00e1ticas pedag\u00f3gicas e a diversidade religiosa no contexto local &#8211; este \u00faltimo livro \u00e9 o resultado do primeiro curso de licenciatura de ER em Manaus&#8221;<\/p>\n<p>Volume 1:&nbsp;<a href=\"http:\/\/www2.unifap.br\/cepres\/files\/2020\/05\/COLECAO-ESTUDOS-DA-RELIGIAO-01-ER-NA-REGIAO-NORTE.pdf\">COLECAO ESTUDOS DA RELIGIAO 01 &#8211; ER NA REGIAO NORTE<\/a><\/p>\n<p>Volume 2:&nbsp;<a href=\"http:\/\/www2.unifap.br\/cepres\/files\/2020\/05\/COLECAO-ESTUDOS-DA-RELIGIAO-02-ER-LAICIDADE.pdf\">COLECAO ESTUDOS DA RELIGIAO 02 &#8211; ER LAICIDADE<\/a><\/p>\n<p>Volume&nbsp;3:&nbsp;<a href=\"http:\/\/www2.unifap.br\/cepres\/files\/2020\/05\/COLECAO-ESTUDOS-DA-RELIGIAO-03-INTOLERANCIA.pdf\">COLECAO ESTUDOS DA RELIGIAO 03 &#8211; INTOLERANCIA<\/a><\/p>\n<p>Volume&nbsp;4:&nbsp;<a href=\"http:\/\/www2.unifap.br\/cepres\/files\/2020\/05\/COLECAO-ESTUDOS-DA-RELIGIAO-04-CR-e-ER.pdf\">COLECAO ESTUDOS DA RELIGIAO 04 &#8211; CR e ER<\/a><\/p>\n<hr>\n<p><strong>P\u00e1sgina: Tv Macap\u00e1 canal 4.1 &#8211; Afiliada Band<\/strong><\/p>\n<p>&#8220;Pesquisadores apresentam a Cole\u00e7\u00e3o Estudos da Religi\u00e3o&#8221;&nbsp;<a href=\"https:\/\/www.facebook.com\/bandmacapa\/videos\/341568523489846\/\">Link<\/a><\/p>\n<hr>\n<p><strong>&#8220;Qual a fun\u00e7\u00e3o do ensino religioso na perspectiva da laicidade?, por Marcos Vinicius de Freitas Reis&#8221;<\/strong><\/p>\n<p><a href=\"https:\/\/jornalggn.com.br\/author\/jornal-ggn\/\">Jornal GGN&nbsp;<\/a>20\/05\/2020<\/p>\n<p class=\"td-post-sub-title\">&#8220;O ensino religioso \u00e9 mais uma oportunidade que a escola tem de estudar a cultura local. &nbsp;A valoriza\u00e7\u00e3o dos aspectos culturais e religiosos da sociedade na qual a escola est\u00e1 inserida \u00e9 fundamental&#8221;&nbsp;<a href=\"https:\/\/jornalggn.com.br\/artigos\/qual-a-funcao-do-ensino-religioso-na-perspectiva-da-laicidade-por-marcos-vinicius-de-freitas-reis\/\">link<\/a><\/p>\n<hr>\n<p><a href=\"http:\/\/www2.unifap.br\/cepres\/files\/2020\/05\/WhatsApp-Image-2020-05-11-at-19.13.42.jpeg\"><img decoding=\"async\" class=\"size-medium wp-image-1215 alignleft\" src=\"http:\/\/www2.unifap.br\/cepres\/files\/2020\/05\/WhatsApp-Image-2020-05-11-at-19.13.42-300x223.jpeg\" alt=\"\" width=\"300\" height=\"223\" srcset=\"https:\/\/www2.unifap.br\/cepres\/files\/2020\/05\/WhatsApp-Image-2020-05-11-at-19.13.42-300x223.jpeg 300w, https:\/\/www2.unifap.br\/cepres\/files\/2020\/05\/WhatsApp-Image-2020-05-11-at-19.13.42.jpeg 430w\" sizes=\"(max-width: 300px) 100vw, 300px\" \/><\/a><\/p>\n<p>&#8220;A pergunta no t\u00edtulo desta coluna&nbsp;\u00e9 muito sugestivo e pol\u00eamico ao mesmo tempo. Alguns pesquisadores dizem que o Brasil pouco avan\u00e7ou no debate sobre a liberdade religiosa, outros estudiosos dizem que o Brasil nunca foi uma na\u00e7\u00e3o que respeitasse a escolha de ter ou n\u00e3o uma religi\u00e3o. O tema carece de explica\u00e7\u00f5es para entendermos este fen\u00f4meno atual e importante na vida do brasileiro&#8221; (P\u00e1g. 45).&nbsp;<a href=\"http:\/\/www2.unifap.br\/cepres\/files\/2020\/05\/jornal-aGazeta-Domingo-10-05-2020.pdf\">jornal aGazeta &#8211; Domingo &#8211; 10-05-2020<\/a><\/p>\n<p>&nbsp;<\/p>\n<p>&nbsp;<\/p>\n<hr>\n<div class=\"j83agx80 bp9cbjyn\">\n<div class=\"j83agx80 cbu4d94t q9se6cdp p984guvr\">\n<p><strong>Transmiss\u00e3o ao vivo<\/strong><\/p>\n<div class=\"px9k8yfb hk9dxy2p\"><span class=\"oi732d6d ik7dh3pa d2edcug0 qv66sw1b c1et5uql a8c37x1j muag1w35 ew0dbk1b o3w64lxj b2s5l15y knj5qynh ljqsnud1 hzawbc8m ni8dbmo4 stjgntxs ltmttdrg g0qnabr5\" dir=\"auto\">Hoje, 8 de maio ocorreu uma transmiss\u00e3o ao vivo no dia estadual dos afro brasileiros no Amap\u00e1,<\/span>&nbsp;na p\u00e1gina Axe Fonnin. Com a participa\u00e7\u00e3o de M\u00e3e Lolete, Pai Marcos, Pai Salvino e convidados.&nbsp; <strong><a href=\"https:\/\/web.facebook.com\/axefonnin\/videos\/1125992701082009\">Live<\/a><\/strong><\/div>\n<div>&nbsp;<\/div>\n<div>08\/05\/2020<\/div>\n<\/div>\n<\/div>\n<hr>\n<p><strong>&nbsp;&#8220;O Brasil \u00e9 um pa\u00eds laico?, por Marcus Vinicius de Freitas Reis&#8221;<\/strong><\/p>\n<p><a style=\"font-size: 16px\" href=\"https:\/\/jornalggn.com.br\/author\/jornal-ggn\/\">Jornal GGN&nbsp;<\/a><span style=\"font-size: 16px\">06\/05\/2020<\/span><\/p>\n<p>&#8220;A pergunta no t\u00edtulo desta coluna \u00e9 muito sugestivo e pol\u00eamico ao mesmo tempo. Alguns pesquisadores dizem que o Brasil pouco avan\u00e7ou no debate sobre a liberdade religiosa, outros estudiosos dizem que o Brasil nunca foi uma na\u00e7\u00e3o que respeitasse a escolha de ter ou n\u00e3o uma religi\u00e3o. O tema carece de explica\u00e7\u00f5es para entendermos este fen\u00f4meno atual e importante na vida do brasileiro&#8221;&nbsp;<a href=\"https:\/\/jornalggn.com.br\/noticia\/o-brasil-e-um-pais-laico-por-marcos-vinicius-de-freitas-reis\/\">Link<\/a><\/p>\n<hr>\n<p><a href=\"http:\/\/www2.unifap.br\/cepres\/files\/2020\/05\/cepres-2.jpg\"><img decoding=\"async\" class=\"size-medium wp-image-1197 alignleft\" src=\"http:\/\/www2.unifap.br\/cepres\/files\/2020\/05\/cepres-2-300x223.jpg\" alt=\"\" width=\"300\" height=\"223\" srcset=\"https:\/\/www2.unifap.br\/cepres\/files\/2020\/05\/cepres-2-300x223.jpg 300w, https:\/\/www2.unifap.br\/cepres\/files\/2020\/05\/cepres-2-768x572.jpg 768w, https:\/\/www2.unifap.br\/cepres\/files\/2020\/05\/cepres-2.jpg 917w\" sizes=\"(max-width: 300px) 100vw, 300px\" \/><\/a><\/p>\n<p>&#8220;O Brasil atualmente vive uma das piores crises sanit\u00e1rias. A luta contra o novo covid-19 tem matado dezenas de pessoas diariamente.<br \/>\nNo Estado do Amap\u00e1 a situa\u00e7\u00e3o \u00e9 cada vez mais desesperadora. Pessoas de todas as idades tem sido infectadas pelo coronavirus. Ou optamos pelo refor\u00e7o ao isolamento social ou teremos aumento substancia do n\u00famero de mortes.O povo brasileiro n\u00e3o precisa passar por isso. E o mundo p\u00f3s-pandemia n\u00e3o ser\u00e1 o mesmo&#8221;(P\u00e1g. 45).&nbsp;<a href=\"http:\/\/www2.unifap.br\/cepres\/files\/2020\/05\/jornal_aGazeta_-_domingo_03-05-20201.pdf\">jornal_aGazeta_-_domingo_03-05-2020[1]<\/a><\/p>\n<p>&nbsp;<\/p>\n<hr>\n<p>&nbsp;<\/p>\n<p><a href=\"http:\/\/www2.unifap.br\/cepres\/files\/2020\/04\/cepres.jpg\"><img loading=\"lazy\" decoding=\"async\" class=\"size-medium wp-image-1189 alignleft\" src=\"http:\/\/www2.unifap.br\/cepres\/files\/2020\/04\/cepres-300x208.jpg\" alt=\"\" width=\"300\" height=\"208\" srcset=\"https:\/\/www2.unifap.br\/cepres\/files\/2020\/04\/cepres-300x208.jpg 300w, https:\/\/www2.unifap.br\/cepres\/files\/2020\/04\/cepres.jpg 760w\" sizes=\"(max-width: 300px) 100vw, 300px\" \/><\/a><\/p>\n<p style=\"text-align: left\">&#8220;A cada dia que passa percebemos influ\u00eancia grande de grupos<br \/>\nreligiosos nas decis\u00f5es pol\u00edticas do Brasil. Atualmente temos partidos pol\u00edticos ligados a institui\u00e7\u00f5es religiosas. No per\u00edodo eleitoral n\u00e3o s\u00e3o raras as institui\u00e7\u00f5es religiosas que tentam eleger seus representantes para o cargo executivo e legislativo. Se mapearmos a composi\u00e7\u00e3o dos mais variados conselhos das secret\u00e1rias municipais, estaduais e federais teremos representa\u00e7\u00f5es de confiss\u00f5es religiosas atuando e deliberando pautas de acordo com seus valores religiosos ou da sua religiosidade&#8221; (P\u00e1g. 45).&nbsp;&nbsp;<a href=\"http:\/\/www2.unifap.br\/cepres\/files\/2020\/04\/jornal-aGazeta-Domingo-26-04-2020.pdf\">jornal aGazeta &#8211; Domingo 26-04-2020<\/a><\/p>\n<hr>\n<p>&nbsp;<\/p>\n","protected":false},"excerpt":{"rendered":"<p>&nbsp; Religi\u00e3o e Pol\u00edtica em Debate Religi\u00e3o, Bolsonarismo, Direitos Humanos e Reuni\u00e3o Ministerial do dia 22 de Abril de 2020 por&nbsp;Marcos Vinicius de Freitas Reis &#8220;No \u00faltimo final de semana a principal not\u00edcia dos notici\u00e1rios dos variados meios de comunica\u00e7\u00e3o&hellip; <\/p>\n<p><a href=\"https:\/\/www2.unifap.br\/cepres\/artigos-sobre-religiao-e-politica\/\" class=\"readmore-button\">Continue Reading<\/a><\/p>\n","protected":false},"author":815,"featured_media":0,"parent":0,"menu_order":0,"comment_status":"closed","ping_status":"closed","template":"","meta":{"inline_featured_image":false,"ngg_post_thumbnail":0,"footnotes":""},"class_list":["post-1187","page","type-page","status-publish","hentry"],"_links":{"self":[{"href":"https:\/\/www2.unifap.br\/cepres\/wp-json\/wp\/v2\/pages\/1187","targetHints":{"allow":["GET"]}}],"collection":[{"href":"https:\/\/www2.unifap.br\/cepres\/wp-json\/wp\/v2\/pages"}],"about":[{"href":"https:\/\/www2.unifap.br\/cepres\/wp-json\/wp\/v2\/types\/page"}],"author":[{"embeddable":true,"href":"https:\/\/www2.unifap.br\/cepres\/wp-json\/wp\/v2\/users\/815"}],"replies":[{"embeddable":true,"href":"https:\/\/www2.unifap.br\/cepres\/wp-json\/wp\/v2\/comments?post=1187"}],"version-history":[{"count":26,"href":"https:\/\/www2.unifap.br\/cepres\/wp-json\/wp\/v2\/pages\/1187\/revisions"}],"predecessor-version":[{"id":1213,"href":"https:\/\/www2.unifap.br\/cepres\/wp-json\/wp\/v2\/pages\/1187\/revisions\/1213"}],"wp:attachment":[{"href":"https:\/\/www2.unifap.br\/cepres\/wp-json\/wp\/v2\/media?parent=1187"}],"curies":[{"name":"wp","href":"https:\/\/api.w.org\/{rel}","templated":true}]}}