{"id":1266,"date":"2020-08-04T16:43:24","date_gmt":"2020-08-04T16:43:24","guid":{"rendered":"http:\/\/www2.unifap.br\/cepres\/?page_id=1266"},"modified":"2020-09-19T22:42:55","modified_gmt":"2020-09-19T22:42:55","slug":"iii-evento-cientifico-cepres","status":"publish","type":"page","link":"https:\/\/www2.unifap.br\/cepres\/eventos\/iii-evento-cientifico-cepres\/","title":{"rendered":"I Encontro Internacional e III Evento Cient\u00edfico CEPRES"},"content":{"rendered":"<p>O Centro de Estudos de Religi\u00e3o, Religiosidades e Pol\u00edticas P\u00fablicas (Cepres), da Universidade Federal do Amap\u00e1, est\u00e1 promovendo o seu I Encontro Internacional e III Encontro Cient\u00edfico que ir\u00e1 ocorrer entre os dias <strong>21 e 26 de setembro de 2020<\/strong>, atrav\u00e9s do Youtube. O evento contar\u00e1 com minicursos dentro da tem\u00e1tica do evento no per\u00edodo da manh\u00e3, palestras ao vivo durante a noite, ambos via Youtube e apresenta\u00e7\u00f5es de trabalho durante a tarde via Google Meet.<\/p>\n<p>Inscri\u00e7\u00f5es para o evento: <a href=\"https:\/\/bit.ly\/2CdEc17\">https:\/\/bit.ly\/2CdEc17<\/a>&nbsp;<\/p>\n<p><strong><a href=\"https:\/\/www.youtube.com\/channel\/UC6FHwJ19h3hVjwVwGFxxi6g?view_as=subscriber\">Link dos minicursos e palestras via Youtube<\/a><\/strong>&nbsp;<\/p>\n<p><strong><a href=\"http:\/\/www2.unifap.br\/cepres\/files\/2020\/08\/links-apresenta\u00e7\u00f5es-de-trabalho.pdf\">Links das salas de apresenta\u00e7\u00f5es de trabalho via Google Meet<\/a><\/strong><\/p>\n<p><strong><a href=\"http:\/\/www2.unifap.br\/cepres\/files\/2020\/08\/TRABALHOS-APROVADOS-PARA-APRESENTA\u00c7\u00c3O-CEPRES-2020.pdf\">Lista de trabalhos aprovados para apresenta\u00e7\u00e3o<\/a><\/strong><\/p>\n<p>&nbsp;<\/p>\n<p>Edital para submiss\u00e3o de trabalhos: <a href=\"http:\/\/www2.unifap.br\/cepres\/files\/2020\/09\/02.09-EDITAL-PARA-APRESENTA\u00c7\u00c3O-DE-TRABALHOS.pdf\"><strong>Clique aqui&nbsp;<\/strong><\/a><\/p>\n<p>Para baixar a programa\u00e7\u00e3o do evento:&nbsp;<a href=\"http:\/\/www2.unifap.br\/cepres\/files\/2020\/09\/Evento-CEPRES-2020-P.-Completa.pdf\"><strong>Clique aqui<\/strong>&nbsp;<\/a><\/p>\n<h4>Ou arraste para o lado e acompanhe a programa\u00e7\u00e3o completa:<\/h4>\n<div>\n<div>[smartslider3 slider=3]<\/div>\n<\/div>\n<div>&nbsp;<\/div>\n","protected":false},"excerpt":{"rendered":"<p>O Centro de Estudos de Religi\u00e3o, Religiosidades e Pol\u00edticas P\u00fablicas (Cepres), da Universidade Federal do Amap\u00e1, est\u00e1 promovendo o seu I Encontro Internacional e III Encontro Cient\u00edfico que ir\u00e1 ocorrer entre os dias 21 e 26 de setembro de 2020,&hellip; <\/p>\n<p><a href=\"https:\/\/www2.unifap.br\/cepres\/eventos\/iii-evento-cientifico-cepres\/\" class=\"readmore-button\">Continue Reading<\/a><\/p>\n","protected":false},"author":815,"featured_media":0,"parent":890,"menu_order":0,"comment_status":"closed","ping_status":"closed","template":"","meta":{"inline_featured_image":false,"ngg_post_thumbnail":0,"footnotes":""},"class_list":["post-1266","page","type-page","status-publish","hentry"],"_links":{"self":[{"href":"https:\/\/www2.unifap.br\/cepres\/wp-json\/wp\/v2\/pages\/1266","targetHints":{"allow":["GET"]}}],"collection":[{"href":"https:\/\/www2.unifap.br\/cepres\/wp-json\/wp\/v2\/pages"}],"about":[{"href":"https:\/\/www2.unifap.br\/cepres\/wp-json\/wp\/v2\/types\/page"}],"author":[{"embeddable":true,"href":"https:\/\/www2.unifap.br\/cepres\/wp-json\/wp\/v2\/users\/815"}],"replies":[{"embeddable":true,"href":"https:\/\/www2.unifap.br\/cepres\/wp-json\/wp\/v2\/comments?post=1266"}],"version-history":[{"count":23,"href":"https:\/\/www2.unifap.br\/cepres\/wp-json\/wp\/v2\/pages\/1266\/revisions"}],"predecessor-version":[{"id":1350,"href":"https:\/\/www2.unifap.br\/cepres\/wp-json\/wp\/v2\/pages\/1266\/revisions\/1350"}],"up":[{"embeddable":true,"href":"https:\/\/www2.unifap.br\/cepres\/wp-json\/wp\/v2\/pages\/890"}],"wp:attachment":[{"href":"https:\/\/www2.unifap.br\/cepres\/wp-json\/wp\/v2\/media?parent=1266"}],"curies":[{"name":"wp","href":"https:\/\/api.w.org\/{rel}","templated":true}]}}