{"id":13,"date":"2015-10-13T17:51:40","date_gmt":"2015-10-13T17:51:40","guid":{"rendered":"http:\/\/www2.unifap.br\/cepres\/?page_id=13"},"modified":"2016-12-17T18:02:29","modified_gmt":"2016-12-17T18:02:29","slug":"projetos","status":"publish","type":"page","link":"https:\/\/www2.unifap.br\/cepres\/projetos\/","title":{"rendered":"Produ\u00e7\u00e3o do Cepres"},"content":{"rendered":"<h1>Publica\u00e7\u00f5es<\/h1>\n<div>\n<p>Publica\u00e7\u00f5es dos integrantes do CEPRES:<\/p>\n<p><strong>Marcos Vinicius de Freitas Reis:<\/strong><\/p>\n<p><strong>Artigos publicados<\/strong><\/p>\n<p>REIS, M. V. F. ; COSTA, A. I. L. . UMA AN\u00c1LISE SOBRE O AMAPAG\u00c3O EM MACAP\u00c1. Labirinto (UNIR), v. 19(2013), p. 128-145, 2013.<\/p>\n<p>REIS, M. V. F. . Educa\u00e7\u00e3o Popular: an\u00e1lise do cursinho Alternativo MAE Movimento de Assist\u00eancia Estudantil. Omnes Humanitate, v. 4, p. 29-38, 2014.<\/p>\n<p>REIS, M. V. F. . Estudo da Produ\u00e7\u00e3o Legislativa dos Cat\u00f3licos Carism\u00e1ticos. Labirinto (UNIR), v. 21, p. 316-333, 2014.<\/p>\n<p><strong>Cap\u00edtulos de livros:<\/strong><\/p>\n<p>REIS, M. V. F. ; MACHADO, M. C. T. . Entre tradi\u00e7\u00e3o e modernidade, a m\u00fasica caipira de pena branca e xavantinho: um elo entre o passado e o presente. In: REIS, Marcus Vinicius de Freitas; MACHADO, Maria Clara.. (Org.). H\u00edst\u00f3ria e cultura popular: saberes e linguagem. 01ed.EDUFU: Universidade Federal de Uberlandia, 2010, v. 01, p. 293-313.<\/p>\n<p><strong>Livros E-book:\u00a0<\/strong><\/p>\n<p>A Implanta\u00e7\u00e3o da Igreja Inclusiva no Amap\u00e1: a homossexualidade, a f\u00e9 e o acesso ao divino<\/p>\n<p>Autores: Marcos Vinicius de Freitas Reis; Antonio Carlos Sardinha; Cleiton de Jesus Rocha; Arielson Texeira do Carmo.<\/p>\n<p><a href=\"http:\/\/www2.unifap.br\/editora\/files\/2014\/12\/SARDINHA-Antonio-TEN%C3%93RIO-Adriana-REIS-MArcus-Vin%C3%ADcius-Orgs.-Diversidade-e-o-Campo-da-Educa%C3%A7%C3%A3o-releituras-e-abordagens-contempor%C3%A2neas.-Macapa-UNIFAP-2016.pdf\">SARDINHA, Antonio; TEN\u00d3RIO, Adriana &amp; REIS, Marcos Vin\u00edcius (Orgs.).\u00a0<strong>Diversidade e o Campo da Educa\u00e7\u00e3o<\/strong>\u00a0\u2013 (re)leituras e abordagens contempor\u00e2neas. Macapa: UNIFAP, 2016<\/a>.<\/p>\n<p><b><a href=\"http:\/\/lattes.cnpq.br\/0706355533898912\" target=\"_blank\"><br \/>\nREIS, M.V.F.<\/a><\/b>; MACHADO, B. R. . Preconceito Religioso no Amap\u00e1. In: Paulo Della Dea. (Org.). Preconceito com a Juventude. 1ed.Curitiba: Prisma, 2016, v. , p. 87-116.<\/p>\n<p>O campo religioso na fronteira sul-americana: O Oiapoque- AP mediante os n\u00fameros do censo do IBGE 2010<\/p>\n<p>Marcos Vinicius de Freitas Reis;\u00a0Arielson Teixeira do Carmo.<\/p>\n<p>&nbsp;<\/p>\n<table width=\"849\" border=\"0\" cellpadding=\"0\">\n<tbody>\n<tr>\n<td valign=\"top\" width=\"678\"><a href=\"http:\/\/periodicos.ufpb.br\/ojs2\/index.php\/dr\/article\/view\/31334\">A rela\u00e7\u00e3o Igreja-imprensa: O nascimento da imprensa cat\u00f3lica no Brasil no s\u00e9culo XIX<\/a><\/p>\n<p>Marcos Vinicius de Freitas Reis, Josias Freitas Souto<\/td>\n<td valign=\"top\" width=\"167\"><\/td>\n<\/tr>\n<\/tbody>\n<\/table>\n<p>&nbsp;<\/p>\n<p><a href=\"http:\/\/periodicos.ufpb.br\/ojs2\/index.php\/dr\/issue\/view\/1829\/showToc\">http:\/\/periodicos.ufpb.br\/ojs2\/index.php\/dr\/issue\/view\/1829\/showToc<\/a><\/p>\n<p>&nbsp;<\/p>\n<p>REIS, M. V. F. ;\u00a0<a title=\"Clique para visualizar o curr\u00edculo\" href=\"http:\/\/lattes.cnpq.br\/8771087410813687\" target=\"_blank\">CARMO, A. T.<\/a>\u00a0. An\u00e1lise do Campo Religioso do Laranjal do Jari (AP). Planeta Amaz\u00f4nia: Revista Internacional de Direito Ambiental e Pol\u00edticas P\u00fablicas, v. n 7, p. p. 23-34, 2016.<\/p>\n<p>REIS, M. V. F. ;\u00a0<a href=\"http:\/\/lattes.cnpq.br\/8771087410813687\" target=\"_blank\">CARMO, A. T.<\/a>\u00a0. O CAMPO RELIGIOSO AMAPAENSE: Uma an\u00e1lise a partir do censo do IBGE de 2000 &#8211; 2010. OBSERVAT\u00d3RIO DA RELIGI\u00c3O, v. 2, p. 175-197, 2016.<\/p>\n<p><a href=\"http:\/\/lattes.cnpq.br\/8771087410813687\" target=\"_blank\">CARMO, A. T.<\/a>. Religi\u00e3o e pol\u00edtica: a atua\u00e7\u00e3o dos evang\u00e9licos no cen\u00e1rio pol\u00edtico amapaense. In: Jornada Integrada de Inicia\u00e7\u00e3o Cientifica, 2016, Macap\u00e1. Livro de Resumos da Jornada Integrada de Inicia\u00e7\u00e3o Cient\u00edfica (UEAP, UNIFAP e IEPA). Macap\u00e1: Editora da Universidade Federal do Amap\u00e1, 2016, 2016. p. 212-212.<\/p>\n<p><a href=\"http:\/\/lattes.cnpq.br\/0706355533898912\" target=\"_blank\">REIS, M. V. F.<\/a>. Resenha PY, F\u00e1bio. Cr\u00edtica \u00e0 baixa ecologia: Deuteron\u00f4mio 5,12-15 por fios condutores sociais. S\u00e3o Leopoldo: CEBI; S\u00e3o Paulo: Fonte Editorial, 2015.. PLURA, Revista de Estudos de Religi\u00e3o, v. 7, p. 467-470, 2016.<\/p>\n<p>PY, F. ;\u00a0<a href=\"http:\/\/lattes.cnpq.br\/0706355533898912\" target=\"_blank\">REIS, M. V. F.<\/a>\u00a0. Cat\u00f3licos e evang\u00e9licos na pol\u00edtica brasileira. Estudos de Religiao (IMS), v. 29, p. 135-161, 2015.<\/p>\n<p>SILVEIRA, D.O. ;\u00a0REIS, M.V.F.\u00a0. Apresenta\u00e7\u00e3o &#8211; Dossi\u00ea: As Religi\u00f5es na Amaz\u00f4nia. PLURA, Revista de Estudos de Religi\u00e3o, v. 6, p. 5-9, 2015.<\/p>\n<p>SILVEIRA, D.O. ;\u00a0REIS, M.V.F.\u00a0. Estudos da Religi\u00e3o na Amaz\u00f4nia, Um Balan\u00e7o &#8211; Entrevista com Raymundo Heraldo Mau\u00e9s. PLURA, Revista de Estudos de Religi\u00e3o, v. 6, p. 10-26, 2015.<\/p>\n<p>PY, F. ;\u00a0<a title=\"Clique para visualizar o curr\u00edculo\" href=\"http:\/\/lattes.cnpq.br\/0706355533898912\" target=\"_blank\">REIS, M. V. F.<\/a>\u00a0. Estudos da religi\u00e3o no Brasil: um balan\u00e7o sobre a rela\u00e7\u00e3o m\u00eddia, religi\u00e3o e pol\u00edtica. Entrevista com Magali Nascimento Cunha. Tempo Amaz\u00f4nico, v. 2, p. 170-175, 2015.<\/p>\n<p>PY, F. ;\u00a0<a title=\"Clique para visualizar o curr\u00edculo\" href=\"http:\/\/lattes.cnpq.br\/0706355533898912\" target=\"_blank\">REIS, M. V. F.<\/a>\u00a0. Apresenta\u00e7\u00e3o. Revista Tempo Amaz\u00f4nico, v. 2, p. 1-2, 2015.<\/p>\n<p>&nbsp;<\/p>\n<p>ROCHA, Cleiton de jesus; CARMO, Arielson Teixeira do.\u00a0<strong>\u201cIde por todo mundo\u201d: o processo de implementa\u00e7\u00e3o da Assembleia de Deus no Amap\u00e1 \u2013 considera\u00e7\u00f5es s\u00f3cio hist\u00f3ricas. 2016.<\/strong><\/p>\n<\/div>\n","protected":false},"excerpt":{"rendered":"<p>Publica\u00e7\u00f5es Publica\u00e7\u00f5es dos integrantes do CEPRES: Marcos Vinicius de Freitas Reis: Artigos publicados REIS, M. V. F. ; COSTA, A. I. L. . UMA AN\u00c1LISE SOBRE O AMAPAG\u00c3O EM MACAP\u00c1. Labirinto (UNIR), v. 19(2013), p. 128-145, 2013. REIS, M. V.&hellip; <\/p>\n<p><a href=\"https:\/\/www2.unifap.br\/cepres\/projetos\/\" class=\"readmore-button\">Continue Reading<\/a><\/p>\n","protected":false},"author":167,"featured_media":0,"parent":0,"menu_order":5,"comment_status":"open","ping_status":"open","template":"","meta":{"inline_featured_image":false,"ngg_post_thumbnail":0,"footnotes":""},"class_list":["post-13","page","type-page","status-publish","hentry"],"_links":{"self":[{"href":"https:\/\/www2.unifap.br\/cepres\/wp-json\/wp\/v2\/pages\/13","targetHints":{"allow":["GET"]}}],"collection":[{"href":"https:\/\/www2.unifap.br\/cepres\/wp-json\/wp\/v2\/pages"}],"about":[{"href":"https:\/\/www2.unifap.br\/cepres\/wp-json\/wp\/v2\/types\/page"}],"author":[{"embeddable":true,"href":"https:\/\/www2.unifap.br\/cepres\/wp-json\/wp\/v2\/users\/167"}],"replies":[{"embeddable":true,"href":"https:\/\/www2.unifap.br\/cepres\/wp-json\/wp\/v2\/comments?post=13"}],"version-history":[{"count":14,"href":"https:\/\/www2.unifap.br\/cepres\/wp-json\/wp\/v2\/pages\/13\/revisions"}],"predecessor-version":[{"id":84,"href":"https:\/\/www2.unifap.br\/cepres\/wp-json\/wp\/v2\/pages\/13\/revisions\/84"}],"wp:attachment":[{"href":"https:\/\/www2.unifap.br\/cepres\/wp-json\/wp\/v2\/media?parent=13"}],"curies":[{"name":"wp","href":"https:\/\/api.w.org\/{rel}","templated":true}]}}