{"id":1412,"date":"2021-01-23T23:44:06","date_gmt":"2021-01-23T23:44:06","guid":{"rendered":"http:\/\/www2.unifap.br\/cepres\/?page_id=1412"},"modified":"2021-07-20T23:54:37","modified_gmt":"2021-07-20T23:54:37","slug":"ensino-de-historia","status":"publish","type":"page","link":"https:\/\/www2.unifap.br\/cepres\/cursos-de-aperfeicoamento\/ensino-de-historia\/","title":{"rendered":"Ensino de Hist\u00f3ria: saberes e fazeres de matriz africana e ind\u00edgenas nas interamaz\u00f4nias"},"content":{"rendered":"<p><a href=\"http:\/\/www2.unifap.br\/cepres\/files\/2021\/01\/Ensino-de-Hist\u00f3ria_-saberes-e-fazeres-de-matriz-africana-e-ind\u00edgenas-nas-interamaz\u00f4nias.png\"><img fetchpriority=\"high\" decoding=\"async\" class=\" wp-image-1426 aligncenter\" src=\"http:\/\/www2.unifap.br\/cepres\/files\/2021\/01\/Ensino-de-Hist\u00f3ria_-saberes-e-fazeres-de-matriz-africana-e-ind\u00edgenas-nas-interamaz\u00f4nias-213x300.png\" alt=\"\" width=\"251\" height=\"354\" srcset=\"https:\/\/www2.unifap.br\/cepres\/files\/2021\/01\/Ensino-de-Hist\u00f3ria_-saberes-e-fazeres-de-matriz-africana-e-ind\u00edgenas-nas-interamaz\u00f4nias-213x300.png 213w, https:\/\/www2.unifap.br\/cepres\/files\/2021\/01\/Ensino-de-Hist\u00f3ria_-saberes-e-fazeres-de-matriz-africana-e-ind\u00edgenas-nas-interamaz\u00f4nias-727x1024.png 727w, https:\/\/www2.unifap.br\/cepres\/files\/2021\/01\/Ensino-de-Hist\u00f3ria_-saberes-e-fazeres-de-matriz-africana-e-ind\u00edgenas-nas-interamaz\u00f4nias-768x1082.png 768w, https:\/\/www2.unifap.br\/cepres\/files\/2021\/01\/Ensino-de-Hist\u00f3ria_-saberes-e-fazeres-de-matriz-africana-e-ind\u00edgenas-nas-interamaz\u00f4nias-1090x1536.png 1090w, https:\/\/www2.unifap.br\/cepres\/files\/2021\/01\/Ensino-de-Hist\u00f3ria_-saberes-e-fazeres-de-matriz-africana-e-ind\u00edgenas-nas-interamaz\u00f4nias.png 1240w\" sizes=\"(max-width: 251px) 100vw, 251px\" \/><\/a><\/p>\n<ul>\n<li><strong>P\u00fablico-alvo:<\/strong><\/li>\n<\/ul>\n<p>Professores das redes p\u00fablicas e privadas, acad\u00eamicos de Licenciatura\/Bacharelado na \u00c1rea de Humanas, ativistas com gradua\u00e7\u00e3o em qualquer \u00c1rea do Conhecimento.<\/p>\n<p>&nbsp;<\/p>\n<ul>\n<li><strong>Para fazer o curso o candidato dever\u00e1 apresentar:<\/strong><\/li>\n<\/ul>\n<p>RG, CPF, Curr\u00edculo Lattes, Carta de inten\u00e7\u00e3o ao curso, Comprovante da rede de ensino (para professores); Comprovante de v\u00ednculo (para ativistas de movimentos sociais), comprovante de escolaridade para acad\u00eamicos de gradua\u00e7\u00e3o.<\/p>\n<p>&nbsp;<\/p>\n<ul>\n<li><strong>Dura\u00e7\u00e3o do curso: <\/strong><\/li>\n<\/ul>\n<p>4 meses.<\/p>\n<p>&nbsp;<\/p>\n<ul>\n<li><strong>Metodologia: <\/strong><\/li>\n<\/ul>\n<p>Aulas expositivas e utiliza\u00e7\u00e3o de plataformas online.<\/p>\n<p>&nbsp;<\/p>\n<ul>\n<li><strong>In\u00edcio das Atividades: <\/strong><\/li>\n<\/ul>\n<p>Mar\u00e7o<\/p>\n<p style=\"text-align: center\"><strong><a href=\"http:\/\/www2.unifap.br\/cepres\/files\/2021\/01\/EDITAL-PROJETO-DE-EXTENSAO-1.pdf\">EDITAL CURSO DE APERFEI\u00c7OAMENTO<\/a><\/strong><\/p>\n<p style=\"text-align: center\"><strong><a href=\"http:\/\/www2.unifap.br\/cepres\/files\/2021\/01\/ANEXO-I-1.pdf\">ANEXO I <\/a>&nbsp;<\/strong><\/p>\n<p style=\"text-align: center\"><strong><a href=\"http:\/\/www2.unifap.br\/cepres\/files\/2021\/01\/ANEXO-II-1.pdf\">ANEXO II<\/a>&nbsp;<\/strong><\/p>\n<p style=\"text-align: center\"><strong><a href=\"http:\/\/www2.unifap.br\/cepres\/files\/2021\/01\/ANEXO-III-1.pdf\">ANEXO III <\/a><\/strong><\/p>\n<p style=\"text-align: center\"><strong><a href=\"http:\/\/www2.unifap.br\/cepres\/files\/2021\/01\/ANEXO-IV-1.pdf\">ANEXO IV<\/a><\/strong><\/p>\n<p style=\"text-align: center\"><a href=\"http:\/\/www2.unifap.br\/cepres\/files\/2021\/02\/ENSINO-DE-HIST\u00d3RIA-SABERES-E-FAZERES-DE-MATRIZ-AFRICANA-E-IND\u00cdGENAS-NAS-INTERAMAZ\u00d4NIAS.pdf\"><strong>RESULTADO PRELIMINAR<\/strong><\/a><\/p>\n<p style=\"text-align: center\"><a href=\"http:\/\/www2.unifap.br\/cepres\/files\/2021\/02\/RESULTADO-FINAL.pdf\">RESULTADO DEFINITIVO<\/a><\/p>\n<p style=\"text-align: center\"><a href=\"https:\/\/drive.google.com\/drive\/folders\/16W5K1Q5aD7R0NOMImD96Xxj6gR42RGAd?usp=sharing\">CERTIFICADOS<\/a><\/p>\n<p>&nbsp;<\/p>\n<p><strong>CRONOGRAMA DE AULA<\/strong> clique<strong> <a href=\"http:\/\/www2.unifap.br\/cepres\/files\/2021\/03\/CRONOGRAMA-DE-PALESTRAS.pdf\">Aqui<\/a><\/strong><\/p>\n<p><strong>GUIA DO CURSISTA<\/strong> clique <strong><a href=\"http:\/\/www2.unifap.br\/cepres\/files\/2021\/03\/GUIA-DA-CURSISTA.pdf\">Aqui<\/a><\/strong><\/p>\n<h2 style=\"text-align: center\"><strong>AULAS E LISTA DE FREQU\u00caNCIA<\/strong><\/h2>\n<p><strong>AULA INAUGURAL (03\/03\/2021) <\/strong>&nbsp;YouTube &#8211; clique <strong><a href=\"https:\/\/www.youtube.com\/watch?v=2nEK_OBAdjQ\">Aqui<\/a><\/strong><\/p>\n<p><strong>FREQU\u00caNCIA &#8211; 03\/03\/2021<\/strong>, clique <a href=\"https:\/\/docs.google.com\/forms\/d\/e\/1FAIpQLSf6m1lAeVz__i7Rjci0yiY_yb7Q0Km2RDs4uUsgBKKM8MBa9w\/viewform?usp=sf_link\"><strong>Aqui<\/strong><\/a> para assinar.<\/p>\n<p>&nbsp;<\/p>\n<p>&nbsp;<\/p>\n<p><strong>PALESTRA 1 &#8211; Deslocamentos Ind\u00edgenas Brasileiro (10\/03\/2021),<\/strong> clique <strong><a href=\"https:\/\/www.youtube.com\/watch?v=Pru-gvEqpk4\">Aqui<\/a><\/strong> para assistir.<\/p>\n<p><strong>FREQU\u00caNCIA &#8211; 10\/03\/2021<\/strong>, clique <a href=\"https:\/\/docs.google.com\/forms\/d\/e\/1FAIpQLSeEt-00WINM6mturU2OebLppPB3QekvQ9feyN_QGf_zmmesLg\/viewform?usp=sf_link\"><strong>Aqui<\/strong><\/a> para assinar.<\/p>\n<p><a href=\"http:\/\/www2.unifap.br\/cepres\/files\/2021\/03\/deslocamentos-indigina-oficial.png\"><img decoding=\"async\" class=\" wp-image-1490 aligncenter\" src=\"http:\/\/www2.unifap.br\/cepres\/files\/2021\/03\/deslocamentos-indigina-oficial-300x300.png\" alt=\"\" width=\"380\" height=\"380\" srcset=\"https:\/\/www2.unifap.br\/cepres\/files\/2021\/03\/deslocamentos-indigina-oficial-300x300.png 300w, https:\/\/www2.unifap.br\/cepres\/files\/2021\/03\/deslocamentos-indigina-oficial-1024x1024.png 1024w, https:\/\/www2.unifap.br\/cepres\/files\/2021\/03\/deslocamentos-indigina-oficial-150x150.png 150w, https:\/\/www2.unifap.br\/cepres\/files\/2021\/03\/deslocamentos-indigina-oficial-768x768.png 768w, https:\/\/www2.unifap.br\/cepres\/files\/2021\/03\/deslocamentos-indigina-oficial-70x70.png 70w, https:\/\/www2.unifap.br\/cepres\/files\/2021\/03\/deslocamentos-indigina-oficial.png 1144w\" sizes=\"(max-width: 380px) 100vw, 380px\" \/><\/a><\/p>\n<p>&nbsp;<\/p>\n<p>&nbsp;<\/p>\n<p>&nbsp;<\/p>\n<p><strong>PALESTRA 2 &#8211; <\/strong>DI\u00c1SPORAS NEGRAS AFRICANAS E DESLOCAMENTOS NO BRASIL <strong>(17\/03\/2021),<\/strong> clique <strong><a href=\"https:\/\/www.youtube.com\/watch?v=LBxKwoaufMw\">Aqui<\/a><\/strong> para assistir<\/p>\n<p><strong>FREQU\u00caNCIA &#8211; 17\/03\/2021<\/strong>, clique <a href=\"https:\/\/docs.google.com\/forms\/d\/e\/1FAIpQLSd_kXXdMeBGNrB_S_JoMzFHla14kH2w3rKnEQxceK43dko5jw\/viewform?usp=sf_link\"><strong>Aqui<\/strong><\/a> para assinar.<\/p>\n<p style=\"text-align: center\"><a href=\"http:\/\/www2.unifap.br\/cepres\/files\/2021\/03\/DIASPORA-oficial.png\"><img decoding=\"async\" class=\"alignnone wp-image-1493\" src=\"http:\/\/www2.unifap.br\/cepres\/files\/2021\/03\/DIASPORA-oficial-300x300.png\" alt=\"\" width=\"378\" height=\"378\" srcset=\"https:\/\/www2.unifap.br\/cepres\/files\/2021\/03\/DIASPORA-oficial-300x300.png 300w, https:\/\/www2.unifap.br\/cepres\/files\/2021\/03\/DIASPORA-oficial-150x150.png 150w, https:\/\/www2.unifap.br\/cepres\/files\/2021\/03\/DIASPORA-oficial-70x70.png 70w, https:\/\/www2.unifap.br\/cepres\/files\/2021\/03\/DIASPORA-oficial.png 756w\" sizes=\"(max-width: 378px) 100vw, 378px\" \/><\/a><\/p>\n<p>&nbsp;<\/p>\n<p>&nbsp;<\/p>\n<p>&nbsp;<\/p>\n<p><strong>PALESTRA 3 &#8211; &#8220;AMAZ\u00d4NIA TERRIT\u00d3RIOS INVIS\u00cdVEIS E AS MOBILIDADES AFRO-IND\u00cdGENAS&#8221;<\/strong>&nbsp;<strong>(24\/03\/2021),<\/strong> clique <strong><a href=\"https:\/\/youtu.be\/Y24Tlc0yLpM\">Aqui<\/a><\/strong> para assistir<\/p>\n<p><strong>FREQU\u00caNCIA &#8211; 24\/03\/2021<\/strong>, clique <a href=\"https:\/\/docs.google.com\/forms\/d\/e\/1FAIpQLSejfxBFudf0mKgei-9ytx7dvKYz--yKNbkCbdkHkqwP66dhOw\/viewform\"><strong>Aqui<\/strong><\/a> para assinar.<\/p>\n<p style=\"text-align: center\"><a href=\"http:\/\/www2.unifap.br\/cepres\/files\/2021\/03\/FLYER-SEMANAL-24-03.png\"><img loading=\"lazy\" decoding=\"async\" class=\"alignnone wp-image-1496\" src=\"http:\/\/www2.unifap.br\/cepres\/files\/2021\/03\/FLYER-SEMANAL-24-03-300x300.png\" alt=\"\" width=\"372\" height=\"372\" srcset=\"https:\/\/www2.unifap.br\/cepres\/files\/2021\/03\/FLYER-SEMANAL-24-03-300x300.png 300w, https:\/\/www2.unifap.br\/cepres\/files\/2021\/03\/FLYER-SEMANAL-24-03-150x150.png 150w, https:\/\/www2.unifap.br\/cepres\/files\/2021\/03\/FLYER-SEMANAL-24-03-70x70.png 70w, https:\/\/www2.unifap.br\/cepres\/files\/2021\/03\/FLYER-SEMANAL-24-03.png 756w\" sizes=\"(max-width: 372px) 100vw, 372px\" \/><\/a><\/p>\n<p>&nbsp;<\/p>\n<p>&nbsp;<\/p>\n<p>&nbsp;<\/p>\n<p><strong>PALESTRA 4 &#8211; &#8220;COSMOLOGIAS AFRICANAS E IND\u00cdGENAS NAS AMAZONIAS LATINAS&#8221;<\/strong>&nbsp;<strong>(31\/03\/2021),<\/strong> clique <strong><a href=\"https:\/\/www.youtube.com\/watch?v=JWphvymGVcE\">Aqui<\/a><\/strong> para assistir<\/p>\n<p><strong>FREQU\u00caNCIA &#8211; 31\/03\/2021<\/strong>, clique <a href=\"https:\/\/forms.gle\/y5Zs2nbjgXJmfnfY6\"><strong>Aqui<\/strong><\/a> para assinar.<\/p>\n<p style=\"text-align: center\"><a href=\"http:\/\/www2.unifap.br\/cepres\/files\/2021\/04\/FLYER-SEMANAL-31-03.png\"><img loading=\"lazy\" decoding=\"async\" class=\"alignnone wp-image-1501\" src=\"http:\/\/www2.unifap.br\/cepres\/files\/2021\/04\/FLYER-SEMANAL-31-03-300x300.png\" alt=\"\" width=\"374\" height=\"374\" srcset=\"https:\/\/www2.unifap.br\/cepres\/files\/2021\/04\/FLYER-SEMANAL-31-03-300x300.png 300w, https:\/\/www2.unifap.br\/cepres\/files\/2021\/04\/FLYER-SEMANAL-31-03-150x150.png 150w, https:\/\/www2.unifap.br\/cepres\/files\/2021\/04\/FLYER-SEMANAL-31-03-70x70.png 70w, https:\/\/www2.unifap.br\/cepres\/files\/2021\/04\/FLYER-SEMANAL-31-03.png 756w\" sizes=\"(max-width: 374px) 100vw, 374px\" \/><\/a><\/p>\n<p>&nbsp;<\/p>\n<p>&nbsp;<\/p>\n<p>&nbsp;<\/p>\n<p><strong>PALESTRA 5 &#8211; &#8220;VIDA E IMORTALIDADES \u2013 CULTOS E MITOS AFRO-IND\u00cdGENAS&#8221;<\/strong>&nbsp;<strong>(07\/04\/2021),<\/strong> clique <strong><a href=\"https:\/\/www.youtube.com\/watch?v=dQz9hAKKFBY\">Aqui<\/a><\/strong> para assistir<\/p>\n<p><strong>FREQU\u00caNCIA &#8211; 07\/04\/2021<\/strong>, clique <a href=\"https:\/\/docs.google.com\/forms\/d\/e\/1FAIpQLSd2vw9RLQXXRRVdbasUsSnrWnwXUagMayn0kgKzhJtAGogViQ\/viewform?usp=sf_link\"><strong>Aqui<\/strong><\/a> para assinar.<\/p>\n<p style=\"text-align: center\"><a href=\"http:\/\/www2.unifap.br\/cepres\/files\/2021\/04\/FLYER-SEMANAL-07-04.png\"><img loading=\"lazy\" decoding=\"async\" class=\"alignnone wp-image-1503\" src=\"http:\/\/www2.unifap.br\/cepres\/files\/2021\/04\/FLYER-SEMANAL-07-04-300x300.png\" alt=\"\" width=\"338\" height=\"338\" srcset=\"https:\/\/www2.unifap.br\/cepres\/files\/2021\/04\/FLYER-SEMANAL-07-04-300x300.png 300w, https:\/\/www2.unifap.br\/cepres\/files\/2021\/04\/FLYER-SEMANAL-07-04-150x150.png 150w, https:\/\/www2.unifap.br\/cepres\/files\/2021\/04\/FLYER-SEMANAL-07-04-70x70.png 70w, https:\/\/www2.unifap.br\/cepres\/files\/2021\/04\/FLYER-SEMANAL-07-04.png 756w\" sizes=\"(max-width: 338px) 100vw, 338px\" \/><\/a><\/p>\n<p>&nbsp;<\/p>\n<p>&nbsp;<\/p>\n<p>&nbsp;<\/p>\n<p><strong>PALESTRA 6 &#8211; &#8220;ANCESTRALIDADES AFRICANA E AFRO-BRASILEIRA&#8221;<\/strong>&nbsp;<strong>(14\/04\/2021),<\/strong> clique <strong><a href=\"https:\/\/www.youtube.com\/watch?v=yt4Nxu-HLB4\">Aqui<\/a><\/strong> para assistir<\/p>\n<p><strong>FREQU\u00caNCIA &#8211; 14\/04\/2021<\/strong>, clique <a href=\"https:\/\/forms.gle\/Yn8iiWs2r4w4gi2U6\"><strong>Aqui<\/strong><\/a> para assinar.<\/p>\n<p><a href=\"http:\/\/www2.unifap.br\/cepres\/files\/2021\/04\/FLYER-SEMANAL-14-04.png\"><img loading=\"lazy\" decoding=\"async\" class=\" wp-image-1506 aligncenter\" src=\"http:\/\/www2.unifap.br\/cepres\/files\/2021\/04\/FLYER-SEMANAL-14-04-300x300.png\" alt=\"\" width=\"345\" height=\"345\" srcset=\"https:\/\/www2.unifap.br\/cepres\/files\/2021\/04\/FLYER-SEMANAL-14-04-300x300.png 300w, https:\/\/www2.unifap.br\/cepres\/files\/2021\/04\/FLYER-SEMANAL-14-04-150x150.png 150w, https:\/\/www2.unifap.br\/cepres\/files\/2021\/04\/FLYER-SEMANAL-14-04-70x70.png 70w, https:\/\/www2.unifap.br\/cepres\/files\/2021\/04\/FLYER-SEMANAL-14-04.png 756w\" sizes=\"(max-width: 345px) 100vw, 345px\" \/><\/a><\/p>\n<p>&nbsp;<\/p>\n<p>&nbsp;<\/p>\n<p><strong>PALESTRA 7 &#8211; &#8220;SABERES DOS TERREIROS DE UMBANDA E CANDOMBL\u00c9&#8221;<\/strong>&nbsp;<strong>(21\/04\/2021),<\/strong> clique <strong><a href=\"https:\/\/www.youtube.com\/watch?v=adoeApxGtiY\">Aqui<\/a><\/strong> para assistir<\/p>\n<p><strong>FREQU\u00caNCIA &#8211; 21\/04\/2021<\/strong>, clique <a href=\"https:\/\/forms.gle\/G44T1TuY9LYe3tZR7\"><strong>Aqui<\/strong><\/a> para assinar.<\/p>\n<p style=\"text-align: center\"><a href=\"http:\/\/www2.unifap.br\/cepres\/files\/2021\/04\/FLYER-SEMANAL-21-04.png\"><img loading=\"lazy\" decoding=\"async\" class=\"alignnone wp-image-1509\" src=\"http:\/\/www2.unifap.br\/cepres\/files\/2021\/04\/FLYER-SEMANAL-21-04-300x300.png\" alt=\"\" width=\"335\" height=\"335\" srcset=\"https:\/\/www2.unifap.br\/cepres\/files\/2021\/04\/FLYER-SEMANAL-21-04-300x300.png 300w, https:\/\/www2.unifap.br\/cepres\/files\/2021\/04\/FLYER-SEMANAL-21-04-150x150.png 150w, https:\/\/www2.unifap.br\/cepres\/files\/2021\/04\/FLYER-SEMANAL-21-04-70x70.png 70w, https:\/\/www2.unifap.br\/cepres\/files\/2021\/04\/FLYER-SEMANAL-21-04.png 756w\" sizes=\"(max-width: 335px) 100vw, 335px\" \/><\/a><\/p>\n<p>&nbsp;<\/p>\n<p>&nbsp;<\/p>\n<p>&nbsp;<\/p>\n<p><strong>PALESTRA 8 &#8211; &#8220;TAMBOR DE MINAS NAS AMAZ\u00d4NIAS&#8221;<\/strong>&nbsp;<strong>(28\/04\/2021),<\/strong> clique <strong><a href=\"https:\/\/www.youtube.com\/watch?v=4R8_dYUxwKk\">Aqui<\/a><\/strong> para assistir<\/p>\n<p><strong>FREQU\u00caNCIA &#8211; 28\/04\/2021<\/strong>, clique <a href=\"https:\/\/forms.gle\/ZhV3hVjRbfB7BjiX7\"><strong>Aqui<\/strong><\/a> para assinar.<\/p>\n<p style=\"text-align: center\"><a href=\"http:\/\/www2.unifap.br\/cepres\/files\/2021\/04\/FLYER-SEMANAL.png\"><img loading=\"lazy\" decoding=\"async\" class=\"alignnone wp-image-1514\" src=\"http:\/\/www2.unifap.br\/cepres\/files\/2021\/04\/FLYER-SEMANAL-300x300.png\" alt=\"\" width=\"325\" height=\"325\" srcset=\"https:\/\/www2.unifap.br\/cepres\/files\/2021\/04\/FLYER-SEMANAL-300x300.png 300w, https:\/\/www2.unifap.br\/cepres\/files\/2021\/04\/FLYER-SEMANAL-150x150.png 150w, https:\/\/www2.unifap.br\/cepres\/files\/2021\/04\/FLYER-SEMANAL-70x70.png 70w, https:\/\/www2.unifap.br\/cepres\/files\/2021\/04\/FLYER-SEMANAL.png 756w\" sizes=\"(max-width: 325px) 100vw, 325px\" \/><\/a><\/p>\n<p>&nbsp;<\/p>\n<p>&nbsp;<\/p>\n<p><strong>Contato para d\u00favidas:<\/strong> <a href=\"mailto:aperfeicoamento2021@gmail.com\">aperfeicoamento2021@gmail.com<\/a>&nbsp;<\/p>\n<p>&nbsp;<\/p>\n<p>&nbsp;<\/p>\n","protected":false},"excerpt":{"rendered":"<p>P\u00fablico-alvo: Professores das redes p\u00fablicas e privadas, acad\u00eamicos de Licenciatura\/Bacharelado na \u00c1rea de Humanas, ativistas com gradua\u00e7\u00e3o em qualquer \u00c1rea do Conhecimento. &nbsp; Para fazer o curso o candidato dever\u00e1 apresentar: RG, CPF, Curr\u00edculo Lattes, Carta de inten\u00e7\u00e3o ao curso,&hellip; <\/p>\n<p><a href=\"https:\/\/www2.unifap.br\/cepres\/cursos-de-aperfeicoamento\/ensino-de-historia\/\" class=\"readmore-button\">Continue Reading<\/a><\/p>\n","protected":false},"author":815,"featured_media":0,"parent":1386,"menu_order":0,"comment_status":"closed","ping_status":"closed","template":"","meta":{"inline_featured_image":false,"ngg_post_thumbnail":0,"footnotes":""},"class_list":["post-1412","page","type-page","status-publish","hentry"],"_links":{"self":[{"href":"https:\/\/www2.unifap.br\/cepres\/wp-json\/wp\/v2\/pages\/1412","targetHints":{"allow":["GET"]}}],"collection":[{"href":"https:\/\/www2.unifap.br\/cepres\/wp-json\/wp\/v2\/pages"}],"about":[{"href":"https:\/\/www2.unifap.br\/cepres\/wp-json\/wp\/v2\/types\/page"}],"author":[{"embeddable":true,"href":"https:\/\/www2.unifap.br\/cepres\/wp-json\/wp\/v2\/users\/815"}],"replies":[{"embeddable":true,"href":"https:\/\/www2.unifap.br\/cepres\/wp-json\/wp\/v2\/comments?post=1412"}],"version-history":[{"count":31,"href":"https:\/\/www2.unifap.br\/cepres\/wp-json\/wp\/v2\/pages\/1412\/revisions"}],"predecessor-version":[{"id":1537,"href":"https:\/\/www2.unifap.br\/cepres\/wp-json\/wp\/v2\/pages\/1412\/revisions\/1537"}],"up":[{"embeddable":true,"href":"https:\/\/www2.unifap.br\/cepres\/wp-json\/wp\/v2\/pages\/1386"}],"wp:attachment":[{"href":"https:\/\/www2.unifap.br\/cepres\/wp-json\/wp\/v2\/media?parent=1412"}],"curies":[{"name":"wp","href":"https:\/\/api.w.org\/{rel}","templated":true}]}}