{"id":1428,"date":"2021-01-27T19:17:27","date_gmt":"2021-01-27T19:17:27","guid":{"rendered":"http:\/\/www2.unifap.br\/cepres\/?page_id=1428"},"modified":"2021-03-02T13:18:34","modified_gmt":"2021-03-02T13:18:34","slug":"cultura-e-manifestacoes","status":"publish","type":"page","link":"https:\/\/www2.unifap.br\/cepres\/cursos-de-aperfeicoamento\/cultura-e-manifestacoes\/","title":{"rendered":"Cultura e manifesta\u00e7\u00f5es religiosas"},"content":{"rendered":"<p><strong>CURSO DE APERFEI\u00c7OAMENTO SOBRE CULTURA E MANIFESTA\u00c7\u00d5ES RELIGIOSAS<\/strong><\/p>\n<p><a href=\"http:\/\/www2.unifap.br\/cepres\/files\/2021\/02\/saberes-e-fazeres-de-matriz-africana.png\"><img fetchpriority=\"high\" decoding=\"async\" class=\" wp-image-1444 aligncenter\" src=\"http:\/\/www2.unifap.br\/cepres\/files\/2021\/02\/saberes-e-fazeres-de-matriz-africana-213x300.png\" alt=\"\" width=\"251\" height=\"354\" srcset=\"https:\/\/www2.unifap.br\/cepres\/files\/2021\/02\/saberes-e-fazeres-de-matriz-africana-213x300.png 213w, https:\/\/www2.unifap.br\/cepres\/files\/2021\/02\/saberes-e-fazeres-de-matriz-africana-727x1024.png 727w, https:\/\/www2.unifap.br\/cepres\/files\/2021\/02\/saberes-e-fazeres-de-matriz-africana-768x1082.png 768w, https:\/\/www2.unifap.br\/cepres\/files\/2021\/02\/saberes-e-fazeres-de-matriz-africana-1090x1536.png 1090w, https:\/\/www2.unifap.br\/cepres\/files\/2021\/02\/saberes-e-fazeres-de-matriz-africana.png 1240w\" sizes=\"(max-width: 251px) 100vw, 251px\" \/><\/a><\/p>\n<ul>\n<li><strong>Objetivo<\/strong><\/li>\n<\/ul>\n<p>Promover a forma\u00e7\u00e3o continuada prioritariamente de professores da \u00e1rea de humanas visando a compreens\u00e3o e reflex\u00e3o sobre as culturas e manifesta\u00e7\u00f5es religiosas no contexto da regi\u00e3o norte do Brasil.<\/p>\n<p>&nbsp;<\/p>\n<ul>\n<li><strong>Per\u00edodo do curso<\/strong><\/li>\n<\/ul>\n<p>01 de mar\u00e7o a 21 de maio<\/p>\n<p>&nbsp;<\/p>\n<ul>\n<li><strong>Inscri\u00e7\u00f5es:<\/strong><\/li>\n<\/ul>\n<p>01 a 07 de Fevereiro de 2021&nbsp;<\/p>\n<h4 style=\"text-align: center\"><a href=\"http:\/\/www2.unifap.br\/cepres\/files\/2021\/02\/EDITAL.pdf\">EDITAL DO CURSO<\/a><\/h4>\n<p style=\"text-align: center\"><strong><a href=\"http:\/\/www2.unifap.br\/cepres\/files\/2021\/02\/CRONOGRAMA-MANIFESTA\u00c7OES.pdf\">ANEXO I<\/a><\/strong><\/p>\n<h4 style=\"text-align: center\"><a href=\"http:\/\/www2.unifap.br\/cepres\/files\/2021\/02\/RESULTADO-PRELIMINAR-DA-CHAMADA-P\u00daBLICA-DE-SELE\u00c7\u00c3O-PARA-CURSO-DE-APERFEI\u00c7OAMENTO-SOBRE-CULTURA-E-MANIFESTA\u00c7\u00d5ES-RELIGIOSAS.pdf\">RESULTADO PRELIMINAR<\/a><\/h4>\n<p style=\"text-align: center\"><a href=\"http:\/\/www2.unifap.br\/cepres\/files\/2021\/02\/RESULTADO-FINAL-1.pdf\">RESULTADO FINAL<\/a><\/p>\n<p><b>Aula inaugural dia 02 de mar\u00e7o as 18h (googlemeet) link no grupo de whatsapp dos alunos. Nessa aula todas as duvidas pedag\u00f3gicas ser\u00e3o tiradas, como tamb\u00e9m metodologia e dias de aulas.<\/b><\/p>\n<p><strong>link da aula Inaugural:<\/strong>&nbsp; http:\/\/meet.google.com\/eae-ecrq-jqe<\/p>\n<p>Todos os nomes da lista de aprovados, receberam um e-mail (22\/02) com o link do grupo de WhatsApp, onde ser\u00e1 postado as informa\u00e7\u00f5es sobre o curso. \u00c9 necess\u00e1rios que todos fa\u00e7am parte do grupo!<\/p>\n<p>Caso n\u00e3o tenha recebido o e-mail e seu nome consta na lista, entre em contato no e-mail abaixo para fazer a corre\u00e7\u00e3o do seu endere\u00e7o eletr\u00f4nico em nosso banco de dados.<\/p>\n<p><strong>No assunto coloque (Corre\u00e7\u00e3o), No corpo do e-mail coloque seu nome completo, os dados a serem corrigidos e o nome do curso.<\/strong><\/p>\n<p style=\"text-align: center\"><b>Contato para d\u00favidas e corre\u00e7\u00f5es:<\/b>&nbsp;<a href=\"mailto:aperfeicoamento2021@gmail.com\">aperfeicoamento2021@gmail.com<\/a>&nbsp;<\/p>\n","protected":false},"excerpt":{"rendered":"<p>CURSO DE APERFEI\u00c7OAMENTO SOBRE CULTURA E MANIFESTA\u00c7\u00d5ES RELIGIOSAS Objetivo Promover a forma\u00e7\u00e3o continuada prioritariamente de professores da \u00e1rea de humanas visando a compreens\u00e3o e reflex\u00e3o sobre as culturas e manifesta\u00e7\u00f5es religiosas no contexto da regi\u00e3o norte do Brasil. &nbsp; Per\u00edodo&hellip; <\/p>\n<p><a href=\"https:\/\/www2.unifap.br\/cepres\/cursos-de-aperfeicoamento\/cultura-e-manifestacoes\/\" class=\"readmore-button\">Continue Reading<\/a><\/p>\n","protected":false},"author":815,"featured_media":0,"parent":1386,"menu_order":0,"comment_status":"closed","ping_status":"closed","template":"","meta":{"inline_featured_image":false,"ngg_post_thumbnail":0,"footnotes":""},"class_list":["post-1428","page","type-page","status-publish","hentry"],"_links":{"self":[{"href":"https:\/\/www2.unifap.br\/cepres\/wp-json\/wp\/v2\/pages\/1428","targetHints":{"allow":["GET"]}}],"collection":[{"href":"https:\/\/www2.unifap.br\/cepres\/wp-json\/wp\/v2\/pages"}],"about":[{"href":"https:\/\/www2.unifap.br\/cepres\/wp-json\/wp\/v2\/types\/page"}],"author":[{"embeddable":true,"href":"https:\/\/www2.unifap.br\/cepres\/wp-json\/wp\/v2\/users\/815"}],"replies":[{"embeddable":true,"href":"https:\/\/www2.unifap.br\/cepres\/wp-json\/wp\/v2\/comments?post=1428"}],"version-history":[{"count":16,"href":"https:\/\/www2.unifap.br\/cepres\/wp-json\/wp\/v2\/pages\/1428\/revisions"}],"predecessor-version":[{"id":1483,"href":"https:\/\/www2.unifap.br\/cepres\/wp-json\/wp\/v2\/pages\/1428\/revisions\/1483"}],"up":[{"embeddable":true,"href":"https:\/\/www2.unifap.br\/cepres\/wp-json\/wp\/v2\/pages\/1386"}],"wp:attachment":[{"href":"https:\/\/www2.unifap.br\/cepres\/wp-json\/wp\/v2\/media?parent=1428"}],"curies":[{"name":"wp","href":"https:\/\/api.w.org\/{rel}","templated":true}]}}