{"id":1831,"date":"2023-05-09T01:46:12","date_gmt":"2023-05-09T01:46:12","guid":{"rendered":"https:\/\/www2.unifap.br\/cepres\/?page_id=1831"},"modified":"2023-05-09T02:04:44","modified_gmt":"2023-05-09T02:04:44","slug":"especializacao-em-ciencia-da-religiao-ppgcr-dpg-unifap","status":"publish","type":"page","link":"https:\/\/www2.unifap.br\/cepres\/especializacao-em-ciencia-da-religiao-ppgcr-dpg-unifap\/","title":{"rendered":"Especializa\u00e7\u00e3o em Ci\u00eancia da Religi\u00e3o &#8211; PPGCR\/DPG\/UNIFAP"},"content":{"rendered":"<p><strong>COORDENADOR:<\/strong><\/p>\n<p>Professor Doutor Marcos Vin\u00edcius de Freitas Reis<\/p>\n<p>Docente efetivo da UNIFAP<\/p>\n<p>Contato: 96 98120-9058<\/p>\n<p>e-mail: marcosvinicius5@yahoo.com.br<\/p>\n<p><strong>VICE-COORDENADOR:<\/strong><\/p>\n<p>Professor Doutor Almiro Alves de Abreu<\/p>\n<p>Contato: 96 99115-5818<\/p>\n<p>e-mail: almiro.abreu.alves@gmail.com<\/p>\n<p><strong>T\u00c9CNICO ADMINISTRATIVO:<\/strong><\/p>\n<p>Paulo Rossi da Silva Pimenta<\/p>\n<p>e-mail: unifaprossy@gmail.com<\/p>\n<p><strong>BOLSISTAS:<\/strong><\/p>\n<p>Paulo Andr\u00e9 da Silva Nunes<\/p>\n<p>Kelyne Thaynara Trindade Chucre<\/p>\n","protected":false},"excerpt":{"rendered":"<p>COORDENADOR: Professor Doutor Marcos Vin\u00edcius de Freitas Reis Docente efetivo da UNIFAP Contato: 96 98120-9058 e-mail: marcosvinicius5@yahoo.com.br VICE-COORDENADOR: Professor Doutor Almiro Alves de Abreu Contato: 96 99115-5818 e-mail: almiro.abreu.alves@gmail.com T\u00c9CNICO ADMINISTRATIVO: Paulo Rossi da Silva Pimenta e-mail: unifaprossy@gmail.com BOLSISTAS: Paulo&hellip; <\/p>\n<p><a href=\"https:\/\/www2.unifap.br\/cepres\/especializacao-em-ciencia-da-religiao-ppgcr-dpg-unifap\/\" class=\"readmore-button\">Continue Reading<\/a><\/p>\n","protected":false},"author":815,"featured_media":0,"parent":0,"menu_order":0,"comment_status":"closed","ping_status":"closed","template":"","meta":{"inline_featured_image":false,"ngg_post_thumbnail":0,"footnotes":""},"class_list":["post-1831","page","type-page","status-publish","hentry"],"_links":{"self":[{"href":"https:\/\/www2.unifap.br\/cepres\/wp-json\/wp\/v2\/pages\/1831","targetHints":{"allow":["GET"]}}],"collection":[{"href":"https:\/\/www2.unifap.br\/cepres\/wp-json\/wp\/v2\/pages"}],"about":[{"href":"https:\/\/www2.unifap.br\/cepres\/wp-json\/wp\/v2\/types\/page"}],"author":[{"embeddable":true,"href":"https:\/\/www2.unifap.br\/cepres\/wp-json\/wp\/v2\/users\/815"}],"replies":[{"embeddable":true,"href":"https:\/\/www2.unifap.br\/cepres\/wp-json\/wp\/v2\/comments?post=1831"}],"version-history":[{"count":5,"href":"https:\/\/www2.unifap.br\/cepres\/wp-json\/wp\/v2\/pages\/1831\/revisions"}],"predecessor-version":[{"id":1840,"href":"https:\/\/www2.unifap.br\/cepres\/wp-json\/wp\/v2\/pages\/1831\/revisions\/1840"}],"wp:attachment":[{"href":"https:\/\/www2.unifap.br\/cepres\/wp-json\/wp\/v2\/media?parent=1831"}],"curies":[{"name":"wp","href":"https:\/\/api.w.org\/{rel}","templated":true}]}}