{"id":1848,"date":"2023-05-09T02:17:21","date_gmt":"2023-05-09T02:17:21","guid":{"rendered":"https:\/\/www2.unifap.br\/cepres\/?page_id=1848"},"modified":"2023-05-09T02:17:30","modified_gmt":"2023-05-09T02:17:30","slug":"orientacoes-tcc-e-artigo-cientifico-ppgcr-unifap","status":"publish","type":"page","link":"https:\/\/www2.unifap.br\/cepres\/orientacoes-tcc-e-artigo-cientifico-ppgcr-unifap\/","title":{"rendered":"ORIENTA\u00c7\u00d5ES : TCC E ARTIGO CIENT\u00cdFICO &#8211; PPGCR\/UNIFAP"},"content":{"rendered":"<p><a href=\"http:\/\/www2.unifap.br\/cepres\/files\/2023\/05\/ORIENTACOES-PARA-CONSTRUCAO-DE-ARTIGO.pdf\">ORIENTA\u00c7\u00d5ES PARA CONSTRU\u00c7\u00c3O DE ARTIGO<\/a><\/p>\n","protected":false},"excerpt":{"rendered":"<p>ORIENTA\u00c7\u00d5ES PARA CONSTRU\u00c7\u00c3O DE ARTIGO<\/p>\n","protected":false},"author":815,"featured_media":0,"parent":0,"menu_order":0,"comment_status":"closed","ping_status":"closed","template":"","meta":{"inline_featured_image":false,"ngg_post_thumbnail":0,"footnotes":""},"class_list":["post-1848","page","type-page","status-publish","hentry"],"_links":{"self":[{"href":"https:\/\/www2.unifap.br\/cepres\/wp-json\/wp\/v2\/pages\/1848","targetHints":{"allow":["GET"]}}],"collection":[{"href":"https:\/\/www2.unifap.br\/cepres\/wp-json\/wp\/v2\/pages"}],"about":[{"href":"https:\/\/www2.unifap.br\/cepres\/wp-json\/wp\/v2\/types\/page"}],"author":[{"embeddable":true,"href":"https:\/\/www2.unifap.br\/cepres\/wp-json\/wp\/v2\/users\/815"}],"replies":[{"embeddable":true,"href":"https:\/\/www2.unifap.br\/cepres\/wp-json\/wp\/v2\/comments?post=1848"}],"version-history":[{"count":1,"href":"https:\/\/www2.unifap.br\/cepres\/wp-json\/wp\/v2\/pages\/1848\/revisions"}],"predecessor-version":[{"id":1851,"href":"https:\/\/www2.unifap.br\/cepres\/wp-json\/wp\/v2\/pages\/1848\/revisions\/1851"}],"wp:attachment":[{"href":"https:\/\/www2.unifap.br\/cepres\/wp-json\/wp\/v2\/media?parent=1848"}],"curies":[{"name":"wp","href":"https:\/\/api.w.org\/{rel}","templated":true}]}}