{"id":186,"date":"2019-11-12T14:03:33","date_gmt":"2019-11-12T14:03:33","guid":{"rendered":"http:\/\/www2.unifap.br\/cepres\/?page_id=186"},"modified":"2021-04-01T15:07:39","modified_gmt":"2021-04-01T15:07:39","slug":"certificados","status":"publish","type":"page","link":"https:\/\/www2.unifap.br\/cepres\/certificados\/","title":{"rendered":"Certificados"},"content":{"rendered":"<p><strong>I Simp\u00f3sio da Regi\u00e3o Norte SOTER &#8211; Amaz\u00f4nia e Sua Vivencias Culturais e Religiosas &#8211; Clique<\/strong> <a href=\"https:\/\/drive.google.com\/drive\/folders\/1w9hzcHSfBJkVy1FFjOuoBz4ih5kHgE_q?usp=sharing\">AQUI<\/a><\/p>\n<hr>\n<p><strong>I Encontro Internacional e III Encontro Cient\u00edfico do Grupo Cepres &#8211; <\/strong>Clique <a href=\"https:\/\/drive.google.com\/drive\/folders\/1WBz-3zp81RIAW7jA_cGKPu11o1wTa8-3?usp=sharing\">AQUI<\/a><\/p>\n<hr>\n<p><strong>I Encontro Virtual do Grupo Cepres &#8211; Religi\u00f5es e Pol\u00edcias P\u00fablicas no Contrato da Covid-19.<\/strong>&nbsp;Clique&nbsp;<strong><a href=\"https:\/\/drive.google.com\/drive\/folders\/133KD-063nUm_CTMKo9jtoqKSAeQcYPKF?usp=sharing\">AQUI<\/a><\/strong><\/p>\n<hr>\n<p><b>3\u00b0<\/b><strong>&nbsp;ENCONTRO CIENT\u00cdFICO DE RELIGIOSIDADES AFRO-AMERINDIAS NA AMAZ\u00d4NIA AMAPAENSE &#8211;&nbsp; <\/strong>Clique&nbsp;<a href=\"https:\/\/drive.google.com\/open?id=1FLxT7BhAXQ_rd_ZNeNQJt6KRnE_RXhoD\">AQUI<\/a><\/p>\n<hr>\n<p><strong>AYAHUASCA: Ci\u00eancia, Sa\u00fade e Religiosidade &#8211;&nbsp;<\/strong>Clique&nbsp;<a href=\"https:\/\/drive.google.com\/open?id=1hYWoRQG6y3DSmVkbCdbBsaQOLTei_-_q\">AQUI<\/a><\/p>\n<hr>\n<p><b>SUIC\u00cdDIO<\/b><strong>&nbsp;E RELIGI\u00c3O NA AMAZ\u00d4NIA &#8211;&nbsp;<\/strong>Clique&nbsp;<a href=\"https:\/\/drive.google.com\/open?id=12TI9KN9OGwlBSw_cOfP2hEBMhMngfVvN\">AQUI<\/a><\/p>\n<hr>\n<p><strong>RELIGI\u00c3O E MORTE &#8211;<\/strong>&nbsp;Clique&nbsp;<a href=\"https:\/\/drive.google.com\/open?id=1X5JcfVLPy5AKS_ehCcudFoxfFEvzCP_p\">AQUI<\/a><\/p>\n","protected":false},"excerpt":{"rendered":"<p>I Simp\u00f3sio da Regi\u00e3o Norte SOTER &#8211; Amaz\u00f4nia e Sua Vivencias Culturais e Religiosas &#8211; Clique AQUI I Encontro Internacional e III Encontro Cient\u00edfico do Grupo Cepres &#8211; Clique AQUI I Encontro Virtual do Grupo Cepres &#8211; Religi\u00f5es e Pol\u00edcias&hellip; <\/p>\n<p><a href=\"https:\/\/www2.unifap.br\/cepres\/certificados\/\" class=\"readmore-button\">Continue Reading<\/a><\/p>\n","protected":false},"author":816,"featured_media":0,"parent":0,"menu_order":0,"comment_status":"open","ping_status":"open","template":"","meta":{"inline_featured_image":false,"ngg_post_thumbnail":0,"footnotes":""},"class_list":["post-186","page","type-page","status-publish","hentry"],"_links":{"self":[{"href":"https:\/\/www2.unifap.br\/cepres\/wp-json\/wp\/v2\/pages\/186","targetHints":{"allow":["GET"]}}],"collection":[{"href":"https:\/\/www2.unifap.br\/cepres\/wp-json\/wp\/v2\/pages"}],"about":[{"href":"https:\/\/www2.unifap.br\/cepres\/wp-json\/wp\/v2\/types\/page"}],"author":[{"embeddable":true,"href":"https:\/\/www2.unifap.br\/cepres\/wp-json\/wp\/v2\/users\/816"}],"replies":[{"embeddable":true,"href":"https:\/\/www2.unifap.br\/cepres\/wp-json\/wp\/v2\/comments?post=186"}],"version-history":[{"count":18,"href":"https:\/\/www2.unifap.br\/cepres\/wp-json\/wp\/v2\/pages\/186\/revisions"}],"predecessor-version":[{"id":1499,"href":"https:\/\/www2.unifap.br\/cepres\/wp-json\/wp\/v2\/pages\/186\/revisions\/1499"}],"wp:attachment":[{"href":"https:\/\/www2.unifap.br\/cepres\/wp-json\/wp\/v2\/media?parent=186"}],"curies":[{"name":"wp","href":"https:\/\/api.w.org\/{rel}","templated":true}]}}