{"id":822,"date":"2019-10-01T12:42:01","date_gmt":"2019-10-01T12:42:01","guid":{"rendered":"http:\/\/www2.unifap.br\/cepres\/?page_id=822"},"modified":"2021-01-21T22:13:03","modified_gmt":"2021-01-21T22:13:03","slug":"contatos","status":"publish","type":"page","link":"https:\/\/www2.unifap.br\/cepres\/contatos\/","title":{"rendered":"Coordenadores"},"content":{"rendered":"<p><strong>Coordenadores<\/strong><\/p>\n<p>Marcos Vin\u00edcius de Freitas Reis &#8211;&nbsp;marcosvinicius5@yahoo.com.br<\/p>\n<p>Andrius Estevam Noronha &#8211; andriusds@hot.com<\/p>\n<p><strong>Endere\u00e7o<\/strong>&nbsp;<\/p>\n<div class=\"control-group\"><label class=\"control-label\"><strong>Logradouro:<\/strong>&nbsp;<\/label>Rod. Juscelino Kubitschek<\/div>\n<div class=\"control-group\"><label class=\"control-label\"><strong>N\u00famero:&nbsp;<\/strong><\/label>KM-02<\/div>\n<div class=\"control-group\"><label class=\"control-label\"><strong>Bairro:<\/strong>&nbsp;<\/label>Jardim Marco Zero<\/div>\n<div class=\"control-group\"><label class=\"control-label\"><strong>UF:<\/strong>&nbsp;<\/label>AP<\/div>\n<div class=\"control-group\"><label class=\"control-label\"><strong>Localidade:<\/strong> <\/label>Macap\u00e1<\/div>\n<div class=\"control-group\"><strong><label class=\"control-label\">CEP:&nbsp;<\/label><\/strong>68903419<\/div>\n<div>&nbsp;<\/div>\n<div><strong>Email Cepres:&nbsp;<\/strong>cepres.unifap2@gmail.com<\/div>\n<div>&nbsp;<\/div>\n<div><strong>COMUNIDADE NO FACEBOOK<\/strong>:&nbsp;Centro de Estudos Pol\u00edticos, Religi\u00e3o e Sociedade &#8211; CEPRES &#8211; &nbsp;<a href=\"https:\/\/www.facebook.com\/groups\/480710278674070\/?fref=ts\">Link&nbsp;<\/a><\/div>\n<p>&nbsp;<\/p>\n<h2 class=\"nome\">&nbsp;<\/h2>\n","protected":false},"excerpt":{"rendered":"<p>Coordenadores Marcos Vin\u00edcius de Freitas Reis &#8211;&nbsp;marcosvinicius5@yahoo.com.br Andrius Estevam Noronha &#8211; andriusds@hot.com Endere\u00e7o&nbsp; Logradouro:&nbsp;Rod. Juscelino Kubitschek N\u00famero:&nbsp;KM-02 Bairro:&nbsp;Jardim Marco Zero UF:&nbsp;AP Localidade: Macap\u00e1 CEP:&nbsp;68903419 &nbsp; Email Cepres:&nbsp;cepres.unifap2@gmail.com &nbsp; COMUNIDADE NO FACEBOOK:&nbsp;Centro de Estudos Pol\u00edticos, Religi\u00e3o e Sociedade &#8211; CEPRES &#8211;&hellip; <\/p>\n<p><a href=\"https:\/\/www2.unifap.br\/cepres\/contatos\/\" class=\"readmore-button\">Continue Reading<\/a><\/p>\n","protected":false},"author":815,"featured_media":0,"parent":0,"menu_order":0,"comment_status":"closed","ping_status":"closed","template":"","meta":{"inline_featured_image":false,"ngg_post_thumbnail":0,"footnotes":""},"class_list":["post-822","page","type-page","status-publish","hentry"],"_links":{"self":[{"href":"https:\/\/www2.unifap.br\/cepres\/wp-json\/wp\/v2\/pages\/822","targetHints":{"allow":["GET"]}}],"collection":[{"href":"https:\/\/www2.unifap.br\/cepres\/wp-json\/wp\/v2\/pages"}],"about":[{"href":"https:\/\/www2.unifap.br\/cepres\/wp-json\/wp\/v2\/types\/page"}],"author":[{"embeddable":true,"href":"https:\/\/www2.unifap.br\/cepres\/wp-json\/wp\/v2\/users\/815"}],"replies":[{"embeddable":true,"href":"https:\/\/www2.unifap.br\/cepres\/wp-json\/wp\/v2\/comments?post=822"}],"version-history":[{"count":12,"href":"https:\/\/www2.unifap.br\/cepres\/wp-json\/wp\/v2\/pages\/822\/revisions"}],"predecessor-version":[{"id":1394,"href":"https:\/\/www2.unifap.br\/cepres\/wp-json\/wp\/v2\/pages\/822\/revisions\/1394"}],"wp:attachment":[{"href":"https:\/\/www2.unifap.br\/cepres\/wp-json\/wp\/v2\/media?parent=822"}],"curies":[{"name":"wp","href":"https:\/\/api.w.org\/{rel}","templated":true}]}}