{"id":9,"date":"2015-10-13T17:50:59","date_gmt":"2015-10-13T17:50:59","guid":{"rendered":"http:\/\/www2.unifap.br\/cepres\/?page_id=9"},"modified":"2021-01-21T22:52:14","modified_gmt":"2021-01-21T22:52:14","slug":"reunioes","status":"publish","type":"page","link":"https:\/\/www2.unifap.br\/cepres\/memorias\/reunioes\/","title":{"rendered":"Reuni\u00f5es"},"content":{"rendered":"<p>O Centro de Estudos Pol\u00edticos, Religi\u00e3o e Sociedade-CEPRES, tem como proposta nas reuni\u00f5es,&nbsp; discutir quinzenalmente textos relacionados ao universo religioso amaz\u00f4nida e amapaense. Convidamos a comunidade acad\u00eamica da Universidade Federal do Amap\u00e1-UNIFAP e os integrantes do CEPRES. As reuni\u00f5es s\u00e3o realizadas no bloco C, no hor\u00e1rio de 10:00 horas.<\/p>\n<hr>\n<p>21\/11\/2019 &#8211; PERES, Daniela M. de Azevedo; GARBIN,&nbsp;Elisabete Maria.&nbsp;<strong>CULTURAS JUVENIS ASSEMBLEIANAS: SOCIABILIDADES<\/strong> &#8211;&nbsp;<a href=\"http:\/\/www2.unifap.br\/cepres\/files\/2019\/11\/5100-17083-1-PB-1-1.pdf\">Texto<\/a><\/p>\n<hr>\n<p>07\/11\/2019 -SOUSA, Andr\u00e9 Ricardo de.<strong> IGREJA CAT\u00d3LICA E MERCADOS: A AMBIVAL\u00caNCIA ENTRE A SOLIDARIEDADE E A COMPETI\u00c7\u00c3O<\/strong> &#8211;&nbsp;<a href=\"http:\/\/www2.unifap.br\/cepres\/files\/2019\/11\/a07v27n1.pdf\">Texto<\/a><\/p>\n<hr>\n<p>10\/10\/2019 &#8211; GRUMAN,&nbsp;Marcelo<em>.<\/em>&nbsp;<strong>O lugar da cidadania: Estado moderno, pluralismo religioso e representa\u00e7\u00e3o pol\u00edtica<\/strong> &#8211;&nbsp;<a href=\"https:\/\/www.pucsp.br\/rever\/rv1_2005\/t_gruman.htm\">Texto<\/a><\/p>\n<hr>\n<p>12\/09\/2019 &#8211; BERGER, Piter.&nbsp;<strong>DESSECULARIZA\u00c7\u00c3O DO MUNDO:<br \/>\nUMA VIS\u00c3O GLOBAL<\/strong> &#8211;&nbsp;<a href=\"http:\/\/www2.unifap.br\/cepres\/files\/2019\/11\/dessecularizacaoLERR.pdf\">Texto<\/a>&nbsp;<\/p>\n","protected":false},"excerpt":{"rendered":"<p>O Centro de Estudos Pol\u00edticos, Religi\u00e3o e Sociedade-CEPRES, tem como proposta nas reuni\u00f5es,&nbsp; discutir quinzenalmente textos relacionados ao universo religioso amaz\u00f4nida e amapaense. Convidamos a comunidade acad\u00eamica da Universidade Federal do Amap\u00e1-UNIFAP e os integrantes do CEPRES. As reuni\u00f5es s\u00e3o&hellip; <\/p>\n<p><a href=\"https:\/\/www2.unifap.br\/cepres\/memorias\/reunioes\/\" class=\"readmore-button\">Continue Reading<\/a><\/p>\n","protected":false},"author":167,"featured_media":0,"parent":1409,"menu_order":2,"comment_status":"open","ping_status":"open","template":"","meta":{"inline_featured_image":false,"ngg_post_thumbnail":0,"footnotes":""},"class_list":["post-9","page","type-page","status-publish","hentry"],"_links":{"self":[{"href":"https:\/\/www2.unifap.br\/cepres\/wp-json\/wp\/v2\/pages\/9","targetHints":{"allow":["GET"]}}],"collection":[{"href":"https:\/\/www2.unifap.br\/cepres\/wp-json\/wp\/v2\/pages"}],"about":[{"href":"https:\/\/www2.unifap.br\/cepres\/wp-json\/wp\/v2\/types\/page"}],"author":[{"embeddable":true,"href":"https:\/\/www2.unifap.br\/cepres\/wp-json\/wp\/v2\/users\/167"}],"replies":[{"embeddable":true,"href":"https:\/\/www2.unifap.br\/cepres\/wp-json\/wp\/v2\/comments?post=9"}],"version-history":[{"count":18,"href":"https:\/\/www2.unifap.br\/cepres\/wp-json\/wp\/v2\/pages\/9\/revisions"}],"predecessor-version":[{"id":1391,"href":"https:\/\/www2.unifap.br\/cepres\/wp-json\/wp\/v2\/pages\/9\/revisions\/1391"}],"up":[{"embeddable":true,"href":"https:\/\/www2.unifap.br\/cepres\/wp-json\/wp\/v2\/pages\/1409"}],"wp:attachment":[{"href":"https:\/\/www2.unifap.br\/cepres\/wp-json\/wp\/v2\/media?parent=9"}],"curies":[{"name":"wp","href":"https:\/\/api.w.org\/{rel}","templated":true}]}}