{"id":947,"date":"2019-12-09T13:54:12","date_gmt":"2019-12-09T13:54:12","guid":{"rendered":"http:\/\/www2.unifap.br\/cepres\/?page_id=947"},"modified":"2020-02-05T18:48:21","modified_gmt":"2020-02-05T18:48:21","slug":"radio","status":"publish","type":"page","link":"https:\/\/www2.unifap.br\/cepres\/radio\/","title":{"rendered":"R\u00e1dio"},"content":{"rendered":"<p><strong>Programa: Diversidade Religiosa 96.9 FM&nbsp;<a href=\"https:\/\/www.facebook.com\/96.9fm\/\">Link<\/a><\/strong><\/p>\n<p><b>O programa Diversidade Religiosa ocorre semanalmente as quintas feiras \u00e0s 12 horas, em cada programa \u00e9 convidado um representante de uma institui\u00e7\u00e3o&nbsp;religiosa diferente, onde far\u00e1&nbsp;uma descri\u00e7\u00e3o sobre.&nbsp;<\/b><\/p>\n<p>&nbsp;<\/p>\n<p><a href=\"http:\/\/www2.unifap.br\/cepres\/files\/2019\/10\/WhatsApp-Image-2019-10-29-at-12.34.44.jpeg\"><img fetchpriority=\"high\" decoding=\"async\" class=\" wp-image-1008 aligncenter\" src=\"http:\/\/www2.unifap.br\/cepres\/files\/2019\/10\/WhatsApp-Image-2019-10-29-at-12.34.44-300x126.jpeg\" alt=\"\" width=\"381\" height=\"160\" srcset=\"https:\/\/www2.unifap.br\/cepres\/files\/2019\/10\/WhatsApp-Image-2019-10-29-at-12.34.44-300x126.jpeg 300w, https:\/\/www2.unifap.br\/cepres\/files\/2019\/10\/WhatsApp-Image-2019-10-29-at-12.34.44-768x322.jpeg 768w, https:\/\/www2.unifap.br\/cepres\/files\/2019\/10\/WhatsApp-Image-2019-10-29-at-12.34.44-1024x430.jpeg 1024w, https:\/\/www2.unifap.br\/cepres\/files\/2019\/10\/WhatsApp-Image-2019-10-29-at-12.34.44.jpeg 1280w\" sizes=\"(max-width: 381px) 100vw, 381px\" \/><\/a><\/p>\n<p>&nbsp;<\/p>\n<p style=\"text-align: center\"><b>14\/11\/2019 o programa diversidade religiosa receb<\/b><b>eu o convidado Davi que \u00e9 praticante do luciferianismo&nbsp;e onde ele explica como surgiu esse segmento e toda a sua historia, tamb\u00e9m foi explicado como o luciferianismo funciona e assim tirando todo o preconceito que ele sofre e toda mistifica\u00e7\u00e3o que tem sobre ele.<\/b><\/p>\n<p><a href=\"http:\/\/www2.unifap.br\/cepres\/files\/2019\/12\/Davi-Dias-Luciferianismo-novo-14-11.jpeg\"><img decoding=\"async\" class=\"alignnone size-medium wp-image-1139 aligncenter\" src=\"http:\/\/www2.unifap.br\/cepres\/files\/2019\/12\/Davi-Dias-Luciferianismo-novo-14-11-300x225.jpeg\" alt=\"\" width=\"300\" height=\"225\" srcset=\"https:\/\/www2.unifap.br\/cepres\/files\/2019\/12\/Davi-Dias-Luciferianismo-novo-14-11-300x225.jpeg 300w, https:\/\/www2.unifap.br\/cepres\/files\/2019\/12\/Davi-Dias-Luciferianismo-novo-14-11-768x576.jpeg 768w, https:\/\/www2.unifap.br\/cepres\/files\/2019\/12\/Davi-Dias-Luciferianismo-novo-14-11-1024x768.jpeg 1024w, https:\/\/www2.unifap.br\/cepres\/files\/2019\/12\/Davi-Dias-Luciferianismo-novo-14-11.jpeg 1280w\" sizes=\"(max-width: 300px) 100vw, 300px\" \/><\/a><\/p>\n<p style=\"text-align: center\"><b>07\/11\/19 \u00e0s 12 horas o programa diversidade religiosa recebeu o professor Galindo, que \u00e9 professor da universidade federal do Amap\u00e1 e membro da Rosa Cruz, onde ele explicou&nbsp; o surgimento&nbsp;da institui\u00e7\u00e3o e a sua historia, como \u00e9 seu funcionamento e como ela atua no Brasil e no Amap\u00e1 .<\/b><\/p>\n<p style=\"text-align: center\"><a href=\"http:\/\/www2.unifap.br\/cepres\/files\/2019\/12\/Galindo-Rosa-Cruz-Novo-07-11.jpeg\"><img decoding=\"async\" class=\"alignnone size-medium wp-image-1138\" src=\"http:\/\/www2.unifap.br\/cepres\/files\/2019\/12\/Galindo-Rosa-Cruz-Novo-07-11-300x225.jpeg\" alt=\"\" width=\"300\" height=\"225\" srcset=\"https:\/\/www2.unifap.br\/cepres\/files\/2019\/12\/Galindo-Rosa-Cruz-Novo-07-11-300x225.jpeg 300w, https:\/\/www2.unifap.br\/cepres\/files\/2019\/12\/Galindo-Rosa-Cruz-Novo-07-11-768x576.jpeg 768w, https:\/\/www2.unifap.br\/cepres\/files\/2019\/12\/Galindo-Rosa-Cruz-Novo-07-11-1024x768.jpeg 1024w, https:\/\/www2.unifap.br\/cepres\/files\/2019\/12\/Galindo-Rosa-Cruz-Novo-07-11.jpeg 1280w\" sizes=\"(max-width: 300px) 100vw, 300px\" \/><\/a><\/p>\n<p style=\"text-align: center\"><b>No dia 24\/10\/19 \u00e0s 12 horas&nbsp;o programa diversidade religiosa recebeu o convidado Prof. Jonas, representante da Igreja Reviver, contou como surgiu o minist\u00e9rio no Amap\u00e1, falou sobre os membros os projetos sociais da igreja e como s\u00e3o acolhedores com aqueles que mais necessitam de ajuda.<\/b><\/p>\n<p style=\"text-align: center\"><a href=\"http:\/\/www2.unifap.br\/cepres\/files\/2019\/10\/WhatsApp-Image-2019-10-24-at-15.19.56.jpeg\"><img loading=\"lazy\" decoding=\"async\" class=\"alignnone size-medium wp-image-1006\" src=\"http:\/\/www2.unifap.br\/cepres\/files\/2019\/10\/WhatsApp-Image-2019-10-24-at-15.19.56-300x225.jpeg\" alt=\"\" width=\"300\" height=\"225\" srcset=\"https:\/\/www2.unifap.br\/cepres\/files\/2019\/10\/WhatsApp-Image-2019-10-24-at-15.19.56-300x225.jpeg 300w, https:\/\/www2.unifap.br\/cepres\/files\/2019\/10\/WhatsApp-Image-2019-10-24-at-15.19.56-768x576.jpeg 768w, https:\/\/www2.unifap.br\/cepres\/files\/2019\/10\/WhatsApp-Image-2019-10-24-at-15.19.56-1024x768.jpeg 1024w, https:\/\/www2.unifap.br\/cepres\/files\/2019\/10\/WhatsApp-Image-2019-10-24-at-15.19.56.jpeg 1040w\" sizes=\"(max-width: 300px) 100vw, 300px\" \/><\/a><\/p>\n<p>&nbsp;<\/p>\n<p style=\"text-align: center\"><strong>No dia 17\/10\/19 \u00e0s 12 horas <\/strong><b>o programa diversidade religiosa recebeu o convidado Bruno que faz parte da Uni\u00e3o do Vegetal (UDV), nisso ele explicou como sua institui\u00e7\u00e3o&nbsp;funciona, onde eles se localizam, quem pode participar e como eles utilizam o ch\u00e1 da Ayahuasca e para que serve o ch\u00e1.&nbsp;<a href=\"https:\/\/drive.google.com\/open?id=1yHN8cRrsfzcM_bc2nypkNEs0V4jm2Ztw\">\u00c1udio<\/a><\/b><\/p>\n<p style=\"text-align: center\"><a href=\"http:\/\/www2.unifap.br\/cepres\/files\/2019\/10\/WhatsApp-Image-2019-10-17-at-13.04.37.jpeg\"><img loading=\"lazy\" decoding=\"async\" class=\"alignnone size-medium wp-image-1005\" src=\"http:\/\/www2.unifap.br\/cepres\/files\/2019\/10\/WhatsApp-Image-2019-10-17-at-13.04.37-300x225.jpeg\" alt=\"\" width=\"300\" height=\"225\" srcset=\"https:\/\/www2.unifap.br\/cepres\/files\/2019\/10\/WhatsApp-Image-2019-10-17-at-13.04.37-300x225.jpeg 300w, https:\/\/www2.unifap.br\/cepres\/files\/2019\/10\/WhatsApp-Image-2019-10-17-at-13.04.37-768x576.jpeg 768w, https:\/\/www2.unifap.br\/cepres\/files\/2019\/10\/WhatsApp-Image-2019-10-17-at-13.04.37-1024x768.jpeg 1024w, https:\/\/www2.unifap.br\/cepres\/files\/2019\/10\/WhatsApp-Image-2019-10-17-at-13.04.37.jpeg 1280w\" sizes=\"(max-width: 300px) 100vw, 300px\" \/><\/a>&nbsp;<\/p>\n<p>&nbsp;<\/p>\n<p style=\"text-align: center\"><strong>No dia 10\/10\/19, \u00e0s 12horas esteve presente o Padre Joseph (Par\u00f3quia Jesus Bom Samaritano), na ocasi\u00e3o falou sobre a pastoral universit\u00e1ria que tem o objetivo de organizar grupos de conversas e ora\u00e7\u00f5es dentro de institui\u00e7\u00f5es de ensino superior, o padre tamb\u00e9m falou sobre o C\u00edrio de Nazar\u00e9 e o concurso de trabalhos voltados para o p\u00fablico de ensino m\u00e9dio e superior, falou sobre o S\u00ednodo que \u00e9 a reuni\u00e3o para definir a\u00e7\u00f5es a ajudar a preserva\u00e7\u00e3o da Amaz\u00f4nia.&nbsp;<a href=\"https:\/\/drive.google.com\/open?id=1-j1c7YSxaUD7sx23Va4Mpf-xrVJ9IN2c\">\u00c1udio<\/a><\/strong><\/p>\n<p style=\"text-align: center\"><strong><a href=\"http:\/\/www2.unifap.br\/cepres\/files\/2019\/10\/Padre-Joseph-10-10-1.jpg\"><img loading=\"lazy\" decoding=\"async\" class=\"alignnone size-medium wp-image-969\" src=\"http:\/\/www2.unifap.br\/cepres\/files\/2019\/10\/Padre-Joseph-10-10-1-300x225.jpg\" alt=\"\" width=\"300\" height=\"225\" srcset=\"https:\/\/www2.unifap.br\/cepres\/files\/2019\/10\/Padre-Joseph-10-10-1-300x225.jpg 300w, https:\/\/www2.unifap.br\/cepres\/files\/2019\/10\/Padre-Joseph-10-10-1-768x576.jpg 768w, https:\/\/www2.unifap.br\/cepres\/files\/2019\/10\/Padre-Joseph-10-10-1-1024x768.jpg 1024w, https:\/\/www2.unifap.br\/cepres\/files\/2019\/10\/Padre-Joseph-10-10-1.jpg 1280w\" sizes=\"(max-width: 300px) 100vw, 300px\" \/><\/a><\/strong><\/p>\n<p>&nbsp;<\/p>\n<p style=\"text-align: center\"><strong>No dia 26\/09\/19, \u00e0s 12 horas o programa recebeu como convidado para representar e falar sobre as institui\u00e7\u00f5es Raike e Miss\u00e3o Rama. Na ocasi\u00e3o falou sobre as habilidades do Raike voltadas a sa\u00fade e sobre a exist\u00eancia de cursos para tornar-se um reikeriano. No segundo momento tratou sobre a miss\u00e3o rama, como cren\u00e7a de comunica\u00e7\u00e3o intelectual com seres extraterrestres e sobre a evolu\u00e7\u00e3o da esp\u00e9cie humana.&nbsp;<a href=\"https:\/\/drive.google.com\/open?id=1SJjNYrVD2dfmmZ7K4ErklSRlDxLTQizZ\">\u00c1udio<\/a><\/strong><\/p>\n<p style=\"text-align: center\"><strong><a href=\"http:\/\/www2.unifap.br\/cepres\/files\/2019\/10\/pablo-Raike-26-09.jpg\"><img loading=\"lazy\" decoding=\"async\" class=\"alignnone size-medium wp-image-964\" src=\"http:\/\/www2.unifap.br\/cepres\/files\/2019\/10\/pablo-Raike-26-09-300x225.jpg\" alt=\"\" width=\"300\" height=\"225\" srcset=\"https:\/\/www2.unifap.br\/cepres\/files\/2019\/10\/pablo-Raike-26-09-300x225.jpg 300w, https:\/\/www2.unifap.br\/cepres\/files\/2019\/10\/pablo-Raike-26-09-768x576.jpg 768w, https:\/\/www2.unifap.br\/cepres\/files\/2019\/10\/pablo-Raike-26-09-1024x768.jpg 1024w, https:\/\/www2.unifap.br\/cepres\/files\/2019\/10\/pablo-Raike-26-09.jpg 1280w\" sizes=\"(max-width: 300px) 100vw, 300px\" \/><\/a><\/strong><\/p>\n<p style=\"text-align: center\">&nbsp;<\/p>\n<p style=\"text-align: center\"><strong>No dia 19\/09\/19, \u00e0s 12 horas esteve presente no programa diversidade religiosa o convidado Marcelo, que na ocasi\u00e3o falou sobre a institui\u00e7\u00e3o gnose e explicou princ\u00edpios e cren\u00e7as dos mesmos.<a href=\"https:\/\/drive.google.com\/open?id=1JYbeGLLuzt3uzgIFKuhYGqC-oGd1mkgT\">\u00c1udio<\/a><\/strong><\/p>\n<p style=\"text-align: center\"><strong><a href=\"http:\/\/www2.unifap.br\/cepres\/files\/2019\/10\/Marcelo-gnose-19-09.jpg\"><img loading=\"lazy\" decoding=\"async\" class=\"alignnone size-medium wp-image-963\" src=\"http:\/\/www2.unifap.br\/cepres\/files\/2019\/10\/Marcelo-gnose-19-09-300x225.jpg\" alt=\"\" width=\"300\" height=\"225\" srcset=\"https:\/\/www2.unifap.br\/cepres\/files\/2019\/10\/Marcelo-gnose-19-09-300x225.jpg 300w, https:\/\/www2.unifap.br\/cepres\/files\/2019\/10\/Marcelo-gnose-19-09-768x576.jpg 768w, https:\/\/www2.unifap.br\/cepres\/files\/2019\/10\/Marcelo-gnose-19-09-1024x768.jpg 1024w, https:\/\/www2.unifap.br\/cepres\/files\/2019\/10\/Marcelo-gnose-19-09.jpg 1280w\" sizes=\"(max-width: 300px) 100vw, 300px\" \/><\/a><\/strong><\/p>\n<p>&nbsp;<\/p>\n<p style=\"text-align: center\"><strong>No dia 12\/09\/19, \u00e0s 12horas recebemos no programa o Padre Francivaldo (Par\u00f3quia S\u00e3o Benedito), na qual, falou sobre a festa de S\u00e3o Benedito, que ocorre anualmente na metade do segundo semestre, tamb\u00e9m explicou a rela\u00e7\u00e3o com a cultura do Laguinho, bairro onde ocorre a festividade e as figuras do tambor e da dan\u00e7a de Marabaixo envolvidas na festa cat\u00f3lica.<a href=\"https:\/\/drive.google.com\/open?id=1MOkiQpRFlsfcVkMhOpDCYNPi4aoZhmHl\">\u00c1udio<\/a><\/strong><\/p>\n<p style=\"text-align: center\"><strong> <a href=\"http:\/\/www2.unifap.br\/cepres\/files\/2019\/10\/Padre-Francivaldo-12-09-2.jpg\"><img loading=\"lazy\" decoding=\"async\" class=\"alignnone size-medium wp-image-970\" src=\"http:\/\/www2.unifap.br\/cepres\/files\/2019\/10\/Padre-Francivaldo-12-09-2-300x225.jpg\" alt=\"\" width=\"300\" height=\"225\" srcset=\"https:\/\/www2.unifap.br\/cepres\/files\/2019\/10\/Padre-Francivaldo-12-09-2-300x225.jpg 300w, https:\/\/www2.unifap.br\/cepres\/files\/2019\/10\/Padre-Francivaldo-12-09-2-768x576.jpg 768w, https:\/\/www2.unifap.br\/cepres\/files\/2019\/10\/Padre-Francivaldo-12-09-2-1024x768.jpg 1024w, https:\/\/www2.unifap.br\/cepres\/files\/2019\/10\/Padre-Francivaldo-12-09-2.jpg 1040w\" sizes=\"(max-width: 300px) 100vw, 300px\" \/><\/a><\/strong><\/p>\n<p>&nbsp;<\/p>\n<p>&nbsp;<\/p>\n<p>&nbsp;<\/p>\n","protected":false},"excerpt":{"rendered":"<p>Programa: Diversidade Religiosa 96.9 FM&nbsp;Link O programa Diversidade Religiosa ocorre semanalmente as quintas feiras \u00e0s 12 horas, em cada programa \u00e9 convidado um representante de uma institui\u00e7\u00e3o&nbsp;religiosa diferente, onde far\u00e1&nbsp;uma descri\u00e7\u00e3o sobre.&nbsp; &nbsp; &nbsp; 14\/11\/2019 o programa diversidade religiosa recebeu&hellip; <\/p>\n<p><a href=\"https:\/\/www2.unifap.br\/cepres\/radio\/\" class=\"readmore-button\">Continue Reading<\/a><\/p>\n","protected":false},"author":815,"featured_media":0,"parent":0,"menu_order":0,"comment_status":"closed","ping_status":"closed","template":"","meta":{"inline_featured_image":false,"ngg_post_thumbnail":0,"footnotes":""},"class_list":["post-947","page","type-page","status-publish","hentry"],"_links":{"self":[{"href":"https:\/\/www2.unifap.br\/cepres\/wp-json\/wp\/v2\/pages\/947","targetHints":{"allow":["GET"]}}],"collection":[{"href":"https:\/\/www2.unifap.br\/cepres\/wp-json\/wp\/v2\/pages"}],"about":[{"href":"https:\/\/www2.unifap.br\/cepres\/wp-json\/wp\/v2\/types\/page"}],"author":[{"embeddable":true,"href":"https:\/\/www2.unifap.br\/cepres\/wp-json\/wp\/v2\/users\/815"}],"replies":[{"embeddable":true,"href":"https:\/\/www2.unifap.br\/cepres\/wp-json\/wp\/v2\/comments?post=947"}],"version-history":[{"count":19,"href":"https:\/\/www2.unifap.br\/cepres\/wp-json\/wp\/v2\/pages\/947\/revisions"}],"predecessor-version":[{"id":1160,"href":"https:\/\/www2.unifap.br\/cepres\/wp-json\/wp\/v2\/pages\/947\/revisions\/1160"}],"wp:attachment":[{"href":"https:\/\/www2.unifap.br\/cepres\/wp-json\/wp\/v2\/media?parent=947"}],"curies":[{"name":"wp","href":"https:\/\/api.w.org\/{rel}","templated":true}]}}