{"id":252,"date":"2018-04-05T18:18:16","date_gmt":"2018-04-05T18:18:16","guid":{"rendered":"http:\/\/www2.unifap.br\/cis\/?page_id=252"},"modified":"2018-04-05T18:46:58","modified_gmt":"2018-04-05T18:46:58","slug":"afastamento","status":"publish","type":"page","link":"https:\/\/www2.unifap.br\/cis\/afastamento\/","title":{"rendered":"Afastamento"},"content":{"rendered":"<p><strong>Servidores t\u00e9cnico-administrativos em educa\u00e7\u00e3o interessados em requerer afastamento com objetivo de realizar estudos de p\u00f3s-gradua\u00e7\u00e3o<em> Stricto Sensu\u00a0<\/em>devem atentar para a documenta\u00e7\u00e3o descrita na rela\u00e7\u00e3o abaixo:<\/strong><\/p>\n<p><strong><a href=\"http:\/\/www2.unifap.br\/cis\/files\/2018\/04\/Docs.pdf\">DOCUMENTA\u00c7\u00c3O NECESS\u00c1RIA<\/a><\/strong><\/p>\n<p>Observa\u00e7\u00e3o: para baixar automaticamente o <strong>TERMO DE COMPROMISSO<\/strong> via SIGRH deve seguir o caminho: <em><strong>Portal do Sevidor &gt; Servi\u00e7os &gt; Documentos &gt; Declara\u00e7\u00f5es &gt; Termo de Afastamento<\/strong><\/em>. Deve estar assinado manualmente pelo interessado.<\/p>\n<p>&nbsp;<\/p>\n<p><strong>Legisla\u00e7\u00e3o aplic\u00e1vel:<\/strong><\/p>\n<p><a href=\"http:\/\/www2.unifap.br\/cis\/files\/2018\/04\/Resolucao-n.16-2013.pdf\">Resolu\u00e7\u00e3o N. 016\/2013-CONSU\/UNIFAP<\/a><\/p>\n<p>Artigos 95 e 96-A da Lei n\u00ba 8.112\/1990<\/p>\n<p>&nbsp;<\/p>\n<p>&nbsp;<\/p>\n","protected":false},"excerpt":{"rendered":"<p>Servidores t\u00e9cnico-administrativos em educa\u00e7\u00e3o interessados em requerer afastamento com objetivo de realizar estudos de p\u00f3s-gradua\u00e7\u00e3o Stricto Sensu\u00a0devem atentar para a documenta\u00e7\u00e3o descrita na rela\u00e7\u00e3o abaixo: DOCUMENTA\u00c7\u00c3O NECESS\u00c1RIA Observa\u00e7\u00e3o: para baixar automaticamente o TERMO DE COMPROMISSO via SIGRH deve seguir o&hellip; <\/p>\n<p><a href=\"https:\/\/www2.unifap.br\/cis\/afastamento\/\" class=\"readmore-button\">Continue Reading<\/a><\/p>\n","protected":false},"author":968,"featured_media":0,"parent":0,"menu_order":0,"comment_status":"open","ping_status":"open","template":"","meta":{"inline_featured_image":false,"ngg_post_thumbnail":0,"footnotes":""},"class_list":["post-252","page","type-page","status-publish","hentry"],"_links":{"self":[{"href":"https:\/\/www2.unifap.br\/cis\/wp-json\/wp\/v2\/pages\/252","targetHints":{"allow":["GET"]}}],"collection":[{"href":"https:\/\/www2.unifap.br\/cis\/wp-json\/wp\/v2\/pages"}],"about":[{"href":"https:\/\/www2.unifap.br\/cis\/wp-json\/wp\/v2\/types\/page"}],"author":[{"embeddable":true,"href":"https:\/\/www2.unifap.br\/cis\/wp-json\/wp\/v2\/users\/968"}],"replies":[{"embeddable":true,"href":"https:\/\/www2.unifap.br\/cis\/wp-json\/wp\/v2\/comments?post=252"}],"version-history":[{"count":10,"href":"https:\/\/www2.unifap.br\/cis\/wp-json\/wp\/v2\/pages\/252\/revisions"}],"predecessor-version":[{"id":264,"href":"https:\/\/www2.unifap.br\/cis\/wp-json\/wp\/v2\/pages\/252\/revisions\/264"}],"wp:attachment":[{"href":"https:\/\/www2.unifap.br\/cis\/wp-json\/wp\/v2\/media?parent=252"}],"curies":[{"name":"wp","href":"https:\/\/api.w.org\/{rel}","templated":true}]}}