{"id":45,"date":"2015-03-27T12:46:36","date_gmt":"2015-03-27T12:46:36","guid":{"rendered":"http:\/\/www2.unifap.br\/cis\/?page_id=45"},"modified":"2015-03-27T12:48:29","modified_gmt":"2015-03-27T12:48:29","slug":"leis","status":"publish","type":"page","link":"https:\/\/www2.unifap.br\/cis\/legislacao\/leis\/","title":{"rendered":"Leis"},"content":{"rendered":"<p><strong>LEIS:<\/strong><\/p>\n<p><a href=\"http:\/\/www.planalto.gov.br\/ccivil_03\/leis\/l8112cons.htm\" target=\"_blank\">Lei 8.112 de 11\/12\/1990 <\/a>&#8211; Disp\u00f5e sobre o regime jur\u00eddico dos servidores p\u00fablicos civis da Uni\u00e3o, das autarquias e das funda\u00e7\u00f5es p\u00fablicas federais.<\/p>\n<p><a href=\"http:\/\/www.planalto.gov.br\/ccivil_03\/_ato2004-2006\/2005\/lei\/l11091.htm\" target=\"_blank\">Lei 11.091 de 12\/01\/2005 (atualizada com altera\u00e7\u00f5es) <\/a>&#8211; Disp\u00f5e sobre a estrutura\u00e7\u00e3o do Plano de Carreira dos Cargos T\u00e9cnico-Administrativos em Educa\u00e7\u00e3o, no \u00e2mbito das Institui\u00e7\u00f5es Federais de Ensino vinculadas ao Minist\u00e9rio da Educa\u00e7\u00e3o, e d\u00e1 outras provid\u00eancias.<\/p>\n","protected":false},"excerpt":{"rendered":"<p>LEIS: Lei 8.112 de 11\/12\/1990 &#8211; Disp\u00f5e sobre o regime jur\u00eddico dos servidores p\u00fablicos civis da Uni\u00e3o, das autarquias e das funda\u00e7\u00f5es p\u00fablicas federais. Lei 11.091 de 12\/01\/2005 (atualizada com altera\u00e7\u00f5es) &#8211; Disp\u00f5e sobre a estrutura\u00e7\u00e3o do Plano de Carreira&hellip; <\/p>\n<p><a href=\"https:\/\/www2.unifap.br\/cis\/legislacao\/leis\/\" class=\"readmore-button\">Continue Reading<\/a><\/p>\n","protected":false},"author":359,"featured_media":0,"parent":43,"menu_order":0,"comment_status":"open","ping_status":"open","template":"","meta":{"inline_featured_image":false,"ngg_post_thumbnail":0,"footnotes":""},"class_list":["post-45","page","type-page","status-publish","hentry"],"_links":{"self":[{"href":"https:\/\/www2.unifap.br\/cis\/wp-json\/wp\/v2\/pages\/45","targetHints":{"allow":["GET"]}}],"collection":[{"href":"https:\/\/www2.unifap.br\/cis\/wp-json\/wp\/v2\/pages"}],"about":[{"href":"https:\/\/www2.unifap.br\/cis\/wp-json\/wp\/v2\/types\/page"}],"author":[{"embeddable":true,"href":"https:\/\/www2.unifap.br\/cis\/wp-json\/wp\/v2\/users\/359"}],"replies":[{"embeddable":true,"href":"https:\/\/www2.unifap.br\/cis\/wp-json\/wp\/v2\/comments?post=45"}],"version-history":[{"count":2,"href":"https:\/\/www2.unifap.br\/cis\/wp-json\/wp\/v2\/pages\/45\/revisions"}],"predecessor-version":[{"id":53,"href":"https:\/\/www2.unifap.br\/cis\/wp-json\/wp\/v2\/pages\/45\/revisions\/53"}],"up":[{"embeddable":true,"href":"https:\/\/www2.unifap.br\/cis\/wp-json\/wp\/v2\/pages\/43"}],"wp:attachment":[{"href":"https:\/\/www2.unifap.br\/cis\/wp-json\/wp\/v2\/media?parent=45"}],"curies":[{"name":"wp","href":"https:\/\/api.w.org\/{rel}","templated":true}]}}