{"id":58,"date":"2015-03-27T13:06:55","date_gmt":"2015-03-27T13:06:55","guid":{"rendered":"http:\/\/www2.unifap.br\/cis\/?page_id=58"},"modified":"2017-06-19T21:57:05","modified_gmt":"2017-06-19T21:57:05","slug":"redacao-oficial","status":"publish","type":"page","link":"https:\/\/www2.unifap.br\/cis\/redacao-oficial\/","title":{"rendered":"Reda\u00e7\u00e3o Oficial"},"content":{"rendered":"<h2><a title=\"Link permanente para Orienta\u00e7\u00e3o para reda\u00e7\u00e3o de comunica\u00e7\u00f5es oficiais\" href=\"http:\/\/redacaooficial.ufsc.br\/archives\/213\" rel=\"bookmark\">Orienta\u00e7\u00e3o para reda\u00e7\u00e3o de comunica\u00e7\u00f5es oficiais (Refer\u00eancia UFSC)<\/a><\/h2>\n<div title=\"Postado h\u00e1 0 meses.\"><\/div>\n<div>\n<p>Recomendamos os modelos de\u00a0comunica\u00e7\u00f5es oficiais\u00a0que a Universidade Federal de Santa Catarina (UFSC) adota\u00a0e que podem ser seguidos por estarem embasados no Manual de Reda\u00e7\u00e3o da Presid\u00eancia da Rep\u00fablica, refer\u00eancia necess\u00e1ria para a padroniza\u00e7\u00e3o da escrita de correspond\u00eancias no \u00e2mbito das institui\u00e7\u00f5es do Poder Executivo Federal.<\/p>\n<p>Os modelos seguem a orienta\u00e7\u00e3o do <a href=\"http:\/\/www.planalto.gov.br\/ccivil_03\/manual\/index.htm\" target=\"_blank\"><strong>Manual de Reda\u00e7\u00e3o da Presid\u00eancia da Rep\u00fablica <\/strong><\/a><\/p>\n<p>&nbsp;<\/p>\n<\/div>\n","protected":false},"excerpt":{"rendered":"<p>Orienta\u00e7\u00e3o para reda\u00e7\u00e3o de comunica\u00e7\u00f5es oficiais (Refer\u00eancia UFSC) Recomendamos os modelos de\u00a0comunica\u00e7\u00f5es oficiais\u00a0que a Universidade Federal de Santa Catarina (UFSC) adota\u00a0e que podem ser seguidos por estarem embasados no Manual de Reda\u00e7\u00e3o da Presid\u00eancia da Rep\u00fablica, refer\u00eancia necess\u00e1ria para a&hellip; <\/p>\n<p><a href=\"https:\/\/www2.unifap.br\/cis\/redacao-oficial\/\" class=\"readmore-button\">Continue Reading<\/a><\/p>\n","protected":false},"author":359,"featured_media":0,"parent":0,"menu_order":0,"comment_status":"open","ping_status":"open","template":"","meta":{"inline_featured_image":false,"ngg_post_thumbnail":0,"footnotes":""},"class_list":["post-58","page","type-page","status-publish","hentry"],"_links":{"self":[{"href":"https:\/\/www2.unifap.br\/cis\/wp-json\/wp\/v2\/pages\/58","targetHints":{"allow":["GET"]}}],"collection":[{"href":"https:\/\/www2.unifap.br\/cis\/wp-json\/wp\/v2\/pages"}],"about":[{"href":"https:\/\/www2.unifap.br\/cis\/wp-json\/wp\/v2\/types\/page"}],"author":[{"embeddable":true,"href":"https:\/\/www2.unifap.br\/cis\/wp-json\/wp\/v2\/users\/359"}],"replies":[{"embeddable":true,"href":"https:\/\/www2.unifap.br\/cis\/wp-json\/wp\/v2\/comments?post=58"}],"version-history":[{"count":6,"href":"https:\/\/www2.unifap.br\/cis\/wp-json\/wp\/v2\/pages\/58\/revisions"}],"predecessor-version":[{"id":151,"href":"https:\/\/www2.unifap.br\/cis\/wp-json\/wp\/v2\/pages\/58\/revisions\/151"}],"wp:attachment":[{"href":"https:\/\/www2.unifap.br\/cis\/wp-json\/wp\/v2\/media?parent=58"}],"curies":[{"name":"wp","href":"https:\/\/api.w.org\/{rel}","templated":true}]}}