{"id":66,"date":"2015-03-27T13:49:23","date_gmt":"2015-03-27T13:49:23","guid":{"rendered":"http:\/\/www2.unifap.br\/cis\/?page_id=66"},"modified":"2015-03-27T13:50:26","modified_gmt":"2015-03-27T13:50:26","slug":"links","status":"publish","type":"page","link":"https:\/\/www2.unifap.br\/cis\/links\/","title":{"rendered":"Links"},"content":{"rendered":"<p>Site do Servidor<\/p>\n<p><a href=\"http:\/\/www.servidor.gov.br\/\" target=\"_blank\">www.servidor.gov.br<\/a><\/p>\n<p>FASUBRA<\/p>\n<p><a href=\"http:\/\/www.fasubra.org.br\/\" target=\"_blank\">www.fasubra.org.br<\/a><\/p>\n<p>MEC<\/p>\n<p><a href=\"http:\/\/www.mec.gov.br\/\" target=\"_blank\">www.mec.gov.br<\/a><\/p>\n<p>SINASEFE<\/p>\n<p><a href=\"http:\/\/www.sinasefe.org.br\/v3\" target=\"_blank\">www.sinasefe.org.br\/v3<\/a><\/p>\n<p>Canal CGGP\/MEC<\/p>\n<p>Cont\u00e9m as notas t\u00e9cnicas, of\u00edcios, portarias, resolu\u00e7\u00f5es da CNS e guias utilizados no enquadramento.<\/p>\n<p><a href=\"http:\/\/mecsrv04.mec.gov.br\/canalcggp\/\" target=\"_blank\">mecsrv04.mec.gov.br\/canalcggp<\/a><\/p>\n","protected":false},"excerpt":{"rendered":"<p>Site do Servidor www.servidor.gov.br FASUBRA www.fasubra.org.br MEC www.mec.gov.br SINASEFE www.sinasefe.org.br\/v3 Canal CGGP\/MEC Cont\u00e9m as notas t\u00e9cnicas, of\u00edcios, portarias, resolu\u00e7\u00f5es da CNS e guias utilizados no enquadramento. mecsrv04.mec.gov.br\/canalcggp<\/p>\n","protected":false},"author":359,"featured_media":0,"parent":0,"menu_order":0,"comment_status":"open","ping_status":"open","template":"","meta":{"inline_featured_image":false,"ngg_post_thumbnail":0,"footnotes":""},"class_list":["post-66","page","type-page","status-publish","hentry"],"_links":{"self":[{"href":"https:\/\/www2.unifap.br\/cis\/wp-json\/wp\/v2\/pages\/66","targetHints":{"allow":["GET"]}}],"collection":[{"href":"https:\/\/www2.unifap.br\/cis\/wp-json\/wp\/v2\/pages"}],"about":[{"href":"https:\/\/www2.unifap.br\/cis\/wp-json\/wp\/v2\/types\/page"}],"author":[{"embeddable":true,"href":"https:\/\/www2.unifap.br\/cis\/wp-json\/wp\/v2\/users\/359"}],"replies":[{"embeddable":true,"href":"https:\/\/www2.unifap.br\/cis\/wp-json\/wp\/v2\/comments?post=66"}],"version-history":[{"count":2,"href":"https:\/\/www2.unifap.br\/cis\/wp-json\/wp\/v2\/pages\/66\/revisions"}],"predecessor-version":[{"id":68,"href":"https:\/\/www2.unifap.br\/cis\/wp-json\/wp\/v2\/pages\/66\/revisions\/68"}],"wp:attachment":[{"href":"https:\/\/www2.unifap.br\/cis\/wp-json\/wp\/v2\/media?parent=66"}],"curies":[{"name":"wp","href":"https:\/\/api.w.org\/{rel}","templated":true}]}}