{"id":69,"date":"2015-03-27T13:51:05","date_gmt":"2015-03-27T13:51:05","guid":{"rendered":"http:\/\/www2.unifap.br\/cis\/?page_id=69"},"modified":"2015-03-27T13:53:00","modified_gmt":"2015-03-27T13:53:00","slug":"tabelas-salariais","status":"publish","type":"page","link":"https:\/\/www2.unifap.br\/cis\/legislacao\/tabelas-salariais\/","title":{"rendered":"Tabelas Salariais"},"content":{"rendered":"<h5 align=\"LEFT\"><em>LEI N\u00ba 11.784, DE 2008<\/em><\/h5>\n<h5 align=\"LEFT\"><em>Convers\u00e3o da MPv n\u00ba 431, de 2008<\/em><\/h5>\n<p>Disp\u00f5e sobre a reestrutura\u00e7\u00e3o do Plano de Carreira dos Cargos T\u00e9cnico-Administrativos em Educa\u00e7\u00e3o, de que trata a Lei n\u00b0 11.091, de 12 de janeiro de 2005.<\/p>\n<p><em>Art. 17. O Anexo IV da Lei no 11.091, de 12 de janeiro de 2005, passa a vigorar nos termos do Anexo desta Lei.<\/em><\/p>\n<p><img decoding=\"async\" alt=\"\" src=\"http:\/\/www.ifsuldeminas.edu.br\/conteudo\/ico_pdf.gif\" \/>\u00a0<a href=\"http:\/\/www2.unifap.br\/cis\/files\/2015\/03\/vencimento_pcttae.pdf\"><em>vencimento_pcttae<\/em><\/a><\/p>\n","protected":false},"excerpt":{"rendered":"<p>LEI N\u00ba 11.784, DE 2008 Convers\u00e3o da MPv n\u00ba 431, de 2008 Disp\u00f5e sobre a reestrutura\u00e7\u00e3o do Plano de Carreira dos Cargos T\u00e9cnico-Administrativos em Educa\u00e7\u00e3o, de que trata a Lei n\u00b0 11.091, de 12 de janeiro de 2005. Art. 17.&hellip; <\/p>\n<p><a href=\"https:\/\/www2.unifap.br\/cis\/legislacao\/tabelas-salariais\/\" class=\"readmore-button\">Continue Reading<\/a><\/p>\n","protected":false},"author":359,"featured_media":0,"parent":43,"menu_order":0,"comment_status":"open","ping_status":"open","template":"","meta":{"inline_featured_image":false,"ngg_post_thumbnail":0,"footnotes":""},"class_list":["post-69","page","type-page","status-publish","hentry"],"_links":{"self":[{"href":"https:\/\/www2.unifap.br\/cis\/wp-json\/wp\/v2\/pages\/69","targetHints":{"allow":["GET"]}}],"collection":[{"href":"https:\/\/www2.unifap.br\/cis\/wp-json\/wp\/v2\/pages"}],"about":[{"href":"https:\/\/www2.unifap.br\/cis\/wp-json\/wp\/v2\/types\/page"}],"author":[{"embeddable":true,"href":"https:\/\/www2.unifap.br\/cis\/wp-json\/wp\/v2\/users\/359"}],"replies":[{"embeddable":true,"href":"https:\/\/www2.unifap.br\/cis\/wp-json\/wp\/v2\/comments?post=69"}],"version-history":[{"count":2,"href":"https:\/\/www2.unifap.br\/cis\/wp-json\/wp\/v2\/pages\/69\/revisions"}],"predecessor-version":[{"id":72,"href":"https:\/\/www2.unifap.br\/cis\/wp-json\/wp\/v2\/pages\/69\/revisions\/72"}],"up":[{"embeddable":true,"href":"https:\/\/www2.unifap.br\/cis\/wp-json\/wp\/v2\/pages\/43"}],"wp:attachment":[{"href":"https:\/\/www2.unifap.br\/cis\/wp-json\/wp\/v2\/media?parent=69"}],"curies":[{"name":"wp","href":"https:\/\/api.w.org\/{rel}","templated":true}]}}