{"id":15,"date":"2014-08-28T22:08:26","date_gmt":"2014-08-28T22:08:26","guid":{"rendered":"http:\/\/www2.unifap.br\/colares\/?page_id=15"},"modified":"2014-08-28T22:08:53","modified_gmt":"2014-08-28T22:08:53","slug":"contatos","status":"publish","type":"page","link":"https:\/\/www2.unifap.br\/colares\/contatos\/","title":{"rendered":"Contatos"},"content":{"rendered":"<p><strong>Adolfo Francesco de Oliveira Colares<\/strong><\/p>\n<p><strong>Email:<\/strong><br \/>\n<a href=\"mailto:adolfo@unifap.br\">adolfo@unifap.br<\/a><\/p>\n<p><strong>Endere\u00e7o:<\/strong><br \/>\nUniversidade Federal do Amap\u00e1, Coordena\u00e7\u00e3o de Ci\u00eancia da Computa\u00e7\u00e3o<br \/>\nRodovia Juscelino Kubitschek, KM-02<br \/>\nJardim Marco Zero<br \/>\n68903419 \u2013 Macap\u00e1, AP \u2013 Brasil<br \/>\nTelefone:+55 (96) 33121700<\/p>\n","protected":false},"excerpt":{"rendered":"<p>Adolfo Francesco de Oliveira Colares Email: adolfo@unifap.br Endere\u00e7o: Universidade Federal do Amap\u00e1, Coordena\u00e7\u00e3o de Ci\u00eancia da Computa\u00e7\u00e3o Rodovia Juscelino Kubitschek, KM-02 Jardim Marco Zero 68903419 \u2013 Macap\u00e1, AP \u2013 Brasil Telefone:+55 (96) 33121700<\/p>\n","protected":false},"author":470,"featured_media":0,"parent":0,"menu_order":4,"comment_status":"open","ping_status":"open","template":"","meta":{"inline_featured_image":false,"ngg_post_thumbnail":0,"footnotes":""},"class_list":["post-15","page","type-page","status-publish","hentry"],"_links":{"self":[{"href":"https:\/\/www2.unifap.br\/colares\/wp-json\/wp\/v2\/pages\/15","targetHints":{"allow":["GET"]}}],"collection":[{"href":"https:\/\/www2.unifap.br\/colares\/wp-json\/wp\/v2\/pages"}],"about":[{"href":"https:\/\/www2.unifap.br\/colares\/wp-json\/wp\/v2\/types\/page"}],"author":[{"embeddable":true,"href":"https:\/\/www2.unifap.br\/colares\/wp-json\/wp\/v2\/users\/470"}],"replies":[{"embeddable":true,"href":"https:\/\/www2.unifap.br\/colares\/wp-json\/wp\/v2\/comments?post=15"}],"version-history":[{"count":1,"href":"https:\/\/www2.unifap.br\/colares\/wp-json\/wp\/v2\/pages\/15\/revisions"}],"predecessor-version":[{"id":16,"href":"https:\/\/www2.unifap.br\/colares\/wp-json\/wp\/v2\/pages\/15\/revisions\/16"}],"wp:attachment":[{"href":"https:\/\/www2.unifap.br\/colares\/wp-json\/wp\/v2\/media?parent=15"}],"curies":[{"name":"wp","href":"https:\/\/api.w.org\/{rel}","templated":true}]}}