{"id":2,"date":"2014-04-02T17:23:47","date_gmt":"2014-04-02T17:23:47","guid":{"rendered":"http:\/\/www2.unifap.br\/colares\/?page_id=2"},"modified":"2017-09-12T12:24:06","modified_gmt":"2017-09-12T12:24:06","slug":"pagina-exemplo","status":"publish","type":"page","link":"https:\/\/www2.unifap.br\/colares\/pagina-exemplo\/","title":{"rendered":"Apresenta\u00e7\u00e3o"},"content":{"rendered":"<p><strong>Forma\u00e7\u00e3o<\/strong><\/p>\n<ul>\n<li>Mestre em <a title=\"Programa de P\u00f3s Gradua\u00e7\u00e3o em Engenharia El\u00e9trica\" href=\"http:\/\/www.ppgee.ufpa.br\/\" target=\"_blank\">Engenharia El\u00e9trica<\/a>\u00a0na \u00e1rea de Telecomunica\u00e7\u00f5es, pelo <a title=\"Instituto de Tecnologia - UFPA\" href=\"http:\/\/www.itec.ufpa.br\/\" target=\"_blank\">Instituto de Tecnologia<\/a>\u00a0da\u00a0<a href=\"http:\/\/www.ufpa.br\/\" target=\"_blank\">Universidade Federal do Par\u00e1<\/a><\/li>\n<li>Bacharel em\u00a0<a href=\"http:\/\/www.unama.br\/novoportal\/ensino\/graduacao\/cursos\/cienciacomputacao\/\" target=\"_blank\">Ci\u00eancia da Computa\u00e7\u00e3o<\/a>\u00a0pelo Centro de\u00a0Ci\u00eancias Exatas e Tecnologia\u00a0do <a title=\"Centro Universit\u00e1rio do Par\u00e1\" href=\"http:\/\/www.cesupa.br\" target=\"_blank\">Centro Universit\u00e1rio do Par\u00e1<\/a><\/li>\n<\/ul>\n<p><strong>Atividades<\/strong><\/p>\n<ul>\n<li>Professor Assistente-A II dos cursos de\u00a0<a href=\"http:\/\/www2.unifap.br\/ccomputacao\/\" target=\"_blank\">Ci\u00eancia da Computa\u00e7\u00e3o<\/a>\u00a0da\u00a0<a href=\"http:\/\/www.unifap.br\/\" target=\"_blank\">Universidade Federal do Amap\u00e1<\/a><\/li>\n<li>Pr\u00f3-Reitor de Extens\u00e3o e A\u00e7\u00f5es Comunit\u00e1rias &#8211; PROEAC<\/li>\n<\/ul>\n<p><strong style=\"line-height: 1.5em\">\u00c1reas de Interesse<\/strong><\/p>\n<ul>\n<li>Engenharia de Software<\/li>\n<li>Ger\u00eancia de Projetos de Software<\/li>\n<li>Desenvolvimento de Software<\/li>\n<li>Programa\u00e7\u00e3o Paralela<\/li>\n<li>Computa\u00e7\u00e3o em Nuvem<\/li>\n<li>Redes de Computadores<\/li>\n<\/ul>\n","protected":false},"excerpt":{"rendered":"<p>Forma\u00e7\u00e3o Mestre em Engenharia El\u00e9trica\u00a0na \u00e1rea de Telecomunica\u00e7\u00f5es, pelo Instituto de Tecnologia\u00a0da\u00a0Universidade Federal do Par\u00e1 Bacharel em\u00a0Ci\u00eancia da Computa\u00e7\u00e3o\u00a0pelo Centro de\u00a0Ci\u00eancias Exatas e Tecnologia\u00a0do Centro Universit\u00e1rio do Par\u00e1 Atividades Professor Assistente-A II dos cursos de\u00a0Ci\u00eancia da Computa\u00e7\u00e3o\u00a0da\u00a0Universidade Federal do Amap\u00e1&hellip; <\/p>\n<p><a href=\"https:\/\/www2.unifap.br\/colares\/pagina-exemplo\/\" class=\"readmore-button\">Continue Reading<\/a><\/p>\n","protected":false},"author":1,"featured_media":0,"parent":0,"menu_order":0,"comment_status":"open","ping_status":"open","template":"","meta":{"inline_featured_image":false,"ngg_post_thumbnail":0,"footnotes":""},"class_list":["post-2","page","type-page","status-publish","hentry"],"_links":{"self":[{"href":"https:\/\/www2.unifap.br\/colares\/wp-json\/wp\/v2\/pages\/2","targetHints":{"allow":["GET"]}}],"collection":[{"href":"https:\/\/www2.unifap.br\/colares\/wp-json\/wp\/v2\/pages"}],"about":[{"href":"https:\/\/www2.unifap.br\/colares\/wp-json\/wp\/v2\/types\/page"}],"author":[{"embeddable":true,"href":"https:\/\/www2.unifap.br\/colares\/wp-json\/wp\/v2\/users\/1"}],"replies":[{"embeddable":true,"href":"https:\/\/www2.unifap.br\/colares\/wp-json\/wp\/v2\/comments?post=2"}],"version-history":[{"count":3,"href":"https:\/\/www2.unifap.br\/colares\/wp-json\/wp\/v2\/pages\/2\/revisions"}],"predecessor-version":[{"id":40,"href":"https:\/\/www2.unifap.br\/colares\/wp-json\/wp\/v2\/pages\/2\/revisions\/40"}],"wp:attachment":[{"href":"https:\/\/www2.unifap.br\/colares\/wp-json\/wp\/v2\/media?parent=2"}],"curies":[{"name":"wp","href":"https:\/\/api.w.org\/{rel}","templated":true}]}}