{"id":6,"date":"2014-08-28T21:58:55","date_gmt":"2014-08-28T21:58:55","guid":{"rendered":"http:\/\/www2.unifap.br\/colares\/?page_id=6"},"modified":"2014-08-28T21:58:55","modified_gmt":"2014-08-28T21:58:55","slug":"curriculo-lattes","status":"publish","type":"page","link":"https:\/\/www2.unifap.br\/colares\/curriculo-lattes\/","title":{"rendered":"Curr\u00edculo Lattes"},"content":{"rendered":"<div>\n<h2>Adolfo Francesco de Oliveira Colares<\/h2>\n<ul>\n<li>\u00a0\u00a0<b>Endere\u00e7o para acessar este CV Completo: <a title=\"Curr\u00edculo Lattes\" href=\"http:\/\/lattes.cnpq.br\/7694692886453388\" target=\"_blank\">http:\/\/lattes.cnpq.br\/7694692886453388<\/a><\/b><\/li>\n<\/ul>\n<\/div>\n<div id=\"resumo\">\n<h2>Resumo<\/h2>\n<p>Graduou-se em Bacharelado em Ci\u00eancia da Computa\u00e7\u00e3o em 2006, pelo Centro Universit\u00e1rio do Estado do Par\u00e1 (CESUPA) e alcan\u00e7ou o t\u00edtulo Mestre em Engenharia El\u00e9trica na \u00e1rea de Telecomunica\u00e7\u00f5es em 2011 pela Universidade Federal do Par\u00e1 (UFPA). Foi integrante do Laborat\u00f3rio de An\u00e1lise Num\u00e9rica em Eletromagnetismo (LANE) entre 2008 e 2011, possui experi\u00eancia na \u00e1rea de computa\u00e7\u00e3o e computa\u00e7\u00e3o em nuvem com \u00eanfase em desenvolvimento de software, desenvolvimento de aplica\u00e7\u00f5es web com JavaServer Faces (JSF), Facelets, Java Persistence API (JPA) e Hibernate, administra\u00e7\u00e3o de redes, projetos de websites e ger\u00eancia de Tecnologia da Informa\u00e7\u00e3o (TI), possui experi\u00eancia na \u00e1rea de Engenharia El\u00e9trica na solu\u00e7\u00e3o num\u00e9rica das equa\u00e7\u00f5es de Maxwell. Atuou como gerente de tecnologia da informa\u00e7\u00e3o na empresa Copala Ind\u00fastrias Reunidas S.A. Foi professor do Centro de Ensino Superior do Amap\u00e1 (CEAP) e coordenador do curso de Bacharelado em Sistemas de Informa\u00e7\u00e3o da Faculdade Est\u00e1cio Seama. Atualmente \u00e9 professor permanente (DE) da Universidade Federal do Amap\u00e1 &#8211; UNIFAP do curso de Ci\u00eancia da Computa\u00e7\u00e3o.<br \/>\n<b><br \/>\n<\/b><\/p>\n<\/div>\n","protected":false},"excerpt":{"rendered":"<p>Adolfo Francesco de Oliveira Colares \u00a0\u00a0Endere\u00e7o para acessar este CV Completo: http:\/\/lattes.cnpq.br\/7694692886453388 Resumo Graduou-se em Bacharelado em Ci\u00eancia da Computa\u00e7\u00e3o em 2006, pelo Centro Universit\u00e1rio do Estado do Par\u00e1 (CESUPA) e alcan\u00e7ou o t\u00edtulo Mestre em Engenharia El\u00e9trica na \u00e1rea&hellip; <\/p>\n<p><a href=\"https:\/\/www2.unifap.br\/colares\/curriculo-lattes\/\" class=\"readmore-button\">Continue Reading<\/a><\/p>\n","protected":false},"author":470,"featured_media":0,"parent":0,"menu_order":0,"comment_status":"open","ping_status":"open","template":"","meta":{"inline_featured_image":false,"ngg_post_thumbnail":0,"footnotes":""},"class_list":["post-6","page","type-page","status-publish","hentry"],"_links":{"self":[{"href":"https:\/\/www2.unifap.br\/colares\/wp-json\/wp\/v2\/pages\/6","targetHints":{"allow":["GET"]}}],"collection":[{"href":"https:\/\/www2.unifap.br\/colares\/wp-json\/wp\/v2\/pages"}],"about":[{"href":"https:\/\/www2.unifap.br\/colares\/wp-json\/wp\/v2\/types\/page"}],"author":[{"embeddable":true,"href":"https:\/\/www2.unifap.br\/colares\/wp-json\/wp\/v2\/users\/470"}],"replies":[{"embeddable":true,"href":"https:\/\/www2.unifap.br\/colares\/wp-json\/wp\/v2\/comments?post=6"}],"version-history":[{"count":1,"href":"https:\/\/www2.unifap.br\/colares\/wp-json\/wp\/v2\/pages\/6\/revisions"}],"predecessor-version":[{"id":7,"href":"https:\/\/www2.unifap.br\/colares\/wp-json\/wp\/v2\/pages\/6\/revisions\/7"}],"wp:attachment":[{"href":"https:\/\/www2.unifap.br\/colares\/wp-json\/wp\/v2\/media?parent=6"}],"curies":[{"name":"wp","href":"https:\/\/api.w.org\/{rel}","templated":true}]}}