{"id":11,"date":"2011-02-15T18:40:24","date_gmt":"2011-02-15T18:40:24","guid":{"rendered":"http:\/\/pororoca.unifap.br\/comite\/"},"modified":"2022-05-09T18:16:30","modified_gmt":"2022-05-09T18:16:30","slug":"ceps-registrados-no-conep","status":"publish","type":"page","link":"https:\/\/www2.unifap.br\/comite\/ceps-registrados-no-conep\/","title":{"rendered":"CEP&#8217;s Registrados no CONEP no AMAP\u00c1"},"content":{"rendered":"<h4 style=\"text-align: center\"><\/h4>\n<h4 style=\"text-align: center\"><span style=\"color: #000000\"><strong>UNIVERSIDADE FEDERAL DO AMAP\u00c1 &#8211;\u00a0UNIFAP<\/strong><\/span><\/h4>\n<h4 style=\"text-align: center\"><span style=\"color: #000000\"><em>Comit\u00ea de \u00c9tica em Pesquisa Envolvendo Seres Humanos CEP\/UNIFAP<\/em><\/span><\/h4>\n<p>&nbsp;<\/p>\n<h4 style=\"text-align: center\"><span style=\"color: #000000\"><strong>INSTITUTO\u00a0DE PESQUISAS CIENT\u00cdFICAS E TECNOL\u00d3GICAS DO ESTADO DE AMAP\u00c1 &#8211;\u00a0IEPA<\/strong><\/span><\/h4>\n<h4 style=\"text-align: center\"><span style=\"color: #000000\"><em>Comit\u00ea de \u00c9tica em Pesquisa Envolvendo Seres Humanos do IEPA \u2013 CEP\/IEPA.<\/em><\/span><\/h4>\n<p>&nbsp;<\/p>\n<h4 style=\"text-align: center\"><span style=\"color: #000000\"><strong>FACULDADE EST\u00c1CIO SEAMA<\/strong> &#8211;<\/span><\/h4>\n<h4 style=\"text-align: center\"><span style=\"color: #000000\"><em>Comit\u00ea de \u00c9tica em Pesquisa<\/em><\/span><\/h4>\n<p>&nbsp;<\/p>\n<h4 style=\"text-align: center\"><span style=\"color: #000000\"><strong>UNIVERSIDADE ESTADUAL DO AMAP\u00c1<\/strong><\/span><\/h4>\n<p style=\"text-align: center\"><span style=\"color: #000000\"><em><strong>Comit\u00ea de \u00c9tica em Pesquisa<\/strong><\/em><\/span><\/p>\n<p>&nbsp;<\/p>\n","protected":false},"excerpt":{"rendered":"<p>UNIVERSIDADE FEDERAL DO AMAP\u00c1 &#8211;\u00a0UNIFAP Comit\u00ea de \u00c9tica em Pesquisa Envolvendo Seres Humanos CEP\/UNIFAP &nbsp; INSTITUTO\u00a0DE PESQUISAS CIENT\u00cdFICAS E TECNOL\u00d3GICAS DO ESTADO DE AMAP\u00c1 &#8211;\u00a0IEPA Comit\u00ea de \u00c9tica em Pesquisa Envolvendo Seres Humanos do IEPA \u2013 CEP\/IEPA. &nbsp; FACULDADE EST\u00c1CIO SEAMA &#8211; Comit\u00ea de \u00c9tica em Pesquisa &nbsp; UNIVERSIDADE ESTADUAL DO AMAP\u00c1 Comit\u00ea de \u00c9tica&#8230;<\/p>\n","protected":false},"author":40,"featured_media":0,"parent":0,"menu_order":0,"comment_status":"open","ping_status":"open","template":"","meta":{"inline_featured_image":false,"ngg_post_thumbnail":0,"footnotes":""},"class_list":["post-11","page","type-page","status-publish","hentry"],"_links":{"self":[{"href":"https:\/\/www2.unifap.br\/comite\/wp-json\/wp\/v2\/pages\/11","targetHints":{"allow":["GET"]}}],"collection":[{"href":"https:\/\/www2.unifap.br\/comite\/wp-json\/wp\/v2\/pages"}],"about":[{"href":"https:\/\/www2.unifap.br\/comite\/wp-json\/wp\/v2\/types\/page"}],"author":[{"embeddable":true,"href":"https:\/\/www2.unifap.br\/comite\/wp-json\/wp\/v2\/users\/40"}],"replies":[{"embeddable":true,"href":"https:\/\/www2.unifap.br\/comite\/wp-json\/wp\/v2\/comments?post=11"}],"version-history":[{"count":7,"href":"https:\/\/www2.unifap.br\/comite\/wp-json\/wp\/v2\/pages\/11\/revisions"}],"predecessor-version":[{"id":277,"href":"https:\/\/www2.unifap.br\/comite\/wp-json\/wp\/v2\/pages\/11\/revisions\/277"}],"wp:attachment":[{"href":"https:\/\/www2.unifap.br\/comite\/wp-json\/wp\/v2\/media?parent=11"}],"curies":[{"name":"wp","href":"https:\/\/api.w.org\/{rel}","templated":true}]}}