{"id":112,"date":"2014-02-06T19:02:51","date_gmt":"2014-02-06T19:02:51","guid":{"rendered":"http:\/\/www2.unifap.br\/comite\/?page_id=112"},"modified":"2017-04-25T20:29:53","modified_gmt":"2017-04-25T20:29:53","slug":"modelo-de-tcle","status":"publish","type":"page","link":"https:\/\/www2.unifap.br\/comite\/modelo-de-tcle\/","title":{"rendered":"Modelo de TCLE e Assentimento"},"content":{"rendered":"<p style=\"text-align: justify\"><em><strong>Disponibilizamos um modelo de TCLE que julgamos se encaixar no perfil do Comit\u00ea de \u00c9tica da Universidade Federal do Amap\u00e1.<\/strong><\/em><\/p>\n<p style=\"text-align: justify\"><a href=\"http:\/\/www2.unifap.br\/comite\/files\/2014\/02\/Informa\u00e7\u00f5es-sobre-o-Termo-de-Consentimento.docx\">Informa\u00e7\u00f5es sobre o Termo de Consentimento<\/a><\/p>\n<p style=\"text-align: justify\"><em><strong>Modelo do\u00a0<a href=\"http:\/\/www2.unifap.br\/comite\/files\/2017\/04\/TCLE.doc\">TCLE<\/a><\/strong><\/em><\/p>\n<p style=\"text-align: justify\"><em><strong><a href=\"http:\/\/www2.unifap.br\/comite\/files\/2017\/04\/Modelo-Termo-de-Assentimento.doc\">Modelo Termo de Assentimento<\/a><\/strong><\/em><\/p>\n","protected":false},"excerpt":{"rendered":"<p>Disponibilizamos um modelo de TCLE que julgamos se encaixar no perfil do Comit\u00ea de \u00c9tica da Universidade Federal do Amap\u00e1. Informa\u00e7\u00f5es sobre o Termo de Consentimento Modelo do\u00a0TCLE Modelo Termo de Assentimento<\/p>\n","protected":false},"author":397,"featured_media":0,"parent":0,"menu_order":0,"comment_status":"open","ping_status":"open","template":"","meta":{"inline_featured_image":false,"ngg_post_thumbnail":0,"footnotes":""},"class_list":["post-112","page","type-page","status-publish","hentry"],"_links":{"self":[{"href":"https:\/\/www2.unifap.br\/comite\/wp-json\/wp\/v2\/pages\/112","targetHints":{"allow":["GET"]}}],"collection":[{"href":"https:\/\/www2.unifap.br\/comite\/wp-json\/wp\/v2\/pages"}],"about":[{"href":"https:\/\/www2.unifap.br\/comite\/wp-json\/wp\/v2\/types\/page"}],"author":[{"embeddable":true,"href":"https:\/\/www2.unifap.br\/comite\/wp-json\/wp\/v2\/users\/397"}],"replies":[{"embeddable":true,"href":"https:\/\/www2.unifap.br\/comite\/wp-json\/wp\/v2\/comments?post=112"}],"version-history":[{"count":10,"href":"https:\/\/www2.unifap.br\/comite\/wp-json\/wp\/v2\/pages\/112\/revisions"}],"predecessor-version":[{"id":200,"href":"https:\/\/www2.unifap.br\/comite\/wp-json\/wp\/v2\/pages\/112\/revisions\/200"}],"wp:attachment":[{"href":"https:\/\/www2.unifap.br\/comite\/wp-json\/wp\/v2\/media?parent=112"}],"curies":[{"name":"wp","href":"https:\/\/api.w.org\/{rel}","templated":true}]}}