{"id":202,"date":"2017-04-25T20:34:22","date_gmt":"2017-04-25T20:34:22","guid":{"rendered":"http:\/\/www2.unifap.br\/comite\/?page_id=202"},"modified":"2023-09-25T14:00:31","modified_gmt":"2023-09-25T14:00:31","slug":"check-list-submissao","status":"publish","type":"page","link":"https:\/\/www2.unifap.br\/comite\/orientacoes\/orientacoes-para-procedimentos-em-pesquisas-com-qualquer-etapa-em-ambiente-virtual\/check-list-submissao\/","title":{"rendered":"Orienta\u00e7\u00f5es acerca dos arquivos anexados a plataforma Brasil"},"content":{"rendered":"<p>Estas orienta\u00e7\u00f5es t\u00eam como objetivo servir como material de consulta \u00e0queles que<br \/>\npor ventura encontrarem dificuldades no momento da submiss\u00e3o do projeto na<br \/>\nPlataforma Brasil. Por\u00e9m faz-se necess\u00e1rio que o pesquisador tenha conhecimento das<br \/>\norienta\u00e7\u00f5es publicadas na resolu\u00e7\u00e3o CNS 466\/12 ou na 510\/16 e suas complementares<br \/>\ndo Conselho Nacional de Sa\u00fade, que regulamentam a pesquisa com seres humanos no<br \/>\nBrasil.<br \/>\n1- O arquivo em Word intitulado PROJETO DE PESQUISA, o qual ser\u00e1 anexado no campo <span style=\"color: #ff0000\">PROJETO<\/span><br \/>\n<span style=\"color: #ff0000\">DETALHADO \/ BROCHURA INVESTIGADOR<\/span> deve seguir os mesmo crit\u00e9rios de um texto cient\u00edfico e<br \/>\nconter os seguintes elementos em seu corpo:<br \/>\n\u2022 Capa e contracapa<br \/>\n\uf0a7 T\u00edtulo<br \/>\n\uf0a7 Autores (alunos e professor orientador)<br \/>\n\uf0a7 Local de Origem<br \/>\n\uf0a7 Local de Realiza\u00e7\u00e3o<br \/>\n\u2022 Introdu\u00e7\u00e3o<br \/>\n\u2022 Objetivos<br \/>\n\uf0a7 Gerais<br \/>\n\uf0a7 Espec\u00edficos<br \/>\n\u2022 Metodologia<br \/>\n\u2022 Cronograma<br \/>\n\u2022 Or\u00e7amento<br \/>\n\u2022 Refer\u00eancias Bibliogr\u00e1ficas<br \/>\n\u2022 Anexos:<br \/>\n\uf0a7 Termo de Consentimento Livre e Esclarecido ou Dispensa (TCLE);<\/p>\n<p>Fontes de Financiamento (quando houve);<br \/>\n\uf0a7 Modelo de Question\u00e1rio ou Formul\u00e1rio utilizados na pesquisa;<br \/>\n\uf0a7 Termo de Autoriza\u00e7\u00e3o de Utiliza\u00e7\u00e3o de Dados (TAUD), ou seja, solicita\u00e7\u00e3o para a<br \/>\nutiliza\u00e7\u00e3o de dados de: prontu\u00e1rios, laudos, fichas cadastrais ou de bases de<br \/>\nbanco de dados de usu\u00e1rios, devidamente assinada.<br \/>\nObs.: Texto em portugu\u00eas.<br \/>\n2- O arquivo intitulado CARTA DE ANU\u00caNCIA, o qual ser\u00e1 anexado no campo<br \/>\n<span style=\"color: #ff0000\">DECLARA\u00c7\u00c3O DE INSTITUI\u00c7\u00c3O E INFRAESTRUTURA<\/span>:<br \/>\nTrata-se de uma declara\u00e7\u00e3o ou of\u00edcio de natureza obrigat\u00f3ria, que deve estar<br \/>\ntimbrado, assinado e com carimbo da institui\u00e7\u00e3o que det\u00e9m a autoriza\u00e7\u00e3o a qual tem a<br \/>\nseu poder o material para an\u00e1lise ou o sujeito foco do estudo encontrasse vinculado.<br \/>\nExemplo: pesquisas envolvendo alunos de uma escola p\u00fablica, a carta de anu\u00eancia<br \/>\nser\u00e1 fornecida pela escola ou pela Ger\u00eancia Regional de Educa\u00e7\u00e3o, dependendo do caso.<br \/>\n3- O arquivo intitulado FOLHA DE ROSTO, o qual ser\u00e1 anexado no campo <span style=\"color: #ff0000\">FOLHA DE<\/span><br \/>\n<span style=\"color: #ff0000\">ROSTO<\/span>:<br \/>\n\u00c9 um documento gerado automaticamente pela Plataforma Brasil, ap\u00f3s o<br \/>\npesquisador clicar sobre no link . Deve ser realizado a impress\u00e3o do<br \/>\ndocumento, e ap\u00f3s esse procedimento, o mesmo dever ser assinado pelo pesquisador<br \/>\nque est\u00e1 propondo a pesquisa e tamb\u00e9m pelo representante legal da institui\u00e7\u00e3o a qual o<br \/>\npesquisador se vincula.<br \/>\n4- O arquivo intitulado CURRICULO LATTES, o qual ser\u00e1 anexado no campo <span style=\"color: #ff0000\">OUTROS<\/span>:<br \/>\nDeve ser anexado em PDF o curr\u00edculo lattes de TODOS os pesquisadores<br \/>\n(professores orientadores e alunos).<\/p>\n<p>5- O arquivo intitulado PARECER DO COMIT\u00ca CI\u00caNT\u00cdFICO, o qual ser\u00e1 anexado no<br \/>\ncampo <span style=\"color: #ff0000\">OUTROS<\/span>:<br \/>\nDeve ser anexado em PDF o parecer aprovado, esse arquivo \u00e9 obrigat\u00f3rio para os<br \/>\npesquisadores vinculado a institui\u00e7\u00e3o ASCES-UNITA.<br \/>\n6- O arquivo intitulado CRONOGRAMA, o qual ser\u00e1 anexado no campo <span style=\"color: #ff0000\">CRONOGRAMA<\/span>:<br \/>\nDever\u00e1 estar de acordo o mais coerente poss\u00edvel com o cronograma do projeto<br \/>\ndetalhado, respeitando as datas de Reuni\u00f5es do Comit\u00ea de \u00c9tica em Pesquisa com Seres<br \/>\nHumanos da ASCES-UNITA e do Comit\u00ea Cient\u00edfico, no caso dos projetos que se<br \/>\nenquadrarem. Lembrado que a realiza\u00e7\u00e3o da pesquisa s\u00f3 poder\u00e1 ser feira ap\u00f3s libera\u00e7\u00e3o<br \/>\ndo parecer do Comit\u00ea de \u00c9tica em Pesquisa com seres Humanos.<br \/>\n\uf0b7 7- O arquivo intitulado, TERMO DE AUTORIZA\u00c7\u00c3O DE UTILIZA\u00c7\u00c3O DE DADOS<br \/>\n(TAUD), TERMO DE CONSENTIMENTO LIVRE E ESCLARECIDO (TCLE), TERMO<br \/>\nDE ASSENTIMENTO OU SOLICITA\u00c7\u00c3O DE DISPENSA DOS MESMOS, o qual ser\u00e1<br \/>\nanexado no campo <span style=\"color: #ff0000\">TCLE \/ TERMOS DE ASSENTIMENTO \/ JUSTIFICATIVA DE<\/span><br \/>\n<span style=\"color: #ff0000\">AUS\u00caNCIA<\/span>:<br \/>\nO TCLE , o TERMO DE ASSENTIMENTO ou o TAUD deve ser redigido pelo<br \/>\npesquisador conforme as diretrizes da Resolu\u00e7\u00e3o CNS\/MS n\u00b0 466\/12 ou 510\/16<br \/>\n<strong><span style=\"color: #ff0000\">A solicita\u00e7\u00e3o de dispensa de TCLE deve conter a justificada e estar assinada.<\/span><\/strong><\/p>\n","protected":false},"excerpt":{"rendered":"<p>Estas orienta\u00e7\u00f5es t\u00eam como objetivo servir como material de consulta \u00e0queles que por ventura encontrarem dificuldades no momento da submiss\u00e3o do projeto na Plataforma Brasil. Por\u00e9m faz-se necess\u00e1rio que o pesquisador tenha conhecimento das orienta\u00e7\u00f5es publicadas na resolu\u00e7\u00e3o CNS 466\/12 ou na 510\/16 e suas complementares do Conselho Nacional de Sa\u00fade, que regulamentam a pesquisa&#8230;<\/p>\n","protected":false},"author":397,"featured_media":0,"parent":269,"menu_order":3,"comment_status":"open","ping_status":"open","template":"","meta":{"inline_featured_image":false,"ngg_post_thumbnail":0,"footnotes":""},"class_list":["post-202","page","type-page","status-publish","hentry"],"_links":{"self":[{"href":"https:\/\/www2.unifap.br\/comite\/wp-json\/wp\/v2\/pages\/202","targetHints":{"allow":["GET"]}}],"collection":[{"href":"https:\/\/www2.unifap.br\/comite\/wp-json\/wp\/v2\/pages"}],"about":[{"href":"https:\/\/www2.unifap.br\/comite\/wp-json\/wp\/v2\/types\/page"}],"author":[{"embeddable":true,"href":"https:\/\/www2.unifap.br\/comite\/wp-json\/wp\/v2\/users\/397"}],"replies":[{"embeddable":true,"href":"https:\/\/www2.unifap.br\/comite\/wp-json\/wp\/v2\/comments?post=202"}],"version-history":[{"count":4,"href":"https:\/\/www2.unifap.br\/comite\/wp-json\/wp\/v2\/pages\/202\/revisions"}],"predecessor-version":[{"id":361,"href":"https:\/\/www2.unifap.br\/comite\/wp-json\/wp\/v2\/pages\/202\/revisions\/361"}],"up":[{"embeddable":true,"href":"https:\/\/www2.unifap.br\/comite\/wp-json\/wp\/v2\/pages\/269"}],"wp:attachment":[{"href":"https:\/\/www2.unifap.br\/comite\/wp-json\/wp\/v2\/media?parent=202"}],"curies":[{"name":"wp","href":"https:\/\/api.w.org\/{rel}","templated":true}]}}