{"id":234,"date":"2019-04-02T11:37:25","date_gmt":"2019-04-02T11:37:25","guid":{"rendered":"http:\/\/www2.unifap.br\/comite\/?page_id=234"},"modified":"2023-02-08T21:04:41","modified_gmt":"2023-02-08T21:04:41","slug":"folha-de-rosto","status":"publish","type":"page","link":"https:\/\/www2.unifap.br\/comite\/folha-de-rosto\/","title":{"rendered":"Solicita\u00e7\u00e3o de assinatura da Folha de Rosto"},"content":{"rendered":"<p>Procedimento para pedido de assinatura das folhas de rosto da Plataforma Brasil. <strong>Instru\u00e7\u00f5es:<\/strong>\u00a0Preencher o formul\u00e1rio de solicita\u00e7\u00e3o, anexar a folha de rosto, no formato PDF ou Docx, devidamente datada e assinada pelo pesquisador. Utilize o formul\u00e1rio abaixo para realizar a solicita\u00e7\u00e3o.<\/p>\n<p><a href=\"https:\/\/docs.google.com\/forms\/d\/e\/1FAIpQLSeGQX6iJjmleeE8DB0W-jFdA_F5dZaMODDyXd3iRLyYOv8NbA\/viewform\" target=\"_blank\" rel=\"noopener\">Formul\u00e1rio de Solicita\u00e7\u00e3o<\/a><\/p>\n<p>A Folha de Rosto \u00e9 um documento de apresenta\u00e7\u00e3o obrigat\u00f3ria para submiss\u00e3o do Protocolo de Pesquisa solicitado pela Comiss\u00e3o Nacional de \u00c9tica em Pesquisa &#8211; CONEP, e trata-se de um Termo de Compromisso do pesquisador e da Institui\u00e7\u00e3o Proponente.<\/p>\n<p>\u00c9 o documento que d\u00e1 consist\u00eancia jur\u00eddica ao projeto, porque identifica o pesquisador respons\u00e1vel, a institui\u00e7\u00e3o e o CEP, que devem apor suas assinaturas, e se comprometem com o cumprimento das normas e com as responsabilidades correspondentes.<\/p>\n<p>A Folha de Rosto ser\u00e1 gerada automaticamente durante o processo de submiss\u00e3o de Protocolo de Pesquisa junto a Plataforma Brasil, e na etapa &#8220;5&#8221; dever\u00e1 ser impressa, e no campo onde constam os dados do pesquisador dever\u00e1 ser datado e assinado.<\/p>\n<p>O pesquisador dever\u00e1 assinar na parte superior da folha e o na parte inferior onde compete a Institui\u00e7\u00e3o Proponente quem dever\u00e1 assinar \u00e9 o Diretor do Departamento de Pesquisa \u2013 DPQ, caso o pesquisador seja vinculado a UNIFAP. No caso de outra Institui\u00e7\u00e3o, quem deve assinar preferencialmente \u00e9 o Diretor m\u00e1ximo.<\/p>\n<p>Lembrando que o Diretor do Departamento de Pesquisa da UNIFAP, s\u00f3 a assinar\u00e1 a folha de rosto mediante apresenta\u00e7\u00e3o do resumo do projeto e 02 (vias) da folha de rosto, tendo ele o prazo de 07 dias para entrega da folha assinada.<\/p>\n<p>&nbsp;<\/p>\n","protected":false},"excerpt":{"rendered":"<p>Procedimento para pedido de assinatura das folhas de rosto da Plataforma Brasil. Instru\u00e7\u00f5es:\u00a0Preencher o formul\u00e1rio de solicita\u00e7\u00e3o, anexar a folha de rosto, no formato PDF ou Docx, devidamente datada e assinada pelo pesquisador. Utilize o formul\u00e1rio abaixo para realizar a solicita\u00e7\u00e3o. Formul\u00e1rio de Solicita\u00e7\u00e3o A Folha de Rosto \u00e9 um documento de apresenta\u00e7\u00e3o obrigat\u00f3ria para&#8230;<\/p>\n","protected":false},"author":397,"featured_media":0,"parent":0,"menu_order":1,"comment_status":"closed","ping_status":"closed","template":"","meta":{"inline_featured_image":false,"ngg_post_thumbnail":0,"footnotes":""},"class_list":["post-234","page","type-page","status-publish","hentry"],"_links":{"self":[{"href":"https:\/\/www2.unifap.br\/comite\/wp-json\/wp\/v2\/pages\/234","targetHints":{"allow":["GET"]}}],"collection":[{"href":"https:\/\/www2.unifap.br\/comite\/wp-json\/wp\/v2\/pages"}],"about":[{"href":"https:\/\/www2.unifap.br\/comite\/wp-json\/wp\/v2\/types\/page"}],"author":[{"embeddable":true,"href":"https:\/\/www2.unifap.br\/comite\/wp-json\/wp\/v2\/users\/397"}],"replies":[{"embeddable":true,"href":"https:\/\/www2.unifap.br\/comite\/wp-json\/wp\/v2\/comments?post=234"}],"version-history":[{"count":9,"href":"https:\/\/www2.unifap.br\/comite\/wp-json\/wp\/v2\/pages\/234\/revisions"}],"predecessor-version":[{"id":304,"href":"https:\/\/www2.unifap.br\/comite\/wp-json\/wp\/v2\/pages\/234\/revisions\/304"}],"wp:attachment":[{"href":"https:\/\/www2.unifap.br\/comite\/wp-json\/wp\/v2\/media?parent=234"}],"curies":[{"name":"wp","href":"https:\/\/api.w.org\/{rel}","templated":true}]}}