{"id":364,"date":"2023-09-28T19:42:24","date_gmt":"2023-09-28T19:42:24","guid":{"rendered":"https:\/\/www2.unifap.br\/comite\/?page_id=364"},"modified":"2026-02-24T20:23:36","modified_gmt":"2026-02-24T20:23:36","slug":"membros-relatores","status":"publish","type":"page","link":"https:\/\/www2.unifap.br\/comite\/sobre\/membros-relatores\/","title":{"rendered":"Membros Relatores"},"content":{"rendered":"<p>Coordenador: Rafael Lima Resque  <\/p>\n<p>Vice-Coordenadora: Elda Gomes Araujo<\/p>\n<p>Andr\u00e9a Soares de Ara\u00fajo<\/p>\n<p>Alessandra Feij\u00e3o Soares<\/p>\n<p>Anneli Mercedes Celis de C\u00e1rdenas<\/p>\n<p>Cecilia Maria Chaves Brito Bastos<\/p>\n<p>Daguinete Maria Chaves Brito<\/p>\n<p>David Junior de Souza Silva<\/p>\n<p>Francisco F\u00e1bio Oliveira de Sousa<\/p>\n<p>Janilson Morais de Le\u00e3o<\/p>\n<p>Lethicia Barreto Brand\u00e3o<\/p>\n<p>Raphaelle Sousa Borges<\/p>\n<p>Renan Lima Monteiro<\/p>\n","protected":false},"excerpt":{"rendered":"<p>Coordenador: Rafael Lima Resque Vice-Coordenadora: Elda Gomes Araujo Andr\u00e9a Soares de Ara\u00fajo Alessandra Feij\u00e3o Soares Anneli Mercedes Celis de C\u00e1rdenas Cecilia Maria Chaves Brito Bastos Daguinete Maria Chaves Brito David Junior de Souza Silva Francisco F\u00e1bio Oliveira de Sousa Janilson Morais de Le\u00e3o Lethicia Barreto Brand\u00e3o Raphaelle Sousa Borges Renan Lima Monteiro<\/p>\n","protected":false},"author":176,"featured_media":0,"parent":4,"menu_order":0,"comment_status":"closed","ping_status":"closed","template":"","meta":{"inline_featured_image":false,"ngg_post_thumbnail":0,"footnotes":""},"class_list":["post-364","page","type-page","status-publish","hentry"],"_links":{"self":[{"href":"https:\/\/www2.unifap.br\/comite\/wp-json\/wp\/v2\/pages\/364","targetHints":{"allow":["GET"]}}],"collection":[{"href":"https:\/\/www2.unifap.br\/comite\/wp-json\/wp\/v2\/pages"}],"about":[{"href":"https:\/\/www2.unifap.br\/comite\/wp-json\/wp\/v2\/types\/page"}],"author":[{"embeddable":true,"href":"https:\/\/www2.unifap.br\/comite\/wp-json\/wp\/v2\/users\/176"}],"replies":[{"embeddable":true,"href":"https:\/\/www2.unifap.br\/comite\/wp-json\/wp\/v2\/comments?post=364"}],"version-history":[{"count":3,"href":"https:\/\/www2.unifap.br\/comite\/wp-json\/wp\/v2\/pages\/364\/revisions"}],"predecessor-version":[{"id":424,"href":"https:\/\/www2.unifap.br\/comite\/wp-json\/wp\/v2\/pages\/364\/revisions\/424"}],"up":[{"embeddable":true,"href":"https:\/\/www2.unifap.br\/comite\/wp-json\/wp\/v2\/pages\/4"}],"wp:attachment":[{"href":"https:\/\/www2.unifap.br\/comite\/wp-json\/wp\/v2\/media?parent=364"}],"curies":[{"name":"wp","href":"https:\/\/api.w.org\/{rel}","templated":true}]}}