{"id":372,"date":"2023-11-21T19:05:52","date_gmt":"2023-11-21T19:05:52","guid":{"rendered":"https:\/\/www2.unifap.br\/comite\/?page_id=372"},"modified":"2024-12-18T18:27:19","modified_gmt":"2024-12-18T18:27:19","slug":"calendario-2024","status":"publish","type":"page","link":"https:\/\/www2.unifap.br\/comite\/calendario-de-reunioes-e-recebimento-de-projetos\/calendario-2024\/","title":{"rendered":"Calend\u00e1rio 2024"},"content":{"rendered":"<h1><b>Reuni\u00f5es e Recebimento de Projetos 2024<\/b><\/h1>\n<p>&nbsp;<\/p>\n<table>\n<thead>\n<tr>\n<th><span style=\"font-weight: 400\">M\u00eas<\/span><\/th>\n<th><span style=\"font-weight: 400\">Dia<\/span><\/th>\n<th><span style=\"font-weight: 400\">Per\u00edodo de recebimento de projetos do CEP<\/span><\/th>\n<\/tr>\n<\/thead>\n<tbody>\n<tr>\n<td><span style=\"font-weight: 400\">Janeiro\u00a0<\/span><\/td>\n<td><span style=\"font-weight: 400\">11<\/span><\/td>\n<td><span style=\"font-weight: 400\">26 de dezembro a 04 de janeiro<\/span><\/td>\n<\/tr>\n<tr>\n<td><span style=\"font-weight: 400\">Fevereiro<\/span><\/td>\n<td><span style=\"font-weight: 400\">08<\/span><\/td>\n<td><span style=\"font-weight: 400\">24 de janeiro a 01 fevereiro<\/span><\/td>\n<\/tr>\n<tr>\n<td><span style=\"font-weight: 400\">Mar\u00e7o<\/span><\/td>\n<td><span style=\"font-weight: 400\">14<\/span><\/td>\n<td><span style=\"font-weight: 400\">28 de fevereiro a 07 de mar\u00e7o<\/span><\/td>\n<\/tr>\n<tr>\n<td><span style=\"font-weight: 400\">Agosto<\/span><\/td>\n<td><span style=\"font-weight: 400\">14<\/span><\/td>\n<td><span style=\"font-weight: 400\">15 de julho a 31 de julho<\/span><\/td>\n<\/tr>\n<tr>\n<td><span style=\"font-weight: 400\">Setembro<\/span><\/td>\n<td><span style=\"font-weight: 400\">11<\/span><\/td>\n<td><span style=\"font-weight: 400\">15 de agosto a dia 28 de agosto<\/span><\/td>\n<\/tr>\n<tr>\n<td><span style=\"font-weight: 400\">outubro<\/span><\/td>\n<td><span style=\"font-weight: 400\">16<\/span><\/td>\n<td><span style=\"font-weight: 400\">12 de setembro a 01 de outubro<\/span><\/td>\n<\/tr>\n<tr>\n<td><span style=\"font-weight: 400\">Novembro<\/span><\/td>\n<td><span style=\"font-weight: 400\">13<\/span><\/td>\n<td><span style=\"font-weight: 400\">17 de outubro a 31 de outubro<\/span><\/td>\n<\/tr>\n<tr>\n<td><span style=\"font-weight: 400\">Dezembro<\/span><\/td>\n<td><span style=\"font-weight: 400\">11<\/span><\/td>\n<td><span style=\"font-weight: 400\">14 de novembro a 30 de novembro<\/span><\/td>\n<\/tr>\n<\/tbody>\n<\/table>\n<p><span style=\"font-weight: 400\">Observa\u00e7\u00e3o: Qualquer mudan\u00e7a nas datas das reuni\u00f5es ser\u00e3o avisadas no site.<\/span><\/p>\n","protected":false},"excerpt":{"rendered":"<p>Reuni\u00f5es e Recebimento de Projetos 2024 &nbsp; M\u00eas Dia Per\u00edodo de recebimento de projetos do CEP Janeiro\u00a0 11 26 de dezembro a 04 de janeiro Fevereiro 08 24 de janeiro a 01 fevereiro Mar\u00e7o 14 28 de fevereiro a 07 de mar\u00e7o Agosto 14 15 de julho a 31 de julho Setembro 11 15 de&#8230;<\/p>\n","protected":false},"author":176,"featured_media":0,"parent":375,"menu_order":0,"comment_status":"closed","ping_status":"closed","template":"","meta":{"inline_featured_image":false,"ngg_post_thumbnail":0,"footnotes":""},"class_list":["post-372","page","type-page","status-publish","hentry"],"_links":{"self":[{"href":"https:\/\/www2.unifap.br\/comite\/wp-json\/wp\/v2\/pages\/372","targetHints":{"allow":["GET"]}}],"collection":[{"href":"https:\/\/www2.unifap.br\/comite\/wp-json\/wp\/v2\/pages"}],"about":[{"href":"https:\/\/www2.unifap.br\/comite\/wp-json\/wp\/v2\/types\/page"}],"author":[{"embeddable":true,"href":"https:\/\/www2.unifap.br\/comite\/wp-json\/wp\/v2\/users\/176"}],"replies":[{"embeddable":true,"href":"https:\/\/www2.unifap.br\/comite\/wp-json\/wp\/v2\/comments?post=372"}],"version-history":[{"count":7,"href":"https:\/\/www2.unifap.br\/comite\/wp-json\/wp\/v2\/pages\/372\/revisions"}],"predecessor-version":[{"id":386,"href":"https:\/\/www2.unifap.br\/comite\/wp-json\/wp\/v2\/pages\/372\/revisions\/386"}],"up":[{"embeddable":true,"href":"https:\/\/www2.unifap.br\/comite\/wp-json\/wp\/v2\/pages\/375"}],"wp:attachment":[{"href":"https:\/\/www2.unifap.br\/comite\/wp-json\/wp\/v2\/media?parent=372"}],"curies":[{"name":"wp","href":"https:\/\/api.w.org\/{rel}","templated":true}]}}