{"id":389,"date":"2024-12-18T18:20:31","date_gmt":"2024-12-18T18:20:31","guid":{"rendered":"https:\/\/www2.unifap.br\/comite\/?page_id=389"},"modified":"2025-08-05T17:39:02","modified_gmt":"2025-08-05T17:39:02","slug":"calendario-reunioes-cep-2025","status":"publish","type":"page","link":"https:\/\/www2.unifap.br\/comite\/calendario-de-reunioes-e-recebimento-de-projetos\/calendario-reunioes-cep-2025\/","title":{"rendered":"Calend\u00e1rio Reuni\u00f5es CEP 2025"},"content":{"rendered":"<h1><b>Reuni\u00f5es e Recebimento de Projetos 2025<\/b><\/h1>\n<table style=\"height: 846px\" width=\"1359\">\n<tbody>\n<tr>\n<td><b>M\u00eas<\/b><\/td>\n<td><b>Dia<\/b><\/td>\n<td><b>Per\u00edodo de recebimento de projetos do CEP<\/b><\/td>\n<\/tr>\n<tr>\n<td><span style=\"font-weight: 400\">Janeiro<\/span><\/td>\n<td>15<\/td>\n<td><span style=\"font-weight: 400\">12 de dezembro 2024 at\u00e9 dia 01 de janeiro 2025<\/span><\/td>\n<\/tr>\n<tr>\n<td><span style=\"font-weight: 400\">Fevereiro<\/span><\/td>\n<td>12<\/td>\n<td><span style=\"font-weight: 400\">16 de janeiro at\u00e9 o dia 28 de janeiro<\/span><\/td>\n<\/tr>\n<tr>\n<td><span style=\"font-weight: 400\">Mar\u00e7o<\/span><\/td>\n<td>12<\/td>\n<td><span style=\"font-weight: 400\">13 de fevereiro at\u00e9 dia 25 de fevereiro<\/span><\/td>\n<\/tr>\n<tr>\n<td><span style=\"font-weight: 400\">Abril<\/span><\/td>\n<td>16<\/td>\n<td><span style=\"font-weight: 400\">13de mar\u00e7o at\u00e9 dia 01 de abril<\/span><\/td>\n<\/tr>\n<tr>\n<td><span style=\"font-weight: 400\">Maio<\/span><\/td>\n<td>14<\/td>\n<td><span style=\"font-weight: 400\">17 de abril a 30 de abril<\/span><\/td>\n<\/tr>\n<tr>\n<td><span style=\"font-weight: 400\">Junho<\/span><\/td>\n<td>18<\/td>\n<td><span style=\"font-weight: 400\">15 de maio a 03 de junho<\/span><\/td>\n<\/tr>\n<tr>\n<td>Julho<\/td>\n<td>16<\/td>\n<td>19 de junho at\u00e9 01 de julho<\/td>\n<\/tr>\n<tr>\n<td>Agosto<\/td>\n<td>13<\/td>\n<td>17 de julho at\u00e9 30 de julho<\/td>\n<\/tr>\n<tr>\n<td>Setembro<\/td>\n<td>17<\/td>\n<td>21 de agosto at\u00e9 03 de setembro<\/td>\n<\/tr>\n<tr>\n<td>Outubro<\/td>\n<td>22<\/td>\n<td>25 de setembro at\u00e9 07 de outubro<\/td>\n<\/tr>\n<tr>\n<td>Novembro<\/td>\n<td>12<\/td>\n<td>16 de outubro at\u00e9 28 de outubro<\/td>\n<\/tr>\n<tr>\n<td>Dezembro<\/td>\n<td>10<\/td>\n<td>13 de novembro at\u00e9 25 de novembro<\/td>\n<\/tr>\n<\/tbody>\n<\/table>\n","protected":false},"excerpt":{"rendered":"<p>Reuni\u00f5es e Recebimento de Projetos 2025 M\u00eas Dia Per\u00edodo de recebimento de projetos do CEP Janeiro 15 12 de dezembro 2024 at\u00e9 dia 01 de janeiro 2025 Fevereiro 12 16 de janeiro at\u00e9 o dia 28 de janeiro Mar\u00e7o 12 13 de fevereiro at\u00e9 dia 25 de fevereiro Abril 16 13de mar\u00e7o at\u00e9 dia 01&#8230;<\/p>\n","protected":false},"author":397,"featured_media":0,"parent":375,"menu_order":1,"comment_status":"closed","ping_status":"closed","template":"","meta":{"inline_featured_image":false,"ngg_post_thumbnail":0,"footnotes":""},"class_list":["post-389","page","type-page","status-publish","hentry"],"_links":{"self":[{"href":"https:\/\/www2.unifap.br\/comite\/wp-json\/wp\/v2\/pages\/389","targetHints":{"allow":["GET"]}}],"collection":[{"href":"https:\/\/www2.unifap.br\/comite\/wp-json\/wp\/v2\/pages"}],"about":[{"href":"https:\/\/www2.unifap.br\/comite\/wp-json\/wp\/v2\/types\/page"}],"author":[{"embeddable":true,"href":"https:\/\/www2.unifap.br\/comite\/wp-json\/wp\/v2\/users\/397"}],"replies":[{"embeddable":true,"href":"https:\/\/www2.unifap.br\/comite\/wp-json\/wp\/v2\/comments?post=389"}],"version-history":[{"count":4,"href":"https:\/\/www2.unifap.br\/comite\/wp-json\/wp\/v2\/pages\/389\/revisions"}],"predecessor-version":[{"id":396,"href":"https:\/\/www2.unifap.br\/comite\/wp-json\/wp\/v2\/pages\/389\/revisions\/396"}],"up":[{"embeddable":true,"href":"https:\/\/www2.unifap.br\/comite\/wp-json\/wp\/v2\/pages\/375"}],"wp:attachment":[{"href":"https:\/\/www2.unifap.br\/comite\/wp-json\/wp\/v2\/media?parent=389"}],"curies":[{"name":"wp","href":"https:\/\/api.w.org\/{rel}","templated":true}]}}