{"id":77,"date":"2013-12-17T20:10:31","date_gmt":"2013-12-17T20:10:31","guid":{"rendered":"http:\/\/www2.unifap.br\/comite\/?page_id=77"},"modified":"2026-02-25T01:24:10","modified_gmt":"2026-02-25T01:24:10","slug":"comunicados","status":"publish","type":"page","link":"https:\/\/www2.unifap.br\/comite\/comunicados\/","title":{"rendered":"Comunicados"},"content":{"rendered":"<p style=\"text-align: justify\"><strong>ATEN\u00c7\u00c3O: O Comit\u00ea de \u00c9tica em Pesquisa est\u00e1 com uma DEMANDA de projetos de pesquisa acima da capacidade normal, com isso, podem ocorrer atrasos na avalia\u00e7\u00e3o de projetos de pesquisa e na emiss\u00e3o de pareceres.<\/strong><\/p>\n<p>&nbsp;<\/p>\n<address>Prof. Dr. Rafael Lima Resque<br data-start=\"1231\" data-end=\"1234\">Portaria n\u00ba 0647\/2024<\/address>\n<address><em>Coordena\u00e7\u00e3o CEP\/Unifap<\/em><\/address>\n<p>&nbsp;<\/p>\n<p>&nbsp;<\/p>\n<p>&nbsp;<\/p>\n","protected":false},"excerpt":{"rendered":"<p>ATEN\u00c7\u00c3O: O Comit\u00ea de \u00c9tica em Pesquisa est\u00e1 com uma DEMANDA de projetos de pesquisa acima da capacidade normal, com isso, podem ocorrer atrasos na avalia\u00e7\u00e3o de projetos de pesquisa e na emiss\u00e3o de pareceres. &nbsp; Prof. Dr. Rafael Lima ResquePortaria n\u00ba 0647\/2024 Coordena\u00e7\u00e3o CEP\/Unifap &nbsp; &nbsp; &nbsp;<\/p>\n","protected":false},"author":397,"featured_media":0,"parent":0,"menu_order":0,"comment_status":"open","ping_status":"open","template":"","meta":{"inline_featured_image":false,"ngg_post_thumbnail":0,"footnotes":""},"class_list":["post-77","page","type-page","status-publish","hentry"],"_links":{"self":[{"href":"https:\/\/www2.unifap.br\/comite\/wp-json\/wp\/v2\/pages\/77","targetHints":{"allow":["GET"]}}],"collection":[{"href":"https:\/\/www2.unifap.br\/comite\/wp-json\/wp\/v2\/pages"}],"about":[{"href":"https:\/\/www2.unifap.br\/comite\/wp-json\/wp\/v2\/types\/page"}],"author":[{"embeddable":true,"href":"https:\/\/www2.unifap.br\/comite\/wp-json\/wp\/v2\/users\/397"}],"replies":[{"embeddable":true,"href":"https:\/\/www2.unifap.br\/comite\/wp-json\/wp\/v2\/comments?post=77"}],"version-history":[{"count":13,"href":"https:\/\/www2.unifap.br\/comite\/wp-json\/wp\/v2\/pages\/77\/revisions"}],"predecessor-version":[{"id":474,"href":"https:\/\/www2.unifap.br\/comite\/wp-json\/wp\/v2\/pages\/77\/revisions\/474"}],"wp:attachment":[{"href":"https:\/\/www2.unifap.br\/comite\/wp-json\/wp\/v2\/media?parent=77"}],"curies":[{"name":"wp","href":"https:\/\/api.w.org\/{rel}","templated":true}]}}