{"id":9,"date":"2011-02-15T18:39:43","date_gmt":"2011-02-15T18:39:43","guid":{"rendered":"http:\/\/pororoca.unifap.br\/comite\/"},"modified":"2013-12-17T20:36:07","modified_gmt":"2013-12-17T20:36:07","slug":"resolucao-19696-conep-ms","status":"publish","type":"page","link":"https:\/\/www2.unifap.br\/comite\/resolucao-19696-conep-ms\/","title":{"rendered":"Resolu\u00e7\u00f5es"},"content":{"rendered":"<p>Para mais informa\u00e7\u00f5es acesse:<\/p>\n<p><a href=\"http:\/\/conselho.saude.gov.br\/web_comissoes\/conep\/aquivos\/resolucoes\/resolucoes.htm\">http:\/\/conselho.saude.gov.br\/web_comissoes\/conep\/aquivos\/resolucoes\/resolucoes.htm<\/a><\/p>\n","protected":false},"excerpt":{"rendered":"<p>Para mais informa\u00e7\u00f5es acesse: http:\/\/conselho.saude.gov.br\/web_comissoes\/conep\/aquivos\/resolucoes\/resolucoes.htm<\/p>\n","protected":false},"author":40,"featured_media":0,"parent":0,"menu_order":0,"comment_status":"open","ping_status":"open","template":"template-twocolumns-left.php","meta":{"inline_featured_image":false,"ngg_post_thumbnail":0,"footnotes":""},"class_list":["post-9","page","type-page","status-publish","hentry"],"_links":{"self":[{"href":"https:\/\/www2.unifap.br\/comite\/wp-json\/wp\/v2\/pages\/9","targetHints":{"allow":["GET"]}}],"collection":[{"href":"https:\/\/www2.unifap.br\/comite\/wp-json\/wp\/v2\/pages"}],"about":[{"href":"https:\/\/www2.unifap.br\/comite\/wp-json\/wp\/v2\/types\/page"}],"author":[{"embeddable":true,"href":"https:\/\/www2.unifap.br\/comite\/wp-json\/wp\/v2\/users\/40"}],"replies":[{"embeddable":true,"href":"https:\/\/www2.unifap.br\/comite\/wp-json\/wp\/v2\/comments?post=9"}],"version-history":[{"count":4,"href":"https:\/\/www2.unifap.br\/comite\/wp-json\/wp\/v2\/pages\/9\/revisions"}],"predecessor-version":[{"id":74,"href":"https:\/\/www2.unifap.br\/comite\/wp-json\/wp\/v2\/pages\/9\/revisions\/74"}],"wp:attachment":[{"href":"https:\/\/www2.unifap.br\/comite\/wp-json\/wp\/v2\/media?parent=9"}],"curies":[{"name":"wp","href":"https:\/\/api.w.org\/{rel}","templated":true}]}}