{"id":21,"date":"2011-07-21T18:50:41","date_gmt":"2011-07-21T18:50:41","guid":{"rendered":"http:\/\/www2.unifap.br\/consu\/?page_id=21"},"modified":"2023-09-19T11:29:56","modified_gmt":"2023-09-19T14:29:56","slug":"inicio","status":"publish","type":"page","link":"https:\/\/www2.unifap.br\/consu\/","title":{"rendered":"In\u00edcio"},"content":{"rendered":"<p align=\"center\"><a href=\"https:\/\/www2.unifap.br\/consu\/?cat=50\" target=\"_blank\" rel=\"attachment noopener wp-att-3838\">&nbsp;<\/a><a href=\"https:\/\/www2.unifap.br\/consu\/?p=3859\" target=\"_blank\" rel=\"attachment noopener wp-att-3876\"><img fetchpriority=\"high\" decoding=\"async\" class=\"alignnone wp-image-3876 size-full\" src=\"http:\/\/www2.unifap.br\/consu\/files\/2022\/06\/Screenshot_1.png\" alt=\"\" width=\"729\" height=\"344\"><\/a><\/p>\n<hr>\n<p align=\"center\">&nbsp;<\/p>\n<p align=\"center\"><span style=\"color: #0000ff\"><strong><a style=\"color: #0000ff\" href=\"https:\/\/www2.unifap.br\/consu\/?p=3859\" target=\"_blank\" rel=\"noopener\">EDITAL SUPLEMENTAR N. 01\/2022 &#8211; ESCOLHA DOS MEMBROS DO CONSU\/CONDIR &#8211; 2022\/2024<\/a><\/strong><\/span><\/p>\n<p align=\"center\"><a href=\"https:\/\/www2.unifap.br\/consu\/?cat=50\" target=\"_blank\" rel=\"attachment noopener wp-att-3838\"><img decoding=\"async\" class=\"alignnone wp-image-3838\" src=\"http:\/\/www2.unifap.br\/consu\/files\/2022\/05\/logomkfigura_redondo_CONSU-CONDIR22.png\" alt=\"\" width=\"367\" height=\"367\"><\/a><\/p>\n<p align=\"center\"><!--more--><\/p>\n<p align=\"center\"><span style=\"font-size: xx-large\"><u><b>COMUNICADO<\/b><\/u><\/span><\/p>\n<p align=\"justify\">Comunicamos a toda comunidade universit\u00e1ria que esta p\u00e1gina n\u00e3o ser\u00e1 mais \u201calimentada\u201d com informa\u00e7\u00f5es pela Secretaria Geral do Conselho Universit\u00e1rio (CONSU), a partir de 2019. Para consultar resolu\u00e7\u00f5es, atas de reuni\u00f5es, pautas, portarias, comunicados e todo tipo de informa\u00e7\u00e3o relacionada aos Conselhos Superiores (CONSU e CONDIR), passaremos a utilizar o <b>Portal P\u00fablico do sistema SIGRH<\/b> &lt;<b><a href=\"https:\/\/sigrh.unifap.br\/sigrh\/public\/home.jsf\">https:\/\/sigrh.unifap.br\/sigrh\/public\/home.jsf<\/a> <\/b><b>&gt;<\/b><b> <\/b><b>(<\/b><b>ver tutorial para acesso abaixo)<\/b><\/p>\n<p align=\"justify\"><a href=\"http:\/\/www2.unifap.br\/consu\/files\/2019\/04\/WhatsApp-Image-2019-03-26-at-15.38.56.jpeg\"><img decoding=\"async\" class=\"alignnone size-full wp-image-3686\" src=\"http:\/\/www2.unifap.br\/consu\/files\/2019\/04\/WhatsApp-Image-2019-03-26-at-15.38.56.jpeg\" alt=\"\" width=\"1226\" height=\"578\" srcset=\"https:\/\/www2.unifap.br\/consu\/files\/2019\/04\/WhatsApp-Image-2019-03-26-at-15.38.56.jpeg 1226w, https:\/\/www2.unifap.br\/consu\/files\/2019\/04\/WhatsApp-Image-2019-03-26-at-15.38.56-300x141.jpeg 300w, https:\/\/www2.unifap.br\/consu\/files\/2019\/04\/WhatsApp-Image-2019-03-26-at-15.38.56-768x362.jpeg 768w, https:\/\/www2.unifap.br\/consu\/files\/2019\/04\/WhatsApp-Image-2019-03-26-at-15.38.56-1024x483.jpeg 1024w\" sizes=\"(max-width: 1226px) 100vw, 1226px\" \/><\/a><\/p>\n<p align=\"justify\"><!--more--><\/p>\n<p align=\"justify\"><a href=\"http:\/\/www2.unifap.br\/consu\/files\/2019\/04\/WhatsApp-Image-2019-03-26-at-15.39.09.jpeg\"><img loading=\"lazy\" decoding=\"async\" class=\"alignnone size-full wp-image-3687\" src=\"http:\/\/www2.unifap.br\/consu\/files\/2019\/04\/WhatsApp-Image-2019-03-26-at-15.39.09.jpeg\" alt=\"\" width=\"1216\" height=\"562\" srcset=\"https:\/\/www2.unifap.br\/consu\/files\/2019\/04\/WhatsApp-Image-2019-03-26-at-15.39.09.jpeg 1216w, https:\/\/www2.unifap.br\/consu\/files\/2019\/04\/WhatsApp-Image-2019-03-26-at-15.39.09-300x139.jpeg 300w, https:\/\/www2.unifap.br\/consu\/files\/2019\/04\/WhatsApp-Image-2019-03-26-at-15.39.09-768x355.jpeg 768w, https:\/\/www2.unifap.br\/consu\/files\/2019\/04\/WhatsApp-Image-2019-03-26-at-15.39.09-1024x473.jpeg 1024w, https:\/\/www2.unifap.br\/consu\/files\/2019\/04\/WhatsApp-Image-2019-03-26-at-15.39.09-650x300.jpeg 650w\" sizes=\"(max-width: 1216px) 100vw, 1216px\" \/><\/a><\/p>\n<p align=\"justify\"><!--more--><\/p>\n<p align=\"justify\"><a href=\"http:\/\/www2.unifap.br\/consu\/files\/2019\/04\/WhatsApp-Image-2019-03-26-at-15.39.46.jpeg\"><img loading=\"lazy\" decoding=\"async\" class=\"alignnone size-full wp-image-3684\" src=\"http:\/\/www2.unifap.br\/consu\/files\/2019\/04\/WhatsApp-Image-2019-03-26-at-15.39.46.jpeg\" alt=\"\" width=\"1206\" height=\"576\" srcset=\"https:\/\/www2.unifap.br\/consu\/files\/2019\/04\/WhatsApp-Image-2019-03-26-at-15.39.46.jpeg 1206w, https:\/\/www2.unifap.br\/consu\/files\/2019\/04\/WhatsApp-Image-2019-03-26-at-15.39.46-300x143.jpeg 300w, https:\/\/www2.unifap.br\/consu\/files\/2019\/04\/WhatsApp-Image-2019-03-26-at-15.39.46-768x367.jpeg 768w, https:\/\/www2.unifap.br\/consu\/files\/2019\/04\/WhatsApp-Image-2019-03-26-at-15.39.46-1024x489.jpeg 1024w\" sizes=\"(max-width: 1206px) 100vw, 1206px\" \/><\/a><\/p>\n<p align=\"justify\"><!--more--><\/p>\n<p align=\"justify\"><a href=\"http:\/\/www2.unifap.br\/consu\/files\/2019\/04\/WhatsApp-Image-2019-03-26-at-15.40.14.jpeg\"><img loading=\"lazy\" decoding=\"async\" class=\"alignnone size-full wp-image-3685\" src=\"http:\/\/www2.unifap.br\/consu\/files\/2019\/04\/WhatsApp-Image-2019-03-26-at-15.40.14.jpeg\" alt=\"\" width=\"1068\" height=\"590\" srcset=\"https:\/\/www2.unifap.br\/consu\/files\/2019\/04\/WhatsApp-Image-2019-03-26-at-15.40.14.jpeg 1068w, https:\/\/www2.unifap.br\/consu\/files\/2019\/04\/WhatsApp-Image-2019-03-26-at-15.40.14-300x166.jpeg 300w, https:\/\/www2.unifap.br\/consu\/files\/2019\/04\/WhatsApp-Image-2019-03-26-at-15.40.14-768x424.jpeg 768w, https:\/\/www2.unifap.br\/consu\/files\/2019\/04\/WhatsApp-Image-2019-03-26-at-15.40.14-1024x566.jpeg 1024w\" sizes=\"(max-width: 1068px) 100vw, 1068px\" \/><\/a><\/p>\n<p><!--more--><\/p>\n<p>O Conselho Universit\u00e1rio (CONSU), colegiado integrante da Administra\u00e7\u00e3o Superior, \u00f3rg\u00e3o deliberativo e normativo em mat\u00e9ria de administra\u00e7\u00e3o universit\u00e1ria e inst\u00e2ncia de recursos.(Regimento Geral da UNIFAP)<\/p>\n<p>Ao CONSU compete: formular a pol\u00edtica geral da Universidade e tra\u00e7ar diretrizes e normas em mat\u00e9ria administrativa, did\u00e1tico-cient\u00edfica e disciplinar; Entre outras compet\u00eancias. (Regimento Geral da UNIFAP)<\/p>\n<p><a href=\"http:\/\/www2.unifap.br\/consu\/files\/2011\/07\/Regimento-CONSU-parte-11.pdf\">Regimento CONSU &#8211; parte 1<\/a>;<a href=\"http:\/\/www2.unifap.br\/consu\/files\/2011\/07\/Regimento-CONSU-parte-2.pdf\">Regimento CONSU &#8211; parte 2<\/a>;<a href=\"http:\/\/www2.unifap.br\/consu\/files\/2011\/07\/Regimento-CONSU-parte-3.pdf\">Regimento CONSU &#8211; parte 3<\/a><\/p>\n<p>\u201cSe, na verdade, n\u00e3o estou no mundo para simplesmente a ele me adaptar, mas para transform\u00e1-lo; se n\u00e3o \u00e9 poss\u00edvel mud\u00e1-lo sem um certo sonho ou projeto de mundo, devo usar toda possibilidade que tenha para n\u00e3o apenas falar de minha utopia, mas participar de pr\u00e1ticas com ela coerentes\u201d.<a href=\"http:\/\/pensador.uol.com.br\/autor\/paulo_freire\/\">Paulo Freire<\/a><\/p>\n<p>&nbsp;<\/p>\n","protected":false},"excerpt":{"rendered":"<p>&nbsp; &nbsp; EDITAL SUPLEMENTAR N. 01\/2022 &#8211; ESCOLHA DOS MEMBROS DO CONSU\/CONDIR &#8211; 2022\/2024<\/p>\n","protected":false},"author":1,"featured_media":0,"parent":0,"menu_order":0,"comment_status":"closed","ping_status":"closed","template":"","meta":{"inline_featured_image":false,"ngg_post_thumbnail":0,"footnotes":""},"class_list":["post-21","page","type-page","status-publish","hentry","entry"],"_links":{"self":[{"href":"https:\/\/www2.unifap.br\/consu\/index.php?rest_route=\/wp\/v2\/pages\/21","targetHints":{"allow":["GET"]}}],"collection":[{"href":"https:\/\/www2.unifap.br\/consu\/index.php?rest_route=\/wp\/v2\/pages"}],"about":[{"href":"https:\/\/www2.unifap.br\/consu\/index.php?rest_route=\/wp\/v2\/types\/page"}],"author":[{"embeddable":true,"href":"https:\/\/www2.unifap.br\/consu\/index.php?rest_route=\/wp\/v2\/users\/1"}],"replies":[{"embeddable":true,"href":"https:\/\/www2.unifap.br\/consu\/index.php?rest_route=%2Fwp%2Fv2%2Fcomments&post=21"}],"version-history":[{"count":20,"href":"https:\/\/www2.unifap.br\/consu\/index.php?rest_route=\/wp\/v2\/pages\/21\/revisions"}],"predecessor-version":[{"id":3919,"href":"https:\/\/www2.unifap.br\/consu\/index.php?rest_route=\/wp\/v2\/pages\/21\/revisions\/3919"}],"wp:attachment":[{"href":"https:\/\/www2.unifap.br\/consu\/index.php?rest_route=%2Fwp%2Fv2%2Fmedia&parent=21"}],"curies":[{"name":"wp","href":"https:\/\/api.w.org\/{rel}","templated":true}]}}