{"id":360,"date":"2011-07-28T17:57:47","date_gmt":"2011-07-28T20:57:47","guid":{"rendered":"http:\/\/www2.unifap.br\/consu\/?page_id=360"},"modified":"2013-06-06T10:04:23","modified_gmt":"2013-06-06T13:04:23","slug":"camara-de-ensino","status":"publish","type":"page","link":"https:\/\/www2.unifap.br\/consu\/?page_id=360","title":{"rendered":"C\u00e2mara de Ensino, Extens\u00e3o, Interioriza\u00e7\u00e3o e Assuntos Comunit\u00e1rios"},"content":{"rendered":"<p>ART. 25. Compete \u00e0s C\u00e2maras:<\/p>\n<p>I \u2013 C\u00e2mara de Ensino, Extens\u00e3o, Interioriza\u00e7\u00e3o e Assuntos Comunit\u00e1rios:<\/p>\n<p><strong>a) <\/strong><strong>Emitir parecer sobre:<\/strong><\/p>\n<p>1)\u00a0\u00a0\u00a0\u00a0\u00a0 \u2013 diretrizes e pol\u00edticas de ensino, extens\u00e3o, interioriza\u00e7\u00e3o e assuntos comunit\u00e1rios;<\/p>\n<p>2)\u00a0\u00a0\u00a0\u00a0\u00a0 \u2013 Cria\u00e7\u00e3o, incorpora\u00e7\u00e3o, modifica\u00e7\u00e3o ou extin\u00e7\u00e3o de cursos;<\/p>\n<p>3)\u00a0\u00a0\u00a0\u00a0\u00a0 _ atos normativos referentes a assuntos acad\u00eamicos;<\/p>\n<p>4)\u00a0\u00a0\u00a0\u00a0\u00a0 \u2013 crit\u00e9rios para atividade e a pol\u00edtica de aperfei\u00e7oamento do pessoal docente;<\/p>\n<p>5)\u00a0\u00a0\u00a0\u00a0\u00a0 \u2013 o calend\u00e1rio acad\u00eamico;<\/p>\n<p>6)\u00a0\u00a0\u00a0\u00a0\u00a0 \u2013 processo seletivo, curr\u00edculos e programas, matr\u00edculas, transfer\u00eancias, avalia\u00e7\u00e3o de desempenho escolar;<\/p>\n<p>7)\u00a0\u00a0\u00a0\u00a0\u00a0 \u2013 lota\u00e7\u00e3o do corpo docente;<\/p>\n<p>8)\u00a0\u00a0\u00a0\u00a0\u00a0 \u2013 qualquer outra mat\u00e9ria de sua compet\u00eancia relacionada a parte acad\u00eamica;<\/p>\n<p>9)\u00a0\u00a0\u00a0\u00a0\u00a0 \u2013 a reforma do Estatuto e Regimento Geral;<\/p>\n<p>10)\u00a0\u00a0 \u2013 as normas de concurso para contrata\u00e7\u00e3o do pessoal docente.<\/p>\n<p>Regimento do Conselho Universit\u00e1rio \u2013 Em 18\/08\/2000.<\/p>\n<p>&nbsp;<\/p>\n","protected":false},"excerpt":{"rendered":"<p>ART. 25. Compete \u00e0s C\u00e2maras: I \u2013 C\u00e2mara de Ensino, Extens\u00e3o, Interioriza\u00e7\u00e3o e Assuntos Comunit\u00e1rios: a) Emitir parecer sobre: 1)\u00a0\u00a0\u00a0\u00a0\u00a0 \u2013 diretrizes e pol\u00edticas de ensino, extens\u00e3o, interioriza\u00e7\u00e3o e assuntos comunit\u00e1rios; 2)\u00a0\u00a0\u00a0\u00a0\u00a0 \u2013 Cria\u00e7\u00e3o, incorpora\u00e7\u00e3o, modifica\u00e7\u00e3o ou extin\u00e7\u00e3o de cursos; 3)\u00a0\u00a0\u00a0\u00a0\u00a0 _ atos normativos referentes a assuntos acad\u00eamicos; 4)\u00a0\u00a0\u00a0\u00a0\u00a0 \u2013 crit\u00e9rios para atividade e a&#8230;<\/p>\n","protected":false},"author":5,"featured_media":0,"parent":0,"menu_order":0,"comment_status":"closed","ping_status":"closed","template":"template-onecolumn.php","meta":{"inline_featured_image":false,"ngg_post_thumbnail":0,"footnotes":""},"class_list":["post-360","page","type-page","status-publish","hentry","entry"],"_links":{"self":[{"href":"https:\/\/www2.unifap.br\/consu\/index.php?rest_route=\/wp\/v2\/pages\/360","targetHints":{"allow":["GET"]}}],"collection":[{"href":"https:\/\/www2.unifap.br\/consu\/index.php?rest_route=\/wp\/v2\/pages"}],"about":[{"href":"https:\/\/www2.unifap.br\/consu\/index.php?rest_route=\/wp\/v2\/types\/page"}],"author":[{"embeddable":true,"href":"https:\/\/www2.unifap.br\/consu\/index.php?rest_route=\/wp\/v2\/users\/5"}],"replies":[{"embeddable":true,"href":"https:\/\/www2.unifap.br\/consu\/index.php?rest_route=%2Fwp%2Fv2%2Fcomments&post=360"}],"version-history":[{"count":5,"href":"https:\/\/www2.unifap.br\/consu\/index.php?rest_route=\/wp\/v2\/pages\/360\/revisions"}],"predecessor-version":[{"id":895,"href":"https:\/\/www2.unifap.br\/consu\/index.php?rest_route=\/wp\/v2\/pages\/360\/revisions\/895"}],"wp:attachment":[{"href":"https:\/\/www2.unifap.br\/consu\/index.php?rest_route=%2Fwp%2Fv2%2Fmedia&parent=360"}],"curies":[{"name":"wp","href":"https:\/\/api.w.org\/{rel}","templated":true}]}}