{"id":434,"date":"2011-07-29T15:35:48","date_gmt":"2011-07-29T18:35:48","guid":{"rendered":"http:\/\/www2.unifap.br\/consu\/?page_id=434"},"modified":"2013-06-06T10:04:23","modified_gmt":"2013-06-06T13:04:23","slug":"camara-de-pesquisa-e-pos-graduacao","status":"publish","type":"page","link":"https:\/\/www2.unifap.br\/consu\/?page_id=434","title":{"rendered":"C\u00e2mara de Pesquisa e P\u00f3s-Gradua\u00e7\u00e3o"},"content":{"rendered":"<p>ART. 25. Compete \u00e0s C\u00e2maras:<\/p>\n<p>II \u2013 C\u00e2mara de Pesquisa e P\u00f3s-Gradua\u00e7\u00e3o;<\/p>\n<p><strong>a) <\/strong><strong>Emitir parecer sobre:<\/strong><\/p>\n<p>1)\u00a0\u00a0\u00a0\u00a0\u00a0 \u2013 normas sobre o regime de pesquisa na Universidade;<\/p>\n<p>2)\u00a0\u00a0\u00a0\u00a0\u00a0 \u2013 propostas de cria\u00e7\u00e3o de cursos de p\u00f3s-gradua\u00e7\u00e3o;<\/p>\n<p>3)\u00a0\u00a0\u00a0\u00a0\u00a0 \u2013 propostas de participa\u00e7\u00e3o da Universidade em programas ou conv\u00eanios em curso de p\u00f3s-gradua\u00e7\u00e3o que importem em coopera\u00e7\u00e3o com entidades nacionais ou estrangeiras;<\/p>\n<p>4)\u00a0\u00a0\u00a0\u00a0\u00a0 \u2013 proposta de participa\u00e7\u00e3o da Universidade em programas no campo da pesquisa, que importem em coopera\u00e7\u00e3o com entidades nacionais ou estrangeiras;<\/p>\n<p>5)\u00a0\u00a0\u00a0\u00a0\u00a0 \u2013 quaisquer outros assuntos relacionados com a pesquisa e p\u00f3s-gradua\u00e7\u00e3o, que devam ser objetos de delibera\u00e7\u00e3o do Conselho;<\/p>\n<p>6)\u00a0\u00a0\u00a0\u00a0\u00a0 \u2013 conv\u00eanios, contratos e protocolo de coopera\u00e7\u00e3o cient\u00edfica;<\/p>\n<p>7)\u00a0\u00a0\u00a0\u00a0\u00a0 \u2013 decidir sobre a pol\u00edtica de professor para capacita\u00e7\u00e3o.<\/p>\n<p>Regimento do Conselho Universit\u00e1rio \u2013 Em 18\/08\/2000.<\/p>\n<p>&nbsp;<\/p>\n<p>&nbsp;<\/p>\n<p>&nbsp;<\/p>\n","protected":false},"excerpt":{"rendered":"<p>ART. 25. Compete \u00e0s C\u00e2maras: II \u2013 C\u00e2mara de Pesquisa e P\u00f3s-Gradua\u00e7\u00e3o; a) Emitir parecer sobre: 1)\u00a0\u00a0\u00a0\u00a0\u00a0 \u2013 normas sobre o regime de pesquisa na Universidade; 2)\u00a0\u00a0\u00a0\u00a0\u00a0 \u2013 propostas de cria\u00e7\u00e3o de cursos de p\u00f3s-gradua\u00e7\u00e3o; 3)\u00a0\u00a0\u00a0\u00a0\u00a0 \u2013 propostas de participa\u00e7\u00e3o da Universidade em programas ou conv\u00eanios em curso de p\u00f3s-gradua\u00e7\u00e3o que importem em coopera\u00e7\u00e3o com&#8230;<\/p>\n","protected":false},"author":1,"featured_media":0,"parent":0,"menu_order":0,"comment_status":"closed","ping_status":"open","template":"template-onecolumn.php","meta":{"inline_featured_image":false,"ngg_post_thumbnail":0,"footnotes":""},"class_list":["post-434","page","type-page","status-publish","hentry","entry"],"_links":{"self":[{"href":"https:\/\/www2.unifap.br\/consu\/index.php?rest_route=\/wp\/v2\/pages\/434","targetHints":{"allow":["GET"]}}],"collection":[{"href":"https:\/\/www2.unifap.br\/consu\/index.php?rest_route=\/wp\/v2\/pages"}],"about":[{"href":"https:\/\/www2.unifap.br\/consu\/index.php?rest_route=\/wp\/v2\/types\/page"}],"author":[{"embeddable":true,"href":"https:\/\/www2.unifap.br\/consu\/index.php?rest_route=\/wp\/v2\/users\/1"}],"replies":[{"embeddable":true,"href":"https:\/\/www2.unifap.br\/consu\/index.php?rest_route=%2Fwp%2Fv2%2Fcomments&post=434"}],"version-history":[{"count":4,"href":"https:\/\/www2.unifap.br\/consu\/index.php?rest_route=\/wp\/v2\/pages\/434\/revisions"}],"predecessor-version":[{"id":899,"href":"https:\/\/www2.unifap.br\/consu\/index.php?rest_route=\/wp\/v2\/pages\/434\/revisions\/899"}],"wp:attachment":[{"href":"https:\/\/www2.unifap.br\/consu\/index.php?rest_route=%2Fwp%2Fv2%2Fmedia&parent=434"}],"curies":[{"name":"wp","href":"https:\/\/api.w.org\/{rel}","templated":true}]}}