{"id":438,"date":"2011-07-29T15:36:31","date_gmt":"2011-07-29T18:36:31","guid":{"rendered":"http:\/\/www2.unifap.br\/consu\/?page_id=438"},"modified":"2013-06-06T10:04:22","modified_gmt":"2013-06-06T13:04:22","slug":"camara-de-administracao-e-planejamento","status":"publish","type":"page","link":"https:\/\/www2.unifap.br\/consu\/?page_id=438","title":{"rendered":"C\u00e2mara de Administra\u00e7\u00e3o e Planejamento"},"content":{"rendered":"<p>ART. 25. Compete \u00e0s C\u00e2maras:<\/p>\n<p>III \u2013 C\u00e2mara de Administra\u00e7\u00e3o e Planejamento:<\/p>\n<p><strong>a) <\/strong><strong>Emitir parecer sobre:<\/strong><\/p>\n<p><strong><\/strong>1)\u00a0\u00a0\u00a0\u00a0\u00a0 \u2013 afastamento tempor\u00e1rio de docentes e t\u00e9cnico-administrativos;<\/p>\n<p>2)\u00a0\u00a0\u00a0\u00a0\u00a0 \u2013 proposta e sugest\u00e3o relativas a administra\u00e7\u00e3o do pessoal, material e comunica\u00e7\u00e3o;<\/p>\n<p>3)\u00a0\u00a0\u00a0\u00a0\u00a0 \u2013 as normas de concurso para contrata\u00e7\u00e3o do pessoal t\u00e9cnico-administrativo;<\/p>\n<p>4)\u00a0\u00a0\u00a0\u00a0\u00a0 \u2013 taxas e pre\u00e7os de servi\u00e7os de qualquer natureza prestada pela UNIFAP;<\/p>\n<p>5)\u00a0\u00a0\u00a0\u00a0\u00a0 \u2013 medidas preventivas e corretivas de atos que envolvam indisciplina no \u00e2mbito da Universidade na parte t\u00e9cnico-administrativa;<\/p>\n<p>6)\u00a0\u00a0\u00a0\u00a0\u00a0 \u2013 o plano anual dos trabalhos administrativos da UNIFAP;<\/p>\n<p>7)\u00a0\u00a0\u00a0\u00a0\u00a0 \u2013 quaisquer outros assuntos relacionados a Planejamento e Administra\u00e7\u00e3o.<\/p>\n<p>(Regimento do Conselho Universit\u00e1rio)<\/p>\n","protected":false},"excerpt":{"rendered":"<p>ART. 25. Compete \u00e0s C\u00e2maras: III \u2013 C\u00e2mara de Administra\u00e7\u00e3o e Planejamento: a) Emitir parecer sobre: 1)\u00a0\u00a0\u00a0\u00a0\u00a0 \u2013 afastamento tempor\u00e1rio de docentes e t\u00e9cnico-administrativos; 2)\u00a0\u00a0\u00a0\u00a0\u00a0 \u2013 proposta e sugest\u00e3o relativas a administra\u00e7\u00e3o do pessoal, material e comunica\u00e7\u00e3o; 3)\u00a0\u00a0\u00a0\u00a0\u00a0 \u2013 as normas de concurso para contrata\u00e7\u00e3o do pessoal t\u00e9cnico-administrativo; 4)\u00a0\u00a0\u00a0\u00a0\u00a0 \u2013 taxas e pre\u00e7os de servi\u00e7os&#8230;<\/p>\n","protected":false},"author":1,"featured_media":0,"parent":0,"menu_order":0,"comment_status":"closed","ping_status":"open","template":"template-onecolumn.php","meta":{"inline_featured_image":false,"ngg_post_thumbnail":0,"footnotes":""},"class_list":["post-438","page","type-page","status-publish","hentry","entry"],"_links":{"self":[{"href":"https:\/\/www2.unifap.br\/consu\/index.php?rest_route=\/wp\/v2\/pages\/438","targetHints":{"allow":["GET"]}}],"collection":[{"href":"https:\/\/www2.unifap.br\/consu\/index.php?rest_route=\/wp\/v2\/pages"}],"about":[{"href":"https:\/\/www2.unifap.br\/consu\/index.php?rest_route=\/wp\/v2\/types\/page"}],"author":[{"embeddable":true,"href":"https:\/\/www2.unifap.br\/consu\/index.php?rest_route=\/wp\/v2\/users\/1"}],"replies":[{"embeddable":true,"href":"https:\/\/www2.unifap.br\/consu\/index.php?rest_route=%2Fwp%2Fv2%2Fcomments&post=438"}],"version-history":[{"count":5,"href":"https:\/\/www2.unifap.br\/consu\/index.php?rest_route=\/wp\/v2\/pages\/438\/revisions"}],"predecessor-version":[{"id":893,"href":"https:\/\/www2.unifap.br\/consu\/index.php?rest_route=\/wp\/v2\/pages\/438\/revisions\/893"}],"wp:attachment":[{"href":"https:\/\/www2.unifap.br\/consu\/index.php?rest_route=%2Fwp%2Fv2%2Fmedia&parent=438"}],"curies":[{"name":"wp","href":"https:\/\/api.w.org\/{rel}","templated":true}]}}