{"id":442,"date":"2011-07-29T15:37:02","date_gmt":"2011-07-29T18:37:02","guid":{"rendered":"http:\/\/www2.unifap.br\/consu\/?page_id=442"},"modified":"2013-06-06T10:04:23","modified_gmt":"2013-06-06T13:04:23","slug":"camara-de-legislacao-e-normas","status":"publish","type":"page","link":"https:\/\/www2.unifap.br\/consu\/?page_id=442","title":{"rendered":"C\u00e2mara de Legisla\u00e7\u00e3o e Normas"},"content":{"rendered":"<p style=\"text-align: left\">ART. 25. Compete \u00e0s C\u00e2maras:<\/p>\n<p>IV \u2013 C\u00e2mara de Legisla\u00e7\u00e3o e Normas<\/p>\n<p><strong>a) <\/strong><strong>Emitir parecer sobre:<\/strong><\/p>\n<p>1)\u00a0\u00a0\u00a0\u00a0\u00a0 \u2013 pol\u00edticas e diretrizes gerais da Universidade;<\/p>\n<p>2)\u00a0\u00a0\u00a0\u00a0\u00a0 \u2013 acordos, contratos e conv\u00eanios, bem como recebimento de doa\u00e7\u00f5es, que importem compromisso econ\u00f4mico-financeiro para a Universidade;<\/p>\n<p>3)\u00a0\u00a0\u00a0\u00a0\u00a0 \u2013 o Estatuto e o Regimento Geral e suas modifica\u00e7\u00f5es ouvido a C\u00e2mara de Ensino, Extens\u00e3o, Interioriza\u00e7\u00e3o e Assuntos Comunit\u00e1rios;<\/p>\n<p>4)\u00a0\u00a0\u00a0\u00a0\u00a0 \u2013 os Regimentos da Reitoria, das Unidades Unidades Universit\u00e1rias, do Diret\u00f3rio Central dos Estudantes, inclusive as altera\u00e7\u00f5es a serem posteriormente neles introduzidos;<\/p>\n<p>5)\u00a0\u00a0\u00a0\u00a0\u00a0 \u2013 concess\u00e3o de dignidades universit\u00e1rias, conferir pr\u00eamios e distin\u00e7\u00f5es \u00e0s atividades acad\u00eamicas e administrativas relevantes;<\/p>\n<p>6)\u00a0\u00a0\u00a0\u00a0\u00a0 \u2013 normas internas sobre sele\u00e7\u00f5es, admiss\u00e3o, promo\u00e7\u00e3o, movimenta\u00e7\u00e3o, dispensa e aperfei\u00e7oamento de pessoal docente e t\u00e9cnico-administrativo;<\/p>\n<p>7)\u00a0\u00a0\u00a0\u00a0\u00a0 \u2013 como inst\u00e2ncia superior, sobre medidas disciplinares, apura\u00e7\u00e3o de responsabilidade, instaura\u00e7\u00e3o e suspens\u00e3o de atividades.<\/p>\n<p>Regimento do Conselho Universit\u00e1rio \u2013 Em 18\/08\/2000.<\/p>\n<p>&nbsp;<\/p>\n","protected":false},"excerpt":{"rendered":"<p>ART. 25. Compete \u00e0s C\u00e2maras: IV \u2013 C\u00e2mara de Legisla\u00e7\u00e3o e Normas a) Emitir parecer sobre: 1)\u00a0\u00a0\u00a0\u00a0\u00a0 \u2013 pol\u00edticas e diretrizes gerais da Universidade; 2)\u00a0\u00a0\u00a0\u00a0\u00a0 \u2013 acordos, contratos e conv\u00eanios, bem como recebimento de doa\u00e7\u00f5es, que importem compromisso econ\u00f4mico-financeiro para a Universidade; 3)\u00a0\u00a0\u00a0\u00a0\u00a0 \u2013 o Estatuto e o Regimento Geral e suas modifica\u00e7\u00f5es ouvido a&#8230;<\/p>\n","protected":false},"author":1,"featured_media":0,"parent":0,"menu_order":0,"comment_status":"closed","ping_status":"open","template":"template-onecolumn.php","meta":{"inline_featured_image":false,"ngg_post_thumbnail":0,"footnotes":""},"class_list":["post-442","page","type-page","status-publish","hentry","entry"],"_links":{"self":[{"href":"https:\/\/www2.unifap.br\/consu\/index.php?rest_route=\/wp\/v2\/pages\/442","targetHints":{"allow":["GET"]}}],"collection":[{"href":"https:\/\/www2.unifap.br\/consu\/index.php?rest_route=\/wp\/v2\/pages"}],"about":[{"href":"https:\/\/www2.unifap.br\/consu\/index.php?rest_route=\/wp\/v2\/types\/page"}],"author":[{"embeddable":true,"href":"https:\/\/www2.unifap.br\/consu\/index.php?rest_route=\/wp\/v2\/users\/1"}],"replies":[{"embeddable":true,"href":"https:\/\/www2.unifap.br\/consu\/index.php?rest_route=%2Fwp%2Fv2%2Fcomments&post=442"}],"version-history":[{"count":4,"href":"https:\/\/www2.unifap.br\/consu\/index.php?rest_route=\/wp\/v2\/pages\/442\/revisions"}],"predecessor-version":[{"id":897,"href":"https:\/\/www2.unifap.br\/consu\/index.php?rest_route=\/wp\/v2\/pages\/442\/revisions\/897"}],"wp:attachment":[{"href":"https:\/\/www2.unifap.br\/consu\/index.php?rest_route=%2Fwp%2Fv2%2Fmedia&parent=442"}],"curies":[{"name":"wp","href":"https:\/\/api.w.org\/{rel}","templated":true}]}}