{"id":581,"date":"2026-03-06T19:40:51","date_gmt":"2026-03-06T19:40:51","guid":{"rendered":"https:\/\/www2.unifap.br\/consulta-previa\/?page_id=581"},"modified":"2026-03-10T21:07:18","modified_gmt":"2026-03-10T21:07:18","slug":"sobre-a-consulta-para-escolha-de-reitora-e-vice-reitora","status":"publish","type":"page","link":"https:\/\/www2.unifap.br\/consulta-previa\/sobre-a-consulta-para-escolha-de-reitora-e-vice-reitora\/","title":{"rendered":"Sobre a consulta para Escolha de Reitor(a) e Vice Reitor(a)"},"content":{"rendered":"\t\t<div data-elementor-type=\"wp-page\" data-elementor-id=\"581\" class=\"elementor elementor-581\">\n\t\t\t\t\t\t<section class=\"elementor-section elementor-top-section elementor-element elementor-element-c230276 elementor-section-boxed elementor-section-height-default elementor-section-height-default\" data-id=\"c230276\" data-element_type=\"section\" data-e-type=\"section\">\n\t\t\t\t\t\t<div class=\"elementor-container elementor-column-gap-default\">\n\t\t\t\t\t<div class=\"elementor-column elementor-col-100 elementor-top-column elementor-element elementor-element-03eb56c\" data-id=\"03eb56c\" data-element_type=\"column\" data-e-type=\"column\">\n\t\t\t<div class=\"elementor-widget-wrap elementor-element-populated\">\n\t\t\t\t\t\t<div class=\"elementor-element elementor-element-0a75ce8 elementor-widget elementor-widget-image\" data-id=\"0a75ce8\" data-element_type=\"widget\" data-e-type=\"widget\" data-widget_type=\"image.default\">\n\t\t\t\t<div class=\"elementor-widget-container\">\n\t\t\t\t\t\t\t\t\t\t\t\t\t\t\t<img fetchpriority=\"high\" decoding=\"async\" width=\"1709\" height=\"650\" src=\"https:\/\/www2.unifap.br\/consulta-previa\/files\/2026\/03\/6b41b20c-1.png\" class=\"attachment-full size-full wp-image-574\" alt=\"\" srcset=\"https:\/\/www2.unifap.br\/consulta-previa\/files\/2026\/03\/6b41b20c-1.png 1709w, https:\/\/www2.unifap.br\/consulta-previa\/files\/2026\/03\/6b41b20c-1-300x114.png 300w, https:\/\/www2.unifap.br\/consulta-previa\/files\/2026\/03\/6b41b20c-1-1024x389.png 1024w, https:\/\/www2.unifap.br\/consulta-previa\/files\/2026\/03\/6b41b20c-1-768x292.png 768w, https:\/\/www2.unifap.br\/consulta-previa\/files\/2026\/03\/6b41b20c-1-1536x584.png 1536w\" sizes=\"(max-width: 1709px) 100vw, 1709px\" \/>\t\t\t\t\t\t\t\t\t\t\t\t\t\t\t<\/div>\n\t\t\t\t<\/div>\n\t\t\t\t\t<\/div>\n\t\t<\/div>\n\t\t\t\t\t<\/div>\n\t\t<\/section>\n\t\t\t\t<section class=\"elementor-section elementor-top-section elementor-element elementor-element-1c36ec2 elementor-section-boxed elementor-section-height-default elementor-section-height-default\" data-id=\"1c36ec2\" data-element_type=\"section\" data-e-type=\"section\">\n\t\t\t\t\t\t<div class=\"elementor-container elementor-column-gap-default\">\n\t\t\t\t\t<div class=\"elementor-column elementor-col-100 elementor-top-column elementor-element elementor-element-81beeed\" data-id=\"81beeed\" data-element_type=\"column\" data-e-type=\"column\">\n\t\t\t<div class=\"elementor-widget-wrap elementor-element-populated\">\n\t\t\t\t\t\t<div class=\"elementor-element elementor-element-0cba60b elementor-widget elementor-widget-spacer\" data-id=\"0cba60b\" data-element_type=\"widget\" data-e-type=\"widget\" data-widget_type=\"spacer.default\">\n\t\t\t\t<div class=\"elementor-widget-container\">\n\t\t\t\t\t\t\t<div class=\"elementor-spacer\">\n\t\t\t<div class=\"elementor-spacer-inner\"><\/div>\n\t\t<\/div>\n\t\t\t\t\t\t<\/div>\n\t\t\t\t<\/div>\n\t\t\t\t\t<\/div>\n\t\t<\/div>\n\t\t\t\t\t<\/div>\n\t\t<\/section>\n\t\t\t\t<section class=\"elementor-section elementor-top-section elementor-element elementor-element-095e486 elementor-section-boxed elementor-section-height-default elementor-section-height-default\" data-id=\"095e486\" data-element_type=\"section\" data-e-type=\"section\" data-settings=\"{&quot;animation&quot;:&quot;none&quot;}\">\n\t\t\t\t\t\t<div class=\"elementor-container elementor-column-gap-default\">\n\t\t\t\t\t<div class=\"elementor-column elementor-col-100 elementor-top-column elementor-element elementor-element-ffb25e5\" data-id=\"ffb25e5\" data-element_type=\"column\" data-e-type=\"column\">\n\t\t\t<div class=\"elementor-widget-wrap elementor-element-populated\">\n\t\t\t\t\t\t<div class=\"elementor-element elementor-element-e862601 elementor-widget elementor-widget-heading\" data-id=\"e862601\" data-element_type=\"widget\" data-e-type=\"widget\" data-settings=\"{&quot;_animation&quot;:&quot;none&quot;}\" data-widget_type=\"heading.default\">\n\t\t\t\t<div class=\"elementor-widget-container\">\n\t\t\t\t\t<h2 class=\"elementor-heading-title elementor-size-large\">Informa\u00e7\u00f5es Preliminares sobre a Consulta Pr\u00e9via para Escolha de Reitor(a) e Vice-Reitor(a) da UNIFAP<\/h2>\t\t\t\t<\/div>\n\t\t\t\t<\/div>\n\t\t\t\t\t<\/div>\n\t\t<\/div>\n\t\t\t\t\t<\/div>\n\t\t<\/section>\n\t\t\t\t<section class=\"elementor-section elementor-top-section elementor-element elementor-element-0bc8bd1 elementor-section-boxed elementor-section-height-default elementor-section-height-default\" data-id=\"0bc8bd1\" data-element_type=\"section\" data-e-type=\"section\">\n\t\t\t\t\t\t<div class=\"elementor-container elementor-column-gap-default\">\n\t\t\t\t\t<div class=\"elementor-column elementor-col-100 elementor-top-column elementor-element elementor-element-c801a50\" data-id=\"c801a50\" data-element_type=\"column\" data-e-type=\"column\">\n\t\t\t<div class=\"elementor-widget-wrap elementor-element-populated\">\n\t\t\t\t\t\t<div class=\"elementor-element elementor-element-c4e34e5 elementor-widget-divider--view-line elementor-widget elementor-widget-divider\" data-id=\"c4e34e5\" data-element_type=\"widget\" data-e-type=\"widget\" data-widget_type=\"divider.default\">\n\t\t\t\t<div class=\"elementor-widget-container\">\n\t\t\t\t\t\t\t<div class=\"elementor-divider\">\n\t\t\t<span class=\"elementor-divider-separator\">\n\t\t\t\t\t\t<\/span>\n\t\t<\/div>\n\t\t\t\t\t\t<\/div>\n\t\t\t\t<\/div>\n\t\t\t\t\t<\/div>\n\t\t<\/div>\n\t\t\t\t\t<\/div>\n\t\t<\/section>\n\t\t\t\t<section class=\"elementor-section elementor-top-section elementor-element elementor-element-b0e204e elementor-section-boxed elementor-section-height-default elementor-section-height-default\" data-id=\"b0e204e\" data-element_type=\"section\" data-e-type=\"section\">\n\t\t\t\t\t\t<div class=\"elementor-container elementor-column-gap-default\">\n\t\t\t\t\t<div class=\"elementor-column elementor-col-100 elementor-top-column elementor-element elementor-element-9b34691\" data-id=\"9b34691\" data-element_type=\"column\" data-e-type=\"column\">\n\t\t\t<div class=\"elementor-widget-wrap elementor-element-populated\">\n\t\t\t\t\t\t<div class=\"elementor-element elementor-element-7d7b4ee elementor-widget__width-initial elementor-widget elementor-widget-text-editor\" data-id=\"7d7b4ee\" data-element_type=\"widget\" data-e-type=\"widget\" data-widget_type=\"text-editor.default\">\n\t\t\t\t<div class=\"elementor-widget-container\">\n\t\t\t\t\t\t\t\t\t<p data-start=\"107\" data-end=\"575\">A Consulta Pr\u00e9via para a escolha de Reitor(a) e Vice-Reitor(a) da Universidade Federal do Amap\u00e1 (UNIFAP) constitui um processo democr\u00e1tico de participa\u00e7\u00e3o da comunidade universit\u00e1ria, envolvendo docentes, t\u00e9cnicos-administrativos e discentes. Essa consulta tem como objetivo subsidiar a forma\u00e7\u00e3o da lista tr\u00edplice que ser\u00e1 encaminhada ao Minist\u00e9rio da Educa\u00e7\u00e3o para a nomea\u00e7\u00e3o do(a) Reitor(a) e Vice-Reitor(a), conforme a legisla\u00e7\u00e3o vigente e as normas institucionais.<\/p><p data-start=\"577\" data-end=\"884\">O processo \u00e9 conduzido por uma Comiss\u00e3o de Consulta P\u00fablica, devidamente institu\u00edda por portaria, respons\u00e1vel pela organiza\u00e7\u00e3o, coordena\u00e7\u00e3o e acompanhamento de todas as etapas, incluindo a elabora\u00e7\u00e3o do edital, o per\u00edodo de inscri\u00e7\u00f5es das chapas, a campanha eleitoral, a vota\u00e7\u00e3o e a apura\u00e7\u00e3o dos resultados.<\/p><p data-start=\"886\" data-end=\"1149\">A participa\u00e7\u00e3o da comunidade acad\u00eamica \u00e9 fundamental para garantir a legitimidade e a transpar\u00eancia do processo, assegurando que a escolha dos dirigentes da Universidade represente os interesses coletivos e contribua para o fortalecimento institucional da UNIFAP.<\/p><p data-start=\"1151\" data-end=\"1445\">A Consulta Pr\u00e9via seguir\u00e1 cronograma pr\u00f3prio, previamente divulgado, contendo as datas e procedimentos que dever\u00e3o ser observados pelos candidatos e eleitores. Todas as informa\u00e7\u00f5es oficiais ser\u00e3o amplamente divulgadas pelos canais institucionais, garantindo o acesso \u00e0 comunidade universit\u00e1ria.<\/p>\t\t\t\t\t\t\t\t<\/div>\n\t\t\t\t<\/div>\n\t\t\t\t\t<\/div>\n\t\t<\/div>\n\t\t\t\t\t<\/div>\n\t\t<\/section>\n\t\t\t\t<section class=\"elementor-section elementor-top-section elementor-element elementor-element-ad5a71c elementor-section-boxed elementor-section-height-default elementor-section-height-default\" data-id=\"ad5a71c\" data-element_type=\"section\" data-e-type=\"section\" data-settings=\"{&quot;animation&quot;:&quot;none&quot;}\">\n\t\t\t\t\t\t<div class=\"elementor-container elementor-column-gap-default\">\n\t\t\t\t\t<div class=\"elementor-column elementor-col-100 elementor-top-column elementor-element elementor-element-5116522\" data-id=\"5116522\" data-element_type=\"column\" data-e-type=\"column\">\n\t\t\t<div class=\"elementor-widget-wrap elementor-element-populated\">\n\t\t\t\t\t\t<div class=\"elementor-element elementor-element-f9f5b68 elementor-widget elementor-widget-heading\" data-id=\"f9f5b68\" data-element_type=\"widget\" data-e-type=\"widget\" data-settings=\"{&quot;_animation&quot;:&quot;none&quot;}\" data-widget_type=\"heading.default\">\n\t\t\t\t<div class=\"elementor-widget-container\">\n\t\t\t\t\t<h2 class=\"elementor-heading-title elementor-size-large\">Legisla\u00e7\u00e3o e Normas<\/h2>\t\t\t\t<\/div>\n\t\t\t\t<\/div>\n\t\t\t\t\t<\/div>\n\t\t<\/div>\n\t\t\t\t\t<\/div>\n\t\t<\/section>\n\t\t\t\t<section class=\"elementor-section elementor-top-section elementor-element elementor-element-b6cc4f4 elementor-section-boxed elementor-section-height-default elementor-section-height-default\" data-id=\"b6cc4f4\" data-element_type=\"section\" data-e-type=\"section\">\n\t\t\t\t\t\t<div class=\"elementor-container elementor-column-gap-default\">\n\t\t\t\t\t<div class=\"elementor-column elementor-col-100 elementor-top-column elementor-element elementor-element-636edd6\" data-id=\"636edd6\" data-element_type=\"column\" data-e-type=\"column\">\n\t\t\t<div class=\"elementor-widget-wrap elementor-element-populated\">\n\t\t\t\t\t\t<div class=\"elementor-element elementor-element-2fd5c0e elementor-widget__width-initial elementor-widget elementor-widget-text-editor\" data-id=\"2fd5c0e\" data-element_type=\"widget\" data-e-type=\"widget\" data-widget_type=\"text-editor.default\">\n\t\t\t\t<div class=\"elementor-widget-container\">\n\t\t\t\t\t\t\t\t\t<p class=\"zfr3Q CDt4Ke \" dir=\"ltr\"><span style=\"color: #000080\"><strong><span class=\"C9DxTc \">Legisla\u00e7\u00e3o Nacional<\/span><\/strong><\/span><\/p><ul class=\"n8H08c UVNKR \"><li class=\"zfr3Q TYR86d eD0Rn \" dir=\"ltr\"><p class=\"zfr3Q CDt4Ke \" dir=\"ltr\" role=\"presentation\"><a class=\"XqQF9c\" href=\"http:\/\/www.planalto.gov.br\/ccivil_03\/leis\/l9192.htm#:~:text=LEI%20N%C2%BA%209.192%2C%20DE%2021%20DE%20DEZEMBRO%20DE%201995.&amp;text=Altera%20dispositivos%20da%20Lei%20n%C2%BA,Art.\" target=\"_blank\" rel=\"noopener\"><span class=\"C9DxTc aw5Odc \">Lei n. 9.192\/1995<\/span><\/a><\/p><\/li><li class=\"zfr3Q TYR86d eD0Rn \" dir=\"ltr\"><p class=\"zfr3Q CDt4Ke \" dir=\"ltr\" role=\"presentation\"><a class=\"XqQF9c\" href=\"http:\/\/www.planalto.gov.br\/ccivil_03\/decreto\/D1916.htm\" target=\"_blank\" rel=\"noopener\"><span class=\"C9DxTc aw5Odc \">Decreto n. 1.916\/1996<\/span><\/a><\/p><\/li><\/ul><p><span style=\"color: #000080\"><strong>Normas internas da UNIFAP\u00a0<\/strong><\/span><\/p><p><a href=\"http:\/\/www2.unifap.br\/consulta-previa\/files\/2026\/03\/RESOLUO_N._12_2018_CONSU-ELEICAO.pdf\" target=\"_blank\" rel=\"noopener\">Resolu\u00e7\u00e3o n.\u00ba 012\/2018<\/a><\/p>\t\t\t\t\t\t\t\t<\/div>\n\t\t\t\t<\/div>\n\t\t\t\t<div class=\"elementor-element elementor-element-20f3609 elementor-button-info elementor-align-left elementor-widget elementor-widget-button\" data-id=\"20f3609\" data-element_type=\"widget\" data-e-type=\"widget\" data-widget_type=\"button.default\">\n\t\t\t\t<div class=\"elementor-widget-container\">\n\t\t\t\t\t\t\t\t\t<div class=\"elementor-button-wrapper\">\n\t\t\t\t\t<a class=\"elementor-button elementor-button-link elementor-size-md\" href=\"https:\/\/www2.unifap.br\/consulta-previa\">\n\t\t\t\t\t\t<span class=\"elementor-button-content-wrapper\">\n\t\t\t\t\t\t<span class=\"elementor-button-icon\">\n\t\t\t\t<i aria-hidden=\"true\" class=\"fas fa-home\"><\/i>\t\t\t<\/span>\n\t\t\t\t\t\t\t\t\t<span class=\"elementor-button-text\">In\u00edcio<\/span>\n\t\t\t\t\t<\/span>\n\t\t\t\t\t<\/a>\n\t\t\t\t<\/div>\n\t\t\t\t\t\t\t\t<\/div>\n\t\t\t\t<\/div>\n\t\t\t\t\t<\/div>\n\t\t<\/div>\n\t\t\t\t\t<\/div>\n\t\t<\/section>\n\t\t\t\t<\/div>\n\t\t","protected":false},"excerpt":{"rendered":"<p>Informa\u00e7\u00f5es Preliminares sobre a Consulta Pr\u00e9via para Escolha de Reitor(a) e Vice-Reitor(a) da UNIFAP A Consulta Pr\u00e9via para a escolha de Reitor(a) e Vice-Reitor(a) da Universidade Federal do Amap\u00e1 (UNIFAP) constitui um processo democr\u00e1tico de participa\u00e7\u00e3o da comunidade universit\u00e1ria, envolvendo&hellip; <\/p>\n<p><a href=\"https:\/\/www2.unifap.br\/consulta-previa\/sobre-a-consulta-para-escolha-de-reitora-e-vice-reitora\/\" class=\"readmore-button\">Continue Reading<\/a><\/p>\n","protected":false},"author":814,"featured_media":0,"parent":0,"menu_order":0,"comment_status":"closed","ping_status":"closed","template":"elementor_header_footer","meta":{"inline_featured_image":false,"ngg_post_thumbnail":0,"footnotes":""},"class_list":["post-581","page","type-page","status-publish","hentry"],"_links":{"self":[{"href":"https:\/\/www2.unifap.br\/consulta-previa\/wp-json\/wp\/v2\/pages\/581","targetHints":{"allow":["GET"]}}],"collection":[{"href":"https:\/\/www2.unifap.br\/consulta-previa\/wp-json\/wp\/v2\/pages"}],"about":[{"href":"https:\/\/www2.unifap.br\/consulta-previa\/wp-json\/wp\/v2\/types\/page"}],"author":[{"embeddable":true,"href":"https:\/\/www2.unifap.br\/consulta-previa\/wp-json\/wp\/v2\/users\/814"}],"replies":[{"embeddable":true,"href":"https:\/\/www2.unifap.br\/consulta-previa\/wp-json\/wp\/v2\/comments?post=581"}],"version-history":[{"count":24,"href":"https:\/\/www2.unifap.br\/consulta-previa\/wp-json\/wp\/v2\/pages\/581\/revisions"}],"predecessor-version":[{"id":816,"href":"https:\/\/www2.unifap.br\/consulta-previa\/wp-json\/wp\/v2\/pages\/581\/revisions\/816"}],"wp:attachment":[{"href":"https:\/\/www2.unifap.br\/consulta-previa\/wp-json\/wp\/v2\/media?parent=581"}],"curies":[{"name":"wp","href":"https:\/\/api.w.org\/{rel}","templated":true}]}}