{"id":607,"date":"2026-03-06T19:40:08","date_gmt":"2026-03-06T19:40:08","guid":{"rendered":"https:\/\/www2.unifap.br\/consulta-previa\/?page_id=607"},"modified":"2026-03-16T19:22:26","modified_gmt":"2026-03-16T19:22:26","slug":"edital","status":"publish","type":"page","link":"https:\/\/www2.unifap.br\/consulta-previa\/edital\/","title":{"rendered":"Edital"},"content":{"rendered":"\t\t<div data-elementor-type=\"wp-page\" data-elementor-id=\"607\" class=\"elementor elementor-607\">\n\t\t\t\t\t\t<section class=\"elementor-section elementor-top-section elementor-element elementor-element-5c99f69 elementor-section-boxed elementor-section-height-default elementor-section-height-default\" data-id=\"5c99f69\" data-element_type=\"section\" data-e-type=\"section\">\n\t\t\t\t\t\t<div class=\"elementor-container elementor-column-gap-default\">\n\t\t\t\t\t<div class=\"elementor-column elementor-col-100 elementor-top-column elementor-element elementor-element-d7dcbd3\" data-id=\"d7dcbd3\" data-element_type=\"column\" data-e-type=\"column\">\n\t\t\t<div class=\"elementor-widget-wrap elementor-element-populated\">\n\t\t\t\t\t\t<div class=\"elementor-element elementor-element-e16664d elementor-widget elementor-widget-image\" data-id=\"e16664d\" data-element_type=\"widget\" data-e-type=\"widget\" data-widget_type=\"image.default\">\n\t\t\t\t<div class=\"elementor-widget-container\">\n\t\t\t\t\t\t\t\t\t\t\t\t\t\t\t\t<a href=\"https:\/\/www2.unifap.br\/consulta-previa\/\">\n\t\t\t\t\t\t\t<img fetchpriority=\"high\" decoding=\"async\" width=\"1709\" height=\"650\" src=\"https:\/\/www2.unifap.br\/consulta-previa\/files\/2026\/03\/6b41b20c-1.png\" class=\"attachment-full size-full wp-image-574\" alt=\"\" srcset=\"https:\/\/www2.unifap.br\/consulta-previa\/files\/2026\/03\/6b41b20c-1.png 1709w, https:\/\/www2.unifap.br\/consulta-previa\/files\/2026\/03\/6b41b20c-1-300x114.png 300w, https:\/\/www2.unifap.br\/consulta-previa\/files\/2026\/03\/6b41b20c-1-1024x389.png 1024w, https:\/\/www2.unifap.br\/consulta-previa\/files\/2026\/03\/6b41b20c-1-768x292.png 768w, https:\/\/www2.unifap.br\/consulta-previa\/files\/2026\/03\/6b41b20c-1-1536x584.png 1536w\" sizes=\"(max-width: 1709px) 100vw, 1709px\" \/>\t\t\t\t\t\t\t\t<\/a>\n\t\t\t\t\t\t\t\t\t\t\t\t\t\t\t<\/div>\n\t\t\t\t<\/div>\n\t\t\t\t\t<\/div>\n\t\t<\/div>\n\t\t\t\t\t<\/div>\n\t\t<\/section>\n\t\t\t\t<section class=\"elementor-section elementor-top-section elementor-element elementor-element-fe9b55f elementor-section-boxed elementor-section-height-default elementor-section-height-default\" data-id=\"fe9b55f\" data-element_type=\"section\" data-e-type=\"section\">\n\t\t\t\t\t\t<div class=\"elementor-container elementor-column-gap-default\">\n\t\t\t\t\t<div class=\"elementor-column elementor-col-100 elementor-top-column elementor-element elementor-element-8182a3b\" data-id=\"8182a3b\" data-element_type=\"column\" data-e-type=\"column\">\n\t\t\t<div class=\"elementor-widget-wrap elementor-element-populated\">\n\t\t\t\t\t\t<div class=\"elementor-element elementor-element-979cc3c elementor-widget elementor-widget-text-editor\" data-id=\"979cc3c\" data-element_type=\"widget\" data-e-type=\"widget\" data-widget_type=\"text-editor.default\">\n\t\t\t\t<div class=\"elementor-widget-container\">\n\t\t\t\t\t\t\t\t\t<p data-start=\"175\" data-end=\"471\">A Comiss\u00e3o de Consulta Pr\u00e9via da UNIFAP (CCP\/UNIFAP), respons\u00e1vel pela organiza\u00e7\u00e3o e execu\u00e7\u00e3o do processo da Lista Tr\u00edplice de Reitor(a) e Vice-Reitor(a) da Universidade Federal do Amap\u00e1 (UNIFAP), torna p\u00fablico, nesta quinta-feira (12\/02\/2026), o <a href=\"http:\/\/www2.unifap.br\/consulta-previa\/files\/2026\/03\/EDITAL-DE-CONSULTA-PUBLICA-UNIFAP-2026-2030.pdf\" target=\"_blank\" rel=\"noopener\"><strong data-start=\"398\" data-end=\"408\">EDITAL<\/strong> <\/a>que regulamenta a Consulta Pr\u00e9via para o quadri\u00eanio 2026\u20132030.<\/p><p data-start=\"473\" data-end=\"619\">As inscri\u00e7\u00f5es dever\u00e3o ser realizadas <strong data-start=\"514\" data-end=\"535\">na forma de chapa<\/strong>, contendo os nomes dos(as) candidatos(as) aos cargos de Reitor(a) e Vice-Reitor(a).<\/p><p data-start=\"621\" data-end=\"798\"><strong data-start=\"624\" data-end=\"649\">Per\u00edodo de inscri\u00e7\u00e3o:<\/strong><br data-start=\"649\" data-end=\"652\" \/>Data: 23 e 24 de mar\u00e7o de 2026<br data-start=\"679\" data-end=\"682\" \/>Hor\u00e1rio: Das 8h \u00e0s 12h e das 14h \u00e0s 18h<br data-start=\"714\" data-end=\"717\" \/>Local: Protocolo Geral da UNIFAP<br data-start=\"745\" data-end=\"748\" \/>Destinat\u00e1rio: Comiss\u00e3o de Consulta Pr\u00e9via (CCP\/UNIFAP)\u00a0<\/p><p data-start=\"800\" data-end=\"886\">Para mais informa\u00e7\u00f5es, acesse o <a href=\"http:\/\/www2.unifap.br\/consulta-previa\/files\/2026\/03\/EDITAL-DE-CONSULTA-PUBLICA-UNIFAP-2026-2030.pdf\" target=\"_blank\" rel=\"noopener\"><strong data-start=\"835\" data-end=\"854\">EDITAL completo<\/strong><\/a><\/p><p data-start=\"800\" data-end=\"886\"><strong>Anexos:\u00a0<\/strong><br \/><strong><a href=\"http:\/\/www2.unifap.br\/consulta-previa\/files\/2026\/03\/Anexo-I-Cronograma-Eleitoral.pdf\" target=\"_blank\" rel=\"noopener\">Anexo I &#8211; Cronograma Eleitoral<\/a><\/strong><\/p><p data-start=\"800\" data-end=\"886\"><strong><a href=\"http:\/\/www2.unifap.br\/consulta-previa\/files\/2026\/02\/Anexo-II-Requerimento-de-Inscricao-de-Candidato-a-Consulta-Previa-para-Escolha-do-Reitora-e-Vice-Reitora-da-Universidade-Federal-do-Amapa-Quadrienio-2026-2030.pdf\" target=\"_blank\" rel=\"noopener\">Anexo II &#8211; Requerimento de Inscri\u00e7\u00e3o de Candidato \u00e0 Consulta Pr\u00e9via para Escolha do Reitor(a) e Vice-Reitor(a) da Universidade Federal do Amap\u00e1, Quadri\u00eanio 2026-2030.<\/a><\/strong><\/p><p data-start=\"800\" data-end=\"886\"><strong><a href=\"http:\/\/www2.unifap.br\/consulta-previa\/files\/2026\/02\/Anexo-III-Termo-de-Compromisso-de-Prestacao-de-Contas.pdf\" target=\"_blank\" rel=\"noopener\">Anexo III &#8211; Termo de Compromisso de Presta\u00e7\u00e3o de Contas<\/a><\/strong><\/p><p data-start=\"800\" data-end=\"886\"><strong><a href=\"http:\/\/www2.unifap.br\/consulta-previa\/files\/2026\/03\/Anexo-IV-Comprovante-de-Entrega-de-Documentos.pdf\" target=\"_blank\" rel=\"noopener\">Anexo IV &#8211; Comprovante de Entrega de Documentos<\/a><\/strong><\/p><p data-start=\"800\" data-end=\"886\"><strong><a href=\"http:\/\/www2.unifap.br\/consulta-previa\/files\/2026\/02\/Anexo-V-MODELO-DE-OFICIO-PARA-INSCRICAO-DE-FISCAIS.pdf\" target=\"_blank\" rel=\"noopener\">Anexo V &#8211; Modelo de Of\u00edcio para Inscri\u00e7\u00e3o de Fiscais<\/a><\/strong><\/p><p data-start=\"800\" data-end=\"886\"><strong><a href=\"http:\/\/www2.unifap.br\/consulta-previa\/files\/2026\/02\/Anexo-VI-ATA-DE-APURACAO-DE-VOTOS.pdf\" target=\"_blank\" rel=\"noopener\">Anexo VI &#8211;\u00a0Ata de Apura\u00e7\u00e3o de Votos<\/a><\/strong><\/p><p data-start=\"800\" data-end=\"886\"><strong><a href=\"http:\/\/www2.unifap.br\/consulta-previa\/files\/2026\/02\/Anexo-VII-ATA-DE-INSTALACAO-DA-MESA-RECEPTORA-DE-VOTOS.pdf\" target=\"_blank\" rel=\"noopener\">Anexo VII &#8211;\u00a0Ata de Instala\u00e7\u00e3o da Mesa Receptora de Votos<\/a><\/strong><\/p>\t\t\t\t\t\t\t\t<\/div>\n\t\t\t\t<\/div>\n\t\t\t\t\t<\/div>\n\t\t<\/div>\n\t\t\t\t\t<\/div>\n\t\t<\/section>\n\t\t\t\t<section class=\"elementor-section elementor-top-section elementor-element elementor-element-9114aaa elementor-section-boxed elementor-section-height-default elementor-section-height-default\" data-id=\"9114aaa\" data-element_type=\"section\" data-e-type=\"section\">\n\t\t\t\t\t\t<div class=\"elementor-container elementor-column-gap-default\">\n\t\t\t\t\t<div class=\"elementor-column elementor-col-100 elementor-top-column elementor-element elementor-element-f6ca400\" data-id=\"f6ca400\" data-element_type=\"column\" data-e-type=\"column\">\n\t\t\t<div class=\"elementor-widget-wrap elementor-element-populated\">\n\t\t\t\t\t\t<div class=\"elementor-element elementor-element-d29e00b elementor-widget elementor-widget-spacer\" data-id=\"d29e00b\" data-element_type=\"widget\" data-e-type=\"widget\" data-widget_type=\"spacer.default\">\n\t\t\t\t<div class=\"elementor-widget-container\">\n\t\t\t\t\t\t\t<div class=\"elementor-spacer\">\n\t\t\t<div class=\"elementor-spacer-inner\"><\/div>\n\t\t<\/div>\n\t\t\t\t\t\t<\/div>\n\t\t\t\t<\/div>\n\t\t\t\t\t<\/div>\n\t\t<\/div>\n\t\t\t\t\t<\/div>\n\t\t<\/section>\n\t\t\t\t<section class=\"elementor-section elementor-top-section elementor-element elementor-element-4539448 elementor-section-boxed elementor-section-height-default elementor-section-height-default\" data-id=\"4539448\" data-element_type=\"section\" data-e-type=\"section\">\n\t\t\t\t\t\t<div class=\"elementor-container elementor-column-gap-default\">\n\t\t\t\t\t<div class=\"elementor-column elementor-col-100 elementor-top-column elementor-element elementor-element-d6e0069\" data-id=\"d6e0069\" data-element_type=\"column\" data-e-type=\"column\">\n\t\t\t<div class=\"elementor-widget-wrap elementor-element-populated\">\n\t\t\t\t\t\t<div class=\"elementor-element elementor-element-0821d5a elementor-widget elementor-widget-heading\" data-id=\"0821d5a\" data-element_type=\"widget\" data-e-type=\"widget\" data-widget_type=\"heading.default\">\n\t\t\t\t<div class=\"elementor-widget-container\">\n\t\t\t\t\t<h2 class=\"elementor-heading-title elementor-size-default\">Links para emiss\u00e3o de Certid\u00f5es<\/h2>\t\t\t\t<\/div>\n\t\t\t\t<\/div>\n\t\t\t\t\t<\/div>\n\t\t<\/div>\n\t\t\t\t\t<\/div>\n\t\t<\/section>\n\t\t\t\t<section class=\"elementor-section elementor-top-section elementor-element elementor-element-7885f44 elementor-section-boxed elementor-section-height-default elementor-section-height-default\" data-id=\"7885f44\" data-element_type=\"section\" data-e-type=\"section\">\n\t\t\t\t\t\t<div class=\"elementor-container elementor-column-gap-default\">\n\t\t\t\t\t<div class=\"elementor-column elementor-col-100 elementor-top-column elementor-element elementor-element-cf9a5f9\" data-id=\"cf9a5f9\" data-element_type=\"column\" data-e-type=\"column\">\n\t\t\t<div class=\"elementor-widget-wrap elementor-element-populated\">\n\t\t\t\t\t\t<div class=\"elementor-element elementor-element-5255d31 elementor-widget elementor-widget-text-editor\" data-id=\"5255d31\" data-element_type=\"widget\" data-e-type=\"widget\" data-widget_type=\"text-editor.default\">\n\t\t\t\t<div class=\"elementor-widget-container\">\n\t\t\t\t\t\t\t\t\t<p><a href=\"https:\/\/certidao-unificada.cjf.jus.br\/#\/solicitacao-certidao\">Certid\u00e3o Oficial Negativa da Justi\u00e7a Federal<\/a><\/p><p><a href=\"https:\/\/certidoes.apps.tcu.gov.br\/emitir-certidao-contas-julgadas-irregulares\">Certid\u00e3o Oficial Negativa do Tribunal de Contas da Uni\u00e3o<\/a><\/p><p><a href=\"https:\/\/servicos.receitafederal.gov.br\/servico\/certidoes\/#\/home\/cpf\">Certid\u00e3o Oficial Negativa de D\u00e9bitos Relativos aos Tributos Federais e \u00e0 D\u00edvida Ativa da Uni\u00e3o, expedida pelo Minist\u00e9rio da Fazenda;\u00a0<\/a><\/p>\t\t\t\t\t\t\t\t<\/div>\n\t\t\t\t<\/div>\n\t\t\t\t\t<\/div>\n\t\t<\/div>\n\t\t\t\t\t<\/div>\n\t\t<\/section>\n\t\t\t\t<section class=\"elementor-section elementor-top-section elementor-element elementor-element-119a245 elementor-section-boxed elementor-section-height-default elementor-section-height-default\" data-id=\"119a245\" data-element_type=\"section\" data-e-type=\"section\">\n\t\t\t\t\t\t<div class=\"elementor-container elementor-column-gap-default\">\n\t\t\t\t\t<div class=\"elementor-column elementor-col-100 elementor-top-column elementor-element elementor-element-4b2b194\" data-id=\"4b2b194\" data-element_type=\"column\" data-e-type=\"column\">\n\t\t\t<div class=\"elementor-widget-wrap elementor-element-populated\">\n\t\t\t\t\t\t<div class=\"elementor-element elementor-element-355af8a elementor-button-info elementor-align-left elementor-widget elementor-widget-button\" data-id=\"355af8a\" data-element_type=\"widget\" data-e-type=\"widget\" data-widget_type=\"button.default\">\n\t\t\t\t<div class=\"elementor-widget-container\">\n\t\t\t\t\t\t\t\t\t<div class=\"elementor-button-wrapper\">\n\t\t\t\t\t<a class=\"elementor-button elementor-button-link elementor-size-md\" href=\"https:\/\/www2.unifap.br\/consulta-previa\">\n\t\t\t\t\t\t<span class=\"elementor-button-content-wrapper\">\n\t\t\t\t\t\t<span class=\"elementor-button-icon\">\n\t\t\t\t<i aria-hidden=\"true\" class=\"fas fa-home\"><\/i>\t\t\t<\/span>\n\t\t\t\t\t\t\t\t\t<span class=\"elementor-button-text\">In\u00edcio<\/span>\n\t\t\t\t\t<\/span>\n\t\t\t\t\t<\/a>\n\t\t\t\t<\/div>\n\t\t\t\t\t\t\t\t<\/div>\n\t\t\t\t<\/div>\n\t\t\t\t\t<\/div>\n\t\t<\/div>\n\t\t\t\t\t<\/div>\n\t\t<\/section>\n\t\t\t\t<\/div>\n\t\t","protected":false},"excerpt":{"rendered":"<p>A Comiss\u00e3o de Consulta Pr\u00e9via da UNIFAP (CCP\/UNIFAP), respons\u00e1vel pela organiza\u00e7\u00e3o e execu\u00e7\u00e3o do processo da Lista Tr\u00edplice de Reitor(a) e Vice-Reitor(a) da Universidade Federal do Amap\u00e1 (UNIFAP), torna p\u00fablico, nesta quinta-feira (12\/02\/2026), o EDITAL que regulamenta a Consulta Pr\u00e9via&hellip; <\/p>\n<p><a href=\"https:\/\/www2.unifap.br\/consulta-previa\/edital\/\" class=\"readmore-button\">Continue Reading<\/a><\/p>\n","protected":false},"author":814,"featured_media":0,"parent":0,"menu_order":0,"comment_status":"closed","ping_status":"closed","template":"elementor_header_footer","meta":{"inline_featured_image":false,"ngg_post_thumbnail":0,"footnotes":""},"class_list":["post-607","page","type-page","status-publish","hentry"],"_links":{"self":[{"href":"https:\/\/www2.unifap.br\/consulta-previa\/wp-json\/wp\/v2\/pages\/607","targetHints":{"allow":["GET"]}}],"collection":[{"href":"https:\/\/www2.unifap.br\/consulta-previa\/wp-json\/wp\/v2\/pages"}],"about":[{"href":"https:\/\/www2.unifap.br\/consulta-previa\/wp-json\/wp\/v2\/types\/page"}],"author":[{"embeddable":true,"href":"https:\/\/www2.unifap.br\/consulta-previa\/wp-json\/wp\/v2\/users\/814"}],"replies":[{"embeddable":true,"href":"https:\/\/www2.unifap.br\/consulta-previa\/wp-json\/wp\/v2\/comments?post=607"}],"version-history":[{"count":40,"href":"https:\/\/www2.unifap.br\/consulta-previa\/wp-json\/wp\/v2\/pages\/607\/revisions"}],"predecessor-version":[{"id":878,"href":"https:\/\/www2.unifap.br\/consulta-previa\/wp-json\/wp\/v2\/pages\/607\/revisions\/878"}],"wp:attachment":[{"href":"https:\/\/www2.unifap.br\/consulta-previa\/wp-json\/wp\/v2\/media?parent=607"}],"curies":[{"name":"wp","href":"https:\/\/api.w.org\/{rel}","templated":true}]}}