{"id":616,"date":"2026-03-06T19:53:06","date_gmt":"2026-03-06T19:53:06","guid":{"rendered":"https:\/\/www2.unifap.br\/consulta-previa\/?page_id=616"},"modified":"2026-03-11T18:28:16","modified_gmt":"2026-03-11T18:28:16","slug":"comissao-eleitoral","status":"publish","type":"page","link":"https:\/\/www2.unifap.br\/consulta-previa\/comissao-eleitoral\/","title":{"rendered":"Comiss\u00e3o Eleitoral"},"content":{"rendered":"\t\t<div data-elementor-type=\"wp-page\" data-elementor-id=\"616\" class=\"elementor elementor-616\">\n\t\t\t\t\t\t<section class=\"elementor-section elementor-top-section elementor-element elementor-element-d437ae5 elementor-section-boxed elementor-section-height-default elementor-section-height-default\" data-id=\"d437ae5\" data-element_type=\"section\" data-e-type=\"section\">\n\t\t\t\t\t\t<div class=\"elementor-container elementor-column-gap-default\">\n\t\t\t\t\t<div class=\"elementor-column elementor-col-100 elementor-top-column elementor-element elementor-element-7b8314f\" data-id=\"7b8314f\" data-element_type=\"column\" data-e-type=\"column\">\n\t\t\t<div class=\"elementor-widget-wrap elementor-element-populated\">\n\t\t\t\t\t\t<div class=\"elementor-element elementor-element-af81620 elementor-widget elementor-widget-image\" data-id=\"af81620\" data-element_type=\"widget\" data-e-type=\"widget\" data-widget_type=\"image.default\">\n\t\t\t\t<div class=\"elementor-widget-container\">\n\t\t\t\t\t\t\t\t\t\t\t\t\t\t\t\t<a href=\"https:\/\/www2.unifap.br\/consulta-previa\/\">\n\t\t\t\t\t\t\t<img fetchpriority=\"high\" decoding=\"async\" width=\"1709\" height=\"650\" src=\"https:\/\/www2.unifap.br\/consulta-previa\/files\/2026\/03\/6b41b20c-1.png\" class=\"attachment-full size-full wp-image-574\" alt=\"\" srcset=\"https:\/\/www2.unifap.br\/consulta-previa\/files\/2026\/03\/6b41b20c-1.png 1709w, https:\/\/www2.unifap.br\/consulta-previa\/files\/2026\/03\/6b41b20c-1-300x114.png 300w, https:\/\/www2.unifap.br\/consulta-previa\/files\/2026\/03\/6b41b20c-1-1024x389.png 1024w, https:\/\/www2.unifap.br\/consulta-previa\/files\/2026\/03\/6b41b20c-1-768x292.png 768w, https:\/\/www2.unifap.br\/consulta-previa\/files\/2026\/03\/6b41b20c-1-1536x584.png 1536w\" sizes=\"(max-width: 1709px) 100vw, 1709px\" \/>\t\t\t\t\t\t\t\t<\/a>\n\t\t\t\t\t\t\t\t\t\t\t\t\t\t\t<\/div>\n\t\t\t\t<\/div>\n\t\t\t\t\t<\/div>\n\t\t<\/div>\n\t\t\t\t\t<\/div>\n\t\t<\/section>\n\t\t\t\t<section class=\"elementor-section elementor-top-section elementor-element elementor-element-2587695 elementor-section-boxed elementor-section-height-default elementor-section-height-default\" data-id=\"2587695\" data-element_type=\"section\" data-e-type=\"section\">\n\t\t\t\t\t\t<div class=\"elementor-container elementor-column-gap-default\">\n\t\t\t\t\t<div class=\"elementor-column elementor-col-100 elementor-top-column elementor-element elementor-element-7df2f55\" data-id=\"7df2f55\" data-element_type=\"column\" data-e-type=\"column\">\n\t\t\t<div class=\"elementor-widget-wrap\">\n\t\t\t\t\t\t\t<\/div>\n\t\t<\/div>\n\t\t\t\t\t<\/div>\n\t\t<\/section>\n\t\t\t\t<section class=\"elementor-section elementor-top-section elementor-element elementor-element-c8a6b00 elementor-section-boxed elementor-section-height-default elementor-section-height-default\" data-id=\"c8a6b00\" data-element_type=\"section\" data-e-type=\"section\">\n\t\t\t\t\t\t<div class=\"elementor-container elementor-column-gap-default\">\n\t\t\t\t\t<div class=\"elementor-column elementor-col-100 elementor-top-column elementor-element elementor-element-cd5ab0b\" data-id=\"cd5ab0b\" data-element_type=\"column\" data-e-type=\"column\">\n\t\t\t<div class=\"elementor-widget-wrap elementor-element-populated\">\n\t\t\t\t\t\t<div class=\"elementor-element elementor-element-1f6daf5 elementor-widget elementor-widget-text-editor\" data-id=\"1f6daf5\" data-element_type=\"widget\" data-e-type=\"widget\" data-widget_type=\"text-editor.default\">\n\t\t\t\t<div class=\"elementor-widget-container\">\n\t\t\t\t\t\t\t\t\t<p data-start=\"0\" data-end=\"399\">A <strong data-start=\"2\" data-end=\"33\">Comiss\u00e3o de Consulta Pr\u00e9via<\/strong> \u00e9 o \u00f3rg\u00e3o respons\u00e1vel por organizar, conduzir e supervisionar todo o processo de consulta \u00e0 comunidade universit\u00e1ria para a forma\u00e7\u00e3o da lista tr\u00edplice destinada \u00e0 escolha de <strong data-start=\"208\" data-end=\"238\">Reitor(a) e Vice-Reitor(a)<\/strong> da universidade. Sua constitui\u00e7\u00e3o visa assegurar a transpar\u00eancia, a legalidade e a legitimidade do processo democr\u00e1tico de participa\u00e7\u00e3o da comunidade acad\u00eamica.<\/p><p data-start=\"401\" data-end=\"786\">A composi\u00e7\u00e3o da Comiss\u00e3o de Consulta Pr\u00e9via deve observar o princ\u00edpio da <strong data-start=\"474\" data-end=\"549\">representatividade dos segmentos que comp\u00f5em a comunidade universit\u00e1ria<\/strong>, sendo formada por representantes do corpo <strong data-start=\"593\" data-end=\"639\">docente, t\u00e9cnico-administrativo e discente<\/strong>. Essa composi\u00e7\u00e3o garante a participa\u00e7\u00e3o equilibrada dos diferentes segmentos institucionais na organiza\u00e7\u00e3o e fiscaliza\u00e7\u00e3o do processo de consulta.<\/p><p data-start=\"1809\" data-end=\"2119\">Compete \u00e0 Comiss\u00e3o de Consulta Pr\u00e9via, entre outras atribui\u00e7\u00f5es, <strong data-start=\"1874\" data-end=\"2118\">elaborar e publicar o edital da consulta, estabelecer o cronograma do processo, receber e homologar inscri\u00e7\u00f5es de chapas, organizar os debates e a vota\u00e7\u00e3o, apurar os resultados e divulgar o resultado final da consulta \u00e0 comunidade acad\u00eamica<\/strong>.<\/p><p data-start=\"2121\" data-end=\"2440\" data-is-last-node=\"\" data-is-only-node=\"\">A Comiss\u00e3o do quadri\u00eanio 2026-2030 possui a seguinte composi\u00e7\u00e3o conforme a <a href=\"http:\/\/www2.unifap.br\/consulta-previa\/files\/2026\/03\/Retificacao-da-Portaria-no.-0257-2026-_-Comissao-da-Consulta-Previa.pdf\"><strong>portaria n.\u00ba 0670\/2026:\u00a0<\/strong><\/a><\/p><table width=\"556\"><tbody><tr><td width=\"200\"><p><strong>SEGMENTO<\/strong><\/p><\/td><td width=\"254\"><p><strong>NOME<\/strong><\/p><\/td><td width=\"102\"><p><strong>MEMBRO<\/strong><\/p><\/td><\/tr><tr><td rowspan=\"6\" width=\"200\"><p style=\"text-align: left\"><strong>Docente<\/strong><\/p><\/td><td width=\"254\"><p><strong>Jos\u00e9 Caldeira Gemaque Neto<\/strong><\/p><\/td><td width=\"102\"><p><strong>Titular<\/strong><\/p><\/td><\/tr><tr><td width=\"254\"><p><strong>Maria L\u00facia Teixeira Borges<\/strong><\/p><\/td><td width=\"102\"><p><strong>Titular<\/strong><\/p><\/td><\/tr><tr><td width=\"254\"><p><strong>Let\u00edcia de Carvalho Ferreira<\/strong><\/p><\/td><td width=\"102\"><p><strong>Titular<\/strong><\/p><\/td><\/tr><tr><td width=\"254\"><p><strong>Edcarlos Vasconcelos da Silva<\/strong><\/p><\/td><td width=\"102\"><p><strong>Titular<\/strong><\/p><\/td><\/tr><tr><td width=\"254\"><p>Zacarias Alves de Ara\u00fajo Neto<\/p><\/td><td width=\"102\"><p>Suplente<\/p><\/td><\/tr><tr><td width=\"254\"><p>Jean Cl\u00e1udio Santos Fonseca<\/p><\/td><td width=\"102\"><p>Suplente<\/p><\/td><\/tr><tr><td rowspan=\"2\" width=\"200\"><p><strong>Sindicato dos Docentes<\/strong><\/p><\/td><td width=\"254\"><p><strong>Marlo dos Reis<\/strong><\/p><\/td><td width=\"102\"><p><strong>Titular<\/strong><\/p><\/td><\/tr><tr><td width=\"254\"><p>C\u00e1ssia Hack<\/p><\/td><td width=\"102\"><p>Suplente<\/p><\/td><\/tr><tr><td rowspan=\"2\" width=\"200\"><p><strong>Sindicato dos T\u00e9cnico-Administrativos<\/strong><\/p><\/td><td width=\"254\"><p><strong>Alan Bena Aguiar Junior<\/strong><\/p><\/td><td width=\"102\"><p><strong>Titular<\/strong><\/p><\/td><\/tr><tr><td width=\"254\"><p>Nilmara Gurj\u00e3o da Silva<\/p><\/td><td width=\"102\"><p>Suplente<\/p><\/td><\/tr><tr><td width=\"200\"><p><strong>Discente<\/strong><\/p><\/td><td width=\"254\"><p><strong>Guilherme Ant\u00f4nio Dalm\u00e1cio<\/strong><\/p><\/td><td width=\"102\"><p><strong>Titular<\/strong><\/p><\/td><\/tr><\/tbody><\/table><p data-start=\"800\" data-end=\"886\">\u00a0<\/p>\t\t\t\t\t\t\t\t<\/div>\n\t\t\t\t<\/div>\n\t\t\t\t\t<\/div>\n\t\t<\/div>\n\t\t\t\t\t<\/div>\n\t\t<\/section>\n\t\t\t\t<section class=\"elementor-section elementor-top-section elementor-element elementor-element-41661af elementor-section-boxed elementor-section-height-default elementor-section-height-default\" data-id=\"41661af\" data-element_type=\"section\" data-e-type=\"section\">\n\t\t\t\t\t\t<div class=\"elementor-container elementor-column-gap-default\">\n\t\t\t\t\t<div class=\"elementor-column elementor-col-100 elementor-top-column elementor-element elementor-element-4037d00\" data-id=\"4037d00\" data-element_type=\"column\" data-e-type=\"column\">\n\t\t\t<div class=\"elementor-widget-wrap\">\n\t\t\t\t\t\t\t<\/div>\n\t\t<\/div>\n\t\t\t\t\t<\/div>\n\t\t<\/section>\n\t\t\t\t<section class=\"elementor-section elementor-top-section elementor-element elementor-element-df7002d elementor-section-boxed elementor-section-height-default elementor-section-height-default\" data-id=\"df7002d\" data-element_type=\"section\" data-e-type=\"section\">\n\t\t\t\t\t\t<div class=\"elementor-container elementor-column-gap-default\">\n\t\t\t\t\t<div class=\"elementor-column elementor-col-100 elementor-top-column elementor-element elementor-element-a7fe93e\" data-id=\"a7fe93e\" data-element_type=\"column\" data-e-type=\"column\">\n\t\t\t<div class=\"elementor-widget-wrap elementor-element-populated\">\n\t\t\t\t\t\t<div class=\"elementor-element elementor-element-9ae6eb5 elementor-button-info elementor-align-left elementor-widget elementor-widget-button\" data-id=\"9ae6eb5\" data-element_type=\"widget\" data-e-type=\"widget\" data-widget_type=\"button.default\">\n\t\t\t\t<div class=\"elementor-widget-container\">\n\t\t\t\t\t\t\t\t\t<div class=\"elementor-button-wrapper\">\n\t\t\t\t\t<a class=\"elementor-button elementor-button-link elementor-size-md\" href=\"https:\/\/www2.unifap.br\/consulta-previa\">\n\t\t\t\t\t\t<span class=\"elementor-button-content-wrapper\">\n\t\t\t\t\t\t<span class=\"elementor-button-icon\">\n\t\t\t\t<i aria-hidden=\"true\" class=\"fas fa-home\"><\/i>\t\t\t<\/span>\n\t\t\t\t\t\t\t\t\t<span class=\"elementor-button-text\">In\u00edcio<\/span>\n\t\t\t\t\t<\/span>\n\t\t\t\t\t<\/a>\n\t\t\t\t<\/div>\n\t\t\t\t\t\t\t\t<\/div>\n\t\t\t\t<\/div>\n\t\t\t\t\t<\/div>\n\t\t<\/div>\n\t\t\t\t\t<\/div>\n\t\t<\/section>\n\t\t\t\t<\/div>\n\t\t","protected":false},"excerpt":{"rendered":"<p>A Comiss\u00e3o de Consulta Pr\u00e9via \u00e9 o \u00f3rg\u00e3o respons\u00e1vel por organizar, conduzir e supervisionar todo o processo de consulta \u00e0 comunidade universit\u00e1ria para a forma\u00e7\u00e3o da lista tr\u00edplice destinada \u00e0 escolha de Reitor(a) e Vice-Reitor(a) da universidade. Sua constitui\u00e7\u00e3o visa&hellip; <\/p>\n<p><a href=\"https:\/\/www2.unifap.br\/consulta-previa\/comissao-eleitoral\/\" class=\"readmore-button\">Continue Reading<\/a><\/p>\n","protected":false},"author":814,"featured_media":0,"parent":0,"menu_order":0,"comment_status":"closed","ping_status":"closed","template":"elementor_header_footer","meta":{"inline_featured_image":false,"ngg_post_thumbnail":0,"footnotes":""},"class_list":["post-616","page","type-page","status-publish","hentry"],"_links":{"self":[{"href":"https:\/\/www2.unifap.br\/consulta-previa\/wp-json\/wp\/v2\/pages\/616","targetHints":{"allow":["GET"]}}],"collection":[{"href":"https:\/\/www2.unifap.br\/consulta-previa\/wp-json\/wp\/v2\/pages"}],"about":[{"href":"https:\/\/www2.unifap.br\/consulta-previa\/wp-json\/wp\/v2\/types\/page"}],"author":[{"embeddable":true,"href":"https:\/\/www2.unifap.br\/consulta-previa\/wp-json\/wp\/v2\/users\/814"}],"replies":[{"embeddable":true,"href":"https:\/\/www2.unifap.br\/consulta-previa\/wp-json\/wp\/v2\/comments?post=616"}],"version-history":[{"count":24,"href":"https:\/\/www2.unifap.br\/consulta-previa\/wp-json\/wp\/v2\/pages\/616\/revisions"}],"predecessor-version":[{"id":824,"href":"https:\/\/www2.unifap.br\/consulta-previa\/wp-json\/wp\/v2\/pages\/616\/revisions\/824"}],"wp:attachment":[{"href":"https:\/\/www2.unifap.br\/consulta-previa\/wp-json\/wp\/v2\/media?parent=616"}],"curies":[{"name":"wp","href":"https:\/\/api.w.org\/{rel}","templated":true}]}}