{"id":626,"date":"2026-03-06T19:26:45","date_gmt":"2026-03-06T19:26:45","guid":{"rendered":"https:\/\/www2.unifap.br\/consulta-previa\/?page_id=626"},"modified":"2026-03-31T19:46:07","modified_gmt":"2026-03-31T19:46:07","slug":"comunicados","status":"publish","type":"page","link":"https:\/\/www2.unifap.br\/consulta-previa\/comunicados\/","title":{"rendered":"Comunicados"},"content":{"rendered":"\t\t<div data-elementor-type=\"wp-page\" data-elementor-id=\"626\" class=\"elementor elementor-626\">\n\t\t\t\t\t\t<section class=\"elementor-section elementor-top-section elementor-element elementor-element-9608747 elementor-section-boxed elementor-section-height-default elementor-section-height-default\" data-id=\"9608747\" data-element_type=\"section\" data-e-type=\"section\">\n\t\t\t\t\t\t<div class=\"elementor-container elementor-column-gap-default\">\n\t\t\t\t\t<div class=\"elementor-column elementor-col-100 elementor-top-column elementor-element elementor-element-4448ebc\" data-id=\"4448ebc\" data-element_type=\"column\" data-e-type=\"column\">\n\t\t\t<div class=\"elementor-widget-wrap elementor-element-populated\">\n\t\t\t\t\t\t<div class=\"elementor-element elementor-element-271fd70 elementor-widget elementor-widget-image\" data-id=\"271fd70\" data-element_type=\"widget\" data-e-type=\"widget\" data-widget_type=\"image.default\">\n\t\t\t\t<div class=\"elementor-widget-container\">\n\t\t\t\t\t\t\t\t\t\t\t\t\t\t\t\t<a href=\"https:\/\/www2.unifap.br\/consulta-previa\/\">\n\t\t\t\t\t\t\t<img fetchpriority=\"high\" decoding=\"async\" width=\"1709\" height=\"650\" src=\"https:\/\/www2.unifap.br\/consulta-previa\/files\/2026\/03\/6b41b20c-1.png\" class=\"attachment-full size-full wp-image-574\" alt=\"\" srcset=\"https:\/\/www2.unifap.br\/consulta-previa\/files\/2026\/03\/6b41b20c-1.png 1709w, https:\/\/www2.unifap.br\/consulta-previa\/files\/2026\/03\/6b41b20c-1-300x114.png 300w, https:\/\/www2.unifap.br\/consulta-previa\/files\/2026\/03\/6b41b20c-1-1024x389.png 1024w, https:\/\/www2.unifap.br\/consulta-previa\/files\/2026\/03\/6b41b20c-1-768x292.png 768w, https:\/\/www2.unifap.br\/consulta-previa\/files\/2026\/03\/6b41b20c-1-1536x584.png 1536w\" sizes=\"(max-width: 1709px) 100vw, 1709px\" \/>\t\t\t\t\t\t\t\t<\/a>\n\t\t\t\t\t\t\t\t\t\t\t\t\t\t\t<\/div>\n\t\t\t\t<\/div>\n\t\t\t\t\t<\/div>\n\t\t<\/div>\n\t\t\t\t\t<\/div>\n\t\t<\/section>\n\t\t\t\t<section class=\"elementor-section elementor-top-section elementor-element elementor-element-f321718 elementor-section-boxed elementor-section-height-default elementor-section-height-default\" data-id=\"f321718\" data-element_type=\"section\" data-e-type=\"section\">\n\t\t\t\t\t\t<div class=\"elementor-container elementor-column-gap-default\">\n\t\t\t\t\t<div class=\"elementor-column elementor-col-100 elementor-top-column elementor-element elementor-element-9878010\" data-id=\"9878010\" data-element_type=\"column\" data-e-type=\"column\">\n\t\t\t<div class=\"elementor-widget-wrap elementor-element-populated\">\n\t\t\t\t\t\t<div class=\"elementor-element elementor-element-5760f77 elementor-grid-2 elementor-grid-tablet-2 elementor-grid-mobile-1 elementor-widget elementor-widget-elementor-blog-posts\" data-id=\"5760f77\" data-element_type=\"widget\" data-e-type=\"widget\" data-settings=\"{&quot;columns&quot;:&quot;2&quot;,&quot;columns_tablet&quot;:&quot;2&quot;,&quot;columns_mobile&quot;:&quot;1&quot;}\" data-widget_type=\"elementor-blog-posts.default\">\n\t\t\t\t<div class=\"elementor-widget-container\">\n\t\t\t\t\t\t\t<div class=\"wpcap-grid\">\n\t\t\t\t\t\t<div class=\"wpcap-grid-container elementor-grid wpcap-grid-desktop-2 wpcap-grid-tablet-2 wpcap-grid-mobile-1 grid-meta-bottom\">\n\n\t\t\t\t\n        <article id=\"post-1140\" class=\"wpcap-post post-1140 post type-post status-publish format-standard has-post-thumbnail hentry category-consulta-2026-2030\">\n         \n            <div class=\"post-grid-inner\">\n            \t\n            \t\n                <div class=\"post-grid-text-wrap\">\n               \t\t\t\t<h3 class=\"title\">\n\t\t\t<a href=\"https:\/\/www2.unifap.br\/consulta-previa\/2026\/04\/02\/ato-complementar-n-o-004-ccp-unifap-retifica-dispositivos-de-atos-complementares\/\">Ato Complementar n.\u00ba 004-CCP-UNIFAP &#8211; Retifica dispositivos de Atos Complementares<\/a>\n\t\t<\/h3>\n\t\t\t                \t\t<div class=\"post-grid-excerpt\">\n\t\t\t<p>Ato Complementar n.\u00ba 004-CCP-UNIFAP &#8211; Retifica dispositivos de Atos Complementares A Comiss\u00e3o de Consulta Pr\u00e9via da Universidade Federal do Amap\u00e1 (UNIFAP) informa a publica\u00e7\u00e3o do Ato Complementar n.\u00ba 004\/2026 \u2013 CCP\/UNIFAP, que disp\u00f5e sobre a retifica\u00e7\u00e3o de dispositivos constantes nos&hellip;<\/p>\n\t\t<\/div>\n\t\t\t                \t\t<a class=\"read-more-btn\" href=\"https:\/\/www2.unifap.br\/consulta-previa\/2026\/04\/02\/ato-complementar-n-o-004-ccp-unifap-retifica-dispositivos-de-atos-complementares\/\">Leia mais...<\/a>\n\t\t                <\/div>\n\n                \t\t<div class=\"post-grid-meta\">\n\t\t\t\n\t\t\t\t<span class=\"post-date\"><time datetime=\"2026-04-02T20:07:26+00:00\">2 de abril de 2026<\/time><\/span>\n\n\t\t\t\t\t\t<\/div>\n\t\t\n            <\/div><!-- .blog-inner -->\n           \n        <\/article>\n\n        \n        <article id=\"post-1093\" class=\"wpcap-post post-1093 post type-post status-publish format-standard has-post-thumbnail hentry category-consulta-2026-2030\">\n         \n            <div class=\"post-grid-inner\">\n            \t\n            \t\n                <div class=\"post-grid-text-wrap\">\n               \t\t\t\t<h3 class=\"title\">\n\t\t\t<a href=\"https:\/\/www2.unifap.br\/consulta-previa\/2026\/03\/31\/selecao-de-mesarios-que-atuarao-no-processo-da-consulta-previa\/\">SELE\u00c7\u00c3O DE MES\u00c1RIOS QUE ATUAR\u00c3O NO PROCESSO DA CONSULTA PR\u00c9VIA<\/a>\n\t\t<\/h3>\n\t\t\t                \t\t<div class=\"post-grid-excerpt\">\n\t\t\t<p>Ato Complementar n.\u00ba 003-CCP-UNIFAP &#8211; Sele\u00e7\u00e3o de Mes\u00e1rios A Comiss\u00e3o de Consulta Pr\u00e9via, nomeada pela portaria n.\u00ba 0670\/2026 \u2013 UNIFAP, no uso de suas atribui\u00e7\u00f5es, torna p\u00fablico o ato complementar para a sele\u00e7\u00e3o de mes\u00e1rios que atuar\u00e3o no processo eleitoral.&hellip;<\/p>\n\t\t<\/div>\n\t\t\t                \t\t<a class=\"read-more-btn\" href=\"https:\/\/www2.unifap.br\/consulta-previa\/2026\/03\/31\/selecao-de-mesarios-que-atuarao-no-processo-da-consulta-previa\/\">Leia mais...<\/a>\n\t\t                <\/div>\n\n                \t\t<div class=\"post-grid-meta\">\n\t\t\t\n\t\t\t\t<span class=\"post-date\"><time datetime=\"2026-03-31T19:32:16+00:00\">31 de mar\u00e7o de 2026<\/time><\/span>\n\n\t\t\t\t\t\t<\/div>\n\t\t\n            <\/div><!-- .blog-inner -->\n           \n        <\/article>\n\n        \n        <article id=\"post-1088\" class=\"wpcap-post post-1088 post type-post status-publish format-standard has-post-thumbnail hentry category-consulta-2026-2030\">\n         \n            <div class=\"post-grid-inner\">\n            \t\n            \t\n                <div class=\"post-grid-text-wrap\">\n               \t\t\t\t<h3 class=\"title\">\n\t\t\t<a href=\"https:\/\/www2.unifap.br\/consulta-previa\/2026\/03\/31\/publicacao-da-lista-final-de-candidaturas-aptas\/\">PUBLICA\u00c7\u00c3O DA LISTA FINAL DE CANDIDATURAS APTAS<\/a>\n\t\t<\/h3>\n\t\t\t                \t\t<div class=\"post-grid-excerpt\">\n\t\t\t<p>PUBLICA\u00c7\u00c3O DA LISTA FINAL DE CANDIDATURAS APTAS A Comiss\u00e3o de Consulta Pr\u00e9via, nomeada pela portaria n.\u00ba 0670\/2026 \u2013 UNIFAP, no uso de suas atribui\u00e7\u00f5es, torna p\u00fablicas as candidaturas aptas a participarem do processo de Consulta Pr\u00e9via para escolha do Reitor(a)&hellip;<\/p>\n\t\t<\/div>\n\t\t\t                \t\t<a class=\"read-more-btn\" href=\"https:\/\/www2.unifap.br\/consulta-previa\/2026\/03\/31\/publicacao-da-lista-final-de-candidaturas-aptas\/\">Leia mais...<\/a>\n\t\t                <\/div>\n\n                \t\t<div class=\"post-grid-meta\">\n\t\t\t\n\t\t\t\t<span class=\"post-date\"><time datetime=\"2026-03-31T19:24:50+00:00\">31 de mar\u00e7o de 2026<\/time><\/span>\n\n\t\t\t\t\t\t<\/div>\n\t\t\n            <\/div><!-- .blog-inner -->\n           \n        <\/article>\n\n        \n        <article id=\"post-985\" class=\"wpcap-post post-985 post type-post status-publish format-standard has-post-thumbnail hentry category-consulta-2026-2030\">\n         \n            <div class=\"post-grid-inner\">\n            \t\n            \t\n                <div class=\"post-grid-text-wrap\">\n               \t\t\t\t<h3 class=\"title\">\n\t\t\t<a href=\"https:\/\/www2.unifap.br\/consulta-previa\/2026\/03\/30\/ato-complementar-n-o-002-ccp-unifap-regras-do-debate\/\">Ato Complementar n.\u00ba 002-CCP-UNIFAP \u2013 Regras do Debate<\/a>\n\t\t<\/h3>\n\t\t\t                \t\t<div class=\"post-grid-excerpt\">\n\t\t\t<p>ATO COMPLEMENTAR N.\u00ba 002\/2026-CCP-UNIFAP &#8211; REGRAS DO DEBATE A Comiss\u00e3o de Consulta Pr\u00e9via, nomeada pela portaria n.\u00ba 0670\/2026 \u2013 UNIFAP, no uso de suas atribui\u00e7\u00f5es, torna p\u00fablica as regras e o calend\u00e1rio dos Debates do processo de Consulta Pr\u00e9via para&hellip;<\/p>\n\t\t<\/div>\n\t\t\t                \t\t<a class=\"read-more-btn\" href=\"https:\/\/www2.unifap.br\/consulta-previa\/2026\/03\/30\/ato-complementar-n-o-002-ccp-unifap-regras-do-debate\/\">Leia mais...<\/a>\n\t\t                <\/div>\n\n                \t\t<div class=\"post-grid-meta\">\n\t\t\t\n\t\t\t\t<span class=\"post-date\"><time datetime=\"2026-03-30T00:01:43+00:00\">30 de mar\u00e7o de 2026<\/time><\/span>\n\n\t\t\t\t\t\t<\/div>\n\t\t\n            <\/div><!-- .blog-inner -->\n           \n        <\/article>\n\n        \n        <article id=\"post-1060\" class=\"wpcap-post post-1060 post type-post status-publish format-standard has-post-thumbnail hentry category-consulta-2026-2030\">\n         \n            <div class=\"post-grid-inner\">\n            \t\n            \t\n                <div class=\"post-grid-text-wrap\">\n               \t\t\t\t<h3 class=\"title\">\n\t\t\t<a href=\"https:\/\/www2.unifap.br\/consulta-previa\/2026\/03\/28\/nota-no-004-2026-voto-em-transito\/\">NOTA N\u00ba 004\/2026 \u2013 VOTO EM TR\u00c2NSITO<\/a>\n\t\t<\/h3>\n\t\t\t                \t\t<div class=\"post-grid-excerpt\">\n\t\t\t<p>NOTA N\u00ba 004\/2026 \u2013 CCP INFORMA\u00c7\u00d5ES SOBRE O VOTO EM TR\u00c2NSITO A Comiss\u00e3o de Consulta Pr\u00e9via informa que a solicita\u00e7\u00e3o de voto em tr\u00e2nsito para a escolha de Reitor(a) e Vice-Reitor(a) da Universidade Federal do Amap\u00e1 (UNIFAP), quadri\u00eanio 2026\u20132030, ser\u00e1&hellip;<\/p>\n\t\t<\/div>\n\t\t\t                \t\t<a class=\"read-more-btn\" href=\"https:\/\/www2.unifap.br\/consulta-previa\/2026\/03\/28\/nota-no-004-2026-voto-em-transito\/\">Leia mais...<\/a>\n\t\t                <\/div>\n\n                \t\t<div class=\"post-grid-meta\">\n\t\t\t\n\t\t\t\t<span class=\"post-date\"><time datetime=\"2026-03-28T23:08:52+00:00\">28 de mar\u00e7o de 2026<\/time><\/span>\n\n\t\t\t\t\t\t<\/div>\n\t\t\n            <\/div><!-- .blog-inner -->\n           \n        <\/article>\n\n        \n        <article id=\"post-1056\" class=\"wpcap-post post-1056 post type-post status-publish format-standard has-post-thumbnail hentry category-consulta-2026-2030\">\n         \n            <div class=\"post-grid-inner\">\n            \t\n            \t\n                <div class=\"post-grid-text-wrap\">\n               \t\t\t\t<h3 class=\"title\">\n\t\t\t<a href=\"https:\/\/www2.unifap.br\/consulta-previa\/2026\/03\/28\/nota-no-003-2026-sobre-quem-esta-apto-a-votar\/\">NOTA N\u00ba 003\/2026 \u2013 SOBRE QUEM EST\u00c1 APTO A VOTAR<\/a>\n\t\t<\/h3>\n\t\t\t                \t\t<div class=\"post-grid-excerpt\">\n\t\t\t<p>NOTA N\u00ba 003\/2026 &#8211; INFORMA\u00c7\u00d5ES SOBRE OS ELEITORES QUE PODEM VOTAR NA CONSULTA PR\u00c9VIA DA UNIFAP A Comiss\u00e3o de Consulta Pr\u00e9via torna p\u00fablica nota informativa sobre os eleitores que podem participar da Consulta para escolha de Reitor(a) e Vice-Reitor(a) da&hellip;<\/p>\n\t\t<\/div>\n\t\t\t                \t\t<a class=\"read-more-btn\" href=\"https:\/\/www2.unifap.br\/consulta-previa\/2026\/03\/28\/nota-no-003-2026-sobre-quem-esta-apto-a-votar\/\">Leia mais...<\/a>\n\t\t                <\/div>\n\n                \t\t<div class=\"post-grid-meta\">\n\t\t\t\n\t\t\t\t<span class=\"post-date\"><time datetime=\"2026-03-28T23:07:10+00:00\">28 de mar\u00e7o de 2026<\/time><\/span>\n\n\t\t\t\t\t\t<\/div>\n\t\t\n            <\/div><!-- .blog-inner -->\n           \n        <\/article>\n\n        \n        <article id=\"post-1048\" class=\"wpcap-post post-1048 post type-post status-publish format-standard has-post-thumbnail hentry category-consulta-2026-2030\">\n         \n            <div class=\"post-grid-inner\">\n            \t\n            \t\n                <div class=\"post-grid-text-wrap\">\n               \t\t\t\t<h3 class=\"title\">\n\t\t\t<a href=\"https:\/\/www2.unifap.br\/consulta-previa\/2026\/03\/28\/nota-no-002-2026-utilizacao-de-adesivos-veiculares-e-interpretacao-das-normas-de-campanha\/\">NOTA N\u00ba 002-2026 \u2013 UTILIZA\u00c7\u00c3O DE ADESIVOS VEICULARES E INTERPRETA\u00c7\u00c3O DAS NORMAS DE CAMPANHA<\/a>\n\t\t<\/h3>\n\t\t\t                \t\t<div class=\"post-grid-excerpt\">\n\t\t\t<p>NOTA N\u00ba 002\/2026 \u2013 UTILIZA\u00c7\u00c3O DE ADESIVOS VEICULARES E INTERPRETA\u00c7\u00c3O DAS NORMAS DE CAMPANHA A Comiss\u00e3o de Consulta Pr\u00e9via &#8211; CCP da Universidade Federal do Amap\u00e1 &#8211; UNIFAP, com o objetivo de garantir transpar\u00eancia, isonomia e o bom andamento do&hellip;<\/p>\n\t\t<\/div>\n\t\t\t                \t\t<a class=\"read-more-btn\" href=\"https:\/\/www2.unifap.br\/consulta-previa\/2026\/03\/28\/nota-no-002-2026-utilizacao-de-adesivos-veiculares-e-interpretacao-das-normas-de-campanha\/\">Leia mais...<\/a>\n\t\t                <\/div>\n\n                \t\t<div class=\"post-grid-meta\">\n\t\t\t\n\t\t\t\t<span class=\"post-date\"><time datetime=\"2026-03-28T23:00:42+00:00\">28 de mar\u00e7o de 2026<\/time><\/span>\n\n\t\t\t\t\t\t<\/div>\n\t\t\n            <\/div><!-- .blog-inner -->\n           \n        <\/article>\n\n        \n        <article id=\"post-969\" class=\"wpcap-post post-969 post type-post status-publish format-standard has-post-thumbnail hentry category-consulta-2026-2030\">\n         \n            <div class=\"post-grid-inner\">\n            \t\n            \t\n                <div class=\"post-grid-text-wrap\">\n               \t\t\t\t<h3 class=\"title\">\n\t\t\t<a href=\"https:\/\/www2.unifap.br\/consulta-previa\/2026\/03\/26\/publicacao-das-candidaturas-2026-2030\/\">PUBLICA\u00c7\u00c3O DAS CANDIDATURAS 2026-2030<\/a>\n\t\t<\/h3>\n\t\t\t                \t\t<div class=\"post-grid-excerpt\">\n\t\t\t<p>PUBLICA\u00c7\u00c3O DAS CANDIDATURAS 2026-2030 A Comiss\u00e3o de Consulta Pr\u00e9via, nomeada pela portaria n.\u00ba 0670\/2026 \u2013 UNIFAP, no uso de suas atribui\u00e7\u00f5es, torna p\u00fablicas as candidaturas consideradas aptas a participarem do processo de Consulta Pr\u00e9via para escolha do Reitor(a) e Vice-Reitor(a)&hellip;<\/p>\n\t\t<\/div>\n\t\t\t                \t\t<a class=\"read-more-btn\" href=\"https:\/\/www2.unifap.br\/consulta-previa\/2026\/03\/26\/publicacao-das-candidaturas-2026-2030\/\">Leia mais...<\/a>\n\t\t                <\/div>\n\n                \t\t<div class=\"post-grid-meta\">\n\t\t\t\n\t\t\t\t<span class=\"post-date\"><time datetime=\"2026-03-26T00:01:49+00:00\">26 de mar\u00e7o de 2026<\/time><\/span>\n\n\t\t\t\t\t\t<\/div>\n\t\t\n            <\/div><!-- .blog-inner -->\n           \n        <\/article>\n\n        \n        <article id=\"post-952\" class=\"wpcap-post post-952 post type-post status-publish format-standard has-post-thumbnail hentry category-consulta-2026-2030\">\n         \n            <div class=\"post-grid-inner\">\n            \t\n            \t\n                <div class=\"post-grid-text-wrap\">\n               \t\t\t\t<h3 class=\"title\">\n\t\t\t<a href=\"https:\/\/www2.unifap.br\/consulta-previa\/2026\/03\/25\/ato-complementar-no-001-2026-ccp-unifap\/\">ATO COMPLEMENTAR N\u00ba 001\/2026 \u2013 CCP\/UNIFAP<\/a>\n\t\t<\/h3>\n\t\t\t                \t\t<div class=\"post-grid-excerpt\">\n\t\t\t<p>ATO COMPLEMENTAR N\u00ba 001\/2026 \u2013 CCP\/UNIFAP A Comiss\u00e3o de Consulta Pr\u00e9via para a escolha de Reitor(a) e Vice-Reitor(a) da Universidade Federal do Amap\u00e1 (UNIFAP), referente ao quadri\u00eanio 2026\u20132030, torna p\u00fablica a divulga\u00e7\u00e3o das regras de conduta que dever\u00e3o ser observadas&hellip;<\/p>\n\t\t<\/div>\n\t\t\t                \t\t<a class=\"read-more-btn\" href=\"https:\/\/www2.unifap.br\/consulta-previa\/2026\/03\/25\/ato-complementar-no-001-2026-ccp-unifap\/\">Leia mais...<\/a>\n\t\t                <\/div>\n\n                \t\t<div class=\"post-grid-meta\">\n\t\t\t\n\t\t\t\t<span class=\"post-date\"><time datetime=\"2026-03-25T14:02:22+00:00\">25 de mar\u00e7o de 2026<\/time><\/span>\n\n\t\t\t\t\t\t<\/div>\n\t\t\n            <\/div><!-- .blog-inner -->\n           \n        <\/article>\n\n        \n        <article id=\"post-919\" class=\"wpcap-post post-919 post type-post status-publish format-standard has-post-thumbnail hentry category-consulta-2026-2030\">\n         \n            <div class=\"post-grid-inner\">\n            \t\n            \t\n                <div class=\"post-grid-text-wrap\">\n               \t\t\t\t<h3 class=\"title\">\n\t\t\t<a href=\"https:\/\/www2.unifap.br\/consulta-previa\/2026\/03\/18\/nota-no-001-2026-desincompatibilizacao-de-candidatos\/\">NOTA N\u00ba 001\/2026 \u2013 DESINCOMPATIBILIZA\u00c7\u00c3O DE CANDIDATOS<\/a>\n\t\t<\/h3>\n\t\t\t                \t\t<div class=\"post-grid-excerpt\">\n\t\t\t<p>NOTA N\u00ba 001\/2026 \u2013 DESINCOMPATIBILIZA\u00c7\u00c3O DE CANDIDATOS A Comiss\u00e3o respons\u00e1vel pelo processo de consulta p\u00fablica para a forma\u00e7\u00e3o da lista tr\u00edplice para Reitor(a) e Vice-Reitor(a) da UNIFAP, quadri\u00eanio 2026-2030, torna p\u00fablica a presente nota sobre a desincompatibiliza\u00e7\u00e3o dos(as) candidatos(as), destacando&hellip;<\/p>\n\t\t<\/div>\n\t\t\t                \t\t<a class=\"read-more-btn\" href=\"https:\/\/www2.unifap.br\/consulta-previa\/2026\/03\/18\/nota-no-001-2026-desincompatibilizacao-de-candidatos\/\">Leia mais...<\/a>\n\t\t                <\/div>\n\n                \t\t<div class=\"post-grid-meta\">\n\t\t\t\n\t\t\t\t<span class=\"post-date\"><time datetime=\"2026-03-18T13:08:04+00:00\">18 de mar\u00e7o de 2026<\/time><\/span>\n\n\t\t\t\t\t\t<\/div>\n\t\t\n            <\/div><!-- .blog-inner -->\n           \n        <\/article>\n\n        \n        <article id=\"post-893\" class=\"wpcap-post post-893 post type-post status-publish format-standard has-post-thumbnail hentry category-consulta-2026-2030\">\n         \n            <div class=\"post-grid-inner\">\n            \t\n            \t\n                <div class=\"post-grid-text-wrap\">\n               \t\t\t\t<h3 class=\"title\">\n\t\t\t<a href=\"https:\/\/www2.unifap.br\/consulta-previa\/2026\/03\/18\/resposta-a-impugnacao-de-edital\/\">RESPOSTA A IMPUGNA\u00c7\u00c3O DE EDITAL.<\/a>\n\t\t<\/h3>\n\t\t\t                \t\t<div class=\"post-grid-excerpt\">\n\t\t\t<p>RESPOSTA A IMPUGNA\u00c7\u00c3O DE EDITAL. A Comiss\u00e3o respons\u00e1vel pelo processo de consulta p\u00fablica para a forma\u00e7\u00e3o da lista tr\u00edplice para Reitor(a) e Vice-Reitor(a) torna p\u00fablico o resultado da an\u00e1lise das interposi\u00e7\u00f5es de recurso apresentadas, conduzida em conformidade com os princ\u00edpios&hellip;<\/p>\n\t\t<\/div>\n\t\t\t                \t\t<a class=\"read-more-btn\" href=\"https:\/\/www2.unifap.br\/consulta-previa\/2026\/03\/18\/resposta-a-impugnacao-de-edital\/\">Leia mais...<\/a>\n\t\t                <\/div>\n\n                \t\t<div class=\"post-grid-meta\">\n\t\t\t\n\t\t\t\t<span class=\"post-date\"><time datetime=\"2026-03-18T12:29:11+00:00\">18 de mar\u00e7o de 2026<\/time><\/span>\n\n\t\t\t\t\t\t<\/div>\n\t\t\n            <\/div><!-- .blog-inner -->\n           \n        <\/article>\n\n        \n\t\t\t<\/div>\n\t\t<\/div>\n\t\t\t\t\t\t<\/div>\n\t\t\t\t<\/div>\n\t\t\t\t\t<\/div>\n\t\t<\/div>\n\t\t\t\t\t<\/div>\n\t\t<\/section>\n\t\t\t\t<section class=\"elementor-section elementor-top-section elementor-element elementor-element-8f9e69b elementor-section-boxed elementor-section-height-default elementor-section-height-default\" data-id=\"8f9e69b\" data-element_type=\"section\" data-e-type=\"section\">\n\t\t\t\t\t\t<div class=\"elementor-container elementor-column-gap-default\">\n\t\t\t\t\t<div class=\"elementor-column elementor-col-100 elementor-top-column elementor-element elementor-element-1e19ab9\" data-id=\"1e19ab9\" data-element_type=\"column\" data-e-type=\"column\">\n\t\t\t<div class=\"elementor-widget-wrap elementor-element-populated\">\n\t\t\t\t\t\t<div class=\"elementor-element elementor-element-cce6f38 elementor-button-info elementor-align-left elementor-widget elementor-widget-button\" data-id=\"cce6f38\" data-element_type=\"widget\" data-e-type=\"widget\" data-widget_type=\"button.default\">\n\t\t\t\t<div class=\"elementor-widget-container\">\n\t\t\t\t\t\t\t\t\t<div class=\"elementor-button-wrapper\">\n\t\t\t\t\t<a class=\"elementor-button elementor-button-link elementor-size-md\" href=\"https:\/\/www2.unifap.br\/consulta-previa\">\n\t\t\t\t\t\t<span class=\"elementor-button-content-wrapper\">\n\t\t\t\t\t\t<span class=\"elementor-button-icon\">\n\t\t\t\t<i aria-hidden=\"true\" class=\"fas fa-home\"><\/i>\t\t\t<\/span>\n\t\t\t\t\t\t\t\t\t<span class=\"elementor-button-text\">In\u00edcio<\/span>\n\t\t\t\t\t<\/span>\n\t\t\t\t\t<\/a>\n\t\t\t\t<\/div>\n\t\t\t\t\t\t\t\t<\/div>\n\t\t\t\t<\/div>\n\t\t\t\t\t<\/div>\n\t\t<\/div>\n\t\t\t\t\t<\/div>\n\t\t<\/section>\n\t\t\t\t<\/div>\n\t\t","protected":false},"excerpt":{"rendered":"<p>SELE\u00c7\u00c3O DE MES\u00c1RIOS QUE ATUAR\u00c3O NO PROCESSO DA CONSULTA PR\u00c9VIA Ato Complementar n.\u00ba 003-CCP-UNIFAP &#8211; Sele\u00e7\u00e3o de Mes\u00e1rios A Comiss\u00e3o de Consulta Pr\u00e9via, nomeada pela portaria n.\u00ba 0670\/2026 \u2013 UNIFAP, no uso de suas atribui\u00e7\u00f5es, torna p\u00fablico o ato complementar&hellip; <\/p>\n<p><a href=\"https:\/\/www2.unifap.br\/consulta-previa\/2026\/03\/18\/resposta-a-impugnacao-de-edital\/\" class=\"readmore-button\">Continue Reading<\/a><\/p>\n","protected":false},"author":814,"featured_media":0,"parent":0,"menu_order":0,"comment_status":"closed","ping_status":"closed","template":"elementor_header_footer","meta":{"inline_featured_image":false,"ngg_post_thumbnail":0,"footnotes":""},"class_list":["post-626","page","type-page","status-publish","hentry"],"_links":{"self":[{"href":"https:\/\/www2.unifap.br\/consulta-previa\/wp-json\/wp\/v2\/pages\/626","targetHints":{"allow":["GET"]}}],"collection":[{"href":"https:\/\/www2.unifap.br\/consulta-previa\/wp-json\/wp\/v2\/pages"}],"about":[{"href":"https:\/\/www2.unifap.br\/consulta-previa\/wp-json\/wp\/v2\/types\/page"}],"author":[{"embeddable":true,"href":"https:\/\/www2.unifap.br\/consulta-previa\/wp-json\/wp\/v2\/users\/814"}],"replies":[{"embeddable":true,"href":"https:\/\/www2.unifap.br\/consulta-previa\/wp-json\/wp\/v2\/comments?post=626"}],"version-history":[{"count":48,"href":"https:\/\/www2.unifap.br\/consulta-previa\/wp-json\/wp\/v2\/pages\/626\/revisions"}],"predecessor-version":[{"id":1109,"href":"https:\/\/www2.unifap.br\/consulta-previa\/wp-json\/wp\/v2\/pages\/626\/revisions\/1109"}],"wp:attachment":[{"href":"https:\/\/www2.unifap.br\/consulta-previa\/wp-json\/wp\/v2\/media?parent=626"}],"curies":[{"name":"wp","href":"https:\/\/api.w.org\/{rel}","templated":true}]}}