{"id":630,"date":"2026-03-31T19:51:56","date_gmt":"2026-03-31T19:51:56","guid":{"rendered":"https:\/\/www2.unifap.br\/consulta-previa\/?page_id=630"},"modified":"2026-04-02T20:18:13","modified_gmt":"2026-04-02T20:18:13","slug":"debates","status":"publish","type":"page","link":"https:\/\/www2.unifap.br\/consulta-previa\/debates\/","title":{"rendered":"Debates"},"content":{"rendered":"\t\t<div data-elementor-type=\"wp-page\" data-elementor-id=\"630\" class=\"elementor elementor-630\">\n\t\t\t\t\t\t<section class=\"elementor-section elementor-top-section elementor-element elementor-element-cd59f00 elementor-section-boxed elementor-section-height-default elementor-section-height-default\" data-id=\"cd59f00\" data-element_type=\"section\" data-e-type=\"section\">\n\t\t\t\t\t\t<div class=\"elementor-container elementor-column-gap-default\">\n\t\t\t\t\t<div class=\"elementor-column elementor-col-100 elementor-top-column elementor-element elementor-element-cf78507\" data-id=\"cf78507\" data-element_type=\"column\" data-e-type=\"column\">\n\t\t\t<div class=\"elementor-widget-wrap elementor-element-populated\">\n\t\t\t\t\t\t<div class=\"elementor-element elementor-element-45f7d2a elementor-widget elementor-widget-image\" data-id=\"45f7d2a\" data-element_type=\"widget\" data-e-type=\"widget\" data-widget_type=\"image.default\">\n\t\t\t\t<div class=\"elementor-widget-container\">\n\t\t\t\t\t\t\t\t\t\t\t\t\t\t\t\t<a href=\"https:\/\/www2.unifap.br\/consulta-previa\">\n\t\t\t\t\t\t\t<img fetchpriority=\"high\" decoding=\"async\" width=\"1709\" height=\"650\" src=\"https:\/\/www2.unifap.br\/consulta-previa\/files\/2026\/03\/6b41b20c-1.png\" class=\"attachment-full size-full wp-image-574\" alt=\"\" srcset=\"https:\/\/www2.unifap.br\/consulta-previa\/files\/2026\/03\/6b41b20c-1.png 1709w, https:\/\/www2.unifap.br\/consulta-previa\/files\/2026\/03\/6b41b20c-1-300x114.png 300w, https:\/\/www2.unifap.br\/consulta-previa\/files\/2026\/03\/6b41b20c-1-1024x389.png 1024w, https:\/\/www2.unifap.br\/consulta-previa\/files\/2026\/03\/6b41b20c-1-768x292.png 768w, https:\/\/www2.unifap.br\/consulta-previa\/files\/2026\/03\/6b41b20c-1-1536x584.png 1536w\" sizes=\"(max-width: 1709px) 100vw, 1709px\" \/>\t\t\t\t\t\t\t\t<\/a>\n\t\t\t\t\t\t\t\t\t\t\t\t\t\t\t<\/div>\n\t\t\t\t<\/div>\n\t\t\t\t\t<\/div>\n\t\t<\/div>\n\t\t\t\t\t<\/div>\n\t\t<\/section>\n\t\t\t\t<section class=\"elementor-section elementor-top-section elementor-element elementor-element-815091f elementor-section-boxed elementor-section-height-default elementor-section-height-default\" data-id=\"815091f\" data-element_type=\"section\" data-e-type=\"section\">\n\t\t\t\t\t\t<div class=\"elementor-container elementor-column-gap-default\">\n\t\t\t\t\t<div class=\"elementor-column elementor-col-100 elementor-top-column elementor-element elementor-element-7db2aca\" data-id=\"7db2aca\" data-element_type=\"column\" data-e-type=\"column\">\n\t\t\t<div class=\"elementor-widget-wrap\">\n\t\t\t\t\t\t\t<\/div>\n\t\t<\/div>\n\t\t\t\t\t<\/div>\n\t\t<\/section>\n\t\t\t\t<section class=\"elementor-section elementor-top-section elementor-element elementor-element-1395e73 elementor-section-boxed elementor-section-height-default elementor-section-height-default\" data-id=\"1395e73\" data-element_type=\"section\" data-e-type=\"section\">\n\t\t\t\t\t\t<div class=\"elementor-container elementor-column-gap-default\">\n\t\t\t\t\t<div class=\"elementor-column elementor-col-100 elementor-top-column elementor-element elementor-element-3ca48f4\" data-id=\"3ca48f4\" data-element_type=\"column\" data-e-type=\"column\">\n\t\t\t<div class=\"elementor-widget-wrap elementor-element-populated\">\n\t\t\t\t\t\t<div class=\"elementor-element elementor-element-8d693b7 elementor-widget elementor-widget-heading\" data-id=\"8d693b7\" data-element_type=\"widget\" data-e-type=\"widget\" data-widget_type=\"heading.default\">\n\t\t\t\t<div class=\"elementor-widget-container\">\n\t\t\t\t\t<h2 class=\"elementor-heading-title elementor-size-default\">REGRAS DOS DEBATE<\/h2>\t\t\t\t<\/div>\n\t\t\t\t<\/div>\n\t\t\t\t\t<\/div>\n\t\t<\/div>\n\t\t\t\t\t<\/div>\n\t\t<\/section>\n\t\t\t\t<section class=\"elementor-section elementor-top-section elementor-element elementor-element-c896b6a elementor-section-boxed elementor-section-height-default elementor-section-height-default\" data-id=\"c896b6a\" data-element_type=\"section\" data-e-type=\"section\">\n\t\t\t\t\t\t<div class=\"elementor-container elementor-column-gap-default\">\n\t\t\t\t\t<div class=\"elementor-column elementor-col-100 elementor-top-column elementor-element elementor-element-b120cdd\" data-id=\"b120cdd\" data-element_type=\"column\" data-e-type=\"column\">\n\t\t\t<div class=\"elementor-widget-wrap elementor-element-populated\">\n\t\t\t\t\t\t<div class=\"elementor-element elementor-element-9c90a35 elementor-widget elementor-widget-text-editor\" data-id=\"9c90a35\" data-element_type=\"widget\" data-e-type=\"widget\" data-widget_type=\"text-editor.default\">\n\t\t\t\t<div class=\"elementor-widget-container\">\n\t\t\t\t\t\t\t\t\t<p>A Comiss\u00e3o de Consulta Pr\u00e9via, nomeada pela portaria n.\u00ba 0670\/2026 \u2013 UNIFAP, no uso de suas atribui\u00e7\u00f5es, torna p\u00fablica as regras e o calend\u00e1rio dos Debates do processo de Consulta Pr\u00e9via para escolha do Reitor(a) e Vice-Reitor(a) da Universidade Federal do Amap\u00e1, Quadri\u00eanio 2026-2030.<\/p>\t\t\t\t\t\t\t\t<\/div>\n\t\t\t\t<\/div>\n\t\t\t\t\t<\/div>\n\t\t<\/div>\n\t\t\t\t\t<\/div>\n\t\t<\/section>\n\t\t\t\t<section class=\"elementor-section elementor-top-section elementor-element elementor-element-3a46624 elementor-section-boxed elementor-section-height-default elementor-section-height-default\" data-id=\"3a46624\" data-element_type=\"section\" data-e-type=\"section\">\n\t\t\t\t\t\t<div class=\"elementor-container elementor-column-gap-default\">\n\t\t\t\t\t<div class=\"elementor-column elementor-col-100 elementor-top-column elementor-element elementor-element-b425ad2\" data-id=\"b425ad2\" data-element_type=\"column\" data-e-type=\"column\">\n\t\t\t<div class=\"elementor-widget-wrap elementor-element-populated\">\n\t\t\t\t\t\t<div class=\"elementor-element elementor-element-950984b elementor-widget elementor-widget-shortcode\" data-id=\"950984b\" data-element_type=\"widget\" data-e-type=\"widget\" data-widget_type=\"shortcode.default\">\n\t\t\t\t<div class=\"elementor-widget-container\">\n\t\t\t\t\t\t\t<div class=\"elementor-shortcode\"><div class='w3eden'><!-- WPDM Link Template: Default Template -->\n\n<div class=\"link-template-default card mb-2\">\n    <div class=\"card-body\">\n        <div class=\"media\">\n            <div class=\"mr-3 img-48\"><img decoding=\"async\" class=\"wpdm_icon\" alt=\"\u00edcone\"   src=\"https:\/\/www2.unifap.br\/consulta-previa\/wp-content\/plugins\/download-manager\/assets\/file-type-icons\/pdf.svg\" \/><\/div>\n            <div class=\"media-body\">\n                <h3 class=\"package-title\"><a href='https:\/\/www2.unifap.br\/consulta-previa\/download\/ato-complementar-n-o-002-ccp-unifap-regras-do-debate\/'>Ato Complementar n.\u00ba 002\/2026-CCP-UNIFAP \u2013 Regras do Debate<\/a><\/h3>\n                <div class=\"text-muted text-small\"><i class=\"fas fa-copy\"><\/i> 1  arquivo(s) <i class=\"fas fa-hdd ml-3\"><\/i> 150.20 KB<\/div>\n            <\/div>\n            <div class=\"ml-3\">\n                <a class='wpdm-download-link download-on-click btn btn-primary ' rel='nofollow' href='#' data-downloadurl=\"https:\/\/www2.unifap.br\/consulta-previa\/download\/ato-complementar-n-o-002-ccp-unifap-regras-do-debate\/?wpdmdl=986&refresh=69d0bb41e73d61775287105\">Download<\/a>\n            <\/div>\n        <\/div>\n    <\/div>\n<\/div>\n\n<\/div><\/div>\n\t\t\t\t\t\t<\/div>\n\t\t\t\t<\/div>\n\t\t\t\t<div class=\"elementor-element elementor-element-3f361fd elementor-widget elementor-widget-shortcode\" data-id=\"3f361fd\" data-element_type=\"widget\" data-e-type=\"widget\" data-widget_type=\"shortcode.default\">\n\t\t\t\t<div class=\"elementor-widget-container\">\n\t\t\t\t\t\t\t<div class=\"elementor-shortcode\"><div class='w3eden'><!-- WPDM Link Template: Default Template -->\n\n<div class=\"link-template-default card mb-2\">\n    <div class=\"card-body\">\n        <div class=\"media\">\n            <div class=\"mr-3 img-48\"><img decoding=\"async\" class=\"wpdm_icon\" alt=\"\u00edcone\"   src=\"https:\/\/www2.unifap.br\/consulta-previa\/wp-content\/plugins\/download-manager\/assets\/file-type-icons\/pdf.svg\" \/><\/div>\n            <div class=\"media-body\">\n                <h3 class=\"package-title\"><a href='https:\/\/www2.unifap.br\/consulta-previa\/download\/ato-complementar-n-o-004-ccp-unifap-retifica-dispositivos-de-atos-complementares\/'>Ato Complementar n.\u00ba 004-CCP-UNIFAP - Retifica dispositivos de Atos Complementares<\/a><\/h3>\n                <div class=\"text-muted text-small\"><i class=\"fas fa-copy\"><\/i> 1  arquivo(s) <i class=\"fas fa-hdd ml-3\"><\/i> 137.88 KB<\/div>\n            <\/div>\n            <div class=\"ml-3\">\n                <a class='wpdm-download-link download-on-click btn btn-primary ' rel='nofollow' href='#' data-downloadurl=\"https:\/\/www2.unifap.br\/consulta-previa\/download\/ato-complementar-n-o-004-ccp-unifap-retifica-dispositivos-de-atos-complementares\/?wpdmdl=1141&refresh=69d0bb41e9d411775287105\">Download<\/a>\n            <\/div>\n        <\/div>\n    <\/div>\n<\/div>\n\n<\/div><\/div>\n\t\t\t\t\t\t<\/div>\n\t\t\t\t<\/div>\n\t\t\t\t\t<\/div>\n\t\t<\/div>\n\t\t\t\t\t<\/div>\n\t\t<\/section>\n\t\t\t\t<section class=\"elementor-section elementor-top-section elementor-element elementor-element-5422229 elementor-section-boxed elementor-section-height-default elementor-section-height-default\" data-id=\"5422229\" data-element_type=\"section\" data-e-type=\"section\">\n\t\t\t\t\t\t<div class=\"elementor-container elementor-column-gap-default\">\n\t\t\t\t\t<div class=\"elementor-column elementor-col-100 elementor-top-column elementor-element elementor-element-1f94928\" data-id=\"1f94928\" data-element_type=\"column\" data-e-type=\"column\">\n\t\t\t<div class=\"elementor-widget-wrap elementor-element-populated\">\n\t\t\t\t\t\t<div class=\"elementor-element elementor-element-0bca1b7 elementor-widget elementor-widget-heading\" data-id=\"0bca1b7\" data-element_type=\"widget\" data-e-type=\"widget\" data-widget_type=\"heading.default\">\n\t\t\t\t<div class=\"elementor-widget-container\">\n\t\t\t\t\t<h2 class=\"elementor-heading-title elementor-size-default\">CRONOGRAMA<\/h2>\t\t\t\t<\/div>\n\t\t\t\t<\/div>\n\t\t\t\t\t<\/div>\n\t\t<\/div>\n\t\t\t\t\t<\/div>\n\t\t<\/section>\n\t\t\t\t<section class=\"elementor-section elementor-top-section elementor-element elementor-element-39c0f35 elementor-section-boxed elementor-section-height-default elementor-section-height-default\" data-id=\"39c0f35\" data-element_type=\"section\" data-e-type=\"section\">\n\t\t\t\t\t\t<div class=\"elementor-container elementor-column-gap-default\">\n\t\t\t\t\t<div class=\"elementor-column elementor-col-100 elementor-top-column elementor-element elementor-element-828ea8f\" data-id=\"828ea8f\" data-element_type=\"column\" data-e-type=\"column\">\n\t\t\t<div class=\"elementor-widget-wrap elementor-element-populated\">\n\t\t\t\t\t\t<div class=\"elementor-element elementor-element-99a54b8 elementor-widget elementor-widget-text-editor\" data-id=\"99a54b8\" data-element_type=\"widget\" data-e-type=\"widget\" data-widget_type=\"text-editor.default\">\n\t\t\t\t<div class=\"elementor-widget-container\">\n\t\t\t\t\t\t\t\t\t<p>\u00a0<\/p><table style=\"height: 353px\" width=\"418\"><tbody><tr><td rowspan=\"2\" width=\"132\"><h2 style=\"text-align: center\"><strong>Local e Data<\/strong><\/h2><\/td><td style=\"text-align: center\" width=\"137\"><h2><strong>Campus<\/strong><\/h2><h2><strong>Binacional<\/strong><\/h2><\/td><td style=\"text-align: center\" width=\"145\"><h2><strong>Campus<\/strong><\/h2><h2><strong>Marco Zero<\/strong><\/h2><\/td><\/tr><tr><td width=\"137\"><h2 style=\"text-align: center\">06\/04\/2026<\/h2><\/td><td width=\"145\"><h2 style=\"text-align: center\">14\/04\/2026<\/h2><\/td><\/tr><tr><td rowspan=\"2\" width=\"132\"><h2 style=\"text-align: center\"><strong>Turno<\/strong><\/h2><h2 style=\"text-align: center\"><strong>\u00a0Hor\u00e1rio<\/strong><\/h2><\/td><td width=\"137\"><h2 style=\"text-align: center\"><strong>Noite<\/strong><\/h2><\/td><td width=\"145\"><h2 style=\"text-align: center\"><strong>Manh\u00e3<\/strong><\/h2><\/td><\/tr><tr><td style=\"text-align: center\" width=\"137\"><h2>18hs<\/h2><\/td><td width=\"145\"><h2 style=\"text-align: center\">09hs<\/h2><\/td><\/tr><\/tbody><\/table><h2>\u00a0<\/h2>\t\t\t\t\t\t\t\t<\/div>\n\t\t\t\t<\/div>\n\t\t\t\t\t<\/div>\n\t\t<\/div>\n\t\t\t\t\t<\/div>\n\t\t<\/section>\n\t\t\t\t<section class=\"elementor-section elementor-top-section elementor-element elementor-element-b60d99c elementor-section-boxed elementor-section-height-default elementor-section-height-default\" data-id=\"b60d99c\" data-element_type=\"section\" data-e-type=\"section\">\n\t\t\t\t\t\t<div class=\"elementor-container elementor-column-gap-default\">\n\t\t\t\t\t<div class=\"elementor-column elementor-col-100 elementor-top-column elementor-element elementor-element-0101a18\" data-id=\"0101a18\" data-element_type=\"column\" data-e-type=\"column\">\n\t\t\t<div class=\"elementor-widget-wrap elementor-element-populated\">\n\t\t\t\t\t\t<div class=\"elementor-element elementor-element-93c4ff7 elementor-button-info elementor-align-left elementor-widget elementor-widget-button\" data-id=\"93c4ff7\" data-element_type=\"widget\" data-e-type=\"widget\" data-widget_type=\"button.default\">\n\t\t\t\t<div class=\"elementor-widget-container\">\n\t\t\t\t\t\t\t\t\t<div class=\"elementor-button-wrapper\">\n\t\t\t\t\t<a class=\"elementor-button elementor-button-link elementor-size-md\" href=\"https:\/\/www2.unifap.br\/consulta-previa\">\n\t\t\t\t\t\t<span class=\"elementor-button-content-wrapper\">\n\t\t\t\t\t\t<span class=\"elementor-button-icon\">\n\t\t\t\t<i aria-hidden=\"true\" class=\"fas fa-home\"><\/i>\t\t\t<\/span>\n\t\t\t\t\t\t\t\t\t<span class=\"elementor-button-text\">In\u00edcio<\/span>\n\t\t\t\t\t<\/span>\n\t\t\t\t\t<\/a>\n\t\t\t\t<\/div>\n\t\t\t\t\t\t\t\t<\/div>\n\t\t\t\t<\/div>\n\t\t\t\t\t<\/div>\n\t\t<\/div>\n\t\t\t\t\t<\/div>\n\t\t<\/section>\n\t\t\t\t<\/div>\n\t\t","protected":false},"excerpt":{"rendered":"<p>REGRAS DOS DEBATE A Comiss\u00e3o de Consulta Pr\u00e9via, nomeada pela portaria n.\u00ba 0670\/2026 \u2013 UNIFAP, no uso de suas atribui\u00e7\u00f5es, torna p\u00fablica as regras e o calend\u00e1rio dos Debates do processo de Consulta Pr\u00e9via para escolha do Reitor(a) e Vice-Reitor(a)&hellip; <\/p>\n<p><a href=\"https:\/\/www2.unifap.br\/consulta-previa\/debates\/\" class=\"readmore-button\">Continue Reading<\/a><\/p>\n","protected":false},"author":814,"featured_media":0,"parent":0,"menu_order":0,"comment_status":"closed","ping_status":"closed","template":"elementor_header_footer","meta":{"inline_featured_image":false,"ngg_post_thumbnail":0,"footnotes":""},"class_list":["post-630","page","type-page","status-publish","hentry"],"_links":{"self":[{"href":"https:\/\/www2.unifap.br\/consulta-previa\/wp-json\/wp\/v2\/pages\/630","targetHints":{"allow":["GET"]}}],"collection":[{"href":"https:\/\/www2.unifap.br\/consulta-previa\/wp-json\/wp\/v2\/pages"}],"about":[{"href":"https:\/\/www2.unifap.br\/consulta-previa\/wp-json\/wp\/v2\/types\/page"}],"author":[{"embeddable":true,"href":"https:\/\/www2.unifap.br\/consulta-previa\/wp-json\/wp\/v2\/users\/814"}],"replies":[{"embeddable":true,"href":"https:\/\/www2.unifap.br\/consulta-previa\/wp-json\/wp\/v2\/comments?post=630"}],"version-history":[{"count":18,"href":"https:\/\/www2.unifap.br\/consulta-previa\/wp-json\/wp\/v2\/pages\/630\/revisions"}],"predecessor-version":[{"id":1155,"href":"https:\/\/www2.unifap.br\/consulta-previa\/wp-json\/wp\/v2\/pages\/630\/revisions\/1155"}],"wp:attachment":[{"href":"https:\/\/www2.unifap.br\/consulta-previa\/wp-json\/wp\/v2\/media?parent=630"}],"curies":[{"name":"wp","href":"https:\/\/api.w.org\/{rel}","templated":true}]}}