{"id":1135,"date":"2018-12-05T03:10:29","date_gmt":"2018-12-05T05:10:29","guid":{"rendered":"http:\/\/www2.unifap.br\/coreme\/?page_id=1135"},"modified":"2019-11-25T19:40:10","modified_gmt":"2019-11-25T21:40:10","slug":"processos-seletivos","status":"publish","type":"page","link":"https:\/\/www2.unifap.br\/coreme\/processos-seletivos\/","title":{"rendered":"Processos Seletivos"},"content":{"rendered":"<p>Acompanhe aqui os processos seletivos realizados pela Comiss\u00e3o de Resid\u00eancia M\u00e9dica.<\/p>\n<p>&nbsp;<\/p>\n<ul>\n<li><a href=\"https:\/\/www2.unifap.br\/coreme\/processo-seletivo-da-comissao-de-residencia-medica-2020-edital-no-02-2019-coreme-unifap-hscsl\/\">Resid\u00eancia M\u00e9dica 2020<\/a><\/li>\n<li><a href=\"https:\/\/www2.unifap.br\/coreme\/processo-seletivo-da-comissao-de-residencia-medica-2019-2-edital-no-01-2019-coreme-unifap-hscsl\/\">Resid\u00eancia M\u00e9dica 2019.2<\/a><\/li>\n<li><a href=\"https:\/\/www2.unifap.br\/coreme\/processo-seletivo-da-comissao-de-residencia-medica-2019-edital-no-03-2018-coreme-unifap-hscsl\/\">Resid\u00eancia M\u00e9dica 2019<\/a><\/li>\n<\/ul>\n","protected":false},"excerpt":{"rendered":"<p>Acompanhe aqui os processos seletivos realizados pela Comiss\u00e3o de Resid\u00eancia M\u00e9dica. &nbsp; Resid\u00eancia M\u00e9dica 2020 Resid\u00eancia M\u00e9dica 2019.2 Resid\u00eancia M\u00e9dica 2019<\/p>\n","protected":false},"author":3825,"featured_media":0,"parent":0,"menu_order":0,"comment_status":"closed","ping_status":"closed","template":"","meta":{"inline_featured_image":false,"ngg_post_thumbnail":0,"footnotes":""},"class_list":["post-1135","page","type-page","status-publish","hentry","entry"],"_links":{"self":[{"href":"https:\/\/www2.unifap.br\/coreme\/wp-json\/wp\/v2\/pages\/1135","targetHints":{"allow":["GET"]}}],"collection":[{"href":"https:\/\/www2.unifap.br\/coreme\/wp-json\/wp\/v2\/pages"}],"about":[{"href":"https:\/\/www2.unifap.br\/coreme\/wp-json\/wp\/v2\/types\/page"}],"author":[{"embeddable":true,"href":"https:\/\/www2.unifap.br\/coreme\/wp-json\/wp\/v2\/users\/3825"}],"replies":[{"embeddable":true,"href":"https:\/\/www2.unifap.br\/coreme\/wp-json\/wp\/v2\/comments?post=1135"}],"version-history":[{"count":11,"href":"https:\/\/www2.unifap.br\/coreme\/wp-json\/wp\/v2\/pages\/1135\/revisions"}],"predecessor-version":[{"id":1466,"href":"https:\/\/www2.unifap.br\/coreme\/wp-json\/wp\/v2\/pages\/1135\/revisions\/1466"}],"wp:attachment":[{"href":"https:\/\/www2.unifap.br\/coreme\/wp-json\/wp\/v2\/media?parent=1135"}],"curies":[{"name":"wp","href":"https:\/\/api.w.org\/{rel}","templated":true}]}}