{"id":1181,"date":"2018-12-05T18:43:52","date_gmt":"2018-12-05T20:43:52","guid":{"rendered":"http:\/\/www2.unifap.br\/coreme\/?page_id=1181"},"modified":"2021-12-03T20:59:19","modified_gmt":"2021-12-03T22:59:19","slug":"processo-seletivo-residencia-medica-2019","status":"publish","type":"page","link":"https:\/\/www2.unifap.br\/coreme\/processo-seletivo-residencia-medica-2019\/","title":{"rendered":"Processo Seletivo de Resid\u00eancia M\u00e9dica 2019"},"content":{"rendered":"<p><span style=\"color: #000000\">Com o presente edital, a Universidade Federal do Amap\u00e1 \u2013 UNIFAP e o Hospital S\u00e3o Camilo e S\u00e3o Lu\u00eds \u2013 HSCSL, atrav\u00e9s de suas Comiss\u00f5es de Resid\u00eancia M\u00e9dica \u2013 COREMEs comunicam que estar\u00e3o abertas as inscri\u00e7\u00f5es ao Processo Seletivo 2019 para preenchimento de vagas para m\u00e9dicos residentes junto aos Programas de Resid\u00eancia M\u00e9dica com Acesso Direto, Pr\u00e9-Requisito e \u00c1rea de Atua\u00e7\u00e3o, devidamente credenciados pela Comiss\u00e3o Nacional de Resid\u00eancia M\u00e9dica (CNRM) do Minist\u00e9rio da Educa\u00e7\u00e3o (MEC).<\/span><\/p>\n<p><span style=\"color: #000000\">\u2013 Per\u00edodo de inscri\u00e7\u00e3o: Do dia 10 de dezembro de 2018, a partir das 9 horas, ao dia 19 de dezembro de 2018 at\u00e9 \u00e0s 16 horas (hor\u00e1rio de Bras\u00edlia).<\/span><\/p>\n<article class=\"editais-anexos\">\n<table id=\"table-anexos\">\n<thead>\n<tr>\n<th class=\"table-anexo-edital-id\">N\u00ba<\/th>\n<th class=\"table-anexo-edital-descr\">Descri\u00e7\u00e3o<\/th>\n<th class=\"table-anexo-edital-data\">Data<\/th>\n<th class=\"table-anexo-edital-size\">Tamanho<\/th>\n<th class=\"table-anexo-edital-icone\">Baixar<\/th>\n<\/tr>\n<\/thead>\n<tbody>\n<tr>\n<th class=\"table-anexo-edital-id\">1<\/th>\n<th class=\"table-anexo-edital-descr\"><span style=\"color: #1e803d\">EDITAL N\u00ba 03\/2018 &#8211; COREME\/UNIFAP\/HSCSL &#8211; RESID\u00caNCIA M\u00c9DICA 2019<\/span><\/th>\n<th class=\"table-anexo-edital-data\"><span style=\"color: #1e803d\">05\/12\/2018<\/span><\/th>\n<th class=\"table-anexo-edital-size\"><span style=\"color: #1e803d\">580 KB<\/span><\/th>\n<th class=\"table-anexo-edital-icone\"><span style=\"color: #fff\"><a style=\"color: #1e803d\" href=\"http:\/\/www.unifap.br\/wp-content\/themes\/oceanwp\/upload\/EDITAL-N\u00ba-03-2018-COREME-UNIFAP-HSCSL_PROCESSO-SELETIVO-DA-RESID\u00caNCIA-M\u00c9DICA-2019.pdf\" target=\"_blank\" rel=\"noopener noreferrer\">Download<\/a><\/span><\/th>\n<\/tr>\n<tr>\n<th class=\"table-anexo-edital-id\">1.1<\/th>\n<th class=\"table-anexo-edital-descr\"><span style=\"color: #1e803d\">ANEXO I &#8211; EDITAL N\u00ba 03\/2018 &#8211; COREME\/UNIFAP\/HSCSL &#8211; RESID\u00caNCIA M\u00c9DICA 2019<\/span><\/th>\n<th class=\"table-anexo-edital-data\"><span style=\"color: #1e803d\">05\/12\/2018<\/span><\/th>\n<th class=\"table-anexo-edital-size\"><span style=\"color: #1e803d\">160 KB<\/span><\/th>\n<th class=\"table-anexo-edital-icone\"><a style=\"color: #000000\" href=\"http:\/\/www.unifap.br\/wp-content\/themes\/oceanwp\/upload\/ANEXO-I.pdf\" target=\"_blank\" rel=\"noopener noreferrer\"><span style=\"color: #1e803d\">Download<\/span><\/a><\/th>\n<\/tr>\n<tr>\n<th class=\"table-anexo-edital-id\">1.2<\/th>\n<th class=\"table-anexo-edital-descr\"><span style=\"color: #1e803d\">ANEXO II &#8211; EDITAL N\u00ba 03\/2018 &#8211; COREME\/UNIFAP\/HSCSL &#8211; RESID\u00caNCIA M\u00c9DICA 2019<\/span><\/th>\n<th class=\"table-anexo-edital-data\"><span style=\"color: #1e803d\">05\/12\/2018<\/span><\/th>\n<th class=\"table-anexo-edital-size\"><span style=\"color: #1e803d\">161 KB<\/span><\/th>\n<th class=\"table-anexo-edital-icone\"><a style=\"color: #000000\" href=\"http:\/\/www.unifap.br\/wp-content\/themes\/oceanwp\/upload\/ANEXO-II.pdf\" target=\"_blank\" rel=\"noopener noreferrer\"><span style=\"color: #1e803d\">Download<\/span><\/a><\/th>\n<\/tr>\n<tr>\n<th class=\"table-anexo-edital-id\">2<\/th>\n<th class=\"table-anexo-edital-descr\"><span style=\"color: #1e803d\">RESULTADO PRELIMINAR DAS SOLICITA\u00c7\u00d5ES DE ISEN\u00c7\u00c3O &#8211; EDITAL N\u00ba 03\/2018 &#8211; COREME\/UNIFAP\/HSCSL<\/span><\/th>\n<th class=\"table-anexo-edital-data\"><span style=\"color: #1e803d\">13\/12\/2018<\/span><\/th>\n<th class=\"table-anexo-edital-size\"><span style=\"color: #1e803d\">422 KB<\/span><\/th>\n<th class=\"table-anexo-edital-icone\"><span style=\"color: #000000\"><a style=\"color: #1e803d\" href=\"http:\/\/www.unifap.br\/wp-content\/themes\/oceanwp\/upload\/RESULTADO-PRELIMINAR-DAS-SOLICITA\u00c7\u00d5ES-DE-ISEN\u00c7\u00d5ES-DA-TAXA-DE-INSCRI\u00c7\u00c3O-EDITAL-N\u00ba-03-2018-\u0096-COREME-UNIFAP-HSCSL-RESID\u00caNCIA-M\u00c9DICA-2019.pdf\" target=\"_blank\" rel=\"noopener noreferrer\">Download<\/a><\/span><\/th>\n<\/tr>\n<tr>\n<th class=\"table-anexo-edital-id\">3<\/th>\n<th class=\"table-anexo-edital-descr\"><span style=\"color: #1e803d\">RESULTADO FINAL DAS SOLICITA\u00c7\u00d5ES DE ISEN\u00c7\u00c3O &#8211; EDITAL N\u00ba 03\/2018 &#8211; COREME\/UNIFAP\/HSCSL&lt;<\/span><\/th>\n<th class=\"table-anexo-edital-data\"><span style=\"color: #1e803d\">18\/12\/2018<\/span><\/th>\n<th class=\"table-anexo-edital-size\"><span style=\"color: #1e803d\">421 KB<\/span><\/th>\n<th class=\"table-anexo-edital-icone\"><span style=\"color: #000000\"><a style=\"color: #1e803d\" href=\"http:\/\/www.unifap.br\/wp-content\/themes\/oceanwp\/upload\/RESULTADO-FINAL-DAS-SOLICITA\u00c7\u00d5ES-DE-ISEN\u00c7\u00d5ES-DA-TAXA-DE-INSCRI\u00c7\u00c3O-EDITAL-N\u00ba-03-2018-\u0096-COREME-UNIFAP-HSCSL-RESID\u00caNCIA-M\u00c9DICA-2019.pdf\" target=\"_blank\" rel=\"noopener noreferrer\">Download<\/a><\/span><\/th>\n<\/tr>\n<tr>\n<th class=\"table-anexo-edital-id\">4<\/th>\n<th class=\"table-anexo-edital-descr\"><span style=\"color: #1e803d\">RESULTADO PRELIMINAR DAS INSCRI\u00c7\u00d5ES HOMOLOGADAS &#8211; EDITAL N\u00ba 03\/2018 &#8211; COREME\/UNIFAP\/HSCSL<\/span><\/th>\n<th class=\"table-anexo-edital-data\"><span style=\"color: #1e803d\">26\/12\/2018<\/span><\/th>\n<th class=\"table-anexo-edital-size\"><span style=\"color: #1e803d\">242 KB<\/span><\/th>\n<th class=\"table-anexo-edital-icone\"><span style=\"color: #000000\"><a style=\"color: #1e803d\" href=\"http:\/\/www.unifap.br\/wp-content\/themes\/oceanwp\/upload\/RESULTADO-PRELIMINAR-DAS-INSCRI\u00c7\u00d5ES-HOMOLOGADAS-EDITAL-N\u00ba-03-2018-\u0096-COREME-UNIFAP-HSCSL-RESID\u00caNCIA-M\u00c9DICA-2019.pdf\" target=\"_blank\" rel=\"noopener noreferrer\">Download<\/a><\/span><\/th>\n<\/tr>\n<tr>\n<th class=\"table-anexo-edital-id\">5<\/th>\n<th class=\"table-anexo-edital-descr\"><span style=\"color: #1e803d\">RETIFICA\u00c7\u00c3O &#8211; EDITAL N\u00ba 03\/2018 &#8211; COREME\/UNIFAP\/HSCSL<\/span><\/th>\n<th class=\"table-anexo-edital-data\"><span style=\"color: #1e803d\">02\/01\/2019<\/span><\/th>\n<th class=\"table-anexo-edital-size\"><span style=\"color: #1e803d\">84 KB<\/span><\/th>\n<th class=\"table-anexo-edital-icone\"><a style=\"color: #000000\" href=\"http:\/\/www.unifap.br\/wp-content\/themes\/oceanwp\/upload\/RETIFICA\u00c7\u00c3O-DO-EDITAL-N\u00ba-03-2018-COREME-UNIFAP-HSCSL_-RESID\u00caNCIA-M\u00c9DICA-2019..pdf\" target=\"_blank\" rel=\"noopener noreferrer\"><span style=\"color: #1e803d\">Download<\/span><\/a><\/th>\n<\/tr>\n<tr>\n<th class=\"table-anexo-edital-id\">6<\/th>\n<th class=\"table-anexo-edital-descr\"><span style=\"color: #1e803d\">RESULTADO FINAL DAS INSCRI\u00c7\u00d5ES HOMOLOGADAS &#8211; EDITAL N\u00ba 03\/2018 &#8211; COREME\/UNIFAP\/HSCSL<\/span><\/th>\n<th class=\"table-anexo-edital-data\"><span style=\"color: #1e803d\">04\/01\/2019<\/span><\/th>\n<th class=\"table-anexo-edital-size\"><span style=\"color: #1e803d\">471 KB<\/span><\/th>\n<th class=\"table-anexo-edital-icone\"><a style=\"color: #000000\" href=\"http:\/\/www.unifap.br\/wp-content\/themes\/oceanwp\/upload\/RESULTADO-FINAL-DAS-INSCRI\u00c7\u00d5ES-HOMOLOGADAS-EDITAL-N\u00ba-03-2018-\u0096-COREME-UNIFAP-HSCSL-RESID\u00caNCIA-M\u00c9DICA-2019.pdf\" target=\"_blank\" rel=\"noopener noreferrer\"><span style=\"color: #1e803d\">Download<\/span><\/a><\/th>\n<\/tr>\n<tr>\n<th class=\"table-anexo-edital-id\">7<\/th>\n<th class=\"table-anexo-edital-descr\"><span style=\"color: #1e803d\">GABARITO DAS QUEST\u00d5ES OBJETIVAS DA PROVA DE CONHECIMENTO &#8211; EDITAL N\u00ba 03\/2018 &#8211; COREME\/UNIFAP\/HSCSL<\/span><\/th>\n<th class=\"table-anexo-edital-data\"><span style=\"color: #1e803d\">16\/01\/2019<\/span><\/th>\n<th class=\"table-anexo-edital-size\"><span style=\"color: #1e803d\">429 KB<\/span><\/th>\n<th class=\"table-anexo-edital-icone\"><a style=\"color: #000000\" href=\"http:\/\/www.unifap.br\/wp-content\/themes\/oceanwp\/upload\/GABARITO-DAS-QUEST\u00d5ES-OBJETIVAS-EDITAL-N\u00ba-03-2018-\u0096-COREME-UNIFAP-HSCSL-RESID\u00caNCIA-M\u00c9DICA-2019..pdf\" target=\"_blank\" rel=\"noopener noreferrer\"><span style=\"color: #1e803d\">Download<\/span><\/a><\/th>\n<\/tr>\n<tr>\n<th class=\"table-anexo-edital-id\">8<\/th>\n<th class=\"table-anexo-edital-descr\"><span style=\"color: #1e803d\">GABARITO DAS QUEST\u00d5ES DISCURSIVAS-CIRURGIA GERAL E \u00c1REA B\u00c1SICA-EDITAL N\u00ba 03\/2018-COREME\/UNIFAP\/HSCSL<\/span><\/th>\n<th class=\"table-anexo-edital-data\"><span style=\"color: #1e803d\">23\/01\/2019<\/span><\/th>\n<th class=\"table-anexo-edital-size\"><span style=\"color: #1e803d\">570 KB<\/span><\/th>\n<th class=\"table-anexo-edital-icone\"><span style=\"color: #000000\"><a style=\"color: #1e803d\" href=\"http:\/\/www.unifap.br\/wp-content\/themes\/oceanwp\/upload\/CIRURGIA-GERAL-E-PR\u00c9-REQUISITO-EM-\u00c1REA-CIR\u00daRGICA-B\u00c1SICA-GABARITO-DAS-QUEST\u00d5ES-DISCURSIVAS.pdf\" target=\"_blank\" rel=\"noopener noreferrer\">Download<\/a><\/span><\/th>\n<\/tr>\n<tr>\n<th class=\"table-anexo-edital-id\">8.2<\/th>\n<th class=\"table-anexo-edital-descr\"><span style=\"color: #1e803d\">GABARITO DAS QUEST\u00d5ES DISCURSIVAS-GINECOLOGIA E OBSTETR\u00cdCIA-EDITAL N\u00ba 03\/2018 -COREME\/UNIFAP\/HSCSL<\/span><\/th>\n<th class=\"table-anexo-edital-data\"><span style=\"color: #1e803d\">23\/01\/2019<\/span><\/th>\n<th class=\"table-anexo-edital-size\"><span style=\"color: #1e803d\">548 KB<\/span><\/th>\n<th class=\"table-anexo-edital-icone\"><a style=\"color: #000000\" href=\"http:\/\/www.unifap.br\/wp-content\/themes\/oceanwp\/upload\/GINECOLOGIA-E-OBSTETR\u00cdCIA-GABARITO-DAS-QUEST\u00d5ES-DISCURSIVAS.pdf\" target=\"_blank\" rel=\"noopener noreferrer\"><span style=\"color: #1e803d\">Download<\/span><\/a><\/th>\n<\/tr>\n<tr>\n<th class=\"table-anexo-edital-id\">8.3<\/th>\n<th class=\"table-anexo-edital-descr\"><span style=\"color: #1e803d\">GABARITO DAS QUEST\u00d5ES DISCURSIVAS-PEDIATRIA-EDITAL N\u00ba 03\/2018-COREME\/UNIFAP\/HSCSL<\/span><\/th>\n<th class=\"table-anexo-edital-data\"><span style=\"color: #1e803d\">23\/01\/2019<\/span><\/th>\n<th class=\"table-anexo-edital-size\"><span style=\"color: #1e803d\">455 KB<\/span><\/th>\n<th class=\"table-anexo-edital-icone\"><span style=\"color: #000000\"><a style=\"color: #1e803d\" href=\"http:\/\/www.unifap.br\/wp-content\/themes\/oceanwp\/upload\/PEDIATRIA-GABARITO-DAS-QUEST\u00d5ES-DISCURSIVAS.pdf\" target=\"_blank\" rel=\"noopener noreferrer\">Download<\/a><\/span><\/th>\n<\/tr>\n<tr>\n<th class=\"table-anexo-edital-id\">8.4<\/th>\n<th class=\"table-anexo-edital-descr\"><span style=\"color: #1e803d\">GABARITO DAS QUEST\u00d5ES DISCURSIVAS-ORTOPEDIA E TRAUMATOLOGIA-EDITAL N\u00ba 03\/2018-COREME\/UNIFAP\/HSCSL<\/span><\/th>\n<th class=\"table-anexo-edital-data\"><span style=\"color: #1e803d\">23\/01\/2019<\/span><\/th>\n<th class=\"table-anexo-edital-size\"><span style=\"color: #1e803d\">496 KB<\/span><\/th>\n<th class=\"table-anexo-edital-icone\"><a style=\"color: #000000\" href=\"http:\/\/www.unifap.br\/wp-content\/themes\/oceanwp\/upload\/ORTOPEDIA-E-TRAUMATOLOGIA-GABARITO-DAS-QUEST\u00d5ES-DISCURSIVAS.pdf\" target=\"_blank\" rel=\"noopener noreferrer\"><span style=\"color: #1e803d\">Download<\/span><\/a><\/th>\n<\/tr>\n<tr>\n<th class=\"table-anexo-edital-id\">8.5<\/th>\n<th class=\"table-anexo-edital-descr\"><span style=\"color: #1e803d\">GABARITO DAS QUEST\u00d5ES DISCURSIVAS-CL\u00cdNICA M\u00c9DICA-EDITAL N\u00ba 03\/2018-COREME\/UNIFAP\/HSCSL<\/span><\/th>\n<th class=\"table-anexo-edital-data\"><span style=\"color: #1e803d\">23\/01\/2019<\/span><\/th>\n<th class=\"table-anexo-edital-size\"><span style=\"color: #1e803d\">499 KB<\/span><\/th>\n<th class=\"table-anexo-edital-icone\"><a style=\"color: #000000\" href=\"http:\/\/www.unifap.br\/wp-content\/themes\/oceanwp\/upload\/CL\u00cdNICA-M\u00c9DICA-GABARITO-DAS-QUEST\u00d5ES-DISCURSIVAS.pdf\" target=\"_blank\" rel=\"noopener noreferrer\"><span style=\"color: #1e803d\">Download<\/span><\/a><\/th>\n<\/tr>\n<tr>\n<th class=\"table-anexo-edital-id\">8.6<\/th>\n<th class=\"table-anexo-edital-descr\"><span style=\"color: #1e803d\">GABARITO DAS QUEST\u00d5ES DISCURSIVAS-ANESTESIOLOGIA-EDITAL N\u00ba 03\/2018-COREME\/UNIFAP\/HSCSL<\/span><\/th>\n<th class=\"table-anexo-edital-data\"><span style=\"color: #1e803d\">23\/01\/2019<\/span><\/th>\n<th class=\"table-anexo-edital-size\"><span style=\"color: #1e803d\">488 KB<\/span><\/th>\n<th class=\"table-anexo-edital-icone\"><a style=\"color: #000000\" href=\"http:\/\/www.unifap.br\/wp-content\/themes\/oceanwp\/upload\/ANESTESIOLOGIA-GABARITO-DAS-QUEST\u00d5ES-DISCURSIVAS.pdf\" target=\"_blank\" rel=\"noopener noreferrer\"><span style=\"color: #1e803d\">Download<\/span><\/a><\/th>\n<\/tr>\n<tr>\n<th class=\"table-anexo-edital-id\">9<\/th>\n<th class=\"table-anexo-edital-descr\"><span style=\"color: #1e803d\">RESULTADO PRELIMINAR &#8211; EDITAL N\u00ba 03\/2018 &#8211; COREME\/UNIFAP\/HSCSL<\/span><\/th>\n<th class=\"table-anexo-edital-data\"><span style=\"color: #1e803d\">23\/01\/2019<\/span><\/th>\n<th class=\"table-anexo-edital-size\"><span style=\"color: #1e803d\">468 KB<\/span><\/th>\n<th class=\"table-anexo-edital-icone\"><span style=\"color: #000000\"><a style=\"color: #1e803d\" href=\"http:\/\/www.unifap.br\/wp-content\/themes\/oceanwp\/upload\/RESULTADO-PRELIMINAR-EDITAL-N\u00ba-03-2018-COREME-UNIFAP-HSCSL-RESID\u00caNCIA-M\u00c9DICA-2019..pdf\" target=\"_blank\" rel=\"noopener noreferrer\">Download<\/a><\/span><\/th>\n<\/tr>\n<tr>\n<th class=\"table-anexo-edital-id\">10<\/th>\n<th class=\"table-anexo-edital-descr\"><span style=\"color: #1e803d\">RESULTADO DE RECURSO &#8211; EDITAL N\u00ba 03\/2018 &#8211; COREME\/UNIFAP\/HSCSL<\/span><\/th>\n<th class=\"table-anexo-edital-data\"><span style=\"color: #1e803d\">28\/01\/2019<\/span><\/th>\n<th class=\"table-anexo-edital-size\"><span style=\"color: #1e803d\">358 KB<\/span><\/th>\n<th class=\"table-anexo-edital-icone\"><span style=\"color: #000000\"><a style=\"color: #1e803d\" href=\"http:\/\/www.unifap.br\/wp-content\/themes\/oceanwp\/upload\/RESULTADO-SOBRE-RECURSO-QUEST\u00c3O-DISCURSIVA-ORTOPEDIA-E-TRAUMATOLOGIA-EDITAL-N\u00ba-03-2018-COREME-UNIFAP-HSCSL.pdf\" target=\"_blank\" rel=\"noopener noreferrer\">Download<\/a><\/span><\/th>\n<\/tr>\n<tr>\n<th class=\"table-anexo-edital-id\">11<\/th>\n<th class=\"table-anexo-edital-descr\"><span style=\"color: #1e803d\">RESULTADO FINAL &#8211; EDITAL N\u00ba 03\/2018 &#8211; COREME\/UNIFAP\/HSCSL<\/span><\/th>\n<th class=\"table-anexo-edital-data\"><span style=\"color: #1e803d\">29\/01\/2019<\/span><\/th>\n<th class=\"table-anexo-edital-size\"><span style=\"color: #1e803d\">268 KB<\/span><\/th>\n<th class=\"table-anexo-edital-icone\"><a style=\"color: #000000\" href=\"http:\/\/www.unifap.br\/wp-content\/themes\/oceanwp\/upload\/RESULTADO-FINAL-EDITAL-N\u00ba-03-2018-COREME-UNIFAP-HSCSL-RESID\u00caNCIA-M\u00c9DICA-2019....pdf\" target=\"_blank\" rel=\"noopener noreferrer\"><span style=\"color: #1e803d\">Download<\/span><\/a><\/th>\n<\/tr>\n<\/tbody>\n<\/table>\n<\/article>\n<p>Acompanhe o Processo Seletivo da Resid\u00eancia M\u00e9dica 2019 \u2013 Edital N\u00ba 03\/2018-COREME\/UNIFAP tamb\u00e9m clicando <a href=\"http:\/\/www.unifap.br\/editais\/processo-seletivo-da-comissao-de-residencia-medica-2019-edital-no-03-2018-coreme-unifap-hscsl\/\" target=\"_blank\" rel=\"noopener noreferrer\"><b>AQUI<\/b><\/a>.<\/p>\n","protected":false},"excerpt":{"rendered":"<p>Com o presente edital, a Universidade Federal do Amap\u00e1 \u2013 UNIFAP e o Hospital S\u00e3o Camilo e S\u00e3o Lu\u00eds \u2013 HSCSL, atrav\u00e9s de suas Comiss\u00f5es de Resid\u00eancia M\u00e9dica \u2013 COREMEs comunicam que estar\u00e3o abertas as inscri\u00e7\u00f5es ao Processo Seletivo 2019 para preenchimento de vagas para m\u00e9dicos residentes junto aos Programas de Resid\u00eancia M\u00e9dica com Acesso&#8230;<\/p>\n","protected":false},"author":3825,"featured_media":0,"parent":0,"menu_order":0,"comment_status":"closed","ping_status":"closed","template":"","meta":{"inline_featured_image":false,"ngg_post_thumbnail":0,"footnotes":""},"class_list":["post-1181","page","type-page","status-publish","hentry","entry"],"_links":{"self":[{"href":"https:\/\/www2.unifap.br\/coreme\/wp-json\/wp\/v2\/pages\/1181","targetHints":{"allow":["GET"]}}],"collection":[{"href":"https:\/\/www2.unifap.br\/coreme\/wp-json\/wp\/v2\/pages"}],"about":[{"href":"https:\/\/www2.unifap.br\/coreme\/wp-json\/wp\/v2\/types\/page"}],"author":[{"embeddable":true,"href":"https:\/\/www2.unifap.br\/coreme\/wp-json\/wp\/v2\/users\/3825"}],"replies":[{"embeddable":true,"href":"https:\/\/www2.unifap.br\/coreme\/wp-json\/wp\/v2\/comments?post=1181"}],"version-history":[{"count":38,"href":"https:\/\/www2.unifap.br\/coreme\/wp-json\/wp\/v2\/pages\/1181\/revisions"}],"predecessor-version":[{"id":1825,"href":"https:\/\/www2.unifap.br\/coreme\/wp-json\/wp\/v2\/pages\/1181\/revisions\/1825"}],"wp:attachment":[{"href":"https:\/\/www2.unifap.br\/coreme\/wp-json\/wp\/v2\/media?parent=1181"}],"curies":[{"name":"wp","href":"https:\/\/api.w.org\/{rel}","templated":true}]}}