{"id":1343,"date":"2019-10-24T18:59:04","date_gmt":"2019-10-24T21:59:04","guid":{"rendered":"http:\/\/www2.unifap.br\/coreme\/?page_id=1343"},"modified":"2021-12-03T19:36:42","modified_gmt":"2021-12-03T21:36:42","slug":"processo-seletivo-residencia-medica-2020","status":"publish","type":"page","link":"https:\/\/www2.unifap.br\/coreme\/processo-seletivo-residencia-medica-2020\/","title":{"rendered":"Processo Seletivo de Resid\u00eancia M\u00e9dica 2020"},"content":{"rendered":"<p><img fetchpriority=\"high\" decoding=\"async\" class=\"size-medium wp-image-1302 alignleft\" src=\"http:\/\/www2.unifap.br\/coreme\/files\/2019\/11\/Destaque-1-2-300x201.png\" alt=\"\" width=\"300\" height=\"201\" srcset=\"https:\/\/www2.unifap.br\/coreme\/files\/2019\/11\/Destaque-1-2-300x201.png 300w, https:\/\/www2.unifap.br\/coreme\/files\/2019\/11\/Destaque-1-2-768x515.png 768w, https:\/\/www2.unifap.br\/coreme\/files\/2019\/11\/Destaque-1-2-1024x687.png 1024w\" sizes=\"(max-width: 300px) 100vw, 300px\" \/>Com o presente edital, a <b>Universidade Federal do Amap\u00e1 \u2013 UNIFAP<\/b> e o <b>Hospital S\u00e3o Camilo e S\u00e3o Lu\u00eds \u2013 HSCSL<\/b>, atrav\u00e9s de suas Comiss\u00f5es de Resid\u00eancia M\u00e9dica \u2013 COREMEs, comunicam que estar\u00e3o abertas as inscri\u00e7\u00f5es ao <b> Processo Seletivo 2020 <\/b> para preenchimento de vagas para m\u00e9dicos residentes junto aos <b>Programas de Resid\u00eancia M\u00e9dica<\/b> com Acesso Direto, Pr\u00e9-Requisito e \u00c1rea de Atua\u00e7\u00e3o, devidamente credenciados pela Comiss\u00e3o Nacional de Resid\u00eancia M\u00e9dica (CNRM) do Minist\u00e9rio da Educa\u00e7\u00e3o (MEC).<\/p>\n<div class=\"clearfix entry-content\">\n<p><b>\u2013 Per\u00edodo de inscri\u00e7\u00e3o:<\/b> De 28 de outubro a 08 de dezembro de 2019.<\/p>\n<\/div>\n<article class=\"editais-anexos\">\n<table id=\"table-anexos\">\n<thead>\n<tr>\n<th class=\"table-anexo-edital-id\">N\u00ba<\/th>\n<th class=\"table-anexo-edital-descr\">Descri\u00e7\u00e3o<\/th>\n<th class=\"table-anexo-edital-data\">Data<\/th>\n<th class=\"table-anexo-edital-size\">Tamanho<\/th>\n<th class=\"table-anexo-edital-icone\">&nbsp;&nbsp;&nbsp;&nbsp;&nbsp;&nbsp;&nbsp;Baixar&nbsp;&nbsp;&nbsp;&nbsp;&nbsp;&nbsp;&nbsp;&nbsp;<\/th>\n<\/tr>\n<\/thead>\n<tbody>\n<tr>\n<td class=\"table-anexo-edital-id\">1<\/td>\n<td class=\"table-anexo-edital-descr\">EDITAL<\/td>\n<td class=\"table-anexo-edital-data\">24\/10\/2019<\/td>\n<td class=\"table-anexo-edital-size\">852 KB<\/td>\n<th class=\"table-anexo-edital-icone\"><a style=\"color: #1e803d\" href=\"http:\/\/www2.unifap.br\/coreme\/files\/2019\/10\/EDITAL-N\u00ba-02-2019-COREME-UNIFAP-HSCSL_-RESID\u00caNCIA-M\u00c9DICA-2020.pdf\" target=\"_blank\" rel=\"noopener noreferrer\">Confira Aqui<\/a><\/th>\n<\/tr>\n<tr>\n<td class=\"table-anexo-edital-id\">1.1<\/td>\n<td class=\"table-anexo-edital-descr\">ANEXO I<\/td>\n<td class=\"table-anexo-edital-data\">24\/10\/2019<\/td>\n<td class=\"table-anexo-edital-size\">296 KB<\/td>\n<th class=\"table-anexo-edital-icone\"><a style=\"color: #1e803d\" href=\"http:\/\/www2.unifap.br\/coreme\/files\/2019\/10\/ANEXO-I-EDITAL-N\u00ba-02-2019-\u2013-COREME-UNIFAP-HSCSL-RESID\u00caNCIA-M\u00c9DICA-2020.pdf\" target=\"_blank\" rel=\"noopener noreferrer\">Confira Aqui<\/a><\/th>\n<\/tr>\n<tr>\n<td class=\"table-anexo-edital-id\">1.2<\/td>\n<td class=\"table-anexo-edital-descr\">ANEXO II<\/td>\n<td class=\"table-anexo-edital-data\">24\/10\/2019<\/td>\n<td class=\"table-anexo-edital-size\">297 KB<\/td>\n<th class=\"table-anexo-edital-icone\"><a style=\"color: #1e803d\" href=\"http:\/\/www2.unifap.br\/coreme\/files\/2019\/10\/ANEXO-II-EDITAL-N\u00ba-02-2019-\u2013-COREME-UNIFAP-HSCSL-RESID\u00caNCIA-M\u00c9DICA-2020.pdf\" target=\"_blank\" rel=\"noopener noreferrer\">Confira Aqui<\/a><\/th>\n<\/tr>\n<tr>\n<td class=\"table-anexo-edital-id\">2<\/td>\n<td class=\"table-anexo-edital-descr\">RESULTADO DAS SOLICITA\u00c7\u00d5ES DE ISEN\u00c7\u00c3O DA TAXA DE INSCRI\u00c7\u00c3O<\/td>\n<td class=\"table-anexo-edital-data\">06\/11\/2019<\/td>\n<td class=\"table-anexo-edital-size\">411 KB<\/td>\n<th class=\"table-anexo-edital-icone\"><a href=\"http:\/\/www2.unifap.br\/coreme\/files\/2019\/11\/RESULTADO-DAS-SOLICITA\u00c7\u00d5ES-DE-ISEN\u00c7\u00d5ES-DA-TAXA-DE-INSCRI\u00c7\u00c3O-EDITAL-N\u00ba-02-2019-COREME-UNIFAP-HSCSL-RESID\u00caNCIA-M\u00c9DICA-2020.pdf\"><span style=\"color: #1e803d\">Confira Aqui<\/span><\/a><\/th>\n<\/tr>\n<tr>\n<td class=\"table-anexo-edital-id\">3<\/td>\n<td class=\"table-anexo-edital-descr\">RESULTADO PRELIMINAR DAS INSCRI\u00c7\u00d5ES HOMOLOGADAS<\/td>\n<td class=\"table-anexo-edital-data\">16\/12\/2019<\/td>\n<td class=\"table-anexo-edital-size\">465 KB<\/td>\n<th class=\"table-anexo-edital-icone\"><a href=\"http:\/\/www2.unifap.br\/coreme\/files\/2019\/12\/Resultado-Preliminar-das-Inscri\u00e7\u00f5es-Homologadas-Edital-N\u00ba-02-2019-\u2013-Coreme-Unifap-Hscsl-Resid\u00eancia-M\u00e9dica-2020.pdf\"><span style=\"color: #1e803d\">Confira Aqui<\/span><\/a><\/th>\n<\/tr>\n<tr>\n<td class=\"table-anexo-edital-id\">4<\/td>\n<td class=\"table-anexo-edital-descr\">RESULTADO FINAL DAS INSCRI\u00c7\u00d5ES HOMOLOGADAS<\/td>\n<td class=\"table-anexo-edital-data\">19\/12\/2019<\/td>\n<td class=\"table-anexo-edital-size\">123 KB<\/td>\n<th class=\"table-anexo-edital-icone\"><a href=\"http:\/\/www2.unifap.br\/coreme\/files\/2019\/12\/Resultado-Final-das-Inscri\u00e7\u00f5es-Homologadas-Edital-N\u00ba-02-2019-\u2013-Coreme-Unifap-Hscsl-Resid\u00eancia-M\u00e9dica-2020.pdf\"><span style=\"color: #1e803d\">Confira Aqui<\/span><\/a><\/th>\n<\/tr>\n<tr>\n<td class=\"table-anexo-edital-id\">5<\/td>\n<td class=\"table-anexo-edital-descr\">GABARITO DAS QUEST\u00d5ES OBJETIVAS DA PROVA DE CONHECIMENTO<\/td>\n<td class=\"table-anexo-edital-data\">10\/01\/2020<\/td>\n<td class=\"table-anexo-edital-size\">422 KB<\/td>\n<th class=\"table-anexo-edital-icone\"><a href=\"http:\/\/www2.unifap.br\/coreme\/files\/2019\/10\/GABARITO-DAS-QUEST\u00d5ES-OBJETIVAS-DA-PROVA-DE-CONHECIMENTO-EDITAL-N\u00ba-02-2019-\u2013-COREME-UNIFAP-HSCSL.pdf\"><span style=\"color: #1e803d\">Confira Aqui<\/span><\/a><\/th>\n<\/tr>\n<tr>\n<td class=\"table-anexo-edital-id\">6<\/td>\n<td class=\"table-anexo-edital-descr\">RESULTADO PRELIMINAR DA PROVA DE CONHECIMENTO&nbsp;<\/td>\n<td class=\"table-anexo-edital-data\">20\/01\/2020<\/td>\n<td class=\"table-anexo-edital-size\">474 KB<\/td>\n<th class=\"table-anexo-edital-icone\"><a href=\"http:\/\/www2.unifap.br\/coreme\/files\/2020\/01\/Resultado-Preliminar-Edital-N\u00ba-02-2019-Coreme-Unifap-HSCSL-Resid\u00eancia-M\u00e9dica-2020.pdf\"><span style=\"color: #1e803d\">Confira Aqui<\/span><\/a><\/th>\n<\/tr>\n<tr>\n<td class=\"table-anexo-edital-id\">7<\/td>\n<td class=\"table-anexo-edital-descr\">RESULTADO FINAL<\/td>\n<td class=\"table-anexo-edital-data\">23\/01\/2020<\/td>\n<td class=\"table-anexo-edital-size\">490 KB<\/td>\n<th class=\"table-anexo-edital-icone\"><a href=\"http:\/\/www2.unifap.br\/coreme\/files\/2020\/01\/Resultado-Final-Edital-N\u00ba-02-2019-Coreme-Unifap-HSCSL-Resid\u00eancia-M\u00e9dica-2020-A1.pdf\"><span style=\"color: #1e803d\">Confira Aqui<\/span><\/a><\/th>\n<\/tr>\n<tr>\n<td class=\"table-anexo-edital-id\">8<\/td>\n<td class=\"table-anexo-edital-descr\">1\u00aa RETIFICA\u00c7\u00c3O<\/td>\n<td class=\"table-anexo-edital-data\">27\/01\/2020<\/td>\n<td class=\"table-anexo-edital-size\">460 KB<\/td>\n<th class=\"table-anexo-edital-icone\"><a href=\"http:\/\/www2.unifap.br\/coreme\/files\/2020\/02\/Retifica\u00e7\u00e3o-Edital-N\u00ba-02-2019-Coreme-Unifap-Hscsl-Resid\u00eancia-M\u00e9dica-2020.pdf\"><span style=\"color: #1e803d\">Confira Aqui<\/span><\/a><\/th>\n<\/tr>\n<tr>\n<td class=\"table-anexo-edital-id\">9<\/td>\n<td class=\"table-anexo-edital-descr\">1\u00aa CONVOCA\u00c7\u00c3O PARA MATR\u00cdCULA DOS APROVADOS\/N\u00c3O CLASSIFICADOS<\/td>\n<td class=\"table-anexo-edital-data\">12\/02\/2020<\/td>\n<td class=\"table-anexo-edital-size\">431 KB<\/td>\n<th class=\"table-anexo-edital-icone\"><a href=\"http:\/\/www2.unifap.br\/coreme\/files\/2020\/02\/Convoca\u00e7\u00e3o-para-matr\u00edcula-vagas-remanescentes-Edital-N\u00ba-02-2019-Coreme-Unifap-Hscsl-Resid\u00eancia-M\u00e9dica-2020.pdf\"><span style=\"color: #1e803d\">Confira Aqui<\/span><\/a><\/th>\n<\/tr>\n<tr>\n<td class=\"table-anexo-edital-id\">10<\/td>\n<td class=\"table-anexo-edital-descr\">2\u00aa CONVOCA\u00c7\u00c3O PARA MATR\u00cdCULA DOS APROVADOS\/N\u00c3O CLASSIFICADOS<\/td>\n<td class=\"table-anexo-edital-data\">21\/02\/2020<\/td>\n<td class=\"table-anexo-edital-size\">430 KB<\/td>\n<th class=\"table-anexo-edital-icone\"><a href=\"http:\/\/www2.unifap.br\/coreme\/files\/2021\/08\/2CONVO1.pdf\"><span style=\"color: #1e803d\">Confira Aqui<\/span><\/a><\/th>\n<\/tr>\n<tr>\n<td class=\"table-anexo-edital-id\">11<\/td>\n<td class=\"table-anexo-edital-descr\">3\u00aa CONVOCA\u00c7\u00c3O PARA MATR\u00cdCULA DOS APROVADOS\/N\u00c3O CLASSIFICADOS<\/td>\n<td class=\"table-anexo-edital-data\">12\/03\/2020<\/td>\n<td class=\"table-anexo-edital-size\">432 KB<\/td>\n<th class=\"table-anexo-edital-icone\"><a href=\"http:\/\/www2.unifap.br\/coreme\/files\/2021\/08\/3CONVO1.pdf\"><span style=\"color: #1e803d\">Confira Aqui<\/span><\/a><\/th>\n<\/tr>\n<\/tbody>\n<\/table>\n<\/article>\n<p>Acompanhe o Processo Seletivo da Resid\u00eancia M\u00e9dica 2020 \u2013 Edital N\u00ba 02\/2019-COREME\/UNIFAP\/HSCSL tamb\u00e9m clicando&nbsp;<a href=\"http:\/\/www.unifap.br\/editais\/processo-seletivo-da-comissao-de-residencia-medica-2020-edital-no-02-2019-coreme-unifap-hscsl\/\"><b><span style=\"color: #1e803d\">AQUI<\/span><\/b><\/a>.<\/p>\n<p>Cr\u00e9dito Imagem: Assesp\/Unifap<\/p>\n","protected":false},"excerpt":{"rendered":"<p>Com o presente edital, a Universidade Federal do Amap\u00e1 \u2013 UNIFAP e o Hospital S\u00e3o Camilo e S\u00e3o Lu\u00eds \u2013 HSCSL, atrav\u00e9s de suas Comiss\u00f5es de Resid\u00eancia M\u00e9dica \u2013 COREMEs, comunicam que estar\u00e3o abertas as inscri\u00e7\u00f5es ao Processo Seletivo 2020 para preenchimento de vagas para m\u00e9dicos residentes junto aos Programas de Resid\u00eancia M\u00e9dica com Acesso&#8230;<\/p>\n","protected":false},"author":3825,"featured_media":0,"parent":0,"menu_order":0,"comment_status":"closed","ping_status":"closed","template":"","meta":{"inline_featured_image":false,"ngg_post_thumbnail":0,"footnotes":""},"class_list":["post-1343","page","type-page","status-publish","hentry","entry"],"_links":{"self":[{"href":"https:\/\/www2.unifap.br\/coreme\/wp-json\/wp\/v2\/pages\/1343","targetHints":{"allow":["GET"]}}],"collection":[{"href":"https:\/\/www2.unifap.br\/coreme\/wp-json\/wp\/v2\/pages"}],"about":[{"href":"https:\/\/www2.unifap.br\/coreme\/wp-json\/wp\/v2\/types\/page"}],"author":[{"embeddable":true,"href":"https:\/\/www2.unifap.br\/coreme\/wp-json\/wp\/v2\/users\/3825"}],"replies":[{"embeddable":true,"href":"https:\/\/www2.unifap.br\/coreme\/wp-json\/wp\/v2\/comments?post=1343"}],"version-history":[{"count":17,"href":"https:\/\/www2.unifap.br\/coreme\/wp-json\/wp\/v2\/pages\/1343\/revisions"}],"predecessor-version":[{"id":1811,"href":"https:\/\/www2.unifap.br\/coreme\/wp-json\/wp\/v2\/pages\/1343\/revisions\/1811"}],"wp:attachment":[{"href":"https:\/\/www2.unifap.br\/coreme\/wp-json\/wp\/v2\/media?parent=1343"}],"curies":[{"name":"wp","href":"https:\/\/api.w.org\/{rel}","templated":true}]}}