{"id":1452,"date":"2019-02-01T18:17:20","date_gmt":"2019-02-01T20:17:20","guid":{"rendered":"http:\/\/www2.unifap.br\/coreme\/?page_id=1452"},"modified":"2021-12-03T19:41:23","modified_gmt":"2021-12-03T21:41:23","slug":"processo-seletivo-residencia-medica-2019-2","status":"publish","type":"page","link":"https:\/\/www2.unifap.br\/coreme\/processo-seletivo-residencia-medica-2019-2\/","title":{"rendered":"Processo Seletivo de Resid\u00eancia M\u00e9dica 2019 &#8211; Vagas Remanescentes"},"content":{"rendered":"<p>Com o presente edital, a Universidade Federal do Amap\u00e1 \u2013 UNIFAP e o Hospital S\u00e3o Camilo e S\u00e3o Lu\u00eds \u2013 HSCSL, atrav\u00e9s de suas Comiss\u00f5es de Resid\u00eancia M\u00e9dica &#8211; COREMEs comunicam que estar\u00e3o abertas as inscri\u00e7\u00f5es ao Processo Seletivo 2019.2 para preenchimento de vagas remanescentes de m\u00e9dicos residentes junto aos Programas de Resid\u00eancia M\u00e9dica com Acesso Direto, Pr\u00e9-Requisito e \u00c1rea de Atua\u00e7\u00e3o, devidamente credenciados pela Comiss\u00e3o Nacional de Resid\u00eancia M\u00e9dica (CNRM) do Minist\u00e9rio da Educa\u00e7\u00e3o (MEC), segundo os crit\u00e9rios abaixo.<\/p>\n<p>\u2013 Per\u00edodo de inscri\u00e7\u00e3o: Do dia 04 de fevereiro de 2019, a partir das 9 horas, ao dia 18 de fevereiro de 2019 at\u00e9 \u00e0s 16 horas (hor\u00e1rio de Bras\u00edlia).<\/p>\n<article class=\"editais-anexos\">\n<table id=\"table-anexos\">\n<thead>\n<tr>\n<th class=\"table-anexo-edital-id\">N\u00ba<\/th>\n<th class=\"table-anexo-edital-descr\">Descri\u00e7\u00e3o<\/th>\n<th class=\"table-anexo-edital-data\">Data<\/th>\n<th class=\"table-anexo-edital-size\">Tamanho<\/th>\n<th class=\"table-anexo-edital-icone\">Baixar<\/th>\n<\/tr>\n<\/thead>\n<tbody>\n<tr>\n<th class=\"table-anexo-edital-id\">1<\/th>\n<th class=\"table-anexo-edital-descr\"><span style=\"color: #1e803d\">EDITAL N\u00ba 01\/2019 &#8211; COREME\/UNIFAP\/HSCSL &#8211; RESID\u00caNCIA M\u00c9DICA 2019.2<\/span><\/th>\n<th class=\"table-anexo-edital-data\"><span style=\"color: #1e803d\">01\/02\/2019<\/span><\/th>\n<th class=\"table-anexo-edital-size\"><span style=\"color: #1e803d\">646 KB<\/span><\/th>\n<th class=\"table-anexo-edital-icone\"><span style=\"color: #fff\"><a style=\"color: #1e803d\" href=\"http:\/\/www2.unifap.br\/coreme\/files\/2019\/11\/EDITAL-N\u00ba-01-2019-COREME-UNIFAP-HSCSL_-RESID\u00caNCIA-M\u00c9DICA-2019.2.pdf\" target=\"_blank\" rel=\"noopener noreferrer\">Download<\/a><\/span><\/th>\n<\/tr>\n<tr>\n<th class=\"table-anexo-edital-id\">1.1<\/th>\n<th class=\"table-anexo-edital-descr\"><span style=\"color: #1e803d\">ANEXO I &#8211; EDITAL N\u00ba 01\/2019 &#8211; COREME\/UNIFAP\/HSCSL &#8211; RESID\u00caNCIA M\u00c9DICA 2019.2<\/span><\/th>\n<th class=\"table-anexo-edital-data\"><span style=\"color: #1e803d\">01\/02\/2019<\/span><\/th>\n<th class=\"table-anexo-edital-size\"><span style=\"color: #1e803d\">160 KB<\/span><\/th>\n<th class=\"table-anexo-edital-icone\"><a style=\"color: #000000\" href=\"http:\/\/www2.unifap.br\/coreme\/files\/2019\/11\/ANEXO-I-EDITAL-N\u00ba-01-2019-_-COREME-UNIFAP-HSCSL-RESID\u00caNCIA-M\u00c9DICA-2019.2.pdf\" target=\"_blank\" rel=\"noopener noreferrer\"><span style=\"color: #1e803d\">Download<\/span><\/a><\/th>\n<\/tr>\n<tr>\n<th class=\"table-anexo-edital-id\">1.2<\/th>\n<th class=\"table-anexo-edital-descr\"><span style=\"color: #1e803d\">ANEXO II &#8211; EDITAL N\u00ba 01\/2019 &#8211; COREME\/UNIFAP\/HSCSL &#8211; RESID\u00caNCIA M\u00c9DICA 2019.2<\/span><\/th>\n<th class=\"table-anexo-edital-data\"><span style=\"color: #1e803d\">01\/02\/2019<\/span><\/th>\n<th class=\"table-anexo-edital-size\"><span style=\"color: #1e803d\">161 KB<\/span><\/th>\n<th class=\"table-anexo-edital-icone\"><a style=\"color: #000000\" href=\"http:\/\/www2.unifap.br\/coreme\/files\/2019\/11\/ANEXO-II-EDITAL-N\u00ba-01-2019-_-COREME-UNIFAP-HSCSL-RESID\u00caNCIA-M\u00c9DICA-2019.2.pdf\" target=\"_blank\" rel=\"noopener noreferrer\"><span style=\"color: #1e803d\">Download<\/span><\/a><\/th>\n<\/tr>\n<tr>\n<th class=\"table-anexo-edital-id\">2<\/th>\n<th class=\"table-anexo-edital-descr\"><span style=\"color: #1e803d\">1\u00aa RETIFICA\u00c7\u00c3O &#8211; EDITAL N\u00ba 01\/2019 &#8211; COREME\/UNIFAP\/HSCSL<\/span><\/th>\n<th class=\"table-anexo-edital-data\"><span style=\"color: #1e803d\">22\/02\/2019<\/span><\/th>\n<th class=\"table-anexo-edital-size\"><span style=\"color: #1e803d\">315 KB<\/span><\/th>\n<th class=\"table-anexo-edital-icone\"><span style=\"color: #000000\"><a style=\"color: #1e803d\" href=\"http:\/\/www2.unifap.br\/coreme\/files\/2019\/11\/1\u00aa-RETIFICA\u00c7\u00c3O-DO-EDITAL-N\u00ba-01-2019-COREME-UNIFAP-HSCSL_-RESID\u00caNCIA-M\u00c9DICA-2019.2.pdf\" target=\"_blank\" rel=\"noopener noreferrer\">Download<\/a><\/span><\/th>\n<\/tr>\n<tr>\n<th class=\"table-anexo-edital-id\">3<\/th>\n<th class=\"table-anexo-edital-descr\"><span style=\"color: #1e803d\">RESULTADO PRELIMINAR DAS INSCRI\u00c7\u00d5ES HOMOLOGADAS &#8211; EDITAL N\u00ba 01\/2019 &#8211; COREME\/UNIFAP\/HSCSL<\/span><\/th>\n<th class=\"table-anexo-edital-data\"><span style=\"color: #1e803d\">25\/02\/2019<\/span><\/th>\n<th class=\"table-anexo-edital-size\"><span style=\"color: #1e803d\">439 KB<\/span><\/th>\n<th class=\"table-anexo-edital-icone\"><span style=\"color: #000000\"><a style=\"color: #1e803d\" href=\"http:\/\/www2.unifap.br\/coreme\/files\/2019\/11\/COREME-2019-2_RESULTADO-PRELIMINAR_HOMOLOGACAO-DAS-INSCRICOES.pdf\" target=\"_blank\" rel=\"noopener noreferrer\">Download<\/a><\/span><\/th>\n<\/tr>\n<tr>\n<th class=\"table-anexo-edital-id\">4<\/th>\n<th class=\"table-anexo-edital-descr\"><span style=\"color: #1e803d\">RESULTADO FINAL DAS INSCRI\u00c7\u00d5ES HOMOLOGADAS &#8211; EDITAL N\u00ba 01\/2019 &#8211; COREME\/UNIFAP\/HSCSL<\/span><\/th>\n<th class=\"table-anexo-edital-data\"><span style=\"color: #1e803d\">27\/02\/2019<\/span><\/th>\n<th class=\"table-anexo-edital-size\"><span style=\"color: #1e803d\">199 KB<\/span><\/th>\n<th class=\"table-anexo-edital-icone\"><a style=\"color: #000000\" href=\"http:\/\/www2.unifap.br\/coreme\/files\/2019\/02\/RESULTADO-FINAL-DAS-INSCRI\u00c7\u00d5ES-HOMOLOGA\u00c7\u00d5ES-EDITAL-N\u00ba-01-2019.2.pdf\" target=\"_blank\" rel=\"noopener noreferrer\"><span style=\"color: #1e803d\">Download<\/span><\/a><\/th>\n<\/tr>\n<tr>\n<th class=\"table-anexo-edital-id\">5<\/th>\n<th class=\"table-anexo-edital-descr\"><span style=\"color: #1e803d\">LOCAL DA PROVA DE CONHECIMENTO &#8211; EDITAL N\u00ba 01\/2019 &#8211; COREME\/UNIFAP\/HSCSL<\/span><\/th>\n<th class=\"table-anexo-edital-data\"><span style=\"color: #1e803d\">01\/03\/2019<\/span><\/th>\n<th class=\"table-anexo-edital-size\"><span style=\"color: #1e803d\">127 KB<\/span><\/th>\n<th class=\"table-anexo-edital-icone\"><a style=\"color: #000000\" href=\"http:\/\/www2.unifap.br\/coreme\/files\/2019\/11\/LOCAL-DA-PROVA-DE-CONHECIMENTO-EDITAL-N\u00ba-01-2019-COREME-UNIFAP-HSCSL_RESIDENCIA-MEDICA-2019.2.pdf\" target=\"_blank\" rel=\"noopener noreferrer\"><span style=\"color: #1e803d\">Download<\/span><\/a><\/th>\n<\/tr>\n<tr>\n<th class=\"table-anexo-edital-id\">6<\/th>\n<th class=\"table-anexo-edital-descr\"><span style=\"color: #1e803d\">GABARITO DAS QUEST\u00d5ES OBJETIVAS DA PROVA DE CONHECIMENTO &#8211; EDITAL N\u00ba 01\/2019 &#8211; COREME\/UNIFAP\/HSCSL<\/span><\/th>\n<th class=\"table-anexo-edital-data\"><span style=\"color: #1e803d\">08\/03\/2019<\/span><\/th>\n<th class=\"table-anexo-edital-size\"><span style=\"color: #1e803d\">293 KB<\/span><\/th>\n<th class=\"table-anexo-edital-icone\"><a style=\"color: #000000\" href=\"http:\/\/www2.unifap.br\/coreme\/files\/2019\/11\/GABARITO-DAS-QUEST\u00d5ES-OBJETIVAS-DA-PROVA-DE-CONHECIMENTO-EDITAL-N\u00ba-01-2019-_-COREME-UNIFAP-HSCSL.pdf\" target=\"_blank\" rel=\"noopener noreferrer\"><span style=\"color: #1e803d\">Download<\/span><\/a><\/th>\n<\/tr>\n<tr>\n<th class=\"table-anexo-edital-id\">7<\/th>\n<th class=\"table-anexo-edital-descr\"><span style=\"color: #1e803d\">RESULTADO PRELIMINAR &#8211; EDITAL N\u00ba 01\/2019 &#8211; COREME\/UNIFAP\/HSCSL<\/span><\/th>\n<th class=\"table-anexo-edital-data\"><span style=\"color: #1e803d\">13\/03\/2019<\/span><\/th>\n<th class=\"table-anexo-edital-size\"><span style=\"color: #1e803d\">284 KB<\/span><\/th>\n<th class=\"table-anexo-edital-icone\"><span style=\"color: #000000\"><a style=\"color: #1e803d\" href=\"http:\/\/www2.unifap.br\/coreme\/files\/2019\/11\/RESULTADO-PRELIMINAR-EDITAL-N\u00ba-01-2019-COREME-UNIFAP-HSCSL-RESID\u00caNCIA-M\u00c9DICA-2019.2.pdf\" target=\"_blank\" rel=\"noopener noreferrer\">Download<\/a><\/span><\/th>\n<\/tr>\n<tr>\n<th class=\"table-anexo-edital-id\">8<\/th>\n<th class=\"table-anexo-edital-descr\"><span style=\"color: #1e803d\">RESULTADO FINAL &#8211; EDITAL N\u00ba 01\/2019 &#8211; COREME\/UNIFAP\/HSCSL<\/span><\/th>\n<th class=\"table-anexo-edital-data\"><span style=\"color: #1e803d\">18\/03\/2019<\/span><\/th>\n<th class=\"table-anexo-edital-size\"><span style=\"color: #1e803d\">72 KB<\/span><\/th>\n<th class=\"table-anexo-edital-icone\"><a style=\"color: #000000\" href=\"http:\/\/www2.unifap.br\/coreme\/files\/2019\/11\/RESULTADO-FINAL-EDITAL-N\u00ba-01-2019-COREME-UNIFAP-HSCSL-RESID\u00caNCIA-M\u00c9DICA-2019.2.pdf\" target=\"_blank\" rel=\"noopener noreferrer\"><span style=\"color: #1e803d\">Download<\/span><\/a><\/th>\n<\/tr>\n<\/tbody>\n<\/table>\n<\/article>\n","protected":false},"excerpt":{"rendered":"<p>Com o presente edital, a Universidade Federal do Amap\u00e1 \u2013 UNIFAP e o Hospital S\u00e3o Camilo e S\u00e3o Lu\u00eds \u2013 HSCSL, atrav\u00e9s de suas Comiss\u00f5es de Resid\u00eancia M\u00e9dica &#8211; COREMEs comunicam que estar\u00e3o abertas as inscri\u00e7\u00f5es ao Processo Seletivo 2019.2 para preenchimento de vagas remanescentes de m\u00e9dicos residentes junto aos Programas de Resid\u00eancia M\u00e9dica com&#8230;<\/p>\n","protected":false},"author":3825,"featured_media":0,"parent":0,"menu_order":0,"comment_status":"closed","ping_status":"closed","template":"","meta":{"inline_featured_image":false,"ngg_post_thumbnail":0,"footnotes":""},"class_list":["post-1452","page","type-page","status-publish","hentry","entry"],"_links":{"self":[{"href":"https:\/\/www2.unifap.br\/coreme\/wp-json\/wp\/v2\/pages\/1452","targetHints":{"allow":["GET"]}}],"collection":[{"href":"https:\/\/www2.unifap.br\/coreme\/wp-json\/wp\/v2\/pages"}],"about":[{"href":"https:\/\/www2.unifap.br\/coreme\/wp-json\/wp\/v2\/types\/page"}],"author":[{"embeddable":true,"href":"https:\/\/www2.unifap.br\/coreme\/wp-json\/wp\/v2\/users\/3825"}],"replies":[{"embeddable":true,"href":"https:\/\/www2.unifap.br\/coreme\/wp-json\/wp\/v2\/comments?post=1452"}],"version-history":[{"count":9,"href":"https:\/\/www2.unifap.br\/coreme\/wp-json\/wp\/v2\/pages\/1452\/revisions"}],"predecessor-version":[{"id":1810,"href":"https:\/\/www2.unifap.br\/coreme\/wp-json\/wp\/v2\/pages\/1452\/revisions\/1810"}],"wp:attachment":[{"href":"https:\/\/www2.unifap.br\/coreme\/wp-json\/wp\/v2\/media?parent=1452"}],"curies":[{"name":"wp","href":"https:\/\/api.w.org\/{rel}","templated":true}]}}