{"id":1686,"date":"2020-01-24T17:22:50","date_gmt":"2020-01-24T19:22:50","guid":{"rendered":"http:\/\/www2.unifap.br\/coreme\/?page_id=1686"},"modified":"2021-12-03T19:40:33","modified_gmt":"2021-12-03T21:40:33","slug":"processo-seletivo-residencia-medica-2020-vagas-remanescentes","status":"publish","type":"page","link":"https:\/\/www2.unifap.br\/coreme\/processo-seletivo-residencia-medica-2020-vagas-remanescentes\/","title":{"rendered":"Processo Seletivo de Resid\u00eancia M\u00e9dica 2020 &#8211; Vagas Remanescentes"},"content":{"rendered":"<p><img fetchpriority=\"high\" decoding=\"async\" class=\"size-medium wp-image-1302 alignleft\" src=\"http:\/\/www2.unifap.br\/coreme\/files\/2019\/11\/Destaque-1-2-300x201.png\" alt=\"\" width=\"300\" height=\"201\" srcset=\"https:\/\/www2.unifap.br\/coreme\/files\/2019\/11\/Destaque-1-2-300x201.png 300w, https:\/\/www2.unifap.br\/coreme\/files\/2019\/11\/Destaque-1-2-768x515.png 768w, https:\/\/www2.unifap.br\/coreme\/files\/2019\/11\/Destaque-1-2-1024x687.png 1024w\" sizes=\"(max-width: 300px) 100vw, 300px\" \/>Com o presente edital, a <strong>Universidade Federal do Amap\u00e1 \u2013 UNIFAP<\/strong> e o <strong>Hospital S\u00e3o Camilo e S\u00e3o Lu\u00eds \u2013 HSCSL<\/strong>, atrav\u00e9s de suas Comiss\u00f5es de Resid\u00eancia M\u00e9dica \u2013 COREMEs, comunicam que estar\u00e3o abertas as inscri\u00e7\u00f5es ao <strong>Processo Seletivo 2020<\/strong> para preenchimento de <strong>vagas remanescentes<\/strong> de m\u00e9dicos residentes junto aos <strong>Programas de Resid\u00eancia M\u00e9dica<\/strong> com Acesso Direto, Pr\u00e9-Requisito e \u00c1rea de Atua\u00e7\u00e3o, devidamente credenciados pela Comiss\u00e3o Nacional de Resid\u00eancia M\u00e9dica (CNRM) do Minist\u00e9rio da Educa\u00e7\u00e3o (MEC).<\/p>\n<p><b>\u2013 Per\u00edodo de inscri\u00e7\u00e3o:<\/b> De 27 de janeiro a 10 de fevereiro de 2020.<\/p>\n<p>&nbsp;<\/p>\n<article class=\"editais-anexos\">\n<table id=\"table-anexos\">\n<thead>\n<tr>\n<th class=\"table-anexo-edital-id\">N\u00ba<\/th>\n<th class=\"table-anexo-edital-descr\">Descri\u00e7\u00e3o<\/th>\n<th class=\"table-anexo-edital-data\">Data<\/th>\n<th class=\"table-anexo-edital-size\">Tamanho<\/th>\n<th class=\"table-anexo-edital-icone\">Baixar<\/th>\n<\/tr>\n<\/thead>\n<tbody>\n<tr>\n<td class=\"table-anexo-edital-id\">1<\/td>\n<td class=\"table-anexo-edital-descr\">EDITAL<\/td>\n<td class=\"table-anexo-edital-data\" style=\"text-align: center\">24\/01\/2020<\/td>\n<td class=\"table-anexo-edital-size\" style=\"text-align: center\">958 KB<\/td>\n<th class=\"table-anexo-edital-icone\"><a href=\"http:\/\/www2.unifap.br\/coreme\/files\/2020\/02\/Edital-N\u00ba-01-2020-Coreme-Unifap-HSCSL_-Resid\u00eancia-M\u00e9dica-2020.pdf\"><span style=\"color: #1e803d\">Confira Aqui<\/span><\/a><\/th>\n<\/tr>\n<tr>\n<td class=\"table-anexo-edital-id\">1.1<\/td>\n<td class=\"table-anexo-edital-descr\">ANEXO I<\/td>\n<td class=\"table-anexo-edital-data\" style=\"text-align: center\">24\/01\/2020<\/td>\n<td class=\"table-anexo-edital-size\" style=\"text-align: center\">296 KB<\/td>\n<th class=\"table-anexo-edital-icone\"><a href=\"http:\/\/www2.unifap.br\/coreme\/files\/2020\/02\/Anexo-I-Edital-N\u00ba-01-2020-\u2013-Coreme-Unifap-Hscsl-Resid\u00eancia-M\u00e9dica-2020.pdf\"><span style=\"color: #1e803d\">Confira Aqui<\/span><\/a><\/th>\n<\/tr>\n<tr>\n<td class=\"table-anexo-edital-id\">1.2<\/td>\n<td class=\"table-anexo-edital-descr\">ANEXO II<\/td>\n<td class=\"table-anexo-edital-data\" style=\"text-align: center\">24\/01\/2020<\/td>\n<td class=\"table-anexo-edital-size\" style=\"text-align: center\">296 KB<\/td>\n<th class=\"table-anexo-edital-icone\"><a href=\"http:\/\/www2.unifap.br\/coreme\/files\/2020\/02\/Anexo-Il-Edital-N\u00ba-01-2020-\u2013-Coreme-Unifap-Hscsl-Resid\u00eancia-M\u00e9dica-2020.pdf\"><span style=\"color: #1e803d\">Confira Aqui<\/span><\/a><\/th>\n<\/tr>\n<tr>\n<td class=\"table-anexo-edital-id\">2<\/td>\n<td class=\"table-anexo-edital-descr\">RESULTADO DAS SOLICITA\u00c7\u00d5ES DE ISEN\u00c7\u00c3O DA TAXA DE INSCRI\u00c7\u00c3O<\/td>\n<td class=\"table-anexo-edital-data\" style=\"text-align: center\">31\/01\/2020<\/td>\n<td class=\"table-anexo-edital-size\" style=\"text-align: center\">410 KB<\/td>\n<th class=\"table-anexo-edital-icone\"><a href=\"http:\/\/www2.unifap.br\/coreme\/files\/2020\/02\/Resultado-das-Solicita\u00e7\u00f5es-de-Isen\u00e7\u00e3o-de-Taxa-Edital-N\u00ba-01-2020-Coreme-Unifap-2020.pdf\"><span style=\"color: #1e803d\">Confira Aqui<\/span><\/a><\/th>\n<\/tr>\n<tr>\n<td class=\"table-anexo-edital-id\">3<\/td>\n<td class=\"table-anexo-edital-descr\">RESULTADO PRELIMINAR DAS INSCRI\u00c7\u00d5ES HOMOLOGADAS<\/td>\n<td class=\"table-anexo-edital-data\">17\/02\/2020<\/td>\n<td class=\"table-anexo-edital-size\">418 KB<\/td>\n<th class=\"table-anexo-edital-icone\"><a href=\"http:\/\/www2.unifap.br\/coreme\/files\/2020\/02\/COREME-2020-2_RESULTADO-PRELIMINAR_HOMOLOGACAO-DAS-INSCRICOES.pdf\"><span style=\"color: #1e803d\">Confira Aqui<\/span><\/a><\/th>\n<\/tr>\n<tr>\n<td class=\"table-anexo-edital-id\">4<\/td>\n<td class=\"table-anexo-edital-descr\">RESULTADO FINAL DAS INSCRI\u00c7\u00d5ES HOMOLOGADAS<\/td>\n<td class=\"table-anexo-edital-data\">19\/02\/2020<\/td>\n<td class=\"table-anexo-edital-size\">418 KB<\/td>\n<th class=\"table-anexo-edital-icone\"><a href=\"http:\/\/www2.unifap.br\/coreme\/files\/2021\/08\/COREME-2020-2_RESULTADO-FINAL_HOMOLOGACAO-DAS-INSCRICOES.pdf\"><span style=\"color: #1e803d\">Confira Aqui<\/span><\/a><\/th>\n<\/tr>\n<tr>\n<td class=\"table-anexo-edital-id\">5<\/td>\n<td class=\"table-anexo-edital-descr\">GABARITO DAS QUEST\u00d5ES OBJETIVAS<\/td>\n<td class=\"table-anexo-edital-data\">05\/03\/2020<\/td>\n<td class=\"table-anexo-edital-size\">419 KB<\/td>\n<th class=\"table-anexo-edital-icone\"><a href=\"http:\/\/www2.unifap.br\/coreme\/files\/2021\/08\/Gabarito-das-Quest\u00f5es-Objetivas-da-Prova-de-Conhecimento-Edita.pdf\"><span style=\"color: #1e803d\">Confira Aqui<\/span><\/a><\/th>\n<\/tr>\n<tr>\n<td class=\"table-anexo-edital-id\">6<\/td>\n<td class=\"table-anexo-edital-descr\">RESULTADO PRELIMINAR<\/td>\n<td class=\"table-anexo-edital-data\" style=\"text-align: center\">06\/03\/2020<\/td>\n<td class=\"table-anexo-edital-size\" style=\"text-align: center\">421 KB<\/td>\n<th class=\"table-anexo-edital-icone\"><a href=\"http:\/\/www2.unifap.br\/coreme\/files\/2021\/08\/Resultado-Preliminar-Edital-N\u00ba-01-2020-Coreme-Unifap-HSCSL-Resid\u00eancia-M\u00e9dica-2020.pdf\"><span style=\"color: #1e803d\">Confira Aqui<\/span><\/a><\/th>\n<\/tr>\n<tr>\n<td class=\"table-anexo-edital-id\">7<\/td>\n<td class=\"table-anexo-edital-descr\">RETIFICA\u00c7\u00c3O<\/td>\n<td class=\"table-anexo-edital-data\" style=\"text-align: center\">10\/03\/2020<\/td>\n<td class=\"table-anexo-edital-size\" style=\"text-align: center\">383 KB<\/td>\n<th class=\"table-anexo-edital-icone\"><a href=\"http:\/\/www2.unifap.br\/coreme\/files\/2021\/08\/Retifica\u00e7\u00e3o-do-Edital-N\u00ba-01-2020-Coreme-Unifap-Hscsl-Resid\u00eancia-M\u00e9dica.pdf\"><span style=\"color: #1e803d\">Confira Aqui<\/span><\/a><\/th>\n<\/tr>\n<tr>\n<td class=\"table-anexo-edital-id\">8<\/td>\n<td class=\"table-anexo-edital-descr\">RESULTADO FINAL<\/td>\n<td class=\"table-anexo-edital-data\" style=\"text-align: center\">12\/03\/2020<\/td>\n<td class=\"table-anexo-edital-size\" style=\"text-align: center\">423 KB<\/td>\n<th class=\"table-anexo-edital-icone\"><a href=\"http:\/\/www2.unifap.br\/coreme\/files\/2020\/01\/Resultado-Final-Edital-N\u00ba-01-2020-Coreme-Unifap-HSCSL-Resid\u00eancia-M\u00e9dica-2020.pdf\"><span style=\"color: #1e803d\">Confira Aqui<\/span><\/a><\/th>\n<\/tr>\n<\/tbody>\n<\/table>\n<\/article>\n<table id=\"table-anexos\">\n<thead><\/thead>\n<\/table>\n<p><span style=\"color: #000000\"> Para visualizar todas as publica\u00e7\u00f5es do Processo Seletivo da Resid\u00eancia M\u00e9dica 2020 \u2013 Edital N\u00ba 01\/2020-COREME\/UNIFAP\/HSCSL clique <\/span><span style=\"color: #1e803d\"><b><a style=\"color: #1e803d\" href=\"http:\/\/www.unifap.br\/editais\/processo-seletivo-da-residencia-medica-2020-vagas-remanescentes-edital-no-01-2020-coreme-unifap-hscsl\/\">AQUI.<\/a><\/b><\/span><\/p>\n<p>Cr\u00e9dito Imagem: Assesp\/Unifap<\/p>\n","protected":false},"excerpt":{"rendered":"<p>Com o presente edital, a Universidade Federal do Amap\u00e1 \u2013 UNIFAP e o Hospital S\u00e3o Camilo e S\u00e3o Lu\u00eds \u2013 HSCSL, atrav\u00e9s de suas Comiss\u00f5es de Resid\u00eancia M\u00e9dica \u2013 COREMEs, comunicam que estar\u00e3o abertas as inscri\u00e7\u00f5es ao Processo Seletivo 2020 para preenchimento de vagas remanescentes de m\u00e9dicos residentes junto aos Programas de Resid\u00eancia M\u00e9dica com&#8230;<\/p>\n","protected":false},"author":3825,"featured_media":0,"parent":0,"menu_order":0,"comment_status":"closed","ping_status":"closed","template":"","meta":{"inline_featured_image":false,"ngg_post_thumbnail":0,"footnotes":""},"class_list":["post-1686","page","type-page","status-publish","hentry","entry"],"_links":{"self":[{"href":"https:\/\/www2.unifap.br\/coreme\/wp-json\/wp\/v2\/pages\/1686","targetHints":{"allow":["GET"]}}],"collection":[{"href":"https:\/\/www2.unifap.br\/coreme\/wp-json\/wp\/v2\/pages"}],"about":[{"href":"https:\/\/www2.unifap.br\/coreme\/wp-json\/wp\/v2\/types\/page"}],"author":[{"embeddable":true,"href":"https:\/\/www2.unifap.br\/coreme\/wp-json\/wp\/v2\/users\/3825"}],"replies":[{"embeddable":true,"href":"https:\/\/www2.unifap.br\/coreme\/wp-json\/wp\/v2\/comments?post=1686"}],"version-history":[{"count":3,"href":"https:\/\/www2.unifap.br\/coreme\/wp-json\/wp\/v2\/pages\/1686\/revisions"}],"predecessor-version":[{"id":1812,"href":"https:\/\/www2.unifap.br\/coreme\/wp-json\/wp\/v2\/pages\/1686\/revisions\/1812"}],"wp:attachment":[{"href":"https:\/\/www2.unifap.br\/coreme\/wp-json\/wp\/v2\/media?parent=1686"}],"curies":[{"name":"wp","href":"https:\/\/api.w.org\/{rel}","templated":true}]}}