{"id":1759,"date":"2021-01-18T18:37:22","date_gmt":"2021-01-18T20:37:22","guid":{"rendered":"http:\/\/www2.unifap.br\/coreme\/?page_id=1759"},"modified":"2021-12-03T19:37:32","modified_gmt":"2021-12-03T21:37:32","slug":"processo-seletivo-residencia-medica-2021","status":"publish","type":"page","link":"https:\/\/www2.unifap.br\/coreme\/processo-seletivo-residencia-medica-2021\/","title":{"rendered":"Processo Seletivo de Resid\u00eancia M\u00e9dica 2021"},"content":{"rendered":"<p>Com o presente edital, a <b>Universidade Federal do Amap\u00e1 \u2013 UNIFAP<\/b>, atrav\u00e9s de sua Comiss\u00f5es de Resid\u00eancia M\u00e9dica \u2013 COREME, comunica que estar\u00e3o abertas as inscri\u00e7\u00f5es ao <b> Processo Seletivo 2021 <\/b> para preenchimento de vagas para m\u00e9dicos residentes junto aos <b>Programas de Resid\u00eancia M\u00e9dica<\/b> com Acesso Direto, Pr\u00e9-Requisito e \u00c1rea de Atua\u00e7\u00e3o, devidamente credenciados pela Comiss\u00e3o Nacional de Resid\u00eancia M\u00e9dica (CNRM) do Minist\u00e9rio da Educa\u00e7\u00e3o (MEC).<\/p>\n<p><b>\u2013 Per\u00edodo de inscri\u00e7\u00e3o:<\/b> De 22 a 28 de janeiro de 2021.<\/p>\n<p><b>\u2013 Per\u00edodo para envio do <em>curriculum vitae<\/em> (vide orienta\u00e7\u00f5es do edital): <\/b>De 22 a 31 de janeiro de 2021.<\/p>\n<article>\n<table id=\"table-anexos\">\n<thead>\n<tr>\n<th>N\u00ba<\/th>\n<th>Descri\u00e7\u00e3o<\/th>\n<th>Data<\/th>\n<th>Tamanho<\/th>\n<th>&nbsp;&nbsp;&nbsp;Baixar&nbsp;&nbsp;&nbsp;<\/th>\n<\/tr>\n<\/thead>\n<tbody>\n<tr>\n<td>1<\/td>\n<td>EDITAL<\/td>\n<td>18\/01\/2021<\/td>\n<td>1455 KB<\/td>\n<th><a style=\"color: #1e803d\" href=\"http:\/\/www2.unifap.br\/coreme\/files\/2021\/08\/EDITAL-N\u00ba-01-2021-COREME-UNIFAP-RESID\u00caNCIA-M\u00c9DICA-2021.A.pdf\" target=\"_blank\" rel=\"noopener noreferrer\">Confira Aqui<\/a><\/th>\n<\/tr>\n<tr>\n<td>1.1<\/td>\n<td>ANEXO I<\/td>\n<td>18\/01\/2021<\/td>\n<td>89 KB<\/td>\n<th><a style=\"color: #1e803d\" href=\"http:\/\/www2.unifap.br\/coreme\/files\/2021\/08\/ANEXO-I_RM_2021.doc\" target=\"_blank\" rel=\"noopener noreferrer\">Confira Aqui<\/a><\/th>\n<\/tr>\n<tr>\n<td>2<\/td>\n<td>RESULTADO PRELIMINAR DAS INSCRI\u00c7\u00d5ES HOMOLOGADAS<\/td>\n<td>02\/02\/2021<\/td>\n<td>465 KB<\/td>\n<th><a style=\"color: #1e803d\" href=\"http:\/\/www2.unifap.br\/coreme\/files\/2021\/01\/COREME-2021-1_RESULTADO-PRELIMINAR_HOMOLOGACAO-DAS-INSCRICOES__1.pdf\" target=\"_blank\" rel=\"noopener noreferrer\">Confira Aqui<\/a><\/th>\n<\/tr>\n<tr>\n<td>3<\/td>\n<td>RESPOSTA DOS RECURSOS APRESENTADOS AO RESULTADO PRELIMINAR DAS INSCRI\u00c7\u00d5ES<\/td>\n<td>04\/02\/2021<\/td>\n<td>427 KB<\/td>\n<th><a href=\"http:\/\/www2.unifap.br\/coreme\/files\/2021\/01\/RESPOSTA-AO-RECURSO-RESULTADO-PRELIMINAR-DAS-INSCRI\u00c7\u00d5ES-EDITAL-N\u00ba-01-2021-COREME-UNIFAP.pdf\">Confira Aqui<\/a><\/th>\n<\/tr>\n<tr>\n<td>4<\/td>\n<td>RESULTADO FINAL DAS INSCRI\u00c7\u00d5ES HOMOLOGADAS<\/td>\n<td>05\/02\/2021<\/td>\n<td>465 KB<\/td>\n<th><a href=\"http:\/\/www2.unifap.br\/coreme\/files\/2021\/01\/RESULTADO-FINAL-DAS-INSCRI\u00c7\u00d5ES-HOMOLOGADAS_EDITAL-N\u00ba-01-2021_RESID\u00caNCIA-M\u00c9DICA-2021.pdf\">Confira Aqui<\/a><\/th>\n<\/tr>\n<tr>\n<td>5<\/td>\n<td>RESULTADO PRELIMINAR DA 1\u00aa FASE &#8211; AN\u00c1LISE DE CURRICULUM VITAE<\/td>\n<td>08\/02\/2021<\/td>\n<td>465 KB<\/td>\n<th><a href=\"http:\/\/www2.unifap.br\/coreme\/files\/2021\/01\/Resultado-Preliminar-da-An\u00e1lise-de-Curriculum-Vitae.pdf\">Confira Aqui<\/a><\/th>\n<\/tr>\n<tr>\n<td>6<\/td>\n<td>RESPOSTA DOS RECURSOS APRESENTADOS AO RESULTADO PRELIMINAR DA 1\u00aa FASE &#8211; AN\u00c1LISE DE CURRICULUM VITAE<\/td>\n<td>11\/02\/2021<\/td>\n<td>427 KB<\/td>\n<th><a href=\"http:\/\/www2.unifap.br\/coreme\/files\/2021\/01\/RESPOSTA-AO-RECURSO-RESULTADO-PRELIMINAR-DA-AN\u00c1LISE-DO-CURRICULUM-VITAE-EDITAL-N\u00ba-01-2021-COREME-UNIFAP_ATUALIZADA.pdf\">Confira Aqui<\/a><\/th>\n<\/tr>\n<tr>\n<td>7<\/td>\n<td>RESULTADO FINAL DA 1\u00aa FASE &#8211; AN\u00c1LISE DE CURRICULUM VITAE<\/td>\n<td>11\/02\/2021<\/td>\n<td>465 KB<\/td>\n<th><a href=\"http:\/\/www2.unifap.br\/coreme\/files\/2021\/01\/Resultado-Final-da-An\u00e1lise-de-Curriculum-Vitae-1\u00aa-fase.pdf\">Confira Aqui<\/a><\/th>\n<\/tr>\n<tr>\n<td>8<\/td>\n<td>LISTA DOS CANDIDATOS HABILITADOS PARA A 2\u00aa FASE &#8211; ENTREVISTA INDIVIDUAL<\/td>\n<td>12\/02\/2021<\/td>\n<td>428 KB<\/td>\n<th><a href=\"http:\/\/www2.unifap.br\/coreme\/files\/2021\/01\/Lista-dos-candidatos-habilitados-para-a-2\u00aa-fase-Entrevista-Individual-A.pdf\">Confira Aqui<\/a><\/th>\n<\/tr>\n<tr>\n<td>9<\/td>\n<td>RETIFICA\u00c7\u00c3O DO EDITAL N\u00ba 01\/2021 &#8211; COREME\/UNIFAP &#8211; RESID\u00caNCIA M\u00c9DICA 2021<\/td>\n<td>13\/02\/2021<\/td>\n<td>698 KB<\/td>\n<th><a href=\"http:\/\/www2.unifap.br\/coreme\/files\/2021\/01\/RETIFICA\u00c7\u00c3O-EDITAL-N\u00ba-01-2021-COREME-UNIFAP_-RESID\u00caNCIA-M\u00c9DICA-2021-A-1.pdf\">Confira Aqui<\/a><\/th>\n<\/tr>\n<tr>\n<td>10<\/td>\n<td>CONVOCA\u00c7\u00c3O PARA 2\u00aa FASE DA CANDIDATA NATH\u00c1LIA LAIS LIMA ROCHA POR DECIS\u00c3O JUDICIAL &#8211; EDITAL N\u00ba 01\/2021 &#8211; COREME\/UNIFAP &#8211; RESID\u00caNCIA M\u00c9DICA 2021<\/td>\n<td>16\/02\/2021<\/td>\n<td>440 KB<\/td>\n<th><a href=\"http:\/\/www2.unifap.br\/coreme\/files\/2021\/01\/Convoca\u00e7\u00e3o_para_Entrevista_2\u00aa_FASE_por_For\u00e7a_de_Decis\u00e3o_Judicial_A.pdf\">Confira Aqui<\/a><\/th>\n<\/tr>\n<tr>\n<td>11<\/td>\n<td>RESULTADO PRELIMINAR DA ENTREVISTA INDIVIDUAL &#8211; 2\u00aa FASE<\/td>\n<td>24\/02\/2021<\/td>\n<td>429 KB<\/td>\n<th><a href=\"http:\/\/www2.unifap.br\/coreme\/files\/2021\/01\/Resultado-Preliminar-da-2\u00aa-Fase-Entrevista-Individual.P.pdf\">Confira Aqui<\/a><\/th>\n<\/tr>\n<tr>\n<td>12<\/td>\n<td>COMUNICADO<\/td>\n<td>25\/02\/2021<\/td>\n<td>615 KB<\/td>\n<th><a href=\"http:\/\/www2.unifap.br\/coreme\/files\/2021\/01\/COMUNICADO-EDITAL-N\u00ba-01-2021-COREME-UNIFAP-RESID\u00caNCIA-M\u00c9DICA-2021.pdf\">Confira Aqui<\/a><\/th>\n<\/tr>\n<tr>\n<td>13<\/td>\n<td>RESULTADO PRELIMINAR DO PROCESSO SELETIVO<\/td>\n<td>01\/03\/2021<\/td>\n<td>696 KB<\/td>\n<th><a href=\"http:\/\/www2.unifap.br\/coreme\/files\/2021\/01\/Resultado-Preliminar-do-Processo-Seletivo.pdf\">Confira Aqui<\/a><\/th>\n<\/tr>\n<tr>\n<td>14<\/td>\n<td>RESULTADO FINAL<\/td>\n<td>03\/03\/2021<\/td>\n<td>695 KB<\/td>\n<th><a href=\"http:\/\/www2.unifap.br\/coreme\/files\/2021\/01\/Resultado-Final-do-Processo-Seletivo.pdf\">Confira Aqui<\/a><\/th>\n<\/tr>\n<tr>\n<td>15<\/td>\n<td>1\u00aa CONVOCA\u00c7\u00c3O PARA MATR\u00cdCULA DOS APROVADOS\/N\u00c3O CLASSIFICADOS<\/td>\n<td>05\/03\/2021<\/td>\n<td>436 KB<\/td>\n<th><a href=\"http:\/\/www2.unifap.br\/coreme\/files\/2021\/01\/Convoca\u00e7\u00e3o-para-matr\u00edcula-Edital-N\u00ba-01-2021-Coreme-Unifap-Resid\u00eancia-M\u00e9dica-2021.pdf\">Confira Aqui<\/a><\/th>\n<\/tr>\n<tr>\n<td>16<\/td>\n<td>2\u00aa CONVOCA\u00c7\u00c3O PARA MATR\u00cdCULA DOS APROVADOS\/N\u00c3O CLASSIFICADOS<\/td>\n<td>10\/03\/2021<\/td>\n<td>433 KB<\/td>\n<th><a href=\"http:\/\/www2.unifap.br\/coreme\/files\/2021\/01\/2\u00aa-Convoca\u00e7\u00e3o-para-matr\u00edcula-Edital-N\u00ba-01-2021-Coreme-Unifap-Resid\u00eancia-M\u00e9dica-2021.pdf\">Confira Aqui<\/a><\/th>\n<\/tr>\n<tr>\n<td>17<\/td>\n<td>3\u00aa CONVOCA\u00c7\u00c3O PARA MATR\u00cdCULA DOS APROVADOS\/N\u00c3O CLASSIFICADOS<\/td>\n<td>15\/03\/2021<\/td>\n<td>433 KB<\/td>\n<th><a href=\"http:\/\/www2.unifap.br\/coreme\/files\/2021\/01\/3\u00aa-Convoca\u00e7\u00e3o-para-matr\u00edcula-Edital-N\u00ba-01-2021-Coreme-Unifap-Resid\u00eancia-M\u00e9dica-2021.pdf\">Confira Aqui<\/a><\/th>\n<\/tr>\n<\/tbody>\n<\/table>\n<\/article>\n<p>Acompanhe o Processo Seletivo da Resid\u00eancia M\u00e9dica 2021 \u2013 Edital N\u00ba 01\/2021-COREME\/UNIFAP tamb\u00e9m clicando <a href=\"http:\/\/www.unifap.br\/editais\/processo-seletivo-de-residencia-medica-2021-edital-no-01-de-janeiro-de-2021-coreme-unifap\/\" target=\"_blank\" rel=\"noopener noreferrer\"><b>AQUI<\/b><\/a>.<\/p>\n","protected":false},"excerpt":{"rendered":"<p>Com o presente edital, a Universidade Federal do Amap\u00e1 \u2013 UNIFAP, atrav\u00e9s de sua Comiss\u00f5es de Resid\u00eancia M\u00e9dica \u2013 COREME, comunica que estar\u00e3o abertas as inscri\u00e7\u00f5es ao Processo Seletivo 2021 para preenchimento de vagas para m\u00e9dicos residentes junto aos Programas de Resid\u00eancia M\u00e9dica com Acesso Direto, Pr\u00e9-Requisito e \u00c1rea de Atua\u00e7\u00e3o, devidamente credenciados pela Comiss\u00e3o&#8230;<\/p>\n","protected":false},"author":3825,"featured_media":0,"parent":0,"menu_order":0,"comment_status":"closed","ping_status":"closed","template":"","meta":{"inline_featured_image":false,"ngg_post_thumbnail":0,"footnotes":""},"class_list":["post-1759","page","type-page","status-publish","hentry","entry"],"_links":{"self":[{"href":"https:\/\/www2.unifap.br\/coreme\/wp-json\/wp\/v2\/pages\/1759","targetHints":{"allow":["GET"]}}],"collection":[{"href":"https:\/\/www2.unifap.br\/coreme\/wp-json\/wp\/v2\/pages"}],"about":[{"href":"https:\/\/www2.unifap.br\/coreme\/wp-json\/wp\/v2\/types\/page"}],"author":[{"embeddable":true,"href":"https:\/\/www2.unifap.br\/coreme\/wp-json\/wp\/v2\/users\/3825"}],"replies":[{"embeddable":true,"href":"https:\/\/www2.unifap.br\/coreme\/wp-json\/wp\/v2\/comments?post=1759"}],"version-history":[{"count":3,"href":"https:\/\/www2.unifap.br\/coreme\/wp-json\/wp\/v2\/pages\/1759\/revisions"}],"predecessor-version":[{"id":1813,"href":"https:\/\/www2.unifap.br\/coreme\/wp-json\/wp\/v2\/pages\/1759\/revisions\/1813"}],"wp:attachment":[{"href":"https:\/\/www2.unifap.br\/coreme\/wp-json\/wp\/v2\/media?parent=1759"}],"curies":[{"name":"wp","href":"https:\/\/api.w.org\/{rel}","templated":true}]}}