{"id":2001,"date":"2023-10-26T08:56:39","date_gmt":"2023-10-26T11:56:39","guid":{"rendered":"https:\/\/www2.unifap.br\/coreme\/?page_id=2001"},"modified":"2024-07-15T09:52:06","modified_gmt":"2024-07-15T12:52:06","slug":"procedimentos","status":"publish","type":"page","link":"https:\/\/www2.unifap.br\/coreme\/procedimentos\/","title":{"rendered":"Procedimentos"},"content":{"rendered":"<h2>Afastamento &#8211; Aus\u00eancia do m\u00e9dico &#8211; residente<\/h2>\n<p><a href=\"http:\/\/www2.unifap.br\/coreme\/files\/2024\/04\/Diagrama-de-Afastamento-do-medico-residente-Copia_page-0001.png\"><img fetchpriority=\"high\" decoding=\"async\" src=\"http:\/\/www2.unifap.br\/coreme\/files\/2024\/04\/Diagrama-de-Afastamento-do-medico-residente-Copia_page-0001-1024x724.png\" alt=\"\" width=\"1024\" height=\"724\"><\/a><\/p>\n<h2>Solicita\u00e7\u00e3o e Emiss\u00e3o do Certificado de Especialista<\/h2>\n<p><a href=\"http:\/\/www2.unifap.br\/coreme\/files\/2023\/10\/Diagrama-de-Solicitacao-e-Emissao-de-Certificado-Copia_page-0001-scaled.jpeg\"><img decoding=\"async\" class=\"alignnone\" src=\"http:\/\/www2.unifap.br\/coreme\/files\/2023\/10\/Diagrama-de-Solicitacao-e-Emissao-de-Certificado-Copia_page-0001-1024x724.jpeg\" alt=\"\" width=\"1024\" height=\"724\"><\/a><\/p>\n","protected":false},"excerpt":{"rendered":"<p>Afastamento &#8211; Aus\u00eancia do m\u00e9dico &#8211; residente Solicita\u00e7\u00e3o e Emiss\u00e3o do Certificado de Especialista<\/p>\n","protected":false},"author":3825,"featured_media":0,"parent":0,"menu_order":0,"comment_status":"closed","ping_status":"closed","template":"","meta":{"inline_featured_image":false,"ngg_post_thumbnail":0,"footnotes":""},"class_list":["post-2001","page","type-page","status-publish","hentry","entry"],"_links":{"self":[{"href":"https:\/\/www2.unifap.br\/coreme\/wp-json\/wp\/v2\/pages\/2001","targetHints":{"allow":["GET"]}}],"collection":[{"href":"https:\/\/www2.unifap.br\/coreme\/wp-json\/wp\/v2\/pages"}],"about":[{"href":"https:\/\/www2.unifap.br\/coreme\/wp-json\/wp\/v2\/types\/page"}],"author":[{"embeddable":true,"href":"https:\/\/www2.unifap.br\/coreme\/wp-json\/wp\/v2\/users\/3825"}],"replies":[{"embeddable":true,"href":"https:\/\/www2.unifap.br\/coreme\/wp-json\/wp\/v2\/comments?post=2001"}],"version-history":[{"count":31,"href":"https:\/\/www2.unifap.br\/coreme\/wp-json\/wp\/v2\/pages\/2001\/revisions"}],"predecessor-version":[{"id":2082,"href":"https:\/\/www2.unifap.br\/coreme\/wp-json\/wp\/v2\/pages\/2001\/revisions\/2082"}],"wp:attachment":[{"href":"https:\/\/www2.unifap.br\/coreme\/wp-json\/wp\/v2\/media?parent=2001"}],"curies":[{"name":"wp","href":"https:\/\/api.w.org\/{rel}","templated":true}]}}