{"id":52,"date":"2019-03-14T16:01:35","date_gmt":"2019-03-14T19:01:35","guid":{"rendered":"http:\/\/www2.unifap.br\/coreme\/?page_id=52"},"modified":"2026-01-24T00:23:10","modified_gmt":"2026-01-24T03:23:10","slug":"documentos","status":"publish","type":"page","link":"https:\/\/www2.unifap.br\/coreme\/documentos\/","title":{"rendered":"Formul\u00e1rios e Cartas"},"content":{"rendered":"\t\t<div data-elementor-type=\"wp-post\" data-elementor-id=\"52\" class=\"elementor elementor-52\">\n\t\t\t\t\t\t<section class=\"elementor-section elementor-top-section elementor-element elementor-element-0854bfe elementor-section-height-min-height elementor-section-items-top elementor-section-content-top elementor-section-boxed elementor-section-height-default\" data-id=\"0854bfe\" data-element_type=\"section\" data-e-type=\"section\">\n\t\t\t\t\t\t<div class=\"elementor-container elementor-column-gap-default\">\n\t\t\t\t\t<div class=\"elementor-column elementor-col-100 elementor-top-column elementor-element elementor-element-ab76a80\" data-id=\"ab76a80\" data-element_type=\"column\" data-e-type=\"column\">\n\t\t\t<div class=\"elementor-widget-wrap elementor-element-populated\">\n\t\t\t\t\t\t<div class=\"elementor-element elementor-element-10c6d71 elementor-widget elementor-widget-heading\" data-id=\"10c6d71\" data-element_type=\"widget\" data-e-type=\"widget\" data-widget_type=\"heading.default\">\n\t\t\t\t<div class=\"elementor-widget-container\">\n\t\t\t\t\t<h3 class=\"elementor-heading-title elementor-size-default\">1 Matr\u00edcula<\/h3>\t\t\t\t<\/div>\n\t\t\t\t<\/div>\n\t\t\t\t<div class=\"elementor-element elementor-element-368f524 elementor-widget elementor-widget-text-editor\" data-id=\"368f524\" data-element_type=\"widget\" data-e-type=\"widget\" data-widget_type=\"text-editor.default\">\n\t\t\t\t<div class=\"elementor-widget-container\">\n\t\t\t\t\t\t\t\t\t<p><strong>\u2192 <a href=\"https:\/\/view.officeapps.live.com\/op\/view.aspx?src=https%3A%2F%2Fwww2.unifap.br%2Fcoreme%2Ffiles%2F2024%2F01%2F2020-02-06-Formulario-de-Matricula-Modelo-Padrao.-2-Atualizado-2.0-2.doc&amp;wdOrigin=BROWSELINK\">Formul\u00e1rio de Matr\u00edcula<\/a> &lt;Baixe o arquivo, habite a edi\u00e7\u00e3o e preencha o formul\u00e1rio.\u00a0 Assim que concluir o preenchimento, salve em PDF e assine&gt;<\/strong><\/p>\t\t\t\t\t\t\t\t<\/div>\n\t\t\t\t<\/div>\n\t\t\t\t<div class=\"elementor-element elementor-element-acaba55 elementor-widget elementor-widget-text-editor\" data-id=\"acaba55\" data-element_type=\"widget\" data-e-type=\"widget\" data-widget_type=\"text-editor.default\">\n\t\t\t\t<div class=\"elementor-widget-container\">\n\t\t\t\t\t\t\t\t\t<p><span style=\"font-size: 14px\">\u2192 <\/span><strong><a style=\"font-size: 14px;background-color: #ffffff\" href=\"https:\/\/www2.unifap.br\/coreme\/files\/2026\/01\/Termo-de-Compromisso.docx\">Termo de Compromisso<\/a><\/strong><span style=\"font-size: 14px\"> &lt;<\/span><strong style=\"font-size: 14px\">Baixe o arquivo, habite a edi\u00e7\u00e3o, selecione o programa de Resid\u00eancia M\u00e9dica e preencha os demais campos do formul\u00e1rio.\u00a0 Assim que concluir, salve em PDF e assine&gt;<\/strong><\/p>\t\t\t\t\t\t\t\t<\/div>\n\t\t\t\t<\/div>\n\t\t\t\t<div class=\"elementor-element elementor-element-60b6d14 elementor-widget elementor-widget-heading\" data-id=\"60b6d14\" data-element_type=\"widget\" data-e-type=\"widget\" data-widget_type=\"heading.default\">\n\t\t\t\t<div class=\"elementor-widget-container\">\n\t\t\t\t\t<h3 class=\"elementor-heading-title elementor-size-default\">2 Afastamento (Servi\u00e7o Militar Obrigat\u00f3rio)<\/h3>\t\t\t\t<\/div>\n\t\t\t\t<\/div>\n\t\t\t\t<div class=\"elementor-element elementor-element-80e8358 elementor-widget elementor-widget-text-editor\" data-id=\"80e8358\" data-element_type=\"widget\" data-e-type=\"widget\" data-widget_type=\"text-editor.default\">\n\t\t\t\t<div class=\"elementor-widget-container\">\n\t\t\t\t\t\t\t\t\t<p>\u2192 <a href=\"https:\/\/view.officeapps.live.com\/op\/view.aspx?src=https%3A%2F%2Fwww2.unifap.br%2Fcoreme%2Ffiles%2F2025%2F02%2FForm-de-Trancamento-de-Matri-Alist-Militar-Obrigatorio-Modelo-Padrao.doc&amp;wdOrigin=BROWSELINK\">Formul\u00e1rio de Solicita\u00e7\u00e3o de Trancamento de Matr\u00edcula (Servi\u00e7o Militar Obrigat\u00f3rio &#8211; SMO)<\/a>\u00a0<\/p>\t\t\t\t\t\t\t\t<\/div>\n\t\t\t\t<\/div>\n\t\t\t\t<div class=\"elementor-element elementor-element-c7f68fb elementor-widget elementor-widget-heading\" data-id=\"c7f68fb\" data-element_type=\"widget\" data-e-type=\"widget\" data-widget_type=\"heading.default\">\n\t\t\t\t<div class=\"elementor-widget-container\">\n\t\t\t\t\t<h3 class=\"elementor-heading-title elementor-size-default\">3 Solicita\u00e7\u00e3o de desist\u00eancia                                                                                                                                                                                                                                                                                                                                                                                                                                                                                                                                <\/h3>\t\t\t\t<\/div>\n\t\t\t\t<\/div>\n\t\t\t\t<div class=\"elementor-element elementor-element-6ed0b5a elementor-widget elementor-widget-text-editor\" data-id=\"6ed0b5a\" data-element_type=\"widget\" data-e-type=\"widget\" data-widget_type=\"text-editor.default\">\n\t\t\t\t<div class=\"elementor-widget-container\">\n\t\t\t\t\t\t\t\t\t<p>\u2192 <a href=\"https:\/\/view.officeapps.live.com\/op\/view.aspx?src=https%3A%2F%2Fwww2.unifap.br%2Fcoreme%2Ffiles%2F2024%2F05%2F2024-05-08-Formulario-de-Desistencia-Modelo-Padronizado-Coreme.doc&amp;wdOrigin=BROWSELINK\">Formul\u00e1rio de Desist\u00eancia da Resid\u00eancia M\u00e9dica<\/a><\/p>\t\t\t\t\t\t\t\t<\/div>\n\t\t\t\t<\/div>\n\t\t\t\t<div class=\"elementor-element elementor-element-23bb4cb elementor-widget elementor-widget-heading\" data-id=\"23bb4cb\" data-element_type=\"widget\" data-e-type=\"widget\" data-widget_type=\"heading.default\">\n\t\t\t\t<div class=\"elementor-widget-container\">\n\t\t\t\t\t<h3 class=\"elementor-heading-title elementor-size-default\">4 Guia de Elabora\u00e7\u00e3o de Trabalho Acad\u00eamico<\/h3>\t\t\t\t<\/div>\n\t\t\t\t<\/div>\n\t\t\t\t<div class=\"elementor-element elementor-element-8fea7a5 elementor-widget elementor-widget-text-editor\" data-id=\"8fea7a5\" data-element_type=\"widget\" data-e-type=\"widget\" data-widget_type=\"text-editor.default\">\n\t\t\t\t<div class=\"elementor-widget-container\">\n\t\t\t\t\t\t\t\t\t<p>\u2192 <a href=\"http:\/\/www2.unifap.br\/coreme\/files\/2022\/08\/Elaboracao-de-Trabalho-Academico1.pdf\">Guia de Elabora\u00e7\u00e3o de Trabalho Acad\u00eamico<\/a><\/p>\t\t\t\t\t\t\t\t<\/div>\n\t\t\t\t<\/div>\n\t\t\t\t<div class=\"elementor-element elementor-element-7b229b1 elementor-widget elementor-widget-heading\" data-id=\"7b229b1\" data-element_type=\"widget\" data-e-type=\"widget\" data-widget_type=\"heading.default\">\n\t\t\t\t<div class=\"elementor-widget-container\">\n\t\t\t\t\t<h3 class=\"elementor-heading-title elementor-size-default\">5 Para os concluintes (p\u00f3s-defesa)<\/h3>\t\t\t\t<\/div>\n\t\t\t\t<\/div>\n\t\t\t\t<div class=\"elementor-element elementor-element-a711c27 elementor-widget elementor-widget-text-editor\" data-id=\"a711c27\" data-element_type=\"widget\" data-e-type=\"widget\" data-widget_type=\"text-editor.default\">\n\t\t\t\t<div class=\"elementor-widget-container\">\n\t\t\t\t\t\t\t\t\t<p>\u2192 <a href=\"http:\/\/www2.unifap.br\/coreme\/files\/2024\/05\/Procedimentos_para_Emissao_do_certificado_rm.A.1.pdf\">Procedimentos a serem seguidos P\u00f3s-Defesa<\/a><\/p>\t\t\t\t\t\t\t\t<\/div>\n\t\t\t\t<\/div>\n\t\t\t\t<div class=\"elementor-element elementor-element-db3ffee elementor-widget elementor-widget-heading\" data-id=\"db3ffee\" data-element_type=\"widget\" data-e-type=\"widget\" data-widget_type=\"heading.default\">\n\t\t\t\t<div class=\"elementor-widget-container\">\n\t\t\t\t\t<h3 class=\"elementor-heading-title elementor-size-default\">6 Para os concluintes (p\u00f3s - homologa\u00e7\u00e3o da vers\u00e3o final)<\/h3>\t\t\t\t<\/div>\n\t\t\t\t<\/div>\n\t\t\t\t<div class=\"elementor-element elementor-element-f6905f4 elementor-widget elementor-widget-text-editor\" data-id=\"f6905f4\" data-element_type=\"widget\" data-e-type=\"widget\" data-widget_type=\"text-editor.default\">\n\t\t\t\t<div class=\"elementor-widget-container\">\n\t\t\t\t\t\t\t\t\t<p>\u2192\u00a0 <a href=\"https:\/\/view.officeapps.live.com\/op\/view.aspx?src=https%3A%2F%2Fwww2.unifap.br%2Fcoreme%2Ffiles%2F2024%2F04%2FSolicitacao-de-Certificado-Modelo-Padrao.-2.0-8-N-atualizado-4.doc&amp;wdOrigin=BROWSELINK\" target=\"_blank\" rel=\"noopener\">Formul\u00e1rio de Solicita\u00e7\u00e3o de Certifica\u00e7\u00e3o<\/a>\u00a0<span style=\"font-size: 1em\">(Para os residentes que tiverem o trabalho de conclus\u00e3o homologado)\u00a0<\/span><\/p><p><span style=\"color: #000000\"><strong>Nota<\/strong>: Ap\u00f3s a homologa\u00e7\u00e3o da Vers\u00e3o Final do TCC,\u00a0 o residente deve formalizar o pedido de Certifica\u00e7\u00e3o atrav\u00e9s do Formul\u00e1rio acima. O pedido ser\u00e1 enviado pela coordena\u00e7\u00e3o para o departamento respons\u00e1vel pela emiss\u00e3o.<\/span><\/p>\t\t\t\t\t\t\t\t<\/div>\n\t\t\t\t<\/div>\n\t\t\t\t\t<\/div>\n\t\t<\/div>\n\t\t\t\t\t<\/div>\n\t\t<\/section>\n\t\t\t\t<\/div>\n\t\t","protected":false},"excerpt":{"rendered":"<p>1 Matr\u00edcula \u2192 Formul\u00e1rio de Matr\u00edcula &lt;Baixe o arquivo, habite a edi\u00e7\u00e3o e preencha o formul\u00e1rio.\u00a0 Assim que concluir o preenchimento, salve em PDF e assine&gt; \u2192 Termo de Compromisso &lt;Baixe o arquivo, habite a edi\u00e7\u00e3o, selecione o programa de Resid\u00eancia M\u00e9dica e preencha os demais campos do formul\u00e1rio.\u00a0 Assim que concluir, salve em PDF&#8230;<\/p>\n","protected":false},"author":3825,"featured_media":0,"parent":0,"menu_order":0,"comment_status":"closed","ping_status":"closed","template":"","meta":{"inline_featured_image":false,"ngg_post_thumbnail":0,"footnotes":""},"class_list":["post-52","page","type-page","status-publish","hentry","entry"],"_links":{"self":[{"href":"https:\/\/www2.unifap.br\/coreme\/wp-json\/wp\/v2\/pages\/52","targetHints":{"allow":["GET"]}}],"collection":[{"href":"https:\/\/www2.unifap.br\/coreme\/wp-json\/wp\/v2\/pages"}],"about":[{"href":"https:\/\/www2.unifap.br\/coreme\/wp-json\/wp\/v2\/types\/page"}],"author":[{"embeddable":true,"href":"https:\/\/www2.unifap.br\/coreme\/wp-json\/wp\/v2\/users\/3825"}],"replies":[{"embeddable":true,"href":"https:\/\/www2.unifap.br\/coreme\/wp-json\/wp\/v2\/comments?post=52"}],"version-history":[{"count":345,"href":"https:\/\/www2.unifap.br\/coreme\/wp-json\/wp\/v2\/pages\/52\/revisions"}],"predecessor-version":[{"id":2209,"href":"https:\/\/www2.unifap.br\/coreme\/wp-json\/wp\/v2\/pages\/52\/revisions\/2209"}],"wp:attachment":[{"href":"https:\/\/www2.unifap.br\/coreme\/wp-json\/wp\/v2\/media?parent=52"}],"curies":[{"name":"wp","href":"https:\/\/api.w.org\/{rel}","templated":true}]}}