{"id":2,"date":"2017-01-23T12:44:55","date_gmt":"2017-01-23T12:44:55","guid":{"rendered":"http:\/\/www2.unifap.br\/correg\/?page_id=2"},"modified":"2017-03-29T13:46:46","modified_gmt":"2017-03-29T13:46:46","slug":"pagina-exemplo","status":"publish","type":"page","link":"https:\/\/www2.unifap.br\/correg\/pagina-exemplo\/","title":{"rendered":"V\u00eddeos"},"content":{"rendered":"<p style=\"text-align: center\"><strong>\u00a0Processo Administrativo Disciplinar &#8211; AULA 1 &#8211; TV JUSTI\u00c7A<\/strong><\/p>\n<p style=\"text-align: center\">httpv:\/\/www.youtube.com\/watch?v=b9BTWQdpAMQ&amp;index=1&amp;list=PLkRYR-9BdDJmJldbmCPZcJ9UuWNMjEsWB<\/p>\n<p style=\"text-align: center\">\n<div id=\"watch-description-text\">\n<p style=\"text-align: center\">\u00a0<strong>Processo Administrativo Disciplinar &#8211; AULA 2 &#8211; TV JUSTI\u00c7A<\/strong><\/p>\n<p style=\"text-align: center\">httpv:\/\/www.youtube.com\/watch?v=ONoc2y8WoWc&amp;index=2&amp;list=PLkRYR-9BdDJmJldbmCPZcJ9UuWNMjEsWB<\/p>\n<p style=\"text-align: center\"><strong>\u00a0<\/strong><\/p>\n<p style=\"text-align: center\"><strong><strong>Processo Administrativo Disciplinar &#8211; \u00a0AULA 3 &#8211; TV JUSTI\u00c7A<\/strong><br \/>\n<\/strong><\/p>\n<p style=\"text-align: center\">httpv:\/\/www.youtube.com\/watch?v=l_uXkLb_LYk&amp;index=3&amp;list=PLkRYR-9BdDJmJldbmCPZcJ9UuWNMjEsWB<\/p>\n<p style=\"text-align: center\"><strong>\u00a0<\/strong><\/p>\n<p style=\"text-align: center\"><strong><strong>Processo Administrativo Disciplinar &#8211; \u00a0AULA 4 &#8211; TV JUSTI\u00c7A\/SABER DIREITO<\/strong><br \/>\n<\/strong><\/p>\n<p style=\"text-align: center\">httpv:\/\/www.youtube.com\/watch?v=eNesyEpsMRk&amp;index=4&amp;list=PLkRYR-9BdDJmJldbmCPZcJ9UuWNMjEsWB<\/p>\n<p style=\"text-align: center\"><strong>\u00a0<\/strong><\/p>\n<p style=\"text-align: center\"><strong><strong>\u00a0Processo Administrativo Disciplinar &#8211; AULA 5 &#8211; TV JUSTI\u00c7A\/SABER DIREITO<\/strong><br \/>\n<\/strong><\/p>\n<p style=\"text-align: center\">httpv:\/\/www.youtube.com\/watch?v=qS6EMQOfm_M&amp;index=5&amp;list=PLkRYR-9BdDJmJldbmCPZcJ9UuWNMjEsWB<\/p>\n<p style=\"text-align: center\"><strong><strong>Processo Administrativo de Responsabiliza\u00e7\u00e3o<\/strong><\/strong><\/p>\n<\/div>\n<p style=\"text-align: center\">httpv:\/\/www.youtube.com\/watch?v=T_6EymCrV84<\/p>\n<p style=\"text-align: center\"><strong>\u00a0<\/strong><\/p>\n<p>&nbsp;<\/p>\n<div id=\"watch-uploader-info\" style=\"text-align: justify\"><strong>Publicado em 22 de dez de 2014<\/strong><\/div>\n<div id=\"watch-description-text\">\n<p id=\"eow-description\" style=\"text-align: justify\"><strong>Os par\u00e2metros da Lei 12.846\/2013 e seu processo administrativo de responsabiliza\u00e7\u00e3o (PAR) trazem diversas novidades e desafios. A Lei imp\u00f5e responsabilidade objetiva, solidariedade entre empresas relacionadas, multa severa e sua poss\u00edvel mitiga\u00e7\u00e3o em decorr\u00eancia de comprometimento institucional com a integridade e coopera\u00e7\u00e3o. Ou seja, o PAR \u00e9 por um lado ferramenta forte de responsabiliza\u00e7\u00e3o e, por outro, um grande incentivo \u00e0 integridade. O objetivo do painel \u00e9 debater, sob os pontos de vista governamental e privado, os novos par\u00e2metros legais e processuais trazidos pela Lei.<\/strong><\/p>\n<p style=\"text-align: justify\"><strong>Palestrantes:<\/strong><\/p>\n<p style=\"text-align: justify\"><strong>\u25a0 Moderador: Moderador: Renato Capanema, Coordenador Geral de Integridade da Controladoria-Geral da Uni\u00e3o<\/strong><\/p>\n<p style=\"text-align: justify\"><strong>\u25a0 Carlos Ayres, coordenador da Comiss\u00e3o Anticorrup\u00e7\u00e3o e Compliance, do Instituto Brasileiro de Direito Empresarial (Ibrademp)<\/strong><\/p>\n<p style=\"text-align: justify\"><strong>\u25a0 Gustavo Ungaro, presidente da Corregedoria-Geral da Administra\u00e7\u00e3o do Estado de S\u00e3o Paulo e presidente do Conselho Nacional de Controle Interno (Conaci)<\/strong><\/p>\n<p style=\"text-align: justify\"><strong>\u25a0 Waldir Jo\u00e3o Ferreira, corregedor-geral da Uni\u00e3o, da Controladoria-Geral da Uni\u00e3o<\/strong><\/p>\n<\/div>\n","protected":false},"excerpt":{"rendered":"<p>\u00a0Processo Administrativo Disciplinar &#8211; AULA 1 &#8211; TV JUSTI\u00c7A httpv:\/\/www.youtube.com\/watch?v=b9BTWQdpAMQ&amp;index=1&amp;list=PLkRYR-9BdDJmJldbmCPZcJ9UuWNMjEsWB \u00a0Processo Administrativo Disciplinar &#8211; AULA 2 &#8211; TV JUSTI\u00c7A httpv:\/\/www.youtube.com\/watch?v=ONoc2y8WoWc&amp;index=2&amp;list=PLkRYR-9BdDJmJldbmCPZcJ9UuWNMjEsWB \u00a0 Processo Administrativo Disciplinar &#8211; \u00a0AULA 3 &#8211; TV JUSTI\u00c7A httpv:\/\/www.youtube.com\/watch?v=l_uXkLb_LYk&amp;index=3&amp;list=PLkRYR-9BdDJmJldbmCPZcJ9UuWNMjEsWB \u00a0 Processo Administrativo Disciplinar &#8211; \u00a0AULA 4 &#8211; TV JUSTI\u00c7A\/SABER DIREITO httpv:\/\/www.youtube.com\/watch?v=eNesyEpsMRk&amp;index=4&amp;list=PLkRYR-9BdDJmJldbmCPZcJ9UuWNMjEsWB \u00a0 \u00a0Processo Administrativo Disciplinar &#8211; AULA 5 &#8211; TV JUSTI\u00c7A\/SABER DIREITO httpv:\/\/www.youtube.com\/watch?v=qS6EMQOfm_M&amp;index=5&amp;list=PLkRYR-9BdDJmJldbmCPZcJ9UuWNMjEsWB&#8230;<\/p>\n","protected":false},"author":873,"featured_media":0,"parent":0,"menu_order":0,"comment_status":"open","ping_status":"open","template":"","meta":{"inline_featured_image":false,"site-sidebar-layout":"default","site-content-layout":"","ast-site-content-layout":"default","site-content-style":"default","site-sidebar-style":"default","ast-global-header-display":"","ast-banner-title-visibility":"","ast-main-header-display":"","ast-hfb-above-header-display":"","ast-hfb-below-header-display":"","ast-hfb-mobile-header-display":"","site-post-title":"","ast-breadcrumbs-content":"","ast-featured-img":"","footer-sml-layout":"","theme-transparent-header-meta":"","adv-header-id-meta":"","stick-header-meta":"","header-above-stick-meta":"","header-main-stick-meta":"","header-below-stick-meta":"","astra-migrate-meta-layouts":"default","ast-page-background-enabled":"default","ast-page-background-meta":{"desktop":{"background-color":"var(--ast-global-color-4)","background-image":"","background-repeat":"repeat","background-position":"center center","background-size":"auto","background-attachment":"scroll","background-type":"","background-media":"","overlay-type":"","overlay-color":"","overlay-opacity":"","overlay-gradient":""},"tablet":{"background-color":"","background-image":"","background-repeat":"repeat","background-position":"center center","background-size":"auto","background-attachment":"scroll","background-type":"","background-media":"","overlay-type":"","overlay-color":"","overlay-opacity":"","overlay-gradient":""},"mobile":{"background-color":"","background-image":"","background-repeat":"repeat","background-position":"center center","background-size":"auto","background-attachment":"scroll","background-type":"","background-media":"","overlay-type":"","overlay-color":"","overlay-opacity":"","overlay-gradient":""}},"ast-content-background-meta":{"desktop":{"background-color":"var(--ast-global-color-5)","background-image":"","background-repeat":"repeat","background-position":"center center","background-size":"auto","background-attachment":"scroll","background-type":"","background-media":"","overlay-type":"","overlay-color":"","overlay-opacity":"","overlay-gradient":""},"tablet":{"background-color":"var(--ast-global-color-5)","background-image":"","background-repeat":"repeat","background-position":"center center","background-size":"auto","background-attachment":"scroll","background-type":"","background-media":"","overlay-type":"","overlay-color":"","overlay-opacity":"","overlay-gradient":""},"mobile":{"background-color":"var(--ast-global-color-5)","background-image":"","background-repeat":"repeat","background-position":"center center","background-size":"auto","background-attachment":"scroll","background-type":"","background-media":"","overlay-type":"","overlay-color":"","overlay-opacity":"","overlay-gradient":""}},"ngg_post_thumbnail":0,"footnotes":""},"class_list":["post-2","page","type-page","status-publish","hentry"],"_links":{"self":[{"href":"https:\/\/www2.unifap.br\/correg\/wp-json\/wp\/v2\/pages\/2","targetHints":{"allow":["GET"]}}],"collection":[{"href":"https:\/\/www2.unifap.br\/correg\/wp-json\/wp\/v2\/pages"}],"about":[{"href":"https:\/\/www2.unifap.br\/correg\/wp-json\/wp\/v2\/types\/page"}],"author":[{"embeddable":true,"href":"https:\/\/www2.unifap.br\/correg\/wp-json\/wp\/v2\/users\/873"}],"replies":[{"embeddable":true,"href":"https:\/\/www2.unifap.br\/correg\/wp-json\/wp\/v2\/comments?post=2"}],"version-history":[{"count":7,"href":"https:\/\/www2.unifap.br\/correg\/wp-json\/wp\/v2\/pages\/2\/revisions"}],"predecessor-version":[{"id":54,"href":"https:\/\/www2.unifap.br\/correg\/wp-json\/wp\/v2\/pages\/2\/revisions\/54"}],"wp:attachment":[{"href":"https:\/\/www2.unifap.br\/correg\/wp-json\/wp\/v2\/media?parent=2"}],"curies":[{"name":"wp","href":"https:\/\/api.w.org\/{rel}","templated":true}]}}