{"id":4,"date":"2017-02-05T20:09:37","date_gmt":"2017-02-05T20:09:37","guid":{"rendered":"http:\/\/www2.unifap.br\/correg\/?page_id=4"},"modified":"2017-03-28T17:11:56","modified_gmt":"2017-03-28T17:11:56","slug":"historico","status":"publish","type":"page","link":"https:\/\/www2.unifap.br\/correg\/historico\/","title":{"rendered":"Hist\u00f3rico"},"content":{"rendered":"<p style=\"text-align: justify\"><strong>A Corregedoria da Universidade Federal do Amap\u00e1 surgiu dentro da concep\u00e7\u00e3o trazida \u00e0 baila pelo Decreto n\u00ba. 5.480, de 30 de junho de 2005, o qual criou o Sistema de Correi\u00e7\u00e3o do Poder Executivo Federal, onde verifica-se a exist\u00eancia de uma \u201cestrutura escalonada\u201d de atua\u00e7\u00e3o no \u00e2mbito correcional.<\/strong><\/p>\n<p style=\"text-align: justify\"><strong>No topo desta estrutura observa-se a exist\u00eancia da Controladoria-Geral da Uni\u00e3o (CGU), e em posi\u00e7\u00e3o intermediaria temos as Corregedorias Setoriais, a exemplo da Corregedoria Setorial do Minist\u00e9rio da Educa\u00e7\u00e3o e Cultura (MEC), a qual a CORREG\/UNIFAP encontra-se imediatamente vinculada, dada a natureza do \u00f3rg\u00e3o onde encontra-se inserida esta unidade de correi\u00e7\u00e3o. Por fim, no n\u00edvel inferior desta estrutura encontram-se as Unidades Seccionais de Correi\u00e7\u00e3o, as quais encontram-se inseridas na estrutura organizacional dos \u00f3rg\u00e3os p\u00fablicos federais, como exemplo, observa-se a corregedoria desta IFES. Assim, desta forma \u00e9 que encontra-se organizado o Sistema de Correi\u00e7\u00e3o do Poder Executivo Federal, do qual a CORREG\/UNIFAP faz parte<\/strong><\/p>\n<p style=\"text-align: justify\"><strong>Todavia, previamente \u00e0 cria\u00e7\u00e3o da Corregedoria da Universidade Federal do Amap\u00e1, os procedimentos de natureza disciplinar eram acompanhados nesta IFES pela CPS \u2013 Coordena\u00e7\u00e3o de PAD e Sindic\u00e2ncia, \u00f3rg\u00e3o consultivo e de assessoramento em mat\u00e9ria disciplinar que atuou at\u00e9 meados de agosto de 2015, quando ent\u00e3o, atrav\u00e9s de coopera\u00e7\u00e3o t\u00e9cnica firmada entre a UNIFAP \u2013 Universidade Federal do Amap\u00e1 e a UnB \u2013 Universidade de Bras\u00edlia \u2013 dado a necessidade de adequa\u00e7\u00e3o aos ditames do Decreto n\u00ba. 5.480\/2005 \u2013 foi criada a corregedoria no \u00e2mbito desta IFES.<\/strong><\/p>\n<p style=\"text-align: justify\"><strong>A cria\u00e7\u00e3o da CORREG\/UNIFAP deu-se com a expedi\u00e7\u00e3o da Resolu\u00e7\u00e3o n\u00ba. 016\/2015\/CONSU-UNIFAP, a qual instituiu na estrutura organizacional da Universidade Federal do Amap\u00e1, a Corregedoria como Unidade Seccional de Correi\u00e7\u00e3o, tendo como fundamento o Decreto n\u00ba. 5.480\/2005.<\/strong><\/p>\n<p style=\"text-align: justify\"><strong>Saliente-se que, a referida resolu\u00e7\u00e3o fora aprovada ad referendum permanecendo em vig\u00eancia at\u00e9 o advento da Resolu\u00e7\u00e3o n\u00ba. 020\/2016\/CONSU-UNIFAP, a qual, ap\u00f3s altera\u00e7\u00f5es e submiss\u00e3o ao Conselho Superior da Universidade Federal do Amap\u00e1 foi devidamente homologada com altera\u00e7\u00f5es da antiga Resolu\u00e7\u00e3o n\u00ba. 016\/2015\/CONSUUNIFAP. Portanto, j\u00e1 devidamente aprovada pelo seu Conselho Superior, a Universidade Federal do Amap\u00e1 tem inserida em sua estrutura organizacional a sua Corregedoria, como Unidade Seccional de Correi\u00e7\u00e3o, conforme depreende-se da citada Resolu\u00e7\u00e3o n\u00ba. 020\/2016\/CONSU-UNIFAP.<\/strong><\/p>\n","protected":false},"excerpt":{"rendered":"<p>A Corregedoria da Universidade Federal do Amap\u00e1 surgiu dentro da concep\u00e7\u00e3o trazida \u00e0 baila pelo Decreto n\u00ba. 5.480, de 30 de junho de 2005, o qual criou o Sistema de Correi\u00e7\u00e3o do Poder Executivo Federal, onde verifica-se a exist\u00eancia de uma \u201cestrutura escalonada\u201d de atua\u00e7\u00e3o no \u00e2mbito correcional. No topo desta estrutura observa-se a exist\u00eancia&#8230;<\/p>\n","protected":false},"author":873,"featured_media":0,"parent":0,"menu_order":0,"comment_status":"open","ping_status":"open","template":"","meta":{"inline_featured_image":false,"site-sidebar-layout":"default","site-content-layout":"","ast-site-content-layout":"default","site-content-style":"default","site-sidebar-style":"default","ast-global-header-display":"","ast-banner-title-visibility":"","ast-main-header-display":"","ast-hfb-above-header-display":"","ast-hfb-below-header-display":"","ast-hfb-mobile-header-display":"","site-post-title":"","ast-breadcrumbs-content":"","ast-featured-img":"","footer-sml-layout":"","theme-transparent-header-meta":"","adv-header-id-meta":"","stick-header-meta":"","header-above-stick-meta":"","header-main-stick-meta":"","header-below-stick-meta":"","astra-migrate-meta-layouts":"default","ast-page-background-enabled":"default","ast-page-background-meta":{"desktop":{"background-color":"var(--ast-global-color-4)","background-image":"","background-repeat":"repeat","background-position":"center center","background-size":"auto","background-attachment":"scroll","background-type":"","background-media":"","overlay-type":"","overlay-color":"","overlay-opacity":"","overlay-gradient":""},"tablet":{"background-color":"","background-image":"","background-repeat":"repeat","background-position":"center center","background-size":"auto","background-attachment":"scroll","background-type":"","background-media":"","overlay-type":"","overlay-color":"","overlay-opacity":"","overlay-gradient":""},"mobile":{"background-color":"","background-image":"","background-repeat":"repeat","background-position":"center center","background-size":"auto","background-attachment":"scroll","background-type":"","background-media":"","overlay-type":"","overlay-color":"","overlay-opacity":"","overlay-gradient":""}},"ast-content-background-meta":{"desktop":{"background-color":"var(--ast-global-color-5)","background-image":"","background-repeat":"repeat","background-position":"center center","background-size":"auto","background-attachment":"scroll","background-type":"","background-media":"","overlay-type":"","overlay-color":"","overlay-opacity":"","overlay-gradient":""},"tablet":{"background-color":"var(--ast-global-color-5)","background-image":"","background-repeat":"repeat","background-position":"center center","background-size":"auto","background-attachment":"scroll","background-type":"","background-media":"","overlay-type":"","overlay-color":"","overlay-opacity":"","overlay-gradient":""},"mobile":{"background-color":"var(--ast-global-color-5)","background-image":"","background-repeat":"repeat","background-position":"center center","background-size":"auto","background-attachment":"scroll","background-type":"","background-media":"","overlay-type":"","overlay-color":"","overlay-opacity":"","overlay-gradient":""}},"ngg_post_thumbnail":0,"footnotes":""},"class_list":["post-4","page","type-page","status-publish","hentry"],"_links":{"self":[{"href":"https:\/\/www2.unifap.br\/correg\/wp-json\/wp\/v2\/pages\/4","targetHints":{"allow":["GET"]}}],"collection":[{"href":"https:\/\/www2.unifap.br\/correg\/wp-json\/wp\/v2\/pages"}],"about":[{"href":"https:\/\/www2.unifap.br\/correg\/wp-json\/wp\/v2\/types\/page"}],"author":[{"embeddable":true,"href":"https:\/\/www2.unifap.br\/correg\/wp-json\/wp\/v2\/users\/873"}],"replies":[{"embeddable":true,"href":"https:\/\/www2.unifap.br\/correg\/wp-json\/wp\/v2\/comments?post=4"}],"version-history":[{"count":2,"href":"https:\/\/www2.unifap.br\/correg\/wp-json\/wp\/v2\/pages\/4\/revisions"}],"predecessor-version":[{"id":33,"href":"https:\/\/www2.unifap.br\/correg\/wp-json\/wp\/v2\/pages\/4\/revisions\/33"}],"wp:attachment":[{"href":"https:\/\/www2.unifap.br\/correg\/wp-json\/wp\/v2\/media?parent=4"}],"curies":[{"name":"wp","href":"https:\/\/api.w.org\/{rel}","templated":true}]}}