{"id":21,"date":"2009-12-10T11:29:26","date_gmt":"2009-12-10T13:29:26","guid":{"rendered":"http:\/\/saojose.unifap.br\/cpa\/?page_id=21"},"modified":"2017-03-15T18:57:44","modified_gmt":"2017-03-15T18:57:44","slug":"regimento","status":"publish","type":"page","link":"https:\/\/www2.unifap.br\/cpa\/regimento\/","title":{"rendered":"Regimento"},"content":{"rendered":"<p><a href=\"http:\/\/www2.unifap.br\/cpa\/files\/2012\/02\/Resolu\u00e7\u00e3o-025-e-anexo1.doc\">CONSU\/UNIFAP: Resolu\u00e7\u00e3o n\u00b0 025\/2006 &#8211; Aprova o Regimento da Comiss\u00e3o Pr\u00f3pria de Avalia\u00e7\u00e3o da Universidade Federal do Amap\u00e1 (CPA\/UNIFAP)<\/a><\/p>\n","protected":false},"excerpt":{"rendered":"<p>CONSU\/UNIFAP: Resolu\u00e7\u00e3o n\u00b0 025\/2006 &#8211; Aprova o Regimento da Comiss\u00e3o Pr\u00f3pria de Avalia\u00e7\u00e3o da Universidade Federal do Amap\u00e1 (CPA\/UNIFAP)<\/p>\n","protected":false},"author":1,"featured_media":0,"parent":0,"menu_order":0,"comment_status":"closed","ping_status":"closed","template":"","meta":{"inline_featured_image":false,"ngg_post_thumbnail":0,"footnotes":""},"class_list":["post-21","page","type-page","status-publish","hentry"],"_links":{"self":[{"href":"https:\/\/www2.unifap.br\/cpa\/wp-json\/wp\/v2\/pages\/21","targetHints":{"allow":["GET"]}}],"collection":[{"href":"https:\/\/www2.unifap.br\/cpa\/wp-json\/wp\/v2\/pages"}],"about":[{"href":"https:\/\/www2.unifap.br\/cpa\/wp-json\/wp\/v2\/types\/page"}],"author":[{"embeddable":true,"href":"https:\/\/www2.unifap.br\/cpa\/wp-json\/wp\/v2\/users\/1"}],"replies":[{"embeddable":true,"href":"https:\/\/www2.unifap.br\/cpa\/wp-json\/wp\/v2\/comments?post=21"}],"version-history":[{"count":5,"href":"https:\/\/www2.unifap.br\/cpa\/wp-json\/wp\/v2\/pages\/21\/revisions"}],"predecessor-version":[{"id":286,"href":"https:\/\/www2.unifap.br\/cpa\/wp-json\/wp\/v2\/pages\/21\/revisions\/286"}],"wp:attachment":[{"href":"https:\/\/www2.unifap.br\/cpa\/wp-json\/wp\/v2\/media?parent=21"}],"curies":[{"name":"wp","href":"https:\/\/api.w.org\/{rel}","templated":true}]}}